{"id":16261,"date":"2023-12-19T19:31:54","date_gmt":"2023-12-19T18:31:54","guid":{"rendered":"https:\/\/venuspara.com\/?post_type=product&#038;p=16261"},"modified":"2024-03-16T00:10:16","modified_gmt":"2024-03-15T23:10:16","slug":"dermoxen-gel-intime-4-men-100ml","status":"publish","type":"product","link":"https:\/\/pharmadreams.shop\/index.php\/product\/dermoxen-gel-intime-4-men-100ml\/","title":{"rendered":"Dermoxen gel intime 4 men 100ml"},"content":{"rendered":"","protected":false},"excerpt":{"rendered":"<p>DermoXEN 4 MEN est le nouveau gel de toilette con\u00e7u pour l\u2019hygi\u00e8ne intime quotidienne de l\u2019homme. Il est sp\u00e9cialement indiqu\u00e9 pour ceux qui fr\u00e9quentent les salles de sports, les piscines et autres lieux \u00e0 risque. Gr\u00e2ce \u00e0 son action nettoyante, il\u00a0prot\u00e8ge contre les attaques bact\u00e9riennes, aide \u00e0 pr\u00e9venir les mauvaises odeurs intimes et exerce une action rafra\u00eechissante d\u00e9licate et prolong\u00e9e.<\/p>\n<p>Parfum sans allerg\u00e8nes.<\/p>\n<p>EFFICACIT\u00c9\u00a0ANTI-ODEUR test\u00e9 in vivo.<\/p>\n<p><em>Tribulus terrestris<\/em>:\u00a0une plante connue depuis l\u2019antiquit\u00e9 pour ses nombreux effets b\u00e9n\u00e9fiques sur la sant\u00e9 humaine. Il lutte contre la prolif\u00e9ration des bact\u00e9ries de fa\u00e7on naturelle et s\u00fbre.<\/p>\n<p>D\u00e9riv\u00e9 biotechnologique du menthol:\u00a0donne une action rafra\u00eechissante d\u00e9licate et prolong\u00e9e.<\/p>\n<p>Fibres pr\u00e9biotiques:\u00a0favorisent l\u2019\u00e9quilibre intime naturel, en luttant contre la formation des mauvaises odeurs<\/p>\n","protected":false},"featured_media":16338,"comment_status":"open","ping_status":"closed","template":"","meta":[],"product_brand":[],"product_cat":[125],"product_tag":[],"class_list":{"0":"post-16261","1":"product","2":"type-product","3":"status-publish","4":"has-post-thumbnail","6":"product_cat-gel-de-toilette","8":"first","9":"instock","10":"shipping-taxable","11":"purchasable","12":"product-type-simple"},"yoast_head":"<!-- This site is optimized with the Yoast SEO plugin v23.0 - https:\/\/yoast.com\/wordpress\/plugins\/seo\/ -->\n<title>Dermoxen gel intime 4 men 100ml - pharmadreams<\/title>\n<meta name=\"robots\" content=\"index, follow, max-snippet:-1, max-image-preview:large, max-video-preview:-1\" \/>\n<link rel=\"canonical\" href=\"https:\/\/pharmadreams.shop\/index.php\/product\/dermoxen-gel-intime-4-men-100ml\/\" \/>\n<meta property=\"og:locale\" content=\"fr_FR\" \/>\n<meta property=\"og:type\" content=\"article\" \/>\n<meta property=\"og:title\" content=\"Dermoxen gel intime 4 men 100ml - pharmadreams\" \/>\n<meta property=\"og:description\" content=\"DermoXEN 4 MEN est le nouveau gel de toilette con\u00e7u pour l\u2019hygi\u00e8ne intime quotidienne de l\u2019homme. Il est sp\u00e9cialement indiqu\u00e9 pour ceux qui fr\u00e9quentent les salles de sports, les piscines et autres lieux \u00e0 risque. Gr\u00e2ce \u00e0 son action nettoyante, il\u00a0prot\u00e8ge contre les attaques bact\u00e9riennes, aide \u00e0 pr\u00e9venir les mauvaises odeurs intimes et exerce une action rafra\u00eechissante d\u00e9licate et prolong\u00e9e.  Parfum sans allerg\u00e8nes.  EFFICACIT\u00c9\u00a0ANTI-ODEUR test\u00e9 in vivo.  Tribulus terrestris:\u00a0une plante connue depuis l\u2019antiquit\u00e9 pour ses nombreux effets b\u00e9n\u00e9fiques sur la sant\u00e9 humaine. Il lutte contre la prolif\u00e9ration des bact\u00e9ries de fa\u00e7on naturelle et s\u00fbre.  D\u00e9riv\u00e9 biotechnologique du menthol:\u00a0donne une action rafra\u00eechissante d\u00e9licate et prolong\u00e9e.  Fibres pr\u00e9biotiques:\u00a0favorisent l\u2019\u00e9quilibre intime naturel, en luttant contre la formation des mauvaises odeurs\" \/>\n<meta property=\"og:url\" content=\"https:\/\/pharmadreams.shop\/index.php\/product\/dermoxen-gel-intime-4-men-100ml\/\" \/>\n<meta property=\"og:site_name\" content=\"pharmadreams\" \/>\n<meta property=\"article:modified_time\" content=\"2024-03-15T23:10:16+00:00\" \/>\n<meta property=\"og:image\" content=\"https:\/\/pharmadreams.shop\/wp-content\/uploads\/2023\/12\/4men.png\" \/>\n\t<meta property=\"og:image:width\" content=\"1100\" \/>\n\t<meta property=\"og:image:height\" content=\"1148\" \/>\n\t<meta property=\"og:image:type\" content=\"image\/png\" \/>\n<meta name=\"twitter:card\" content=\"summary_large_image\" \/>\n<meta name=\"twitter:label1\" content=\"Dur\u00e9e de lecture estim\u00e9e\" \/>\n\t<meta name=\"twitter:data1\" content=\"1 minute\" \/>\n<script type=\"application\/ld+json\" class=\"yoast-schema-graph\">{\"@context\":\"https:\/\/schema.org\",\"@graph\":[{\"@type\":\"WebPage\",\"@id\":\"https:\/\/pharmadreams.shop\/index.php\/product\/dermoxen-gel-intime-4-men-100ml\/\",\"url\":\"https:\/\/pharmadreams.shop\/index.php\/product\/dermoxen-gel-intime-4-men-100ml\/\",\"name\":\"Dermoxen gel intime 4 men 100ml - pharmadreams\",\"isPartOf\":{\"@id\":\"https:\/\/pharmadreams.shop\/#website\"},\"primaryImageOfPage\":{\"@id\":\"https:\/\/pharmadreams.shop\/index.php\/product\/dermoxen-gel-intime-4-men-100ml\/#primaryimage\"},\"image\":{\"@id\":\"https:\/\/pharmadreams.shop\/index.php\/product\/dermoxen-gel-intime-4-men-100ml\/#primaryimage\"},\"thumbnailUrl\":\"https:\/\/pharmadreams.shop\/wp-content\/uploads\/2023\/12\/4men.png\",\"datePublished\":\"2023-12-19T18:31:54+00:00\",\"dateModified\":\"2024-03-15T23:10:16+00:00\",\"breadcrumb\":{\"@id\":\"https:\/\/pharmadreams.shop\/index.php\/product\/dermoxen-gel-intime-4-men-100ml\/#breadcrumb\"},\"inLanguage\":\"fr-FR\",\"potentialAction\":[{\"@type\":\"ReadAction\",\"target\":[\"https:\/\/pharmadreams.shop\/index.php\/product\/dermoxen-gel-intime-4-men-100ml\/\"]}]},{\"@type\":\"ImageObject\",\"inLanguage\":\"fr-FR\",\"@id\":\"https:\/\/pharmadreams.shop\/index.php\/product\/dermoxen-gel-intime-4-men-100ml\/#primaryimage\",\"url\":\"https:\/\/pharmadreams.shop\/wp-content\/uploads\/2023\/12\/4men.png\",\"contentUrl\":\"https:\/\/pharmadreams.shop\/wp-content\/uploads\/2023\/12\/4men.png\",\"width\":1100,\"height\":1148},{\"@type\":\"BreadcrumbList\",\"@id\":\"https:\/\/pharmadreams.shop\/index.php\/product\/dermoxen-gel-intime-4-men-100ml\/#breadcrumb\",\"itemListElement\":[{\"@type\":\"ListItem\",\"position\":1,\"name\":\"Accueil\",\"item\":\"https:\/\/pharmadreams.shop\/\"},{\"@type\":\"ListItem\",\"position\":2,\"name\":\"Shop\",\"item\":\"https:\/\/pharmadreams.shop\/index.php\/shop\/\"},{\"@type\":\"ListItem\",\"position\":3,\"name\":\"Dermoxen gel intime 4 men 100ml\"}]},{\"@type\":\"WebSite\",\"@id\":\"https:\/\/pharmadreams.shop\/#website\",\"url\":\"https:\/\/pharmadreams.shop\/\",\"name\":\"pharmadreams\",\"description\":\"Parapharmacie en ligne\",\"potentialAction\":[{\"@type\":\"SearchAction\",\"target\":{\"@type\":\"EntryPoint\",\"urlTemplate\":\"https:\/\/pharmadreams.shop\/?s={search_term_string}\"},\"query-input\":\"required name=search_term_string\"}],\"inLanguage\":\"fr-FR\"}]}<\/script>\n<!-- \/ Yoast SEO plugin. -->","yoast_head_json":{"title":"Dermoxen gel intime 4 men 100ml - pharmadreams","robots":{"index":"index","follow":"follow","max-snippet":"max-snippet:-1","max-image-preview":"max-image-preview:large","max-video-preview":"max-video-preview:-1"},"canonical":"https:\/\/pharmadreams.shop\/index.php\/product\/dermoxen-gel-intime-4-men-100ml\/","og_locale":"fr_FR","og_type":"article","og_title":"Dermoxen gel intime 4 men 100ml - pharmadreams","og_description":"DermoXEN 4 MEN est le nouveau gel de toilette con\u00e7u pour l\u2019hygi\u00e8ne intime quotidienne de l\u2019homme. Il est sp\u00e9cialement indiqu\u00e9 pour ceux qui fr\u00e9quentent les salles de sports, les piscines et autres lieux \u00e0 risque. Gr\u00e2ce \u00e0 son action nettoyante, il\u00a0prot\u00e8ge contre les attaques bact\u00e9riennes, aide \u00e0 pr\u00e9venir les mauvaises odeurs intimes et exerce une action rafra\u00eechissante d\u00e9licate et prolong\u00e9e.  Parfum sans allerg\u00e8nes.  EFFICACIT\u00c9\u00a0ANTI-ODEUR test\u00e9 in vivo.  Tribulus terrestris:\u00a0une plante connue depuis l\u2019antiquit\u00e9 pour ses nombreux effets b\u00e9n\u00e9fiques sur la sant\u00e9 humaine. Il lutte contre la prolif\u00e9ration des bact\u00e9ries de fa\u00e7on naturelle et s\u00fbre.  D\u00e9riv\u00e9 biotechnologique du menthol:\u00a0donne une action rafra\u00eechissante d\u00e9licate et prolong\u00e9e.  Fibres pr\u00e9biotiques:\u00a0favorisent l\u2019\u00e9quilibre intime naturel, en luttant contre la formation des mauvaises odeurs","og_url":"https:\/\/pharmadreams.shop\/index.php\/product\/dermoxen-gel-intime-4-men-100ml\/","og_site_name":"pharmadreams","article_modified_time":"2024-03-15T23:10:16+00:00","og_image":[{"width":1100,"height":1148,"url":"https:\/\/pharmadreams.shop\/wp-content\/uploads\/2023\/12\/4men.png","type":"image\/png"}],"twitter_card":"summary_large_image","twitter_misc":{"Dur\u00e9e de lecture estim\u00e9e":"1 minute"},"schema":{"@context":"https:\/\/schema.org","@graph":[{"@type":"WebPage","@id":"https:\/\/pharmadreams.shop\/index.php\/product\/dermoxen-gel-intime-4-men-100ml\/","url":"https:\/\/pharmadreams.shop\/index.php\/product\/dermoxen-gel-intime-4-men-100ml\/","name":"Dermoxen gel intime 4 men 100ml - pharmadreams","isPartOf":{"@id":"https:\/\/pharmadreams.shop\/#website"},"primaryImageOfPage":{"@id":"https:\/\/pharmadreams.shop\/index.php\/product\/dermoxen-gel-intime-4-men-100ml\/#primaryimage"},"image":{"@id":"https:\/\/pharmadreams.shop\/index.php\/product\/dermoxen-gel-intime-4-men-100ml\/#primaryimage"},"thumbnailUrl":"https:\/\/pharmadreams.shop\/wp-content\/uploads\/2023\/12\/4men.png","datePublished":"2023-12-19T18:31:54+00:00","dateModified":"2024-03-15T23:10:16+00:00","breadcrumb":{"@id":"https:\/\/pharmadreams.shop\/index.php\/product\/dermoxen-gel-intime-4-men-100ml\/#breadcrumb"},"inLanguage":"fr-FR","potentialAction":[{"@type":"ReadAction","target":["https:\/\/pharmadreams.shop\/index.php\/product\/dermoxen-gel-intime-4-men-100ml\/"]}]},{"@type":"ImageObject","inLanguage":"fr-FR","@id":"https:\/\/pharmadreams.shop\/index.php\/product\/dermoxen-gel-intime-4-men-100ml\/#primaryimage","url":"https:\/\/pharmadreams.shop\/wp-content\/uploads\/2023\/12\/4men.png","contentUrl":"https:\/\/pharmadreams.shop\/wp-content\/uploads\/2023\/12\/4men.png","width":1100,"height":1148},{"@type":"BreadcrumbList","@id":"https:\/\/pharmadreams.shop\/index.php\/product\/dermoxen-gel-intime-4-men-100ml\/#breadcrumb","itemListElement":[{"@type":"ListItem","position":1,"name":"Accueil","item":"https:\/\/pharmadreams.shop\/"},{"@type":"ListItem","position":2,"name":"Shop","item":"https:\/\/pharmadreams.shop\/index.php\/shop\/"},{"@type":"ListItem","position":3,"name":"Dermoxen gel intime 4 men 100ml"}]},{"@type":"WebSite","@id":"https:\/\/pharmadreams.shop\/#website","url":"https:\/\/pharmadreams.shop\/","name":"pharmadreams","description":"Parapharmacie en ligne","potentialAction":[{"@type":"SearchAction","target":{"@type":"EntryPoint","urlTemplate":"https:\/\/pharmadreams.shop\/?s={search_term_string}"},"query-input":"required name=search_term_string"}],"inLanguage":"fr-FR"}]}},"_links":{"self":[{"href":"https:\/\/pharmadreams.shop\/index.php\/wp-json\/wp\/v2\/product\/16261","targetHints":{"allow":["GET"]}}],"collection":[{"href":"https:\/\/pharmadreams.shop\/index.php\/wp-json\/wp\/v2\/product"}],"about":[{"href":"https:\/\/pharmadreams.shop\/index.php\/wp-json\/wp\/v2\/types\/product"}],"replies":[{"embeddable":true,"href":"https:\/\/pharmadreams.shop\/index.php\/wp-json\/wp\/v2\/comments?post=16261"}],"version-history":[{"count":0,"href":"https:\/\/pharmadreams.shop\/index.php\/wp-json\/wp\/v2\/product\/16261\/revisions"}],"wp:featuredmedia":[{"embeddable":true,"href":"https:\/\/pharmadreams.shop\/index.php\/wp-json\/wp\/v2\/media\/16338"}],"wp:attachment":[{"href":"https:\/\/pharmadreams.shop\/index.php\/wp-json\/wp\/v2\/media?parent=16261"}],"wp:term":[{"taxonomy":"product_brand","embeddable":true,"href":"https:\/\/pharmadreams.shop\/index.php\/wp-json\/wp\/v2\/product_brand?post=16261"},{"taxonomy":"product_cat","embeddable":true,"href":"https:\/\/pharmadreams.shop\/index.php\/wp-json\/wp\/v2\/product_cat?post=16261"},{"taxonomy":"product_tag","embeddable":true,"href":"https:\/\/pharmadreams.shop\/index.php\/wp-json\/wp\/v2\/product_tag?post=16261"}],"curies":[{"name":"wp","href":"https:\/\/api.w.org\/{rel}","templated":true}]}}