{"id":16262,"date":"2023-12-19T19:31:54","date_gmt":"2023-12-19T18:31:54","guid":{"rendered":"https:\/\/venuspara.com\/?post_type=product&#038;p=16262"},"modified":"2024-03-16T00:09:56","modified_gmt":"2024-03-15T23:09:56","slug":"dermoxene-florexil-douche-vaginale","status":"publish","type":"product","link":"https:\/\/pharmadreams.shop\/index.php\/product\/dermoxene-florexil-douche-vaginale\/","title":{"rendered":"Dermox\u00e8ne florexil douche vaginale"},"content":{"rendered":"","protected":false},"excerpt":{"rendered":"<div class=\"column mcb-column one column_column column-margin-\">\n<div class=\"column_attr\">\n<p><strong>La douche vaginale DermoXEN FLOREXIL\u00a0<\/strong>est un dispositif m\u00e9dical sp\u00e9cialement con\u00e7u pour l\u2019hygi\u00e8ne et la protection de la peau et des muqueuses vaginales. Gr\u00e2ce \u00e0 la pr\u00e9sence combin\u00e9e de ses principes actifs et de ses extraits naturels, il\u00a0<strong>respecte la flore vaginale bact\u00e9rienne physiologique. Il aide \u00e0 r\u00e9tablir les conditions de pH favorables et a une action antibact\u00e9rienne et apaisante, soulageant les br\u00fblures, les rougeurs, les d\u00e9mangeaisons et les mauvaises odeurs.<\/strong><\/p>\n<\/div>\n<\/div>\n<div class=\"column mcb-column one column_tabs \">\n<div class=\"jq-tabs tabs_wrapper tabs_horizontal ui-tabs ui-widget ui-widget-content ui-corner-all\">\n<ul class=\"ui-tabs-nav ui-helper-reset ui-helper-clearfix ui-widget-header ui-corner-all\" role=\"tablist\">\n<li class=\"ui-state-default ui-corner-top ui-tabs-active ui-state-active\" tabindex=\"0\" role=\"tab\" aria-controls=\"-1\" aria-labelledby=\"ui-id-1\" aria-selected=\"true\" aria-expanded=\"true\">\n<p class=\"font-size:22px;color:#ff608c !important; text-align:left;\">\n<\/li>\n<\/ul>\n<\/div>\n<\/div>\n","protected":false},"featured_media":16340,"comment_status":"open","ping_status":"closed","template":"","meta":[],"product_brand":[],"product_cat":[125],"product_tag":[],"class_list":{"0":"post-16262","1":"product","2":"type-product","3":"status-publish","4":"has-post-thumbnail","6":"product_cat-gel-de-toilette","8":"first","9":"instock","10":"shipping-taxable","11":"purchasable","12":"product-type-simple"},"yoast_head":"<!-- This site is optimized with the Yoast SEO plugin v23.0 - https:\/\/yoast.com\/wordpress\/plugins\/seo\/ -->\n<title>Dermox\u00e8ne florexil douche vaginale - pharmadreams<\/title>\n<meta name=\"robots\" content=\"index, follow, max-snippet:-1, max-image-preview:large, max-video-preview:-1\" \/>\n<link rel=\"canonical\" href=\"https:\/\/pharmadreams.shop\/index.php\/product\/dermoxene-florexil-douche-vaginale\/\" \/>\n<meta property=\"og:locale\" content=\"fr_FR\" \/>\n<meta property=\"og:type\" content=\"article\" \/>\n<meta property=\"og:title\" content=\"Dermox\u00e8ne florexil douche vaginale - pharmadreams\" \/>\n<meta property=\"og:description\" content=\"La douche vaginale DermoXEN FLOREXIL\u00a0est un dispositif m\u00e9dical sp\u00e9cialement con\u00e7u pour l\u2019hygi\u00e8ne et la protection de la peau et des muqueuses vaginales. Gr\u00e2ce \u00e0 la pr\u00e9sence combin\u00e9e de ses principes actifs et de ses extraits naturels, il\u00a0respecte la flore vaginale bact\u00e9rienne physiologique. Il aide \u00e0 r\u00e9tablir les conditions de pH favorables et a une action antibact\u00e9rienne et apaisante, soulageant les br\u00fblures, les rougeurs, les d\u00e9mangeaisons et les mauvaises odeurs.\" \/>\n<meta property=\"og:url\" content=\"https:\/\/pharmadreams.shop\/index.php\/product\/dermoxene-florexil-douche-vaginale\/\" \/>\n<meta property=\"og:site_name\" content=\"pharmadreams\" \/>\n<meta property=\"article:modified_time\" content=\"2024-03-15T23:09:56+00:00\" \/>\n<meta property=\"og:image\" content=\"https:\/\/pharmadreams.shop\/wp-content\/uploads\/2023\/12\/florexil.png\" \/>\n\t<meta property=\"og:image:width\" content=\"860\" \/>\n\t<meta property=\"og:image:height\" content=\"1024\" \/>\n\t<meta property=\"og:image:type\" content=\"image\/png\" \/>\n<meta name=\"twitter:card\" content=\"summary_large_image\" \/>\n<meta name=\"twitter:label1\" content=\"Dur\u00e9e de lecture estim\u00e9e\" \/>\n\t<meta name=\"twitter:data1\" content=\"1 minute\" \/>\n<script type=\"application\/ld+json\" class=\"yoast-schema-graph\">{\"@context\":\"https:\/\/schema.org\",\"@graph\":[{\"@type\":\"WebPage\",\"@id\":\"https:\/\/pharmadreams.shop\/index.php\/product\/dermoxene-florexil-douche-vaginale\/\",\"url\":\"https:\/\/pharmadreams.shop\/index.php\/product\/dermoxene-florexil-douche-vaginale\/\",\"name\":\"Dermox\u00e8ne florexil douche vaginale - pharmadreams\",\"isPartOf\":{\"@id\":\"https:\/\/pharmadreams.shop\/#website\"},\"primaryImageOfPage\":{\"@id\":\"https:\/\/pharmadreams.shop\/index.php\/product\/dermoxene-florexil-douche-vaginale\/#primaryimage\"},\"image\":{\"@id\":\"https:\/\/pharmadreams.shop\/index.php\/product\/dermoxene-florexil-douche-vaginale\/#primaryimage\"},\"thumbnailUrl\":\"https:\/\/pharmadreams.shop\/wp-content\/uploads\/2023\/12\/florexil.png\",\"datePublished\":\"2023-12-19T18:31:54+00:00\",\"dateModified\":\"2024-03-15T23:09:56+00:00\",\"breadcrumb\":{\"@id\":\"https:\/\/pharmadreams.shop\/index.php\/product\/dermoxene-florexil-douche-vaginale\/#breadcrumb\"},\"inLanguage\":\"fr-FR\",\"potentialAction\":[{\"@type\":\"ReadAction\",\"target\":[\"https:\/\/pharmadreams.shop\/index.php\/product\/dermoxene-florexil-douche-vaginale\/\"]}]},{\"@type\":\"ImageObject\",\"inLanguage\":\"fr-FR\",\"@id\":\"https:\/\/pharmadreams.shop\/index.php\/product\/dermoxene-florexil-douche-vaginale\/#primaryimage\",\"url\":\"https:\/\/pharmadreams.shop\/wp-content\/uploads\/2023\/12\/florexil.png\",\"contentUrl\":\"https:\/\/pharmadreams.shop\/wp-content\/uploads\/2023\/12\/florexil.png\",\"width\":860,\"height\":1024},{\"@type\":\"BreadcrumbList\",\"@id\":\"https:\/\/pharmadreams.shop\/index.php\/product\/dermoxene-florexil-douche-vaginale\/#breadcrumb\",\"itemListElement\":[{\"@type\":\"ListItem\",\"position\":1,\"name\":\"Accueil\",\"item\":\"https:\/\/pharmadreams.shop\/\"},{\"@type\":\"ListItem\",\"position\":2,\"name\":\"Shop\",\"item\":\"https:\/\/pharmadreams.shop\/index.php\/shop\/\"},{\"@type\":\"ListItem\",\"position\":3,\"name\":\"Dermox\u00e8ne florexil douche vaginale\"}]},{\"@type\":\"WebSite\",\"@id\":\"https:\/\/pharmadreams.shop\/#website\",\"url\":\"https:\/\/pharmadreams.shop\/\",\"name\":\"pharmadreams\",\"description\":\"Parapharmacie en ligne\",\"potentialAction\":[{\"@type\":\"SearchAction\",\"target\":{\"@type\":\"EntryPoint\",\"urlTemplate\":\"https:\/\/pharmadreams.shop\/?s={search_term_string}\"},\"query-input\":\"required name=search_term_string\"}],\"inLanguage\":\"fr-FR\"}]}<\/script>\n<!-- \/ Yoast SEO plugin. -->","yoast_head_json":{"title":"Dermox\u00e8ne florexil douche vaginale - pharmadreams","robots":{"index":"index","follow":"follow","max-snippet":"max-snippet:-1","max-image-preview":"max-image-preview:large","max-video-preview":"max-video-preview:-1"},"canonical":"https:\/\/pharmadreams.shop\/index.php\/product\/dermoxene-florexil-douche-vaginale\/","og_locale":"fr_FR","og_type":"article","og_title":"Dermox\u00e8ne florexil douche vaginale - pharmadreams","og_description":"La douche vaginale DermoXEN FLOREXIL\u00a0est un dispositif m\u00e9dical sp\u00e9cialement con\u00e7u pour l\u2019hygi\u00e8ne et la protection de la peau et des muqueuses vaginales. Gr\u00e2ce \u00e0 la pr\u00e9sence combin\u00e9e de ses principes actifs et de ses extraits naturels, il\u00a0respecte la flore vaginale bact\u00e9rienne physiologique. Il aide \u00e0 r\u00e9tablir les conditions de pH favorables et a une action antibact\u00e9rienne et apaisante, soulageant les br\u00fblures, les rougeurs, les d\u00e9mangeaisons et les mauvaises odeurs.","og_url":"https:\/\/pharmadreams.shop\/index.php\/product\/dermoxene-florexil-douche-vaginale\/","og_site_name":"pharmadreams","article_modified_time":"2024-03-15T23:09:56+00:00","og_image":[{"width":860,"height":1024,"url":"https:\/\/pharmadreams.shop\/wp-content\/uploads\/2023\/12\/florexil.png","type":"image\/png"}],"twitter_card":"summary_large_image","twitter_misc":{"Dur\u00e9e de lecture estim\u00e9e":"1 minute"},"schema":{"@context":"https:\/\/schema.org","@graph":[{"@type":"WebPage","@id":"https:\/\/pharmadreams.shop\/index.php\/product\/dermoxene-florexil-douche-vaginale\/","url":"https:\/\/pharmadreams.shop\/index.php\/product\/dermoxene-florexil-douche-vaginale\/","name":"Dermox\u00e8ne florexil douche vaginale - pharmadreams","isPartOf":{"@id":"https:\/\/pharmadreams.shop\/#website"},"primaryImageOfPage":{"@id":"https:\/\/pharmadreams.shop\/index.php\/product\/dermoxene-florexil-douche-vaginale\/#primaryimage"},"image":{"@id":"https:\/\/pharmadreams.shop\/index.php\/product\/dermoxene-florexil-douche-vaginale\/#primaryimage"},"thumbnailUrl":"https:\/\/pharmadreams.shop\/wp-content\/uploads\/2023\/12\/florexil.png","datePublished":"2023-12-19T18:31:54+00:00","dateModified":"2024-03-15T23:09:56+00:00","breadcrumb":{"@id":"https:\/\/pharmadreams.shop\/index.php\/product\/dermoxene-florexil-douche-vaginale\/#breadcrumb"},"inLanguage":"fr-FR","potentialAction":[{"@type":"ReadAction","target":["https:\/\/pharmadreams.shop\/index.php\/product\/dermoxene-florexil-douche-vaginale\/"]}]},{"@type":"ImageObject","inLanguage":"fr-FR","@id":"https:\/\/pharmadreams.shop\/index.php\/product\/dermoxene-florexil-douche-vaginale\/#primaryimage","url":"https:\/\/pharmadreams.shop\/wp-content\/uploads\/2023\/12\/florexil.png","contentUrl":"https:\/\/pharmadreams.shop\/wp-content\/uploads\/2023\/12\/florexil.png","width":860,"height":1024},{"@type":"BreadcrumbList","@id":"https:\/\/pharmadreams.shop\/index.php\/product\/dermoxene-florexil-douche-vaginale\/#breadcrumb","itemListElement":[{"@type":"ListItem","position":1,"name":"Accueil","item":"https:\/\/pharmadreams.shop\/"},{"@type":"ListItem","position":2,"name":"Shop","item":"https:\/\/pharmadreams.shop\/index.php\/shop\/"},{"@type":"ListItem","position":3,"name":"Dermox\u00e8ne florexil douche vaginale"}]},{"@type":"WebSite","@id":"https:\/\/pharmadreams.shop\/#website","url":"https:\/\/pharmadreams.shop\/","name":"pharmadreams","description":"Parapharmacie en ligne","potentialAction":[{"@type":"SearchAction","target":{"@type":"EntryPoint","urlTemplate":"https:\/\/pharmadreams.shop\/?s={search_term_string}"},"query-input":"required name=search_term_string"}],"inLanguage":"fr-FR"}]}},"_links":{"self":[{"href":"https:\/\/pharmadreams.shop\/index.php\/wp-json\/wp\/v2\/product\/16262","targetHints":{"allow":["GET"]}}],"collection":[{"href":"https:\/\/pharmadreams.shop\/index.php\/wp-json\/wp\/v2\/product"}],"about":[{"href":"https:\/\/pharmadreams.shop\/index.php\/wp-json\/wp\/v2\/types\/product"}],"replies":[{"embeddable":true,"href":"https:\/\/pharmadreams.shop\/index.php\/wp-json\/wp\/v2\/comments?post=16262"}],"version-history":[{"count":0,"href":"https:\/\/pharmadreams.shop\/index.php\/wp-json\/wp\/v2\/product\/16262\/revisions"}],"wp:featuredmedia":[{"embeddable":true,"href":"https:\/\/pharmadreams.shop\/index.php\/wp-json\/wp\/v2\/media\/16340"}],"wp:attachment":[{"href":"https:\/\/pharmadreams.shop\/index.php\/wp-json\/wp\/v2\/media?parent=16262"}],"wp:term":[{"taxonomy":"product_brand","embeddable":true,"href":"https:\/\/pharmadreams.shop\/index.php\/wp-json\/wp\/v2\/product_brand?post=16262"},{"taxonomy":"product_cat","embeddable":true,"href":"https:\/\/pharmadreams.shop\/index.php\/wp-json\/wp\/v2\/product_cat?post=16262"},{"taxonomy":"product_tag","embeddable":true,"href":"https:\/\/pharmadreams.shop\/index.php\/wp-json\/wp\/v2\/product_tag?post=16262"}],"curies":[{"name":"wp","href":"https:\/\/api.w.org\/{rel}","templated":true}]}}