{"id":16263,"date":"2023-12-19T19:31:55","date_gmt":"2023-12-19T18:31:55","guid":{"rendered":"https:\/\/venuspara.com\/?post_type=product&#038;p=16263"},"modified":"2024-03-16T00:09:02","modified_gmt":"2024-03-15T23:09:02","slug":"dermoxen-deodorant-intime-soft-cool-100ml","status":"publish","type":"product","link":"https:\/\/pharmadreams.shop\/index.php\/product\/dermoxen-deodorant-intime-soft-cool-100ml\/","title":{"rendered":"Dermoxen deodorant intime soft cool 100ml"},"content":{"rendered":"","protected":false},"excerpt":{"rendered":"<div class=\"product-short-description\">\n<p><strong>Il a\u00a0<\/strong><strong>une efficace action d\u00e9odorante et rafra\u00eechissante,\u00a0<\/strong>sans alt\u00e9rer le pH physiologique de la zone intime et sans emp\u00eacher le ph\u00e9nom\u00e8ne naturel de la transpiration. Gr\u00e2ce \u00e0 sa formulation, il garantit fra\u00eecheur toute la journ\u00e9e. Parfum sans allerg\u00e8nes. Sans alcool.<\/p>\n<\/div>\n<form class=\"cart\" action=\"https:\/\/www.maparatunisie.tn\/produit\/dermoxen-deodorant-intime-soft-cool\/\" enctype=\"multipart\/form-data\" method=\"post\">\n<div class=\"quantity buttons_added form-flat\"><\/div>\n<\/form>\n","protected":false},"featured_media":16342,"comment_status":"open","ping_status":"closed","template":"","meta":[],"product_brand":[],"product_cat":[126],"product_tag":[],"class_list":{"0":"post-16263","1":"product","2":"type-product","3":"status-publish","4":"has-post-thumbnail","6":"product_cat-deodorant-intime","8":"first","9":"instock","10":"shipping-taxable","11":"purchasable","12":"product-type-simple"},"yoast_head":"<!-- This site is optimized with the Yoast SEO plugin v23.0 - https:\/\/yoast.com\/wordpress\/plugins\/seo\/ -->\n<title>Dermoxen deodorant intime soft cool 100ml - pharmadreams<\/title>\n<meta name=\"robots\" content=\"index, follow, max-snippet:-1, max-image-preview:large, max-video-preview:-1\" \/>\n<link rel=\"canonical\" href=\"https:\/\/pharmadreams.shop\/index.php\/product\/dermoxen-deodorant-intime-soft-cool-100ml\/\" \/>\n<meta property=\"og:locale\" content=\"fr_FR\" \/>\n<meta property=\"og:type\" content=\"article\" \/>\n<meta property=\"og:title\" content=\"Dermoxen deodorant intime soft cool 100ml - pharmadreams\" \/>\n<meta property=\"og:description\" content=\"Il a\u00a0une efficace action d\u00e9odorante et rafra\u00eechissante,\u00a0sans alt\u00e9rer le pH physiologique de la zone intime et sans emp\u00eacher le ph\u00e9nom\u00e8ne naturel de la transpiration. Gr\u00e2ce \u00e0 sa formulation, il garantit fra\u00eecheur toute la journ\u00e9e. Parfum sans allerg\u00e8nes. Sans alcool.\" \/>\n<meta property=\"og:url\" content=\"https:\/\/pharmadreams.shop\/index.php\/product\/dermoxen-deodorant-intime-soft-cool-100ml\/\" \/>\n<meta property=\"og:site_name\" content=\"pharmadreams\" \/>\n<meta property=\"article:modified_time\" content=\"2024-03-15T23:09:02+00:00\" \/>\n<meta property=\"og:image\" content=\"https:\/\/pharmadreams.shop\/wp-content\/uploads\/2023\/12\/cool.png\" \/>\n\t<meta property=\"og:image:width\" content=\"748\" \/>\n\t<meta property=\"og:image:height\" content=\"1008\" \/>\n\t<meta property=\"og:image:type\" content=\"image\/png\" \/>\n<meta name=\"twitter:card\" content=\"summary_large_image\" \/>\n<meta name=\"twitter:label1\" content=\"Dur\u00e9e de lecture estim\u00e9e\" \/>\n\t<meta name=\"twitter:data1\" content=\"1 minute\" \/>\n<script type=\"application\/ld+json\" class=\"yoast-schema-graph\">{\"@context\":\"https:\/\/schema.org\",\"@graph\":[{\"@type\":\"WebPage\",\"@id\":\"https:\/\/pharmadreams.shop\/index.php\/product\/dermoxen-deodorant-intime-soft-cool-100ml\/\",\"url\":\"https:\/\/pharmadreams.shop\/index.php\/product\/dermoxen-deodorant-intime-soft-cool-100ml\/\",\"name\":\"Dermoxen deodorant intime soft cool 100ml - pharmadreams\",\"isPartOf\":{\"@id\":\"https:\/\/pharmadreams.shop\/#website\"},\"primaryImageOfPage\":{\"@id\":\"https:\/\/pharmadreams.shop\/index.php\/product\/dermoxen-deodorant-intime-soft-cool-100ml\/#primaryimage\"},\"image\":{\"@id\":\"https:\/\/pharmadreams.shop\/index.php\/product\/dermoxen-deodorant-intime-soft-cool-100ml\/#primaryimage\"},\"thumbnailUrl\":\"https:\/\/pharmadreams.shop\/wp-content\/uploads\/2023\/12\/cool.png\",\"datePublished\":\"2023-12-19T18:31:55+00:00\",\"dateModified\":\"2024-03-15T23:09:02+00:00\",\"breadcrumb\":{\"@id\":\"https:\/\/pharmadreams.shop\/index.php\/product\/dermoxen-deodorant-intime-soft-cool-100ml\/#breadcrumb\"},\"inLanguage\":\"fr-FR\",\"potentialAction\":[{\"@type\":\"ReadAction\",\"target\":[\"https:\/\/pharmadreams.shop\/index.php\/product\/dermoxen-deodorant-intime-soft-cool-100ml\/\"]}]},{\"@type\":\"ImageObject\",\"inLanguage\":\"fr-FR\",\"@id\":\"https:\/\/pharmadreams.shop\/index.php\/product\/dermoxen-deodorant-intime-soft-cool-100ml\/#primaryimage\",\"url\":\"https:\/\/pharmadreams.shop\/wp-content\/uploads\/2023\/12\/cool.png\",\"contentUrl\":\"https:\/\/pharmadreams.shop\/wp-content\/uploads\/2023\/12\/cool.png\",\"width\":748,\"height\":1008},{\"@type\":\"BreadcrumbList\",\"@id\":\"https:\/\/pharmadreams.shop\/index.php\/product\/dermoxen-deodorant-intime-soft-cool-100ml\/#breadcrumb\",\"itemListElement\":[{\"@type\":\"ListItem\",\"position\":1,\"name\":\"Accueil\",\"item\":\"https:\/\/pharmadreams.shop\/\"},{\"@type\":\"ListItem\",\"position\":2,\"name\":\"Shop\",\"item\":\"https:\/\/pharmadreams.shop\/index.php\/shop\/\"},{\"@type\":\"ListItem\",\"position\":3,\"name\":\"Dermoxen deodorant intime soft cool 100ml\"}]},{\"@type\":\"WebSite\",\"@id\":\"https:\/\/pharmadreams.shop\/#website\",\"url\":\"https:\/\/pharmadreams.shop\/\",\"name\":\"pharmadreams\",\"description\":\"Parapharmacie en ligne\",\"potentialAction\":[{\"@type\":\"SearchAction\",\"target\":{\"@type\":\"EntryPoint\",\"urlTemplate\":\"https:\/\/pharmadreams.shop\/?s={search_term_string}\"},\"query-input\":\"required name=search_term_string\"}],\"inLanguage\":\"fr-FR\"}]}<\/script>\n<!-- \/ Yoast SEO plugin. -->","yoast_head_json":{"title":"Dermoxen deodorant intime soft cool 100ml - pharmadreams","robots":{"index":"index","follow":"follow","max-snippet":"max-snippet:-1","max-image-preview":"max-image-preview:large","max-video-preview":"max-video-preview:-1"},"canonical":"https:\/\/pharmadreams.shop\/index.php\/product\/dermoxen-deodorant-intime-soft-cool-100ml\/","og_locale":"fr_FR","og_type":"article","og_title":"Dermoxen deodorant intime soft cool 100ml - pharmadreams","og_description":"Il a\u00a0une efficace action d\u00e9odorante et rafra\u00eechissante,\u00a0sans alt\u00e9rer le pH physiologique de la zone intime et sans emp\u00eacher le ph\u00e9nom\u00e8ne naturel de la transpiration. Gr\u00e2ce \u00e0 sa formulation, il garantit fra\u00eecheur toute la journ\u00e9e. Parfum sans allerg\u00e8nes. Sans alcool.","og_url":"https:\/\/pharmadreams.shop\/index.php\/product\/dermoxen-deodorant-intime-soft-cool-100ml\/","og_site_name":"pharmadreams","article_modified_time":"2024-03-15T23:09:02+00:00","og_image":[{"width":748,"height":1008,"url":"https:\/\/pharmadreams.shop\/wp-content\/uploads\/2023\/12\/cool.png","type":"image\/png"}],"twitter_card":"summary_large_image","twitter_misc":{"Dur\u00e9e de lecture estim\u00e9e":"1 minute"},"schema":{"@context":"https:\/\/schema.org","@graph":[{"@type":"WebPage","@id":"https:\/\/pharmadreams.shop\/index.php\/product\/dermoxen-deodorant-intime-soft-cool-100ml\/","url":"https:\/\/pharmadreams.shop\/index.php\/product\/dermoxen-deodorant-intime-soft-cool-100ml\/","name":"Dermoxen deodorant intime soft cool 100ml - pharmadreams","isPartOf":{"@id":"https:\/\/pharmadreams.shop\/#website"},"primaryImageOfPage":{"@id":"https:\/\/pharmadreams.shop\/index.php\/product\/dermoxen-deodorant-intime-soft-cool-100ml\/#primaryimage"},"image":{"@id":"https:\/\/pharmadreams.shop\/index.php\/product\/dermoxen-deodorant-intime-soft-cool-100ml\/#primaryimage"},"thumbnailUrl":"https:\/\/pharmadreams.shop\/wp-content\/uploads\/2023\/12\/cool.png","datePublished":"2023-12-19T18:31:55+00:00","dateModified":"2024-03-15T23:09:02+00:00","breadcrumb":{"@id":"https:\/\/pharmadreams.shop\/index.php\/product\/dermoxen-deodorant-intime-soft-cool-100ml\/#breadcrumb"},"inLanguage":"fr-FR","potentialAction":[{"@type":"ReadAction","target":["https:\/\/pharmadreams.shop\/index.php\/product\/dermoxen-deodorant-intime-soft-cool-100ml\/"]}]},{"@type":"ImageObject","inLanguage":"fr-FR","@id":"https:\/\/pharmadreams.shop\/index.php\/product\/dermoxen-deodorant-intime-soft-cool-100ml\/#primaryimage","url":"https:\/\/pharmadreams.shop\/wp-content\/uploads\/2023\/12\/cool.png","contentUrl":"https:\/\/pharmadreams.shop\/wp-content\/uploads\/2023\/12\/cool.png","width":748,"height":1008},{"@type":"BreadcrumbList","@id":"https:\/\/pharmadreams.shop\/index.php\/product\/dermoxen-deodorant-intime-soft-cool-100ml\/#breadcrumb","itemListElement":[{"@type":"ListItem","position":1,"name":"Accueil","item":"https:\/\/pharmadreams.shop\/"},{"@type":"ListItem","position":2,"name":"Shop","item":"https:\/\/pharmadreams.shop\/index.php\/shop\/"},{"@type":"ListItem","position":3,"name":"Dermoxen deodorant intime soft cool 100ml"}]},{"@type":"WebSite","@id":"https:\/\/pharmadreams.shop\/#website","url":"https:\/\/pharmadreams.shop\/","name":"pharmadreams","description":"Parapharmacie en ligne","potentialAction":[{"@type":"SearchAction","target":{"@type":"EntryPoint","urlTemplate":"https:\/\/pharmadreams.shop\/?s={search_term_string}"},"query-input":"required name=search_term_string"}],"inLanguage":"fr-FR"}]}},"_links":{"self":[{"href":"https:\/\/pharmadreams.shop\/index.php\/wp-json\/wp\/v2\/product\/16263","targetHints":{"allow":["GET"]}}],"collection":[{"href":"https:\/\/pharmadreams.shop\/index.php\/wp-json\/wp\/v2\/product"}],"about":[{"href":"https:\/\/pharmadreams.shop\/index.php\/wp-json\/wp\/v2\/types\/product"}],"replies":[{"embeddable":true,"href":"https:\/\/pharmadreams.shop\/index.php\/wp-json\/wp\/v2\/comments?post=16263"}],"version-history":[{"count":0,"href":"https:\/\/pharmadreams.shop\/index.php\/wp-json\/wp\/v2\/product\/16263\/revisions"}],"wp:featuredmedia":[{"embeddable":true,"href":"https:\/\/pharmadreams.shop\/index.php\/wp-json\/wp\/v2\/media\/16342"}],"wp:attachment":[{"href":"https:\/\/pharmadreams.shop\/index.php\/wp-json\/wp\/v2\/media?parent=16263"}],"wp:term":[{"taxonomy":"product_brand","embeddable":true,"href":"https:\/\/pharmadreams.shop\/index.php\/wp-json\/wp\/v2\/product_brand?post=16263"},{"taxonomy":"product_cat","embeddable":true,"href":"https:\/\/pharmadreams.shop\/index.php\/wp-json\/wp\/v2\/product_cat?post=16263"},{"taxonomy":"product_tag","embeddable":true,"href":"https:\/\/pharmadreams.shop\/index.php\/wp-json\/wp\/v2\/product_tag?post=16263"}],"curies":[{"name":"wp","href":"https:\/\/api.w.org\/{rel}","templated":true}]}}