{"id":16264,"date":"2023-12-19T19:31:55","date_gmt":"2023-12-19T18:31:55","guid":{"rendered":"https:\/\/venuspara.com\/?post_type=product&#038;p=16264"},"modified":"2023-12-19T19:33:04","modified_gmt":"2023-12-19T18:33:04","slug":"beesline-deodorant-roll-on-sport-pulse-50ml","status":"publish","type":"product","link":"https:\/\/pharmadreams.shop\/index.php\/product\/beesline-deodorant-roll-on-sport-pulse-50ml\/","title":{"rendered":"Beesline d\u00e9odorant roll on sport pulse 50ML"},"content":{"rendered":"","protected":false},"excerpt":{"rendered":"<div class=\"more-info\">\n<div class=\"tab-content\">\n<section id=\"idTab1\" class=\"page-product-box\">\n<div class=\"rte\">\n<p>Le d\u00e9odorant est un d\u00e9odorant anti-transpirant 48 heures innovant, s\u00fbr et tr\u00e8s efficace qui agit pour combattre les odeurs corporelles, absorber l&rsquo;humidit\u00e9 et apaiser la peau.\u00a0En outre, il \u00e9claircit et uniformise le teint de la peau pour des aisselles propres et lumineuses.<\/p>\n<\/div>\n<\/section>\n<\/div>\n<\/div>\n<div class=\"row\">\n<div class=\"page-product-box blockproductscategory lablistproducts laberthemes\"><\/div>\n<\/div>\n","protected":false},"featured_media":16344,"comment_status":"open","ping_status":"closed","template":"","meta":[],"product_brand":[],"product_cat":[127,103],"product_tag":[],"class_list":{"0":"post-16264","1":"product","2":"type-product","3":"status-publish","4":"has-post-thumbnail","6":"product_cat-anti-transpirant","7":"product_cat-deodorant","9":"first","10":"instock","11":"shipping-taxable","12":"purchasable","13":"product-type-simple"},"yoast_head":"<!-- This site is optimized with the Yoast SEO plugin v23.0 - https:\/\/yoast.com\/wordpress\/plugins\/seo\/ -->\n<title>Beesline d\u00e9odorant roll on sport pulse 50ML - pharmadreams<\/title>\n<meta name=\"robots\" content=\"index, follow, max-snippet:-1, max-image-preview:large, max-video-preview:-1\" \/>\n<link rel=\"canonical\" href=\"https:\/\/pharmadreams.shop\/index.php\/product\/beesline-deodorant-roll-on-sport-pulse-50ml\/\" \/>\n<meta property=\"og:locale\" content=\"fr_FR\" \/>\n<meta property=\"og:type\" content=\"article\" \/>\n<meta property=\"og:title\" content=\"Beesline d\u00e9odorant roll on sport pulse 50ML - pharmadreams\" \/>\n<meta property=\"og:description\" content=\"Le d\u00e9odorant est un d\u00e9odorant anti-transpirant 48 heures innovant, s\u00fbr et tr\u00e8s efficace qui agit pour combattre les odeurs corporelles, absorber l&#039;humidit\u00e9 et apaiser la peau.\u00a0En outre, il \u00e9claircit et uniformise le teint de la peau pour des aisselles propres et lumineuses.\" \/>\n<meta property=\"og:url\" content=\"https:\/\/pharmadreams.shop\/index.php\/product\/beesline-deodorant-roll-on-sport-pulse-50ml\/\" \/>\n<meta property=\"og:site_name\" content=\"pharmadreams\" \/>\n<meta property=\"article:modified_time\" content=\"2023-12-19T18:33:04+00:00\" \/>\n<meta property=\"og:image\" content=\"https:\/\/pharmadreams.shop\/wp-content\/uploads\/2023\/12\/coolbees.png\" \/>\n\t<meta property=\"og:image:width\" content=\"1496\" \/>\n\t<meta property=\"og:image:height\" content=\"1464\" \/>\n\t<meta property=\"og:image:type\" content=\"image\/png\" \/>\n<meta name=\"twitter:card\" content=\"summary_large_image\" \/>\n<script type=\"application\/ld+json\" class=\"yoast-schema-graph\">{\"@context\":\"https:\/\/schema.org\",\"@graph\":[{\"@type\":\"WebPage\",\"@id\":\"https:\/\/pharmadreams.shop\/index.php\/product\/beesline-deodorant-roll-on-sport-pulse-50ml\/\",\"url\":\"https:\/\/pharmadreams.shop\/index.php\/product\/beesline-deodorant-roll-on-sport-pulse-50ml\/\",\"name\":\"Beesline d\u00e9odorant roll on sport pulse 50ML - pharmadreams\",\"isPartOf\":{\"@id\":\"https:\/\/pharmadreams.shop\/#website\"},\"primaryImageOfPage\":{\"@id\":\"https:\/\/pharmadreams.shop\/index.php\/product\/beesline-deodorant-roll-on-sport-pulse-50ml\/#primaryimage\"},\"image\":{\"@id\":\"https:\/\/pharmadreams.shop\/index.php\/product\/beesline-deodorant-roll-on-sport-pulse-50ml\/#primaryimage\"},\"thumbnailUrl\":\"https:\/\/pharmadreams.shop\/wp-content\/uploads\/2023\/12\/coolbees.png\",\"datePublished\":\"2023-12-19T18:31:55+00:00\",\"dateModified\":\"2023-12-19T18:33:04+00:00\",\"breadcrumb\":{\"@id\":\"https:\/\/pharmadreams.shop\/index.php\/product\/beesline-deodorant-roll-on-sport-pulse-50ml\/#breadcrumb\"},\"inLanguage\":\"fr-FR\",\"potentialAction\":[{\"@type\":\"ReadAction\",\"target\":[\"https:\/\/pharmadreams.shop\/index.php\/product\/beesline-deodorant-roll-on-sport-pulse-50ml\/\"]}]},{\"@type\":\"ImageObject\",\"inLanguage\":\"fr-FR\",\"@id\":\"https:\/\/pharmadreams.shop\/index.php\/product\/beesline-deodorant-roll-on-sport-pulse-50ml\/#primaryimage\",\"url\":\"https:\/\/pharmadreams.shop\/wp-content\/uploads\/2023\/12\/coolbees.png\",\"contentUrl\":\"https:\/\/pharmadreams.shop\/wp-content\/uploads\/2023\/12\/coolbees.png\",\"width\":1496,\"height\":1464},{\"@type\":\"BreadcrumbList\",\"@id\":\"https:\/\/pharmadreams.shop\/index.php\/product\/beesline-deodorant-roll-on-sport-pulse-50ml\/#breadcrumb\",\"itemListElement\":[{\"@type\":\"ListItem\",\"position\":1,\"name\":\"Accueil\",\"item\":\"https:\/\/pharmadreams.shop\/\"},{\"@type\":\"ListItem\",\"position\":2,\"name\":\"Shop\",\"item\":\"https:\/\/pharmadreams.shop\/index.php\/shop\/\"},{\"@type\":\"ListItem\",\"position\":3,\"name\":\"Beesline d\u00e9odorant roll on sport pulse 50ML\"}]},{\"@type\":\"WebSite\",\"@id\":\"https:\/\/pharmadreams.shop\/#website\",\"url\":\"https:\/\/pharmadreams.shop\/\",\"name\":\"pharmadreams\",\"description\":\"Parapharmacie en ligne\",\"potentialAction\":[{\"@type\":\"SearchAction\",\"target\":{\"@type\":\"EntryPoint\",\"urlTemplate\":\"https:\/\/pharmadreams.shop\/?s={search_term_string}\"},\"query-input\":\"required name=search_term_string\"}],\"inLanguage\":\"fr-FR\"}]}<\/script>\n<!-- \/ Yoast SEO plugin. -->","yoast_head_json":{"title":"Beesline d\u00e9odorant roll on sport pulse 50ML - pharmadreams","robots":{"index":"index","follow":"follow","max-snippet":"max-snippet:-1","max-image-preview":"max-image-preview:large","max-video-preview":"max-video-preview:-1"},"canonical":"https:\/\/pharmadreams.shop\/index.php\/product\/beesline-deodorant-roll-on-sport-pulse-50ml\/","og_locale":"fr_FR","og_type":"article","og_title":"Beesline d\u00e9odorant roll on sport pulse 50ML - pharmadreams","og_description":"Le d\u00e9odorant est un d\u00e9odorant anti-transpirant 48 heures innovant, s\u00fbr et tr\u00e8s efficace qui agit pour combattre les odeurs corporelles, absorber l'humidit\u00e9 et apaiser la peau.\u00a0En outre, il \u00e9claircit et uniformise le teint de la peau pour des aisselles propres et lumineuses.","og_url":"https:\/\/pharmadreams.shop\/index.php\/product\/beesline-deodorant-roll-on-sport-pulse-50ml\/","og_site_name":"pharmadreams","article_modified_time":"2023-12-19T18:33:04+00:00","og_image":[{"width":1496,"height":1464,"url":"https:\/\/pharmadreams.shop\/wp-content\/uploads\/2023\/12\/coolbees.png","type":"image\/png"}],"twitter_card":"summary_large_image","schema":{"@context":"https:\/\/schema.org","@graph":[{"@type":"WebPage","@id":"https:\/\/pharmadreams.shop\/index.php\/product\/beesline-deodorant-roll-on-sport-pulse-50ml\/","url":"https:\/\/pharmadreams.shop\/index.php\/product\/beesline-deodorant-roll-on-sport-pulse-50ml\/","name":"Beesline d\u00e9odorant roll on sport pulse 50ML - pharmadreams","isPartOf":{"@id":"https:\/\/pharmadreams.shop\/#website"},"primaryImageOfPage":{"@id":"https:\/\/pharmadreams.shop\/index.php\/product\/beesline-deodorant-roll-on-sport-pulse-50ml\/#primaryimage"},"image":{"@id":"https:\/\/pharmadreams.shop\/index.php\/product\/beesline-deodorant-roll-on-sport-pulse-50ml\/#primaryimage"},"thumbnailUrl":"https:\/\/pharmadreams.shop\/wp-content\/uploads\/2023\/12\/coolbees.png","datePublished":"2023-12-19T18:31:55+00:00","dateModified":"2023-12-19T18:33:04+00:00","breadcrumb":{"@id":"https:\/\/pharmadreams.shop\/index.php\/product\/beesline-deodorant-roll-on-sport-pulse-50ml\/#breadcrumb"},"inLanguage":"fr-FR","potentialAction":[{"@type":"ReadAction","target":["https:\/\/pharmadreams.shop\/index.php\/product\/beesline-deodorant-roll-on-sport-pulse-50ml\/"]}]},{"@type":"ImageObject","inLanguage":"fr-FR","@id":"https:\/\/pharmadreams.shop\/index.php\/product\/beesline-deodorant-roll-on-sport-pulse-50ml\/#primaryimage","url":"https:\/\/pharmadreams.shop\/wp-content\/uploads\/2023\/12\/coolbees.png","contentUrl":"https:\/\/pharmadreams.shop\/wp-content\/uploads\/2023\/12\/coolbees.png","width":1496,"height":1464},{"@type":"BreadcrumbList","@id":"https:\/\/pharmadreams.shop\/index.php\/product\/beesline-deodorant-roll-on-sport-pulse-50ml\/#breadcrumb","itemListElement":[{"@type":"ListItem","position":1,"name":"Accueil","item":"https:\/\/pharmadreams.shop\/"},{"@type":"ListItem","position":2,"name":"Shop","item":"https:\/\/pharmadreams.shop\/index.php\/shop\/"},{"@type":"ListItem","position":3,"name":"Beesline d\u00e9odorant roll on sport pulse 50ML"}]},{"@type":"WebSite","@id":"https:\/\/pharmadreams.shop\/#website","url":"https:\/\/pharmadreams.shop\/","name":"pharmadreams","description":"Parapharmacie en ligne","potentialAction":[{"@type":"SearchAction","target":{"@type":"EntryPoint","urlTemplate":"https:\/\/pharmadreams.shop\/?s={search_term_string}"},"query-input":"required name=search_term_string"}],"inLanguage":"fr-FR"}]}},"_links":{"self":[{"href":"https:\/\/pharmadreams.shop\/index.php\/wp-json\/wp\/v2\/product\/16264","targetHints":{"allow":["GET"]}}],"collection":[{"href":"https:\/\/pharmadreams.shop\/index.php\/wp-json\/wp\/v2\/product"}],"about":[{"href":"https:\/\/pharmadreams.shop\/index.php\/wp-json\/wp\/v2\/types\/product"}],"replies":[{"embeddable":true,"href":"https:\/\/pharmadreams.shop\/index.php\/wp-json\/wp\/v2\/comments?post=16264"}],"version-history":[{"count":0,"href":"https:\/\/pharmadreams.shop\/index.php\/wp-json\/wp\/v2\/product\/16264\/revisions"}],"wp:featuredmedia":[{"embeddable":true,"href":"https:\/\/pharmadreams.shop\/index.php\/wp-json\/wp\/v2\/media\/16344"}],"wp:attachment":[{"href":"https:\/\/pharmadreams.shop\/index.php\/wp-json\/wp\/v2\/media?parent=16264"}],"wp:term":[{"taxonomy":"product_brand","embeddable":true,"href":"https:\/\/pharmadreams.shop\/index.php\/wp-json\/wp\/v2\/product_brand?post=16264"},{"taxonomy":"product_cat","embeddable":true,"href":"https:\/\/pharmadreams.shop\/index.php\/wp-json\/wp\/v2\/product_cat?post=16264"},{"taxonomy":"product_tag","embeddable":true,"href":"https:\/\/pharmadreams.shop\/index.php\/wp-json\/wp\/v2\/product_tag?post=16264"}],"curies":[{"name":"wp","href":"https:\/\/api.w.org\/{rel}","templated":true}]}}