{"id":16284,"date":"2023-12-19T19:32:20","date_gmt":"2023-12-19T18:32:20","guid":{"rendered":"https:\/\/venuspara.com\/?post_type=product&#038;p=16284"},"modified":"2023-12-19T19:33:12","modified_gmt":"2023-12-19T18:33:12","slug":"noreva-iklen-serum-sublim-perfect-30ml","status":"publish","type":"product","link":"https:\/\/pharmadreams.shop\/index.php\/product\/noreva-iklen-serum-sublim-perfect-30ml\/","title":{"rendered":"Noreva iklen+ s\u00e9rum sublim perfect 30ml"},"content":{"rendered":"","protected":false},"excerpt":{"rendered":"<p>Iklen S\u00e9rum anti-taches brunes agit en profondeur et permet de freiner efficacement la production de m\u00e9lanine (pigment naturellement pr\u00e9sent dans la peau, responsable des taches pigmentaires quand elle est produite en trop grande quantit\u00e9) gr\u00e2ce aux diff\u00e9rents actifs pr\u00e9sents. Les taches li\u00e9es au photovieillissement, aux variations hormonales ou r\u00e9actionnelles, sont visiblement \u00e9claircies et estomp\u00e9es.<\/p>\n","protected":false},"featured_media":16358,"comment_status":"open","ping_status":"closed","template":"","meta":[],"product_brand":[],"product_cat":[100,90,94],"product_tag":[],"class_list":{"0":"post-16284","1":"product","2":"type-product","3":"status-publish","4":"has-post-thumbnail","6":"product_cat-anti-age","7":"product_cat-anti-tache","8":"product_cat-serum","10":"first","11":"instock","12":"shipping-taxable","13":"purchasable","14":"product-type-simple"},"yoast_head":"<!-- This site is optimized with the Yoast SEO plugin v23.0 - https:\/\/yoast.com\/wordpress\/plugins\/seo\/ -->\n<title>Noreva iklen+ s\u00e9rum sublim perfect 30ml - pharmadreams<\/title>\n<meta name=\"robots\" content=\"index, follow, max-snippet:-1, max-image-preview:large, max-video-preview:-1\" \/>\n<link rel=\"canonical\" href=\"https:\/\/pharmadreams.shop\/index.php\/product\/noreva-iklen-serum-sublim-perfect-30ml\/\" \/>\n<meta property=\"og:locale\" content=\"fr_FR\" \/>\n<meta property=\"og:type\" content=\"article\" \/>\n<meta property=\"og:title\" content=\"Noreva iklen+ s\u00e9rum sublim perfect 30ml - pharmadreams\" \/>\n<meta property=\"og:description\" content=\"Iklen S\u00e9rum anti-taches brunes agit en profondeur et permet de freiner efficacement la production de m\u00e9lanine (pigment naturellement pr\u00e9sent dans la peau, responsable des taches pigmentaires quand elle est produite en trop grande quantit\u00e9) gr\u00e2ce aux diff\u00e9rents actifs pr\u00e9sents. Les taches li\u00e9es au photovieillissement, aux variations hormonales ou r\u00e9actionnelles, sont visiblement \u00e9claircies et estomp\u00e9es.\" \/>\n<meta property=\"og:url\" content=\"https:\/\/pharmadreams.shop\/index.php\/product\/noreva-iklen-serum-sublim-perfect-30ml\/\" \/>\n<meta property=\"og:site_name\" content=\"pharmadreams\" \/>\n<meta property=\"article:modified_time\" content=\"2023-12-19T18:33:12+00:00\" \/>\n<meta property=\"og:image\" content=\"https:\/\/pharmadreams.shop\/wp-content\/uploads\/2023\/12\/beesliinenoreva.png\" \/>\n\t<meta property=\"og:image:width\" content=\"544\" \/>\n\t<meta property=\"og:image:height\" content=\"816\" \/>\n\t<meta property=\"og:image:type\" content=\"image\/png\" \/>\n<meta name=\"twitter:card\" content=\"summary_large_image\" \/>\n<script type=\"application\/ld+json\" class=\"yoast-schema-graph\">{\"@context\":\"https:\/\/schema.org\",\"@graph\":[{\"@type\":\"WebPage\",\"@id\":\"https:\/\/pharmadreams.shop\/index.php\/product\/noreva-iklen-serum-sublim-perfect-30ml\/\",\"url\":\"https:\/\/pharmadreams.shop\/index.php\/product\/noreva-iklen-serum-sublim-perfect-30ml\/\",\"name\":\"Noreva iklen+ s\u00e9rum sublim perfect 30ml - pharmadreams\",\"isPartOf\":{\"@id\":\"https:\/\/pharmadreams.shop\/#website\"},\"primaryImageOfPage\":{\"@id\":\"https:\/\/pharmadreams.shop\/index.php\/product\/noreva-iklen-serum-sublim-perfect-30ml\/#primaryimage\"},\"image\":{\"@id\":\"https:\/\/pharmadreams.shop\/index.php\/product\/noreva-iklen-serum-sublim-perfect-30ml\/#primaryimage\"},\"thumbnailUrl\":\"https:\/\/pharmadreams.shop\/wp-content\/uploads\/2023\/12\/beesliinenoreva.png\",\"datePublished\":\"2023-12-19T18:32:20+00:00\",\"dateModified\":\"2023-12-19T18:33:12+00:00\",\"breadcrumb\":{\"@id\":\"https:\/\/pharmadreams.shop\/index.php\/product\/noreva-iklen-serum-sublim-perfect-30ml\/#breadcrumb\"},\"inLanguage\":\"fr-FR\",\"potentialAction\":[{\"@type\":\"ReadAction\",\"target\":[\"https:\/\/pharmadreams.shop\/index.php\/product\/noreva-iklen-serum-sublim-perfect-30ml\/\"]}]},{\"@type\":\"ImageObject\",\"inLanguage\":\"fr-FR\",\"@id\":\"https:\/\/pharmadreams.shop\/index.php\/product\/noreva-iklen-serum-sublim-perfect-30ml\/#primaryimage\",\"url\":\"https:\/\/pharmadreams.shop\/wp-content\/uploads\/2023\/12\/beesliinenoreva.png\",\"contentUrl\":\"https:\/\/pharmadreams.shop\/wp-content\/uploads\/2023\/12\/beesliinenoreva.png\",\"width\":544,\"height\":816},{\"@type\":\"BreadcrumbList\",\"@id\":\"https:\/\/pharmadreams.shop\/index.php\/product\/noreva-iklen-serum-sublim-perfect-30ml\/#breadcrumb\",\"itemListElement\":[{\"@type\":\"ListItem\",\"position\":1,\"name\":\"Accueil\",\"item\":\"https:\/\/pharmadreams.shop\/\"},{\"@type\":\"ListItem\",\"position\":2,\"name\":\"Shop\",\"item\":\"https:\/\/pharmadreams.shop\/index.php\/shop\/\"},{\"@type\":\"ListItem\",\"position\":3,\"name\":\"Noreva iklen+ s\u00e9rum sublim perfect 30ml\"}]},{\"@type\":\"WebSite\",\"@id\":\"https:\/\/pharmadreams.shop\/#website\",\"url\":\"https:\/\/pharmadreams.shop\/\",\"name\":\"pharmadreams\",\"description\":\"Parapharmacie en ligne\",\"potentialAction\":[{\"@type\":\"SearchAction\",\"target\":{\"@type\":\"EntryPoint\",\"urlTemplate\":\"https:\/\/pharmadreams.shop\/?s={search_term_string}\"},\"query-input\":\"required name=search_term_string\"}],\"inLanguage\":\"fr-FR\"}]}<\/script>\n<!-- \/ Yoast SEO plugin. -->","yoast_head_json":{"title":"Noreva iklen+ s\u00e9rum sublim perfect 30ml - pharmadreams","robots":{"index":"index","follow":"follow","max-snippet":"max-snippet:-1","max-image-preview":"max-image-preview:large","max-video-preview":"max-video-preview:-1"},"canonical":"https:\/\/pharmadreams.shop\/index.php\/product\/noreva-iklen-serum-sublim-perfect-30ml\/","og_locale":"fr_FR","og_type":"article","og_title":"Noreva iklen+ s\u00e9rum sublim perfect 30ml - pharmadreams","og_description":"Iklen S\u00e9rum anti-taches brunes agit en profondeur et permet de freiner efficacement la production de m\u00e9lanine (pigment naturellement pr\u00e9sent dans la peau, responsable des taches pigmentaires quand elle est produite en trop grande quantit\u00e9) gr\u00e2ce aux diff\u00e9rents actifs pr\u00e9sents. Les taches li\u00e9es au photovieillissement, aux variations hormonales ou r\u00e9actionnelles, sont visiblement \u00e9claircies et estomp\u00e9es.","og_url":"https:\/\/pharmadreams.shop\/index.php\/product\/noreva-iklen-serum-sublim-perfect-30ml\/","og_site_name":"pharmadreams","article_modified_time":"2023-12-19T18:33:12+00:00","og_image":[{"width":544,"height":816,"url":"https:\/\/pharmadreams.shop\/wp-content\/uploads\/2023\/12\/beesliinenoreva.png","type":"image\/png"}],"twitter_card":"summary_large_image","schema":{"@context":"https:\/\/schema.org","@graph":[{"@type":"WebPage","@id":"https:\/\/pharmadreams.shop\/index.php\/product\/noreva-iklen-serum-sublim-perfect-30ml\/","url":"https:\/\/pharmadreams.shop\/index.php\/product\/noreva-iklen-serum-sublim-perfect-30ml\/","name":"Noreva iklen+ s\u00e9rum sublim perfect 30ml - pharmadreams","isPartOf":{"@id":"https:\/\/pharmadreams.shop\/#website"},"primaryImageOfPage":{"@id":"https:\/\/pharmadreams.shop\/index.php\/product\/noreva-iklen-serum-sublim-perfect-30ml\/#primaryimage"},"image":{"@id":"https:\/\/pharmadreams.shop\/index.php\/product\/noreva-iklen-serum-sublim-perfect-30ml\/#primaryimage"},"thumbnailUrl":"https:\/\/pharmadreams.shop\/wp-content\/uploads\/2023\/12\/beesliinenoreva.png","datePublished":"2023-12-19T18:32:20+00:00","dateModified":"2023-12-19T18:33:12+00:00","breadcrumb":{"@id":"https:\/\/pharmadreams.shop\/index.php\/product\/noreva-iklen-serum-sublim-perfect-30ml\/#breadcrumb"},"inLanguage":"fr-FR","potentialAction":[{"@type":"ReadAction","target":["https:\/\/pharmadreams.shop\/index.php\/product\/noreva-iklen-serum-sublim-perfect-30ml\/"]}]},{"@type":"ImageObject","inLanguage":"fr-FR","@id":"https:\/\/pharmadreams.shop\/index.php\/product\/noreva-iklen-serum-sublim-perfect-30ml\/#primaryimage","url":"https:\/\/pharmadreams.shop\/wp-content\/uploads\/2023\/12\/beesliinenoreva.png","contentUrl":"https:\/\/pharmadreams.shop\/wp-content\/uploads\/2023\/12\/beesliinenoreva.png","width":544,"height":816},{"@type":"BreadcrumbList","@id":"https:\/\/pharmadreams.shop\/index.php\/product\/noreva-iklen-serum-sublim-perfect-30ml\/#breadcrumb","itemListElement":[{"@type":"ListItem","position":1,"name":"Accueil","item":"https:\/\/pharmadreams.shop\/"},{"@type":"ListItem","position":2,"name":"Shop","item":"https:\/\/pharmadreams.shop\/index.php\/shop\/"},{"@type":"ListItem","position":3,"name":"Noreva iklen+ s\u00e9rum sublim perfect 30ml"}]},{"@type":"WebSite","@id":"https:\/\/pharmadreams.shop\/#website","url":"https:\/\/pharmadreams.shop\/","name":"pharmadreams","description":"Parapharmacie en ligne","potentialAction":[{"@type":"SearchAction","target":{"@type":"EntryPoint","urlTemplate":"https:\/\/pharmadreams.shop\/?s={search_term_string}"},"query-input":"required name=search_term_string"}],"inLanguage":"fr-FR"}]}},"_links":{"self":[{"href":"https:\/\/pharmadreams.shop\/index.php\/wp-json\/wp\/v2\/product\/16284","targetHints":{"allow":["GET"]}}],"collection":[{"href":"https:\/\/pharmadreams.shop\/index.php\/wp-json\/wp\/v2\/product"}],"about":[{"href":"https:\/\/pharmadreams.shop\/index.php\/wp-json\/wp\/v2\/types\/product"}],"replies":[{"embeddable":true,"href":"https:\/\/pharmadreams.shop\/index.php\/wp-json\/wp\/v2\/comments?post=16284"}],"version-history":[{"count":0,"href":"https:\/\/pharmadreams.shop\/index.php\/wp-json\/wp\/v2\/product\/16284\/revisions"}],"wp:featuredmedia":[{"embeddable":true,"href":"https:\/\/pharmadreams.shop\/index.php\/wp-json\/wp\/v2\/media\/16358"}],"wp:attachment":[{"href":"https:\/\/pharmadreams.shop\/index.php\/wp-json\/wp\/v2\/media?parent=16284"}],"wp:term":[{"taxonomy":"product_brand","embeddable":true,"href":"https:\/\/pharmadreams.shop\/index.php\/wp-json\/wp\/v2\/product_brand?post=16284"},{"taxonomy":"product_cat","embeddable":true,"href":"https:\/\/pharmadreams.shop\/index.php\/wp-json\/wp\/v2\/product_cat?post=16284"},{"taxonomy":"product_tag","embeddable":true,"href":"https:\/\/pharmadreams.shop\/index.php\/wp-json\/wp\/v2\/product_tag?post=16284"}],"curies":[{"name":"wp","href":"https:\/\/api.w.org\/{rel}","templated":true}]}}