{"id":16285,"date":"2023-12-19T19:32:20","date_gmt":"2023-12-19T18:32:20","guid":{"rendered":"https:\/\/venuspara.com\/?post_type=product&#038;p=16285"},"modified":"2024-03-16T00:38:14","modified_gmt":"2024-03-15T23:38:14","slug":"bioderma-pigmentbio-h2o-eau-micellaire-eclaircissante-250ml","status":"publish","type":"product","link":"https:\/\/pharmadreams.shop\/index.php\/product\/bioderma-pigmentbio-h2o-eau-micellaire-eclaircissante-250ml\/","title":{"rendered":"Bioderma pigmentbio h2o eau micellaire \u00e9claircissante 250ml"},"content":{"rendered":"","protected":false},"excerpt":{"rendered":"<p><strong>BIODERMA PIGMENTBIO H2O EAU MICELLAIRE ECLAIRCISSANTE 250ML<\/strong><\/p>\n<p>Formul\u00e9e sp\u00e9cialement pour les personnes dont la peau est sujette aux probl\u00e8mes de pigmentation, BIODERMA PIGMENTBIO H2O EAU MICELLAIRE ECLAIRCISSANTE nettoie en douceur et efficacement le visage et les yeux. Les micelles contenues dans cette formule \u00e9liminent les impuret\u00e9s tout en respectant l&rsquo;\u00e9quilibre de la peau.<\/p>\n<p>BIODERMA EAU MICELLAIRE ECLAIRCISSANTE\u00a0contient une association brevet\u00e9e d&rsquo;actifs qui r\u00e9gule les m\u00e9canismes biologiques impliqu\u00e9s dans la g\u00e9n\u00e9ration des taches brunes pour garantir un effet anti-hyperpigmentation et une pr\u00e9vention optimale.<\/p>\n<p>BIODERMA PIGMENTBIO EAU MICELLAIRE\u00a0\u00a0exfolie \u00e9galement les cellules mortes de la peau, qui peuvent parfois \u00eatre \u00e0 l&rsquo;origine de taches sombres. L&rsquo;Eau micellaire Bioderma PigmentBio H2O pr\u00e9pare la peau \u00e0 recevoir les soins d&rsquo;un produit de la gamme Pigmentbio pour aider \u00e0 \u00e9claircir les \u00e9ventuelles taches brunes et pr\u00e9venir leur apparition<\/p>\n","protected":false},"featured_media":16360,"comment_status":"open","ping_status":"closed","template":"","meta":[],"product_brand":[],"product_cat":[108,85,20],"product_tag":[],"class_list":{"0":"post-16285","1":"product","2":"type-product","3":"status-publish","4":"has-post-thumbnail","6":"product_cat-eau-micellaire","7":"product_cat-hydratation-et-nutrition","8":"product_cat-visage","10":"first","11":"instock","12":"shipping-taxable","13":"purchasable","14":"product-type-simple"},"yoast_head":"<!-- This site is optimized with the Yoast SEO plugin v23.0 - https:\/\/yoast.com\/wordpress\/plugins\/seo\/ -->\n<title>Bioderma pigmentbio h2o eau micellaire \u00e9claircissante 250ml - pharmadreams<\/title>\n<meta name=\"robots\" content=\"index, follow, max-snippet:-1, max-image-preview:large, max-video-preview:-1\" \/>\n<link rel=\"canonical\" href=\"https:\/\/pharmadreams.shop\/index.php\/product\/bioderma-pigmentbio-h2o-eau-micellaire-eclaircissante-250ml\/\" \/>\n<meta property=\"og:locale\" content=\"fr_FR\" \/>\n<meta property=\"og:type\" content=\"article\" \/>\n<meta property=\"og:title\" content=\"Bioderma pigmentbio h2o eau micellaire \u00e9claircissante 250ml - pharmadreams\" \/>\n<meta property=\"og:description\" content=\"BIODERMA PIGMENTBIO H2O EAU MICELLAIRE ECLAIRCISSANTE 250ML  Formul\u00e9e sp\u00e9cialement pour les personnes dont la peau est sujette aux probl\u00e8mes de pigmentation, BIODERMA PIGMENTBIO H2O EAU MICELLAIRE ECLAIRCISSANTE nettoie en douceur et efficacement le visage et les yeux. Les micelles contenues dans cette formule \u00e9liminent les impuret\u00e9s tout en respectant l&#039;\u00e9quilibre de la peau.  BIODERMA EAU MICELLAIRE ECLAIRCISSANTE\u00a0contient une association brevet\u00e9e d&#039;actifs qui r\u00e9gule les m\u00e9canismes biologiques impliqu\u00e9s dans la g\u00e9n\u00e9ration des taches brunes pour garantir un effet anti-hyperpigmentation et une pr\u00e9vention optimale.  BIODERMA PIGMENTBIO EAU MICELLAIRE\u00a0\u00a0exfolie \u00e9galement les cellules mortes de la peau, qui peuvent parfois \u00eatre \u00e0 l&#039;origine de taches sombres. L&#039;Eau micellaire Bioderma PigmentBio H2O pr\u00e9pare la peau \u00e0 recevoir les soins d&#039;un produit de la gamme Pigmentbio pour aider \u00e0 \u00e9claircir les \u00e9ventuelles taches brunes et pr\u00e9venir leur apparition\" \/>\n<meta property=\"og:url\" content=\"https:\/\/pharmadreams.shop\/index.php\/product\/bioderma-pigmentbio-h2o-eau-micellaire-eclaircissante-250ml\/\" \/>\n<meta property=\"og:site_name\" content=\"pharmadreams\" \/>\n<meta property=\"article:modified_time\" content=\"2024-03-15T23:38:14+00:00\" \/>\n<meta property=\"og:image\" content=\"https:\/\/pharmadreams.shop\/wp-content\/uploads\/2023\/12\/bioderma-eau.png\" \/>\n\t<meta property=\"og:image:width\" content=\"852\" \/>\n\t<meta property=\"og:image:height\" content=\"952\" \/>\n\t<meta property=\"og:image:type\" content=\"image\/png\" \/>\n<meta name=\"twitter:card\" content=\"summary_large_image\" \/>\n<meta name=\"twitter:label1\" content=\"Dur\u00e9e de lecture estim\u00e9e\" \/>\n\t<meta name=\"twitter:data1\" content=\"1 minute\" \/>\n<script type=\"application\/ld+json\" class=\"yoast-schema-graph\">{\"@context\":\"https:\/\/schema.org\",\"@graph\":[{\"@type\":\"WebPage\",\"@id\":\"https:\/\/pharmadreams.shop\/index.php\/product\/bioderma-pigmentbio-h2o-eau-micellaire-eclaircissante-250ml\/\",\"url\":\"https:\/\/pharmadreams.shop\/index.php\/product\/bioderma-pigmentbio-h2o-eau-micellaire-eclaircissante-250ml\/\",\"name\":\"Bioderma pigmentbio h2o eau micellaire \u00e9claircissante 250ml - pharmadreams\",\"isPartOf\":{\"@id\":\"https:\/\/pharmadreams.shop\/#website\"},\"primaryImageOfPage\":{\"@id\":\"https:\/\/pharmadreams.shop\/index.php\/product\/bioderma-pigmentbio-h2o-eau-micellaire-eclaircissante-250ml\/#primaryimage\"},\"image\":{\"@id\":\"https:\/\/pharmadreams.shop\/index.php\/product\/bioderma-pigmentbio-h2o-eau-micellaire-eclaircissante-250ml\/#primaryimage\"},\"thumbnailUrl\":\"https:\/\/pharmadreams.shop\/wp-content\/uploads\/2023\/12\/bioderma-eau.png\",\"datePublished\":\"2023-12-19T18:32:20+00:00\",\"dateModified\":\"2024-03-15T23:38:14+00:00\",\"breadcrumb\":{\"@id\":\"https:\/\/pharmadreams.shop\/index.php\/product\/bioderma-pigmentbio-h2o-eau-micellaire-eclaircissante-250ml\/#breadcrumb\"},\"inLanguage\":\"fr-FR\",\"potentialAction\":[{\"@type\":\"ReadAction\",\"target\":[\"https:\/\/pharmadreams.shop\/index.php\/product\/bioderma-pigmentbio-h2o-eau-micellaire-eclaircissante-250ml\/\"]}]},{\"@type\":\"ImageObject\",\"inLanguage\":\"fr-FR\",\"@id\":\"https:\/\/pharmadreams.shop\/index.php\/product\/bioderma-pigmentbio-h2o-eau-micellaire-eclaircissante-250ml\/#primaryimage\",\"url\":\"https:\/\/pharmadreams.shop\/wp-content\/uploads\/2023\/12\/bioderma-eau.png\",\"contentUrl\":\"https:\/\/pharmadreams.shop\/wp-content\/uploads\/2023\/12\/bioderma-eau.png\",\"width\":852,\"height\":952},{\"@type\":\"BreadcrumbList\",\"@id\":\"https:\/\/pharmadreams.shop\/index.php\/product\/bioderma-pigmentbio-h2o-eau-micellaire-eclaircissante-250ml\/#breadcrumb\",\"itemListElement\":[{\"@type\":\"ListItem\",\"position\":1,\"name\":\"Accueil\",\"item\":\"https:\/\/pharmadreams.shop\/\"},{\"@type\":\"ListItem\",\"position\":2,\"name\":\"Shop\",\"item\":\"https:\/\/pharmadreams.shop\/index.php\/shop\/\"},{\"@type\":\"ListItem\",\"position\":3,\"name\":\"Bioderma pigmentbio h2o eau micellaire \u00e9claircissante 250ml\"}]},{\"@type\":\"WebSite\",\"@id\":\"https:\/\/pharmadreams.shop\/#website\",\"url\":\"https:\/\/pharmadreams.shop\/\",\"name\":\"pharmadreams\",\"description\":\"Parapharmacie en ligne\",\"potentialAction\":[{\"@type\":\"SearchAction\",\"target\":{\"@type\":\"EntryPoint\",\"urlTemplate\":\"https:\/\/pharmadreams.shop\/?s={search_term_string}\"},\"query-input\":\"required name=search_term_string\"}],\"inLanguage\":\"fr-FR\"}]}<\/script>\n<!-- \/ Yoast SEO plugin. -->","yoast_head_json":{"title":"Bioderma pigmentbio h2o eau micellaire \u00e9claircissante 250ml - pharmadreams","robots":{"index":"index","follow":"follow","max-snippet":"max-snippet:-1","max-image-preview":"max-image-preview:large","max-video-preview":"max-video-preview:-1"},"canonical":"https:\/\/pharmadreams.shop\/index.php\/product\/bioderma-pigmentbio-h2o-eau-micellaire-eclaircissante-250ml\/","og_locale":"fr_FR","og_type":"article","og_title":"Bioderma pigmentbio h2o eau micellaire \u00e9claircissante 250ml - pharmadreams","og_description":"BIODERMA PIGMENTBIO H2O EAU MICELLAIRE ECLAIRCISSANTE 250ML  Formul\u00e9e sp\u00e9cialement pour les personnes dont la peau est sujette aux probl\u00e8mes de pigmentation, BIODERMA PIGMENTBIO H2O EAU MICELLAIRE ECLAIRCISSANTE nettoie en douceur et efficacement le visage et les yeux. Les micelles contenues dans cette formule \u00e9liminent les impuret\u00e9s tout en respectant l'\u00e9quilibre de la peau.  BIODERMA EAU MICELLAIRE ECLAIRCISSANTE\u00a0contient une association brevet\u00e9e d'actifs qui r\u00e9gule les m\u00e9canismes biologiques impliqu\u00e9s dans la g\u00e9n\u00e9ration des taches brunes pour garantir un effet anti-hyperpigmentation et une pr\u00e9vention optimale.  BIODERMA PIGMENTBIO EAU MICELLAIRE\u00a0\u00a0exfolie \u00e9galement les cellules mortes de la peau, qui peuvent parfois \u00eatre \u00e0 l'origine de taches sombres. L'Eau micellaire Bioderma PigmentBio H2O pr\u00e9pare la peau \u00e0 recevoir les soins d'un produit de la gamme Pigmentbio pour aider \u00e0 \u00e9claircir les \u00e9ventuelles taches brunes et pr\u00e9venir leur apparition","og_url":"https:\/\/pharmadreams.shop\/index.php\/product\/bioderma-pigmentbio-h2o-eau-micellaire-eclaircissante-250ml\/","og_site_name":"pharmadreams","article_modified_time":"2024-03-15T23:38:14+00:00","og_image":[{"width":852,"height":952,"url":"https:\/\/pharmadreams.shop\/wp-content\/uploads\/2023\/12\/bioderma-eau.png","type":"image\/png"}],"twitter_card":"summary_large_image","twitter_misc":{"Dur\u00e9e de lecture estim\u00e9e":"1 minute"},"schema":{"@context":"https:\/\/schema.org","@graph":[{"@type":"WebPage","@id":"https:\/\/pharmadreams.shop\/index.php\/product\/bioderma-pigmentbio-h2o-eau-micellaire-eclaircissante-250ml\/","url":"https:\/\/pharmadreams.shop\/index.php\/product\/bioderma-pigmentbio-h2o-eau-micellaire-eclaircissante-250ml\/","name":"Bioderma pigmentbio h2o eau micellaire \u00e9claircissante 250ml - pharmadreams","isPartOf":{"@id":"https:\/\/pharmadreams.shop\/#website"},"primaryImageOfPage":{"@id":"https:\/\/pharmadreams.shop\/index.php\/product\/bioderma-pigmentbio-h2o-eau-micellaire-eclaircissante-250ml\/#primaryimage"},"image":{"@id":"https:\/\/pharmadreams.shop\/index.php\/product\/bioderma-pigmentbio-h2o-eau-micellaire-eclaircissante-250ml\/#primaryimage"},"thumbnailUrl":"https:\/\/pharmadreams.shop\/wp-content\/uploads\/2023\/12\/bioderma-eau.png","datePublished":"2023-12-19T18:32:20+00:00","dateModified":"2024-03-15T23:38:14+00:00","breadcrumb":{"@id":"https:\/\/pharmadreams.shop\/index.php\/product\/bioderma-pigmentbio-h2o-eau-micellaire-eclaircissante-250ml\/#breadcrumb"},"inLanguage":"fr-FR","potentialAction":[{"@type":"ReadAction","target":["https:\/\/pharmadreams.shop\/index.php\/product\/bioderma-pigmentbio-h2o-eau-micellaire-eclaircissante-250ml\/"]}]},{"@type":"ImageObject","inLanguage":"fr-FR","@id":"https:\/\/pharmadreams.shop\/index.php\/product\/bioderma-pigmentbio-h2o-eau-micellaire-eclaircissante-250ml\/#primaryimage","url":"https:\/\/pharmadreams.shop\/wp-content\/uploads\/2023\/12\/bioderma-eau.png","contentUrl":"https:\/\/pharmadreams.shop\/wp-content\/uploads\/2023\/12\/bioderma-eau.png","width":852,"height":952},{"@type":"BreadcrumbList","@id":"https:\/\/pharmadreams.shop\/index.php\/product\/bioderma-pigmentbio-h2o-eau-micellaire-eclaircissante-250ml\/#breadcrumb","itemListElement":[{"@type":"ListItem","position":1,"name":"Accueil","item":"https:\/\/pharmadreams.shop\/"},{"@type":"ListItem","position":2,"name":"Shop","item":"https:\/\/pharmadreams.shop\/index.php\/shop\/"},{"@type":"ListItem","position":3,"name":"Bioderma pigmentbio h2o eau micellaire \u00e9claircissante 250ml"}]},{"@type":"WebSite","@id":"https:\/\/pharmadreams.shop\/#website","url":"https:\/\/pharmadreams.shop\/","name":"pharmadreams","description":"Parapharmacie en ligne","potentialAction":[{"@type":"SearchAction","target":{"@type":"EntryPoint","urlTemplate":"https:\/\/pharmadreams.shop\/?s={search_term_string}"},"query-input":"required name=search_term_string"}],"inLanguage":"fr-FR"}]}},"_links":{"self":[{"href":"https:\/\/pharmadreams.shop\/index.php\/wp-json\/wp\/v2\/product\/16285","targetHints":{"allow":["GET"]}}],"collection":[{"href":"https:\/\/pharmadreams.shop\/index.php\/wp-json\/wp\/v2\/product"}],"about":[{"href":"https:\/\/pharmadreams.shop\/index.php\/wp-json\/wp\/v2\/types\/product"}],"replies":[{"embeddable":true,"href":"https:\/\/pharmadreams.shop\/index.php\/wp-json\/wp\/v2\/comments?post=16285"}],"version-history":[{"count":0,"href":"https:\/\/pharmadreams.shop\/index.php\/wp-json\/wp\/v2\/product\/16285\/revisions"}],"wp:featuredmedia":[{"embeddable":true,"href":"https:\/\/pharmadreams.shop\/index.php\/wp-json\/wp\/v2\/media\/16360"}],"wp:attachment":[{"href":"https:\/\/pharmadreams.shop\/index.php\/wp-json\/wp\/v2\/media?parent=16285"}],"wp:term":[{"taxonomy":"product_brand","embeddable":true,"href":"https:\/\/pharmadreams.shop\/index.php\/wp-json\/wp\/v2\/product_brand?post=16285"},{"taxonomy":"product_cat","embeddable":true,"href":"https:\/\/pharmadreams.shop\/index.php\/wp-json\/wp\/v2\/product_cat?post=16285"},{"taxonomy":"product_tag","embeddable":true,"href":"https:\/\/pharmadreams.shop\/index.php\/wp-json\/wp\/v2\/product_tag?post=16285"}],"curies":[{"name":"wp","href":"https:\/\/api.w.org\/{rel}","templated":true}]}}