{"id":16286,"date":"2023-12-19T19:32:21","date_gmt":"2023-12-19T18:32:21","guid":{"rendered":"https:\/\/venuspara.com\/?post_type=product&#038;p=16286"},"modified":"2024-03-16T00:37:54","modified_gmt":"2024-03-15T23:37:54","slug":"bioderma-sebium-gel-gommant-exfoliant-purifiant-100ml","status":"publish","type":"product","link":"https:\/\/pharmadreams.shop\/index.php\/product\/bioderma-sebium-gel-gommant-exfoliant-purifiant-100ml\/","title":{"rendered":"Bioderma s\u00e9bium gel gommant exfoliant purifiant 100ml"},"content":{"rendered":"","protected":false},"excerpt":{"rendered":"<p>BIODERMA<br \/>\nS\u00e9bium<br \/>\nGel Gommant<br \/>\nExfoliant Purifiant<br \/>\nPeaux mixtes \u00e0 grasses<br \/>\n100ml<\/p>\n<p>Hygi\u00e8ne des peaux grasses, peaux mixtes, peaux grasses \u00e0 probl\u00e8mes. Imperfections cutan\u00e9es, peaux irrit\u00e9es sous traitement dermatologique, folliculites.<br \/>\nFormul\u00e9 \u00e0 partir d&rsquo;agents nettoyant reconnus pour leur efficacit\u00e9 et leur douceur,S\u00e9bium gommant est un gel moussant exfoliant qui nettoie et purifie les peaux jeunes, les peaux grasses et les peaux grasses \u00e0 probl\u00e8mes.<br \/>\nGr\u00e2ce \u00e0 l&rsquo;action gommante et exfoliante de micro-billes renforc\u00e9e par les propri\u00e9t\u00e9s d&rsquo;actifs k\u00e9rator\u00e9gulateurs, S\u00e9bium gommant \u00e9limine les cellules mortes et les impuret\u00e9s et favorise le renouvellement cellulaire.<br \/>\nLe complexe brevet\u00e9 Fluidactiv normalise la qualit\u00e9 du s\u00e9bum. Le grain de la peau s&rsquo;affine, les pores se resserrent, le teint s&rsquo;\u00e9claircit.<\/p>\n","protected":false},"featured_media":16362,"comment_status":"open","ping_status":"closed","template":"","meta":[],"product_brand":[],"product_cat":[97,128,95,80],"product_tag":[],"class_list":{"0":"post-16286","1":"product","2":"type-product","3":"status-publish","4":"has-post-thumbnail","6":"product_cat-anti-imperfection","7":"product_cat-gel-gommant","8":"product_cat-skin-care","9":"product_cat-soins","11":"first","12":"instock","13":"shipping-taxable","14":"purchasable","15":"product-type-simple"},"yoast_head":"<!-- This site is optimized with the Yoast SEO plugin v23.0 - https:\/\/yoast.com\/wordpress\/plugins\/seo\/ -->\n<title>Bioderma s\u00e9bium gel gommant exfoliant purifiant 100ml - pharmadreams<\/title>\n<meta name=\"robots\" content=\"index, follow, max-snippet:-1, max-image-preview:large, max-video-preview:-1\" \/>\n<link rel=\"canonical\" href=\"https:\/\/pharmadreams.shop\/index.php\/product\/bioderma-sebium-gel-gommant-exfoliant-purifiant-100ml\/\" \/>\n<meta property=\"og:locale\" content=\"fr_FR\" \/>\n<meta property=\"og:type\" content=\"article\" \/>\n<meta property=\"og:title\" content=\"Bioderma s\u00e9bium gel gommant exfoliant purifiant 100ml - pharmadreams\" \/>\n<meta property=\"og:description\" content=\"BIODERMA S\u00e9bium Gel Gommant Exfoliant Purifiant Peaux mixtes \u00e0 grasses 100ml  Hygi\u00e8ne des peaux grasses, peaux mixtes, peaux grasses \u00e0 probl\u00e8mes. Imperfections cutan\u00e9es, peaux irrit\u00e9es sous traitement dermatologique, folliculites. Formul\u00e9 \u00e0 partir d&#039;agents nettoyant reconnus pour leur efficacit\u00e9 et leur douceur,S\u00e9bium gommant est un gel moussant exfoliant qui nettoie et purifie les peaux jeunes, les peaux grasses et les peaux grasses \u00e0 probl\u00e8mes. Gr\u00e2ce \u00e0 l&#039;action gommante et exfoliante de micro-billes renforc\u00e9e par les propri\u00e9t\u00e9s d&#039;actifs k\u00e9rator\u00e9gulateurs, S\u00e9bium gommant \u00e9limine les cellules mortes et les impuret\u00e9s et favorise le renouvellement cellulaire. Le complexe brevet\u00e9 Fluidactiv normalise la qualit\u00e9 du s\u00e9bum. Le grain de la peau s&#039;affine, les pores se resserrent, le teint s&#039;\u00e9claircit.\" \/>\n<meta property=\"og:url\" content=\"https:\/\/pharmadreams.shop\/index.php\/product\/bioderma-sebium-gel-gommant-exfoliant-purifiant-100ml\/\" \/>\n<meta property=\"og:site_name\" content=\"pharmadreams\" \/>\n<meta property=\"article:modified_time\" content=\"2024-03-15T23:37:54+00:00\" \/>\n<meta property=\"og:image\" content=\"https:\/\/pharmadreams.shop\/wp-content\/uploads\/2023\/12\/bioderma-sebium.png\" \/>\n\t<meta property=\"og:image:width\" content=\"648\" \/>\n\t<meta property=\"og:image:height\" content=\"720\" \/>\n\t<meta property=\"og:image:type\" content=\"image\/png\" \/>\n<meta name=\"twitter:card\" content=\"summary_large_image\" \/>\n<meta name=\"twitter:label1\" content=\"Dur\u00e9e de lecture estim\u00e9e\" \/>\n\t<meta name=\"twitter:data1\" content=\"1 minute\" \/>\n<script type=\"application\/ld+json\" class=\"yoast-schema-graph\">{\"@context\":\"https:\/\/schema.org\",\"@graph\":[{\"@type\":\"WebPage\",\"@id\":\"https:\/\/pharmadreams.shop\/index.php\/product\/bioderma-sebium-gel-gommant-exfoliant-purifiant-100ml\/\",\"url\":\"https:\/\/pharmadreams.shop\/index.php\/product\/bioderma-sebium-gel-gommant-exfoliant-purifiant-100ml\/\",\"name\":\"Bioderma s\u00e9bium gel gommant exfoliant purifiant 100ml - pharmadreams\",\"isPartOf\":{\"@id\":\"https:\/\/pharmadreams.shop\/#website\"},\"primaryImageOfPage\":{\"@id\":\"https:\/\/pharmadreams.shop\/index.php\/product\/bioderma-sebium-gel-gommant-exfoliant-purifiant-100ml\/#primaryimage\"},\"image\":{\"@id\":\"https:\/\/pharmadreams.shop\/index.php\/product\/bioderma-sebium-gel-gommant-exfoliant-purifiant-100ml\/#primaryimage\"},\"thumbnailUrl\":\"https:\/\/pharmadreams.shop\/wp-content\/uploads\/2023\/12\/bioderma-sebium.png\",\"datePublished\":\"2023-12-19T18:32:21+00:00\",\"dateModified\":\"2024-03-15T23:37:54+00:00\",\"breadcrumb\":{\"@id\":\"https:\/\/pharmadreams.shop\/index.php\/product\/bioderma-sebium-gel-gommant-exfoliant-purifiant-100ml\/#breadcrumb\"},\"inLanguage\":\"fr-FR\",\"potentialAction\":[{\"@type\":\"ReadAction\",\"target\":[\"https:\/\/pharmadreams.shop\/index.php\/product\/bioderma-sebium-gel-gommant-exfoliant-purifiant-100ml\/\"]}]},{\"@type\":\"ImageObject\",\"inLanguage\":\"fr-FR\",\"@id\":\"https:\/\/pharmadreams.shop\/index.php\/product\/bioderma-sebium-gel-gommant-exfoliant-purifiant-100ml\/#primaryimage\",\"url\":\"https:\/\/pharmadreams.shop\/wp-content\/uploads\/2023\/12\/bioderma-sebium.png\",\"contentUrl\":\"https:\/\/pharmadreams.shop\/wp-content\/uploads\/2023\/12\/bioderma-sebium.png\",\"width\":648,\"height\":720},{\"@type\":\"BreadcrumbList\",\"@id\":\"https:\/\/pharmadreams.shop\/index.php\/product\/bioderma-sebium-gel-gommant-exfoliant-purifiant-100ml\/#breadcrumb\",\"itemListElement\":[{\"@type\":\"ListItem\",\"position\":1,\"name\":\"Accueil\",\"item\":\"https:\/\/pharmadreams.shop\/\"},{\"@type\":\"ListItem\",\"position\":2,\"name\":\"Shop\",\"item\":\"https:\/\/pharmadreams.shop\/index.php\/shop\/\"},{\"@type\":\"ListItem\",\"position\":3,\"name\":\"Bioderma s\u00e9bium gel gommant exfoliant purifiant 100ml\"}]},{\"@type\":\"WebSite\",\"@id\":\"https:\/\/pharmadreams.shop\/#website\",\"url\":\"https:\/\/pharmadreams.shop\/\",\"name\":\"pharmadreams\",\"description\":\"Parapharmacie en ligne\",\"potentialAction\":[{\"@type\":\"SearchAction\",\"target\":{\"@type\":\"EntryPoint\",\"urlTemplate\":\"https:\/\/pharmadreams.shop\/?s={search_term_string}\"},\"query-input\":\"required name=search_term_string\"}],\"inLanguage\":\"fr-FR\"}]}<\/script>\n<!-- \/ Yoast SEO plugin. -->","yoast_head_json":{"title":"Bioderma s\u00e9bium gel gommant exfoliant purifiant 100ml - pharmadreams","robots":{"index":"index","follow":"follow","max-snippet":"max-snippet:-1","max-image-preview":"max-image-preview:large","max-video-preview":"max-video-preview:-1"},"canonical":"https:\/\/pharmadreams.shop\/index.php\/product\/bioderma-sebium-gel-gommant-exfoliant-purifiant-100ml\/","og_locale":"fr_FR","og_type":"article","og_title":"Bioderma s\u00e9bium gel gommant exfoliant purifiant 100ml - pharmadreams","og_description":"BIODERMA S\u00e9bium Gel Gommant Exfoliant Purifiant Peaux mixtes \u00e0 grasses 100ml  Hygi\u00e8ne des peaux grasses, peaux mixtes, peaux grasses \u00e0 probl\u00e8mes. Imperfections cutan\u00e9es, peaux irrit\u00e9es sous traitement dermatologique, folliculites. Formul\u00e9 \u00e0 partir d'agents nettoyant reconnus pour leur efficacit\u00e9 et leur douceur,S\u00e9bium gommant est un gel moussant exfoliant qui nettoie et purifie les peaux jeunes, les peaux grasses et les peaux grasses \u00e0 probl\u00e8mes. Gr\u00e2ce \u00e0 l'action gommante et exfoliante de micro-billes renforc\u00e9e par les propri\u00e9t\u00e9s d'actifs k\u00e9rator\u00e9gulateurs, S\u00e9bium gommant \u00e9limine les cellules mortes et les impuret\u00e9s et favorise le renouvellement cellulaire. Le complexe brevet\u00e9 Fluidactiv normalise la qualit\u00e9 du s\u00e9bum. Le grain de la peau s'affine, les pores se resserrent, le teint s'\u00e9claircit.","og_url":"https:\/\/pharmadreams.shop\/index.php\/product\/bioderma-sebium-gel-gommant-exfoliant-purifiant-100ml\/","og_site_name":"pharmadreams","article_modified_time":"2024-03-15T23:37:54+00:00","og_image":[{"width":648,"height":720,"url":"https:\/\/pharmadreams.shop\/wp-content\/uploads\/2023\/12\/bioderma-sebium.png","type":"image\/png"}],"twitter_card":"summary_large_image","twitter_misc":{"Dur\u00e9e de lecture estim\u00e9e":"1 minute"},"schema":{"@context":"https:\/\/schema.org","@graph":[{"@type":"WebPage","@id":"https:\/\/pharmadreams.shop\/index.php\/product\/bioderma-sebium-gel-gommant-exfoliant-purifiant-100ml\/","url":"https:\/\/pharmadreams.shop\/index.php\/product\/bioderma-sebium-gel-gommant-exfoliant-purifiant-100ml\/","name":"Bioderma s\u00e9bium gel gommant exfoliant purifiant 100ml - pharmadreams","isPartOf":{"@id":"https:\/\/pharmadreams.shop\/#website"},"primaryImageOfPage":{"@id":"https:\/\/pharmadreams.shop\/index.php\/product\/bioderma-sebium-gel-gommant-exfoliant-purifiant-100ml\/#primaryimage"},"image":{"@id":"https:\/\/pharmadreams.shop\/index.php\/product\/bioderma-sebium-gel-gommant-exfoliant-purifiant-100ml\/#primaryimage"},"thumbnailUrl":"https:\/\/pharmadreams.shop\/wp-content\/uploads\/2023\/12\/bioderma-sebium.png","datePublished":"2023-12-19T18:32:21+00:00","dateModified":"2024-03-15T23:37:54+00:00","breadcrumb":{"@id":"https:\/\/pharmadreams.shop\/index.php\/product\/bioderma-sebium-gel-gommant-exfoliant-purifiant-100ml\/#breadcrumb"},"inLanguage":"fr-FR","potentialAction":[{"@type":"ReadAction","target":["https:\/\/pharmadreams.shop\/index.php\/product\/bioderma-sebium-gel-gommant-exfoliant-purifiant-100ml\/"]}]},{"@type":"ImageObject","inLanguage":"fr-FR","@id":"https:\/\/pharmadreams.shop\/index.php\/product\/bioderma-sebium-gel-gommant-exfoliant-purifiant-100ml\/#primaryimage","url":"https:\/\/pharmadreams.shop\/wp-content\/uploads\/2023\/12\/bioderma-sebium.png","contentUrl":"https:\/\/pharmadreams.shop\/wp-content\/uploads\/2023\/12\/bioderma-sebium.png","width":648,"height":720},{"@type":"BreadcrumbList","@id":"https:\/\/pharmadreams.shop\/index.php\/product\/bioderma-sebium-gel-gommant-exfoliant-purifiant-100ml\/#breadcrumb","itemListElement":[{"@type":"ListItem","position":1,"name":"Accueil","item":"https:\/\/pharmadreams.shop\/"},{"@type":"ListItem","position":2,"name":"Shop","item":"https:\/\/pharmadreams.shop\/index.php\/shop\/"},{"@type":"ListItem","position":3,"name":"Bioderma s\u00e9bium gel gommant exfoliant purifiant 100ml"}]},{"@type":"WebSite","@id":"https:\/\/pharmadreams.shop\/#website","url":"https:\/\/pharmadreams.shop\/","name":"pharmadreams","description":"Parapharmacie en ligne","potentialAction":[{"@type":"SearchAction","target":{"@type":"EntryPoint","urlTemplate":"https:\/\/pharmadreams.shop\/?s={search_term_string}"},"query-input":"required name=search_term_string"}],"inLanguage":"fr-FR"}]}},"_links":{"self":[{"href":"https:\/\/pharmadreams.shop\/index.php\/wp-json\/wp\/v2\/product\/16286","targetHints":{"allow":["GET"]}}],"collection":[{"href":"https:\/\/pharmadreams.shop\/index.php\/wp-json\/wp\/v2\/product"}],"about":[{"href":"https:\/\/pharmadreams.shop\/index.php\/wp-json\/wp\/v2\/types\/product"}],"replies":[{"embeddable":true,"href":"https:\/\/pharmadreams.shop\/index.php\/wp-json\/wp\/v2\/comments?post=16286"}],"version-history":[{"count":0,"href":"https:\/\/pharmadreams.shop\/index.php\/wp-json\/wp\/v2\/product\/16286\/revisions"}],"wp:featuredmedia":[{"embeddable":true,"href":"https:\/\/pharmadreams.shop\/index.php\/wp-json\/wp\/v2\/media\/16362"}],"wp:attachment":[{"href":"https:\/\/pharmadreams.shop\/index.php\/wp-json\/wp\/v2\/media?parent=16286"}],"wp:term":[{"taxonomy":"product_brand","embeddable":true,"href":"https:\/\/pharmadreams.shop\/index.php\/wp-json\/wp\/v2\/product_brand?post=16286"},{"taxonomy":"product_cat","embeddable":true,"href":"https:\/\/pharmadreams.shop\/index.php\/wp-json\/wp\/v2\/product_cat?post=16286"},{"taxonomy":"product_tag","embeddable":true,"href":"https:\/\/pharmadreams.shop\/index.php\/wp-json\/wp\/v2\/product_tag?post=16286"}],"curies":[{"name":"wp","href":"https:\/\/api.w.org\/{rel}","templated":true}]}}