{"id":16289,"date":"2023-12-19T19:32:21","date_gmt":"2023-12-19T18:32:21","guid":{"rendered":"https:\/\/venuspara.com\/?post_type=product&#038;p=16289"},"modified":"2023-12-19T19:33:26","modified_gmt":"2023-12-19T18:33:26","slug":"mustela-shampooing-mousse-nourrisson-150ml","status":"publish","type":"product","link":"https:\/\/pharmadreams.shop\/index.php\/product\/mustela-shampooing-mousse-nourrisson-150ml\/","title":{"rendered":"Mustela shampooing mousse nourrisson 150ml"},"content":{"rendered":"","protected":false},"excerpt":{"rendered":"<p>MUSTELA SHAMPOOING MOUSSE NOURRISSON :<\/p>\n<ul>\n<li>Shampooing mousse<\/li>\n<li>Pr\u00e9vention et soin des cro\u00fbtes de lait<\/li>\n<\/ul>\n<p>MUSTELA SHAMPOOING MOUSSE NOURRISSON nettoie d\u00e9licatement tout en respectant l&rsquo;\u00e9quilibre du cuir chevelu. favorise l&rsquo;\u00e9limination des cro\u00fbtes de lait, gr\u00e2ce \u00e0 l&rsquo;action k\u00e9rato-r\u00e9gulatrice des BHA et limite la prolif\u00e9ration bact\u00e9rienne \u00e0 leur origine, gr\u00e2ce au climbazole. Ne pique pas les yeux.<\/p>\n","protected":false},"featured_media":16368,"comment_status":"open","ping_status":"closed","template":"","meta":[],"product_brand":[],"product_cat":[113,82,80],"product_tag":[],"class_list":{"0":"post-16289","1":"product","2":"type-product","3":"status-publish","4":"has-post-thumbnail","6":"product_cat-cuir-chevelu","7":"product_cat-shampooing","8":"product_cat-soins","10":"first","11":"instock","12":"shipping-taxable","13":"purchasable","14":"product-type-simple"},"yoast_head":"<!-- This site is optimized with the Yoast SEO plugin v23.0 - https:\/\/yoast.com\/wordpress\/plugins\/seo\/ -->\n<title>Mustela shampooing mousse nourrisson 150ml - pharmadreams<\/title>\n<meta name=\"robots\" content=\"index, follow, max-snippet:-1, max-image-preview:large, max-video-preview:-1\" \/>\n<link rel=\"canonical\" href=\"https:\/\/pharmadreams.shop\/index.php\/product\/mustela-shampooing-mousse-nourrisson-150ml\/\" \/>\n<meta property=\"og:locale\" content=\"fr_FR\" \/>\n<meta property=\"og:type\" content=\"article\" \/>\n<meta property=\"og:title\" content=\"Mustela shampooing mousse nourrisson 150ml - pharmadreams\" \/>\n<meta property=\"og:description\" content=\"MUSTELA SHAMPOOING MOUSSE NOURRISSON :   Shampooing mousse  Pr\u00e9vention et soin des cro\u00fbtes de lait  MUSTELA SHAMPOOING MOUSSE NOURRISSON nettoie d\u00e9licatement tout en respectant l&#039;\u00e9quilibre du cuir chevelu. favorise l&#039;\u00e9limination des cro\u00fbtes de lait, gr\u00e2ce \u00e0 l&#039;action k\u00e9rato-r\u00e9gulatrice des BHA et limite la prolif\u00e9ration bact\u00e9rienne \u00e0 leur origine, gr\u00e2ce au climbazole. Ne pique pas les yeux.\" \/>\n<meta property=\"og:url\" content=\"https:\/\/pharmadreams.shop\/index.php\/product\/mustela-shampooing-mousse-nourrisson-150ml\/\" \/>\n<meta property=\"og:site_name\" content=\"pharmadreams\" \/>\n<meta property=\"article:modified_time\" content=\"2023-12-19T18:33:26+00:00\" \/>\n<meta property=\"og:image\" content=\"https:\/\/pharmadreams.shop\/wp-content\/uploads\/2023\/12\/mustela.png\" \/>\n\t<meta property=\"og:image:width\" content=\"688\" \/>\n\t<meta property=\"og:image:height\" content=\"920\" \/>\n\t<meta property=\"og:image:type\" content=\"image\/png\" \/>\n<meta name=\"twitter:card\" content=\"summary_large_image\" \/>\n<script type=\"application\/ld+json\" class=\"yoast-schema-graph\">{\"@context\":\"https:\/\/schema.org\",\"@graph\":[{\"@type\":\"WebPage\",\"@id\":\"https:\/\/pharmadreams.shop\/index.php\/product\/mustela-shampooing-mousse-nourrisson-150ml\/\",\"url\":\"https:\/\/pharmadreams.shop\/index.php\/product\/mustela-shampooing-mousse-nourrisson-150ml\/\",\"name\":\"Mustela shampooing mousse nourrisson 150ml - pharmadreams\",\"isPartOf\":{\"@id\":\"https:\/\/pharmadreams.shop\/#website\"},\"primaryImageOfPage\":{\"@id\":\"https:\/\/pharmadreams.shop\/index.php\/product\/mustela-shampooing-mousse-nourrisson-150ml\/#primaryimage\"},\"image\":{\"@id\":\"https:\/\/pharmadreams.shop\/index.php\/product\/mustela-shampooing-mousse-nourrisson-150ml\/#primaryimage\"},\"thumbnailUrl\":\"https:\/\/pharmadreams.shop\/wp-content\/uploads\/2023\/12\/mustela.png\",\"datePublished\":\"2023-12-19T18:32:21+00:00\",\"dateModified\":\"2023-12-19T18:33:26+00:00\",\"breadcrumb\":{\"@id\":\"https:\/\/pharmadreams.shop\/index.php\/product\/mustela-shampooing-mousse-nourrisson-150ml\/#breadcrumb\"},\"inLanguage\":\"fr-FR\",\"potentialAction\":[{\"@type\":\"ReadAction\",\"target\":[\"https:\/\/pharmadreams.shop\/index.php\/product\/mustela-shampooing-mousse-nourrisson-150ml\/\"]}]},{\"@type\":\"ImageObject\",\"inLanguage\":\"fr-FR\",\"@id\":\"https:\/\/pharmadreams.shop\/index.php\/product\/mustela-shampooing-mousse-nourrisson-150ml\/#primaryimage\",\"url\":\"https:\/\/pharmadreams.shop\/wp-content\/uploads\/2023\/12\/mustela.png\",\"contentUrl\":\"https:\/\/pharmadreams.shop\/wp-content\/uploads\/2023\/12\/mustela.png\",\"width\":688,\"height\":920},{\"@type\":\"BreadcrumbList\",\"@id\":\"https:\/\/pharmadreams.shop\/index.php\/product\/mustela-shampooing-mousse-nourrisson-150ml\/#breadcrumb\",\"itemListElement\":[{\"@type\":\"ListItem\",\"position\":1,\"name\":\"Accueil\",\"item\":\"https:\/\/pharmadreams.shop\/\"},{\"@type\":\"ListItem\",\"position\":2,\"name\":\"Shop\",\"item\":\"https:\/\/pharmadreams.shop\/index.php\/shop\/\"},{\"@type\":\"ListItem\",\"position\":3,\"name\":\"Mustela shampooing mousse nourrisson 150ml\"}]},{\"@type\":\"WebSite\",\"@id\":\"https:\/\/pharmadreams.shop\/#website\",\"url\":\"https:\/\/pharmadreams.shop\/\",\"name\":\"pharmadreams\",\"description\":\"Parapharmacie en ligne\",\"potentialAction\":[{\"@type\":\"SearchAction\",\"target\":{\"@type\":\"EntryPoint\",\"urlTemplate\":\"https:\/\/pharmadreams.shop\/?s={search_term_string}\"},\"query-input\":\"required name=search_term_string\"}],\"inLanguage\":\"fr-FR\"}]}<\/script>\n<!-- \/ Yoast SEO plugin. -->","yoast_head_json":{"title":"Mustela shampooing mousse nourrisson 150ml - pharmadreams","robots":{"index":"index","follow":"follow","max-snippet":"max-snippet:-1","max-image-preview":"max-image-preview:large","max-video-preview":"max-video-preview:-1"},"canonical":"https:\/\/pharmadreams.shop\/index.php\/product\/mustela-shampooing-mousse-nourrisson-150ml\/","og_locale":"fr_FR","og_type":"article","og_title":"Mustela shampooing mousse nourrisson 150ml - pharmadreams","og_description":"MUSTELA SHAMPOOING MOUSSE NOURRISSON :   Shampooing mousse  Pr\u00e9vention et soin des cro\u00fbtes de lait  MUSTELA SHAMPOOING MOUSSE NOURRISSON nettoie d\u00e9licatement tout en respectant l'\u00e9quilibre du cuir chevelu. favorise l'\u00e9limination des cro\u00fbtes de lait, gr\u00e2ce \u00e0 l'action k\u00e9rato-r\u00e9gulatrice des BHA et limite la prolif\u00e9ration bact\u00e9rienne \u00e0 leur origine, gr\u00e2ce au climbazole. Ne pique pas les yeux.","og_url":"https:\/\/pharmadreams.shop\/index.php\/product\/mustela-shampooing-mousse-nourrisson-150ml\/","og_site_name":"pharmadreams","article_modified_time":"2023-12-19T18:33:26+00:00","og_image":[{"width":688,"height":920,"url":"https:\/\/pharmadreams.shop\/wp-content\/uploads\/2023\/12\/mustela.png","type":"image\/png"}],"twitter_card":"summary_large_image","schema":{"@context":"https:\/\/schema.org","@graph":[{"@type":"WebPage","@id":"https:\/\/pharmadreams.shop\/index.php\/product\/mustela-shampooing-mousse-nourrisson-150ml\/","url":"https:\/\/pharmadreams.shop\/index.php\/product\/mustela-shampooing-mousse-nourrisson-150ml\/","name":"Mustela shampooing mousse nourrisson 150ml - pharmadreams","isPartOf":{"@id":"https:\/\/pharmadreams.shop\/#website"},"primaryImageOfPage":{"@id":"https:\/\/pharmadreams.shop\/index.php\/product\/mustela-shampooing-mousse-nourrisson-150ml\/#primaryimage"},"image":{"@id":"https:\/\/pharmadreams.shop\/index.php\/product\/mustela-shampooing-mousse-nourrisson-150ml\/#primaryimage"},"thumbnailUrl":"https:\/\/pharmadreams.shop\/wp-content\/uploads\/2023\/12\/mustela.png","datePublished":"2023-12-19T18:32:21+00:00","dateModified":"2023-12-19T18:33:26+00:00","breadcrumb":{"@id":"https:\/\/pharmadreams.shop\/index.php\/product\/mustela-shampooing-mousse-nourrisson-150ml\/#breadcrumb"},"inLanguage":"fr-FR","potentialAction":[{"@type":"ReadAction","target":["https:\/\/pharmadreams.shop\/index.php\/product\/mustela-shampooing-mousse-nourrisson-150ml\/"]}]},{"@type":"ImageObject","inLanguage":"fr-FR","@id":"https:\/\/pharmadreams.shop\/index.php\/product\/mustela-shampooing-mousse-nourrisson-150ml\/#primaryimage","url":"https:\/\/pharmadreams.shop\/wp-content\/uploads\/2023\/12\/mustela.png","contentUrl":"https:\/\/pharmadreams.shop\/wp-content\/uploads\/2023\/12\/mustela.png","width":688,"height":920},{"@type":"BreadcrumbList","@id":"https:\/\/pharmadreams.shop\/index.php\/product\/mustela-shampooing-mousse-nourrisson-150ml\/#breadcrumb","itemListElement":[{"@type":"ListItem","position":1,"name":"Accueil","item":"https:\/\/pharmadreams.shop\/"},{"@type":"ListItem","position":2,"name":"Shop","item":"https:\/\/pharmadreams.shop\/index.php\/shop\/"},{"@type":"ListItem","position":3,"name":"Mustela shampooing mousse nourrisson 150ml"}]},{"@type":"WebSite","@id":"https:\/\/pharmadreams.shop\/#website","url":"https:\/\/pharmadreams.shop\/","name":"pharmadreams","description":"Parapharmacie en ligne","potentialAction":[{"@type":"SearchAction","target":{"@type":"EntryPoint","urlTemplate":"https:\/\/pharmadreams.shop\/?s={search_term_string}"},"query-input":"required name=search_term_string"}],"inLanguage":"fr-FR"}]}},"_links":{"self":[{"href":"https:\/\/pharmadreams.shop\/index.php\/wp-json\/wp\/v2\/product\/16289","targetHints":{"allow":["GET"]}}],"collection":[{"href":"https:\/\/pharmadreams.shop\/index.php\/wp-json\/wp\/v2\/product"}],"about":[{"href":"https:\/\/pharmadreams.shop\/index.php\/wp-json\/wp\/v2\/types\/product"}],"replies":[{"embeddable":true,"href":"https:\/\/pharmadreams.shop\/index.php\/wp-json\/wp\/v2\/comments?post=16289"}],"version-history":[{"count":0,"href":"https:\/\/pharmadreams.shop\/index.php\/wp-json\/wp\/v2\/product\/16289\/revisions"}],"wp:featuredmedia":[{"embeddable":true,"href":"https:\/\/pharmadreams.shop\/index.php\/wp-json\/wp\/v2\/media\/16368"}],"wp:attachment":[{"href":"https:\/\/pharmadreams.shop\/index.php\/wp-json\/wp\/v2\/media?parent=16289"}],"wp:term":[{"taxonomy":"product_brand","embeddable":true,"href":"https:\/\/pharmadreams.shop\/index.php\/wp-json\/wp\/v2\/product_brand?post=16289"},{"taxonomy":"product_cat","embeddable":true,"href":"https:\/\/pharmadreams.shop\/index.php\/wp-json\/wp\/v2\/product_cat?post=16289"},{"taxonomy":"product_tag","embeddable":true,"href":"https:\/\/pharmadreams.shop\/index.php\/wp-json\/wp\/v2\/product_tag?post=16289"}],"curies":[{"name":"wp","href":"https:\/\/api.w.org\/{rel}","templated":true}]}}