{"id":16290,"date":"2023-12-19T19:32:21","date_gmt":"2023-12-19T18:32:21","guid":{"rendered":"https:\/\/venuspara.com\/?post_type=product&#038;p=16290"},"modified":"2023-12-19T19:33:28","modified_gmt":"2023-12-19T18:33:28","slug":"quies-protection-auditive-filtre-natation-en-silicone-enfant","status":"publish","type":"product","link":"https:\/\/pharmadreams.shop\/index.php\/product\/quies-protection-auditive-filtre-natation-en-silicone-enfant\/","title":{"rendered":"Quies protection auditive filtre natation en silicone enfant"},"content":{"rendered":"","protected":false},"excerpt":{"rendered":"<div id=\"short_description_block\">\n<div id=\"short_description_content\" class=\"rte align_justify\">\n<p>Avec les protections auditives en silicone Quies, nagez en toute tranquillit\u00e9 ! Tr\u00e8s mall\u00e9ables, elles s\u2019adaptent parfaitement au conduit auditif et restent bien en place. Totalement imperm\u00e9able, leur texture en silicone emp\u00eache l\u2019eau d\u2019entrer dans les\u00a0oreilles.<\/p>\n<\/div>\n<\/div>\n<div class=\"pb-right-column-content\">\n<section id=\"additionalproductstabs\">\n<p class=\"info-paragraph-icon\">\n<\/section>\n<\/div>\n","protected":false},"featured_media":16370,"comment_status":"open","ping_status":"closed","template":"","meta":[],"product_brand":[],"product_cat":[132],"product_tag":[],"class_list":{"0":"post-16290","1":"product","2":"type-product","3":"status-publish","4":"has-post-thumbnail","6":"product_cat-protection-auditive","8":"first","9":"instock","10":"shipping-taxable","11":"purchasable","12":"product-type-simple"},"yoast_head":"<!-- This site is optimized with the Yoast SEO plugin v23.0 - https:\/\/yoast.com\/wordpress\/plugins\/seo\/ -->\n<title>Quies protection auditive filtre natation en silicone enfant - pharmadreams<\/title>\n<meta name=\"robots\" content=\"index, follow, max-snippet:-1, max-image-preview:large, max-video-preview:-1\" \/>\n<link rel=\"canonical\" href=\"https:\/\/pharmadreams.shop\/index.php\/product\/quies-protection-auditive-filtre-natation-en-silicone-enfant\/\" \/>\n<meta property=\"og:locale\" content=\"fr_FR\" \/>\n<meta property=\"og:type\" content=\"article\" \/>\n<meta property=\"og:title\" content=\"Quies protection auditive filtre natation en silicone enfant - pharmadreams\" \/>\n<meta property=\"og:description\" content=\"Avec les protections auditives en silicone Quies, nagez en toute tranquillit\u00e9 ! Tr\u00e8s mall\u00e9ables, elles s\u2019adaptent parfaitement au conduit auditif et restent bien en place. Totalement imperm\u00e9able, leur texture en silicone emp\u00eache l\u2019eau d\u2019entrer dans les\u00a0oreilles.\" \/>\n<meta property=\"og:url\" content=\"https:\/\/pharmadreams.shop\/index.php\/product\/quies-protection-auditive-filtre-natation-en-silicone-enfant\/\" \/>\n<meta property=\"og:site_name\" content=\"pharmadreams\" \/>\n<meta property=\"article:modified_time\" content=\"2023-12-19T18:33:28+00:00\" \/>\n<meta property=\"og:image\" content=\"https:\/\/pharmadreams.shop\/wp-content\/uploads\/2023\/12\/quies-1.png\" \/>\n\t<meta property=\"og:image:width\" content=\"1304\" \/>\n\t<meta property=\"og:image:height\" content=\"900\" \/>\n\t<meta property=\"og:image:type\" content=\"image\/png\" \/>\n<meta name=\"twitter:card\" content=\"summary_large_image\" \/>\n<script type=\"application\/ld+json\" class=\"yoast-schema-graph\">{\"@context\":\"https:\/\/schema.org\",\"@graph\":[{\"@type\":\"WebPage\",\"@id\":\"https:\/\/pharmadreams.shop\/index.php\/product\/quies-protection-auditive-filtre-natation-en-silicone-enfant\/\",\"url\":\"https:\/\/pharmadreams.shop\/index.php\/product\/quies-protection-auditive-filtre-natation-en-silicone-enfant\/\",\"name\":\"Quies protection auditive filtre natation en silicone enfant - pharmadreams\",\"isPartOf\":{\"@id\":\"https:\/\/pharmadreams.shop\/#website\"},\"primaryImageOfPage\":{\"@id\":\"https:\/\/pharmadreams.shop\/index.php\/product\/quies-protection-auditive-filtre-natation-en-silicone-enfant\/#primaryimage\"},\"image\":{\"@id\":\"https:\/\/pharmadreams.shop\/index.php\/product\/quies-protection-auditive-filtre-natation-en-silicone-enfant\/#primaryimage\"},\"thumbnailUrl\":\"https:\/\/pharmadreams.shop\/wp-content\/uploads\/2023\/12\/quies-1.png\",\"datePublished\":\"2023-12-19T18:32:21+00:00\",\"dateModified\":\"2023-12-19T18:33:28+00:00\",\"breadcrumb\":{\"@id\":\"https:\/\/pharmadreams.shop\/index.php\/product\/quies-protection-auditive-filtre-natation-en-silicone-enfant\/#breadcrumb\"},\"inLanguage\":\"fr-FR\",\"potentialAction\":[{\"@type\":\"ReadAction\",\"target\":[\"https:\/\/pharmadreams.shop\/index.php\/product\/quies-protection-auditive-filtre-natation-en-silicone-enfant\/\"]}]},{\"@type\":\"ImageObject\",\"inLanguage\":\"fr-FR\",\"@id\":\"https:\/\/pharmadreams.shop\/index.php\/product\/quies-protection-auditive-filtre-natation-en-silicone-enfant\/#primaryimage\",\"url\":\"https:\/\/pharmadreams.shop\/wp-content\/uploads\/2023\/12\/quies-1.png\",\"contentUrl\":\"https:\/\/pharmadreams.shop\/wp-content\/uploads\/2023\/12\/quies-1.png\",\"width\":1304,\"height\":900},{\"@type\":\"BreadcrumbList\",\"@id\":\"https:\/\/pharmadreams.shop\/index.php\/product\/quies-protection-auditive-filtre-natation-en-silicone-enfant\/#breadcrumb\",\"itemListElement\":[{\"@type\":\"ListItem\",\"position\":1,\"name\":\"Accueil\",\"item\":\"https:\/\/pharmadreams.shop\/\"},{\"@type\":\"ListItem\",\"position\":2,\"name\":\"Shop\",\"item\":\"https:\/\/pharmadreams.shop\/index.php\/shop\/\"},{\"@type\":\"ListItem\",\"position\":3,\"name\":\"Quies protection auditive filtre natation en silicone enfant\"}]},{\"@type\":\"WebSite\",\"@id\":\"https:\/\/pharmadreams.shop\/#website\",\"url\":\"https:\/\/pharmadreams.shop\/\",\"name\":\"pharmadreams\",\"description\":\"Parapharmacie en ligne\",\"potentialAction\":[{\"@type\":\"SearchAction\",\"target\":{\"@type\":\"EntryPoint\",\"urlTemplate\":\"https:\/\/pharmadreams.shop\/?s={search_term_string}\"},\"query-input\":\"required name=search_term_string\"}],\"inLanguage\":\"fr-FR\"}]}<\/script>\n<!-- \/ Yoast SEO plugin. -->","yoast_head_json":{"title":"Quies protection auditive filtre natation en silicone enfant - pharmadreams","robots":{"index":"index","follow":"follow","max-snippet":"max-snippet:-1","max-image-preview":"max-image-preview:large","max-video-preview":"max-video-preview:-1"},"canonical":"https:\/\/pharmadreams.shop\/index.php\/product\/quies-protection-auditive-filtre-natation-en-silicone-enfant\/","og_locale":"fr_FR","og_type":"article","og_title":"Quies protection auditive filtre natation en silicone enfant - pharmadreams","og_description":"Avec les protections auditives en silicone Quies, nagez en toute tranquillit\u00e9 ! Tr\u00e8s mall\u00e9ables, elles s\u2019adaptent parfaitement au conduit auditif et restent bien en place. Totalement imperm\u00e9able, leur texture en silicone emp\u00eache l\u2019eau d\u2019entrer dans les\u00a0oreilles.","og_url":"https:\/\/pharmadreams.shop\/index.php\/product\/quies-protection-auditive-filtre-natation-en-silicone-enfant\/","og_site_name":"pharmadreams","article_modified_time":"2023-12-19T18:33:28+00:00","og_image":[{"width":1304,"height":900,"url":"https:\/\/pharmadreams.shop\/wp-content\/uploads\/2023\/12\/quies-1.png","type":"image\/png"}],"twitter_card":"summary_large_image","schema":{"@context":"https:\/\/schema.org","@graph":[{"@type":"WebPage","@id":"https:\/\/pharmadreams.shop\/index.php\/product\/quies-protection-auditive-filtre-natation-en-silicone-enfant\/","url":"https:\/\/pharmadreams.shop\/index.php\/product\/quies-protection-auditive-filtre-natation-en-silicone-enfant\/","name":"Quies protection auditive filtre natation en silicone enfant - pharmadreams","isPartOf":{"@id":"https:\/\/pharmadreams.shop\/#website"},"primaryImageOfPage":{"@id":"https:\/\/pharmadreams.shop\/index.php\/product\/quies-protection-auditive-filtre-natation-en-silicone-enfant\/#primaryimage"},"image":{"@id":"https:\/\/pharmadreams.shop\/index.php\/product\/quies-protection-auditive-filtre-natation-en-silicone-enfant\/#primaryimage"},"thumbnailUrl":"https:\/\/pharmadreams.shop\/wp-content\/uploads\/2023\/12\/quies-1.png","datePublished":"2023-12-19T18:32:21+00:00","dateModified":"2023-12-19T18:33:28+00:00","breadcrumb":{"@id":"https:\/\/pharmadreams.shop\/index.php\/product\/quies-protection-auditive-filtre-natation-en-silicone-enfant\/#breadcrumb"},"inLanguage":"fr-FR","potentialAction":[{"@type":"ReadAction","target":["https:\/\/pharmadreams.shop\/index.php\/product\/quies-protection-auditive-filtre-natation-en-silicone-enfant\/"]}]},{"@type":"ImageObject","inLanguage":"fr-FR","@id":"https:\/\/pharmadreams.shop\/index.php\/product\/quies-protection-auditive-filtre-natation-en-silicone-enfant\/#primaryimage","url":"https:\/\/pharmadreams.shop\/wp-content\/uploads\/2023\/12\/quies-1.png","contentUrl":"https:\/\/pharmadreams.shop\/wp-content\/uploads\/2023\/12\/quies-1.png","width":1304,"height":900},{"@type":"BreadcrumbList","@id":"https:\/\/pharmadreams.shop\/index.php\/product\/quies-protection-auditive-filtre-natation-en-silicone-enfant\/#breadcrumb","itemListElement":[{"@type":"ListItem","position":1,"name":"Accueil","item":"https:\/\/pharmadreams.shop\/"},{"@type":"ListItem","position":2,"name":"Shop","item":"https:\/\/pharmadreams.shop\/index.php\/shop\/"},{"@type":"ListItem","position":3,"name":"Quies protection auditive filtre natation en silicone enfant"}]},{"@type":"WebSite","@id":"https:\/\/pharmadreams.shop\/#website","url":"https:\/\/pharmadreams.shop\/","name":"pharmadreams","description":"Parapharmacie en ligne","potentialAction":[{"@type":"SearchAction","target":{"@type":"EntryPoint","urlTemplate":"https:\/\/pharmadreams.shop\/?s={search_term_string}"},"query-input":"required name=search_term_string"}],"inLanguage":"fr-FR"}]}},"_links":{"self":[{"href":"https:\/\/pharmadreams.shop\/index.php\/wp-json\/wp\/v2\/product\/16290","targetHints":{"allow":["GET"]}}],"collection":[{"href":"https:\/\/pharmadreams.shop\/index.php\/wp-json\/wp\/v2\/product"}],"about":[{"href":"https:\/\/pharmadreams.shop\/index.php\/wp-json\/wp\/v2\/types\/product"}],"replies":[{"embeddable":true,"href":"https:\/\/pharmadreams.shop\/index.php\/wp-json\/wp\/v2\/comments?post=16290"}],"version-history":[{"count":0,"href":"https:\/\/pharmadreams.shop\/index.php\/wp-json\/wp\/v2\/product\/16290\/revisions"}],"wp:featuredmedia":[{"embeddable":true,"href":"https:\/\/pharmadreams.shop\/index.php\/wp-json\/wp\/v2\/media\/16370"}],"wp:attachment":[{"href":"https:\/\/pharmadreams.shop\/index.php\/wp-json\/wp\/v2\/media?parent=16290"}],"wp:term":[{"taxonomy":"product_brand","embeddable":true,"href":"https:\/\/pharmadreams.shop\/index.php\/wp-json\/wp\/v2\/product_brand?post=16290"},{"taxonomy":"product_cat","embeddable":true,"href":"https:\/\/pharmadreams.shop\/index.php\/wp-json\/wp\/v2\/product_cat?post=16290"},{"taxonomy":"product_tag","embeddable":true,"href":"https:\/\/pharmadreams.shop\/index.php\/wp-json\/wp\/v2\/product_tag?post=16290"}],"curies":[{"name":"wp","href":"https:\/\/api.w.org\/{rel}","templated":true}]}}