{"id":16291,"date":"2023-12-19T19:32:21","date_gmt":"2023-12-19T18:32:21","guid":{"rendered":"https:\/\/venuspara.com\/?post_type=product&#038;p=16291"},"modified":"2023-12-19T19:33:30","modified_gmt":"2023-12-19T18:33:30","slug":"forte-pharma-turbodraine-minceur-500-ml-gout-framboise","status":"publish","type":"product","link":"https:\/\/pharmadreams.shop\/index.php\/product\/forte-pharma-turbodraine-minceur-500-ml-gout-framboise\/","title":{"rendered":"fort\u00e9 pharma turbodraine minceur 500 ml &#8211; go\u00fbt : framboise"},"content":{"rendered":"","protected":false},"excerpt":{"rendered":"<p>Fort\u00e9 Pharma TurboDraine Minceur 500 ml &#8211; Go\u00fbt : Framboise est un compl\u00e9ment alimentaire buvable avec \u00e9dulcorants, qui associe des actifs d&rsquo;origine v\u00e9g\u00e9tale :<\/p>\n<ul>\n<li>La reine des pr\u00e9s favorise la fonction d&rsquo;\u00e9limination des reins. Le th\u00e9 vert est connu pour favoriser l&rsquo;\u00e9limination de l&rsquo;eau.<\/li>\n<li>Le th\u00e9 vert stimule le m\u00e9tabolisme des lipides.<\/li>\n<\/ul>\n<p>Sans colorant, sans sucre, sans lactose<\/p>\n","protected":false},"featured_media":16372,"comment_status":"open","ping_status":"closed","template":"","meta":[],"product_brand":[],"product_cat":[32,133],"product_tag":[],"class_list":{"0":"post-16291","1":"product","2":"type-product","3":"status-publish","4":"has-post-thumbnail","6":"product_cat-complements-alimentaires","7":"product_cat-minceur","9":"first","10":"instock","11":"shipping-taxable","12":"purchasable","13":"product-type-simple"},"yoast_head":"<!-- This site is optimized with the Yoast SEO plugin v23.0 - https:\/\/yoast.com\/wordpress\/plugins\/seo\/ -->\n<title>fort\u00e9 pharma turbodraine minceur 500 ml - go\u00fbt : framboise - pharmadreams<\/title>\n<meta name=\"robots\" content=\"index, follow, max-snippet:-1, max-image-preview:large, max-video-preview:-1\" \/>\n<link rel=\"canonical\" href=\"https:\/\/pharmadreams.shop\/index.php\/product\/forte-pharma-turbodraine-minceur-500-ml-gout-framboise\/\" \/>\n<meta property=\"og:locale\" content=\"fr_FR\" \/>\n<meta property=\"og:type\" content=\"article\" \/>\n<meta property=\"og:title\" content=\"fort\u00e9 pharma turbodraine minceur 500 ml - go\u00fbt : framboise - pharmadreams\" \/>\n<meta property=\"og:description\" content=\"Fort\u00e9 Pharma TurboDraine Minceur 500 ml - Go\u00fbt : Framboise est un compl\u00e9ment alimentaire buvable avec \u00e9dulcorants, qui associe des actifs d&#039;origine v\u00e9g\u00e9tale :   La reine des pr\u00e9s favorise la fonction d&#039;\u00e9limination des reins. Le th\u00e9 vert est connu pour favoriser l&#039;\u00e9limination de l&#039;eau.  Le th\u00e9 vert stimule le m\u00e9tabolisme des lipides.  Sans colorant, sans sucre, sans lactose\" \/>\n<meta property=\"og:url\" content=\"https:\/\/pharmadreams.shop\/index.php\/product\/forte-pharma-turbodraine-minceur-500-ml-gout-framboise\/\" \/>\n<meta property=\"og:site_name\" content=\"pharmadreams\" \/>\n<meta property=\"article:modified_time\" content=\"2023-12-19T18:33:30+00:00\" \/>\n<meta property=\"og:image\" content=\"https:\/\/pharmadreams.shop\/wp-content\/uploads\/2023\/12\/turbo.png\" \/>\n\t<meta property=\"og:image:width\" content=\"1440\" \/>\n\t<meta property=\"og:image:height\" content=\"1636\" \/>\n\t<meta property=\"og:image:type\" content=\"image\/png\" \/>\n<meta name=\"twitter:card\" content=\"summary_large_image\" \/>\n<script type=\"application\/ld+json\" class=\"yoast-schema-graph\">{\"@context\":\"https:\/\/schema.org\",\"@graph\":[{\"@type\":\"WebPage\",\"@id\":\"https:\/\/pharmadreams.shop\/index.php\/product\/forte-pharma-turbodraine-minceur-500-ml-gout-framboise\/\",\"url\":\"https:\/\/pharmadreams.shop\/index.php\/product\/forte-pharma-turbodraine-minceur-500-ml-gout-framboise\/\",\"name\":\"fort\u00e9 pharma turbodraine minceur 500 ml - go\u00fbt : framboise - pharmadreams\",\"isPartOf\":{\"@id\":\"https:\/\/pharmadreams.shop\/#website\"},\"primaryImageOfPage\":{\"@id\":\"https:\/\/pharmadreams.shop\/index.php\/product\/forte-pharma-turbodraine-minceur-500-ml-gout-framboise\/#primaryimage\"},\"image\":{\"@id\":\"https:\/\/pharmadreams.shop\/index.php\/product\/forte-pharma-turbodraine-minceur-500-ml-gout-framboise\/#primaryimage\"},\"thumbnailUrl\":\"https:\/\/pharmadreams.shop\/wp-content\/uploads\/2023\/12\/turbo.png\",\"datePublished\":\"2023-12-19T18:32:21+00:00\",\"dateModified\":\"2023-12-19T18:33:30+00:00\",\"breadcrumb\":{\"@id\":\"https:\/\/pharmadreams.shop\/index.php\/product\/forte-pharma-turbodraine-minceur-500-ml-gout-framboise\/#breadcrumb\"},\"inLanguage\":\"fr-FR\",\"potentialAction\":[{\"@type\":\"ReadAction\",\"target\":[\"https:\/\/pharmadreams.shop\/index.php\/product\/forte-pharma-turbodraine-minceur-500-ml-gout-framboise\/\"]}]},{\"@type\":\"ImageObject\",\"inLanguage\":\"fr-FR\",\"@id\":\"https:\/\/pharmadreams.shop\/index.php\/product\/forte-pharma-turbodraine-minceur-500-ml-gout-framboise\/#primaryimage\",\"url\":\"https:\/\/pharmadreams.shop\/wp-content\/uploads\/2023\/12\/turbo.png\",\"contentUrl\":\"https:\/\/pharmadreams.shop\/wp-content\/uploads\/2023\/12\/turbo.png\",\"width\":1440,\"height\":1636},{\"@type\":\"BreadcrumbList\",\"@id\":\"https:\/\/pharmadreams.shop\/index.php\/product\/forte-pharma-turbodraine-minceur-500-ml-gout-framboise\/#breadcrumb\",\"itemListElement\":[{\"@type\":\"ListItem\",\"position\":1,\"name\":\"Accueil\",\"item\":\"https:\/\/pharmadreams.shop\/\"},{\"@type\":\"ListItem\",\"position\":2,\"name\":\"Shop\",\"item\":\"https:\/\/pharmadreams.shop\/index.php\/shop\/\"},{\"@type\":\"ListItem\",\"position\":3,\"name\":\"fort\u00e9 pharma turbodraine minceur 500 ml &#8211; go\u00fbt : framboise\"}]},{\"@type\":\"WebSite\",\"@id\":\"https:\/\/pharmadreams.shop\/#website\",\"url\":\"https:\/\/pharmadreams.shop\/\",\"name\":\"pharmadreams\",\"description\":\"Parapharmacie en ligne\",\"potentialAction\":[{\"@type\":\"SearchAction\",\"target\":{\"@type\":\"EntryPoint\",\"urlTemplate\":\"https:\/\/pharmadreams.shop\/?s={search_term_string}\"},\"query-input\":\"required name=search_term_string\"}],\"inLanguage\":\"fr-FR\"}]}<\/script>\n<!-- \/ Yoast SEO plugin. -->","yoast_head_json":{"title":"fort\u00e9 pharma turbodraine minceur 500 ml - go\u00fbt : framboise - pharmadreams","robots":{"index":"index","follow":"follow","max-snippet":"max-snippet:-1","max-image-preview":"max-image-preview:large","max-video-preview":"max-video-preview:-1"},"canonical":"https:\/\/pharmadreams.shop\/index.php\/product\/forte-pharma-turbodraine-minceur-500-ml-gout-framboise\/","og_locale":"fr_FR","og_type":"article","og_title":"fort\u00e9 pharma turbodraine minceur 500 ml - go\u00fbt : framboise - pharmadreams","og_description":"Fort\u00e9 Pharma TurboDraine Minceur 500 ml - Go\u00fbt : Framboise est un compl\u00e9ment alimentaire buvable avec \u00e9dulcorants, qui associe des actifs d'origine v\u00e9g\u00e9tale :   La reine des pr\u00e9s favorise la fonction d'\u00e9limination des reins. Le th\u00e9 vert est connu pour favoriser l'\u00e9limination de l'eau.  Le th\u00e9 vert stimule le m\u00e9tabolisme des lipides.  Sans colorant, sans sucre, sans lactose","og_url":"https:\/\/pharmadreams.shop\/index.php\/product\/forte-pharma-turbodraine-minceur-500-ml-gout-framboise\/","og_site_name":"pharmadreams","article_modified_time":"2023-12-19T18:33:30+00:00","og_image":[{"width":1440,"height":1636,"url":"https:\/\/pharmadreams.shop\/wp-content\/uploads\/2023\/12\/turbo.png","type":"image\/png"}],"twitter_card":"summary_large_image","schema":{"@context":"https:\/\/schema.org","@graph":[{"@type":"WebPage","@id":"https:\/\/pharmadreams.shop\/index.php\/product\/forte-pharma-turbodraine-minceur-500-ml-gout-framboise\/","url":"https:\/\/pharmadreams.shop\/index.php\/product\/forte-pharma-turbodraine-minceur-500-ml-gout-framboise\/","name":"fort\u00e9 pharma turbodraine minceur 500 ml - go\u00fbt : framboise - pharmadreams","isPartOf":{"@id":"https:\/\/pharmadreams.shop\/#website"},"primaryImageOfPage":{"@id":"https:\/\/pharmadreams.shop\/index.php\/product\/forte-pharma-turbodraine-minceur-500-ml-gout-framboise\/#primaryimage"},"image":{"@id":"https:\/\/pharmadreams.shop\/index.php\/product\/forte-pharma-turbodraine-minceur-500-ml-gout-framboise\/#primaryimage"},"thumbnailUrl":"https:\/\/pharmadreams.shop\/wp-content\/uploads\/2023\/12\/turbo.png","datePublished":"2023-12-19T18:32:21+00:00","dateModified":"2023-12-19T18:33:30+00:00","breadcrumb":{"@id":"https:\/\/pharmadreams.shop\/index.php\/product\/forte-pharma-turbodraine-minceur-500-ml-gout-framboise\/#breadcrumb"},"inLanguage":"fr-FR","potentialAction":[{"@type":"ReadAction","target":["https:\/\/pharmadreams.shop\/index.php\/product\/forte-pharma-turbodraine-minceur-500-ml-gout-framboise\/"]}]},{"@type":"ImageObject","inLanguage":"fr-FR","@id":"https:\/\/pharmadreams.shop\/index.php\/product\/forte-pharma-turbodraine-minceur-500-ml-gout-framboise\/#primaryimage","url":"https:\/\/pharmadreams.shop\/wp-content\/uploads\/2023\/12\/turbo.png","contentUrl":"https:\/\/pharmadreams.shop\/wp-content\/uploads\/2023\/12\/turbo.png","width":1440,"height":1636},{"@type":"BreadcrumbList","@id":"https:\/\/pharmadreams.shop\/index.php\/product\/forte-pharma-turbodraine-minceur-500-ml-gout-framboise\/#breadcrumb","itemListElement":[{"@type":"ListItem","position":1,"name":"Accueil","item":"https:\/\/pharmadreams.shop\/"},{"@type":"ListItem","position":2,"name":"Shop","item":"https:\/\/pharmadreams.shop\/index.php\/shop\/"},{"@type":"ListItem","position":3,"name":"fort\u00e9 pharma turbodraine minceur 500 ml &#8211; go\u00fbt : framboise"}]},{"@type":"WebSite","@id":"https:\/\/pharmadreams.shop\/#website","url":"https:\/\/pharmadreams.shop\/","name":"pharmadreams","description":"Parapharmacie en ligne","potentialAction":[{"@type":"SearchAction","target":{"@type":"EntryPoint","urlTemplate":"https:\/\/pharmadreams.shop\/?s={search_term_string}"},"query-input":"required name=search_term_string"}],"inLanguage":"fr-FR"}]}},"_links":{"self":[{"href":"https:\/\/pharmadreams.shop\/index.php\/wp-json\/wp\/v2\/product\/16291","targetHints":{"allow":["GET"]}}],"collection":[{"href":"https:\/\/pharmadreams.shop\/index.php\/wp-json\/wp\/v2\/product"}],"about":[{"href":"https:\/\/pharmadreams.shop\/index.php\/wp-json\/wp\/v2\/types\/product"}],"replies":[{"embeddable":true,"href":"https:\/\/pharmadreams.shop\/index.php\/wp-json\/wp\/v2\/comments?post=16291"}],"version-history":[{"count":0,"href":"https:\/\/pharmadreams.shop\/index.php\/wp-json\/wp\/v2\/product\/16291\/revisions"}],"wp:featuredmedia":[{"embeddable":true,"href":"https:\/\/pharmadreams.shop\/index.php\/wp-json\/wp\/v2\/media\/16372"}],"wp:attachment":[{"href":"https:\/\/pharmadreams.shop\/index.php\/wp-json\/wp\/v2\/media?parent=16291"}],"wp:term":[{"taxonomy":"product_brand","embeddable":true,"href":"https:\/\/pharmadreams.shop\/index.php\/wp-json\/wp\/v2\/product_brand?post=16291"},{"taxonomy":"product_cat","embeddable":true,"href":"https:\/\/pharmadreams.shop\/index.php\/wp-json\/wp\/v2\/product_cat?post=16291"},{"taxonomy":"product_tag","embeddable":true,"href":"https:\/\/pharmadreams.shop\/index.php\/wp-json\/wp\/v2\/product_tag?post=16291"}],"curies":[{"name":"wp","href":"https:\/\/api.w.org\/{rel}","templated":true}]}}