{"id":16316,"date":"2023-12-19T19:32:45","date_gmt":"2023-12-19T18:32:45","guid":{"rendered":"https:\/\/venuspara.com\/?post_type=product&#038;p=16316"},"modified":"2024-04-26T22:16:40","modified_gmt":"2024-04-26T21:16:40","slug":"svr-c-masque-anti-ox-mousse-micro-peeling-eclat-50ml","status":"publish","type":"product","link":"https:\/\/pharmadreams.shop\/index.php\/product\/svr-c-masque-anti-ox-mousse-micro-peeling-eclat-50ml\/","title":{"rendered":"Svr [c] masque anti-ox &#8211; mousse micro-peeling \u00e9clat 50ml"},"content":{"rendered":"","protected":false},"excerpt":{"rendered":"<p>SVR [C] Masque Anti-Ox est une mousse qui offre un\u00a0micro-peeling hautement concentr\u00e9e en Vitamine C optimis\u00e9e permettant de donner un coup d&rsquo;\u00e9clat rapide pour les peaux sensibles ternes, fatigu\u00e9es et avec rides. Il exfolie, lisse et illumine l&rsquo;\u00e9piderme.<\/p>\n<p>Sa composition riche en vitamine C\u00a0stabilis\u00e9e, donnant un effet bonne mine et teint \u00e9claircit et \u00e9clatant, avec des actifs retexturisants et repulpants, redonne jeunesse\u00a0et \u00e9lasticit\u00e9 \u00e0 la peau.<\/p>\n<p>Ce masque innovant\u00a0assureune exfoliation douce ainsi qu\u2019une action lissante et illuminatrice.<\/p>\n","protected":false},"featured_media":16382,"comment_status":"open","ping_status":"closed","template":"","meta":[],"product_brand":[],"product_cat":[134,135,99,20],"product_tag":[],"class_list":{"0":"post-16316","1":"product","2":"type-product","3":"status-publish","4":"has-post-thumbnail","6":"product_cat-eclat","7":"product_cat-micro-peeling","8":"product_cat-mousse","9":"product_cat-visage","11":"first","12":"instock","13":"shipping-taxable","14":"purchasable","15":"product-type-simple"},"yoast_head":"<!-- This site is optimized with the Yoast SEO plugin v23.0 - https:\/\/yoast.com\/wordpress\/plugins\/seo\/ -->\n<title>Svr [c] masque anti-ox - mousse micro-peeling \u00e9clat 50ml - pharmadreams<\/title>\n<meta name=\"robots\" content=\"index, follow, max-snippet:-1, max-image-preview:large, max-video-preview:-1\" \/>\n<link rel=\"canonical\" href=\"https:\/\/pharmadreams.shop\/index.php\/product\/svr-c-masque-anti-ox-mousse-micro-peeling-eclat-50ml\/\" \/>\n<meta property=\"og:locale\" content=\"fr_FR\" \/>\n<meta property=\"og:type\" content=\"article\" \/>\n<meta property=\"og:title\" content=\"Svr [c] masque anti-ox - mousse micro-peeling \u00e9clat 50ml - pharmadreams\" \/>\n<meta property=\"og:description\" content=\"SVR [C] Masque Anti-Ox est une mousse qui offre un\u00a0micro-peeling hautement concentr\u00e9e en Vitamine C optimis\u00e9e permettant de donner un coup d&#039;\u00e9clat rapide pour les peaux sensibles ternes, fatigu\u00e9es et avec rides. Il exfolie, lisse et illumine l&#039;\u00e9piderme.  Sa composition riche en vitamine C\u00a0stabilis\u00e9e, donnant un effet bonne mine et teint \u00e9claircit et \u00e9clatant, avec des actifs retexturisants et repulpants, redonne jeunesse\u00a0et \u00e9lasticit\u00e9 \u00e0 la peau.  Ce masque innovant\u00a0assureune exfoliation douce ainsi qu\u2019une action lissante et illuminatrice.\" \/>\n<meta property=\"og:url\" content=\"https:\/\/pharmadreams.shop\/index.php\/product\/svr-c-masque-anti-ox-mousse-micro-peeling-eclat-50ml\/\" \/>\n<meta property=\"og:site_name\" content=\"pharmadreams\" \/>\n<meta property=\"article:modified_time\" content=\"2024-04-26T21:16:40+00:00\" \/>\n<meta property=\"og:image\" content=\"https:\/\/pharmadreams.shop\/wp-content\/uploads\/2023\/12\/svvr.png\" \/>\n\t<meta property=\"og:image:width\" content=\"464\" \/>\n\t<meta property=\"og:image:height\" content=\"640\" \/>\n\t<meta property=\"og:image:type\" content=\"image\/png\" \/>\n<meta name=\"twitter:card\" content=\"summary_large_image\" \/>\n<meta name=\"twitter:label1\" content=\"Dur\u00e9e de lecture estim\u00e9e\" \/>\n\t<meta name=\"twitter:data1\" content=\"1 minute\" \/>\n<script type=\"application\/ld+json\" class=\"yoast-schema-graph\">{\"@context\":\"https:\/\/schema.org\",\"@graph\":[{\"@type\":\"WebPage\",\"@id\":\"https:\/\/pharmadreams.shop\/index.php\/product\/svr-c-masque-anti-ox-mousse-micro-peeling-eclat-50ml\/\",\"url\":\"https:\/\/pharmadreams.shop\/index.php\/product\/svr-c-masque-anti-ox-mousse-micro-peeling-eclat-50ml\/\",\"name\":\"Svr [c] masque anti-ox - mousse micro-peeling \u00e9clat 50ml - pharmadreams\",\"isPartOf\":{\"@id\":\"https:\/\/pharmadreams.shop\/#website\"},\"primaryImageOfPage\":{\"@id\":\"https:\/\/pharmadreams.shop\/index.php\/product\/svr-c-masque-anti-ox-mousse-micro-peeling-eclat-50ml\/#primaryimage\"},\"image\":{\"@id\":\"https:\/\/pharmadreams.shop\/index.php\/product\/svr-c-masque-anti-ox-mousse-micro-peeling-eclat-50ml\/#primaryimage\"},\"thumbnailUrl\":\"https:\/\/pharmadreams.shop\/wp-content\/uploads\/2023\/12\/svvr.png\",\"datePublished\":\"2023-12-19T18:32:45+00:00\",\"dateModified\":\"2024-04-26T21:16:40+00:00\",\"breadcrumb\":{\"@id\":\"https:\/\/pharmadreams.shop\/index.php\/product\/svr-c-masque-anti-ox-mousse-micro-peeling-eclat-50ml\/#breadcrumb\"},\"inLanguage\":\"fr-FR\",\"potentialAction\":[{\"@type\":\"ReadAction\",\"target\":[\"https:\/\/pharmadreams.shop\/index.php\/product\/svr-c-masque-anti-ox-mousse-micro-peeling-eclat-50ml\/\"]}]},{\"@type\":\"ImageObject\",\"inLanguage\":\"fr-FR\",\"@id\":\"https:\/\/pharmadreams.shop\/index.php\/product\/svr-c-masque-anti-ox-mousse-micro-peeling-eclat-50ml\/#primaryimage\",\"url\":\"https:\/\/pharmadreams.shop\/wp-content\/uploads\/2023\/12\/svvr.png\",\"contentUrl\":\"https:\/\/pharmadreams.shop\/wp-content\/uploads\/2023\/12\/svvr.png\",\"width\":464,\"height\":640},{\"@type\":\"BreadcrumbList\",\"@id\":\"https:\/\/pharmadreams.shop\/index.php\/product\/svr-c-masque-anti-ox-mousse-micro-peeling-eclat-50ml\/#breadcrumb\",\"itemListElement\":[{\"@type\":\"ListItem\",\"position\":1,\"name\":\"Accueil\",\"item\":\"https:\/\/pharmadreams.shop\/\"},{\"@type\":\"ListItem\",\"position\":2,\"name\":\"Shop\",\"item\":\"https:\/\/pharmadreams.shop\/index.php\/shop\/\"},{\"@type\":\"ListItem\",\"position\":3,\"name\":\"Svr [c] masque anti-ox &#8211; mousse micro-peeling \u00e9clat 50ml\"}]},{\"@type\":\"WebSite\",\"@id\":\"https:\/\/pharmadreams.shop\/#website\",\"url\":\"https:\/\/pharmadreams.shop\/\",\"name\":\"pharmadreams\",\"description\":\"Parapharmacie en ligne\",\"potentialAction\":[{\"@type\":\"SearchAction\",\"target\":{\"@type\":\"EntryPoint\",\"urlTemplate\":\"https:\/\/pharmadreams.shop\/?s={search_term_string}\"},\"query-input\":\"required name=search_term_string\"}],\"inLanguage\":\"fr-FR\"}]}<\/script>\n<!-- \/ Yoast SEO plugin. -->","yoast_head_json":{"title":"Svr [c] masque anti-ox - mousse micro-peeling \u00e9clat 50ml - pharmadreams","robots":{"index":"index","follow":"follow","max-snippet":"max-snippet:-1","max-image-preview":"max-image-preview:large","max-video-preview":"max-video-preview:-1"},"canonical":"https:\/\/pharmadreams.shop\/index.php\/product\/svr-c-masque-anti-ox-mousse-micro-peeling-eclat-50ml\/","og_locale":"fr_FR","og_type":"article","og_title":"Svr [c] masque anti-ox - mousse micro-peeling \u00e9clat 50ml - pharmadreams","og_description":"SVR [C] Masque Anti-Ox est une mousse qui offre un\u00a0micro-peeling hautement concentr\u00e9e en Vitamine C optimis\u00e9e permettant de donner un coup d'\u00e9clat rapide pour les peaux sensibles ternes, fatigu\u00e9es et avec rides. Il exfolie, lisse et illumine l'\u00e9piderme.  Sa composition riche en vitamine C\u00a0stabilis\u00e9e, donnant un effet bonne mine et teint \u00e9claircit et \u00e9clatant, avec des actifs retexturisants et repulpants, redonne jeunesse\u00a0et \u00e9lasticit\u00e9 \u00e0 la peau.  Ce masque innovant\u00a0assureune exfoliation douce ainsi qu\u2019une action lissante et illuminatrice.","og_url":"https:\/\/pharmadreams.shop\/index.php\/product\/svr-c-masque-anti-ox-mousse-micro-peeling-eclat-50ml\/","og_site_name":"pharmadreams","article_modified_time":"2024-04-26T21:16:40+00:00","og_image":[{"width":464,"height":640,"url":"https:\/\/pharmadreams.shop\/wp-content\/uploads\/2023\/12\/svvr.png","type":"image\/png"}],"twitter_card":"summary_large_image","twitter_misc":{"Dur\u00e9e de lecture estim\u00e9e":"1 minute"},"schema":{"@context":"https:\/\/schema.org","@graph":[{"@type":"WebPage","@id":"https:\/\/pharmadreams.shop\/index.php\/product\/svr-c-masque-anti-ox-mousse-micro-peeling-eclat-50ml\/","url":"https:\/\/pharmadreams.shop\/index.php\/product\/svr-c-masque-anti-ox-mousse-micro-peeling-eclat-50ml\/","name":"Svr [c] masque anti-ox - mousse micro-peeling \u00e9clat 50ml - pharmadreams","isPartOf":{"@id":"https:\/\/pharmadreams.shop\/#website"},"primaryImageOfPage":{"@id":"https:\/\/pharmadreams.shop\/index.php\/product\/svr-c-masque-anti-ox-mousse-micro-peeling-eclat-50ml\/#primaryimage"},"image":{"@id":"https:\/\/pharmadreams.shop\/index.php\/product\/svr-c-masque-anti-ox-mousse-micro-peeling-eclat-50ml\/#primaryimage"},"thumbnailUrl":"https:\/\/pharmadreams.shop\/wp-content\/uploads\/2023\/12\/svvr.png","datePublished":"2023-12-19T18:32:45+00:00","dateModified":"2024-04-26T21:16:40+00:00","breadcrumb":{"@id":"https:\/\/pharmadreams.shop\/index.php\/product\/svr-c-masque-anti-ox-mousse-micro-peeling-eclat-50ml\/#breadcrumb"},"inLanguage":"fr-FR","potentialAction":[{"@type":"ReadAction","target":["https:\/\/pharmadreams.shop\/index.php\/product\/svr-c-masque-anti-ox-mousse-micro-peeling-eclat-50ml\/"]}]},{"@type":"ImageObject","inLanguage":"fr-FR","@id":"https:\/\/pharmadreams.shop\/index.php\/product\/svr-c-masque-anti-ox-mousse-micro-peeling-eclat-50ml\/#primaryimage","url":"https:\/\/pharmadreams.shop\/wp-content\/uploads\/2023\/12\/svvr.png","contentUrl":"https:\/\/pharmadreams.shop\/wp-content\/uploads\/2023\/12\/svvr.png","width":464,"height":640},{"@type":"BreadcrumbList","@id":"https:\/\/pharmadreams.shop\/index.php\/product\/svr-c-masque-anti-ox-mousse-micro-peeling-eclat-50ml\/#breadcrumb","itemListElement":[{"@type":"ListItem","position":1,"name":"Accueil","item":"https:\/\/pharmadreams.shop\/"},{"@type":"ListItem","position":2,"name":"Shop","item":"https:\/\/pharmadreams.shop\/index.php\/shop\/"},{"@type":"ListItem","position":3,"name":"Svr [c] masque anti-ox &#8211; mousse micro-peeling \u00e9clat 50ml"}]},{"@type":"WebSite","@id":"https:\/\/pharmadreams.shop\/#website","url":"https:\/\/pharmadreams.shop\/","name":"pharmadreams","description":"Parapharmacie en ligne","potentialAction":[{"@type":"SearchAction","target":{"@type":"EntryPoint","urlTemplate":"https:\/\/pharmadreams.shop\/?s={search_term_string}"},"query-input":"required name=search_term_string"}],"inLanguage":"fr-FR"}]}},"_links":{"self":[{"href":"https:\/\/pharmadreams.shop\/index.php\/wp-json\/wp\/v2\/product\/16316","targetHints":{"allow":["GET"]}}],"collection":[{"href":"https:\/\/pharmadreams.shop\/index.php\/wp-json\/wp\/v2\/product"}],"about":[{"href":"https:\/\/pharmadreams.shop\/index.php\/wp-json\/wp\/v2\/types\/product"}],"replies":[{"embeddable":true,"href":"https:\/\/pharmadreams.shop\/index.php\/wp-json\/wp\/v2\/comments?post=16316"}],"version-history":[{"count":0,"href":"https:\/\/pharmadreams.shop\/index.php\/wp-json\/wp\/v2\/product\/16316\/revisions"}],"wp:featuredmedia":[{"embeddable":true,"href":"https:\/\/pharmadreams.shop\/index.php\/wp-json\/wp\/v2\/media\/16382"}],"wp:attachment":[{"href":"https:\/\/pharmadreams.shop\/index.php\/wp-json\/wp\/v2\/media?parent=16316"}],"wp:term":[{"taxonomy":"product_brand","embeddable":true,"href":"https:\/\/pharmadreams.shop\/index.php\/wp-json\/wp\/v2\/product_brand?post=16316"},{"taxonomy":"product_cat","embeddable":true,"href":"https:\/\/pharmadreams.shop\/index.php\/wp-json\/wp\/v2\/product_cat?post=16316"},{"taxonomy":"product_tag","embeddable":true,"href":"https:\/\/pharmadreams.shop\/index.php\/wp-json\/wp\/v2\/product_tag?post=16316"}],"curies":[{"name":"wp","href":"https:\/\/api.w.org\/{rel}","templated":true}]}}