{"id":16317,"date":"2023-12-19T19:32:46","date_gmt":"2023-12-19T18:32:46","guid":{"rendered":"https:\/\/venuspara.com\/?post_type=product&#038;p=16317"},"modified":"2023-12-19T19:33:38","modified_gmt":"2023-12-19T18:33:38","slug":"gum-junior-gel-dentifrice-7-ans-50ml","status":"publish","type":"product","link":"https:\/\/pharmadreams.shop\/index.php\/product\/gum-junior-gel-dentifrice-7-ans-50ml\/","title":{"rendered":"Gum junior gel dentifrice 7+ ans 50ml"},"content":{"rendered":"","protected":false},"excerpt":{"rendered":"<p><strong>GUM JUNIOR Gel Dentifrice 7+ ans 50ML<\/strong><\/p>\n<ul>\n<li>Dentifrice fluor\u00e9.<\/li>\n<li>Isomalt.<\/li>\n<li>Favorise la pr\u00e9vention des caries.<\/li>\n<li>Protection contre les attaques acides.<\/li>\n<li>7 \u00e0 12 ans.<\/li>\n<\/ul>\n<p>Le dentifrice Gum Kids agit sur la remin\u00e9ralisation de l&#8217;email pour favoriser la pr\u00e9vention des caries et aider \u00e0 prot\u00e9ger contre les attaques acides.<br \/>\nSa formulation unique fluor\u00e9e (1000ppm de fluor) combin\u00e9e \u00e0 l&rsquo;isomalt agit sur la remin\u00e9ralisation, pour fortifier les dents d\u00e9finitives de votre enfant et les maintenir en bonne sant\u00e9 \u00e0 chaque \u00e9tape de leur formation.<\/p>\n<p>Contient 0,22% p\/p de fluorure de sodium.<\/p>\n","protected":false},"featured_media":16384,"comment_status":"open","ping_status":"closed","template":"","meta":[],"product_brand":[],"product_cat":[104],"product_tag":[],"class_list":{"0":"post-16317","1":"product","2":"type-product","3":"status-publish","4":"has-post-thumbnail","6":"product_cat-protection","8":"first","9":"instock","10":"shipping-taxable","11":"purchasable","12":"product-type-simple"},"yoast_head":"<!-- This site is optimized with the Yoast SEO plugin v23.0 - https:\/\/yoast.com\/wordpress\/plugins\/seo\/ -->\n<title>Gum junior gel dentifrice 7+ ans 50ml - pharmadreams<\/title>\n<meta name=\"robots\" content=\"index, follow, max-snippet:-1, max-image-preview:large, max-video-preview:-1\" \/>\n<link rel=\"canonical\" href=\"https:\/\/pharmadreams.shop\/index.php\/product\/gum-junior-gel-dentifrice-7-ans-50ml\/\" \/>\n<meta property=\"og:locale\" content=\"fr_FR\" \/>\n<meta property=\"og:type\" content=\"article\" \/>\n<meta property=\"og:title\" content=\"Gum junior gel dentifrice 7+ ans 50ml - pharmadreams\" \/>\n<meta property=\"og:description\" content=\"GUM JUNIOR Gel Dentifrice 7+ ans 50ML   Dentifrice fluor\u00e9.  Isomalt.  Favorise la pr\u00e9vention des caries.  Protection contre les attaques acides.  7 \u00e0 12 ans.  Le dentifrice Gum Kids agit sur la remin\u00e9ralisation de l&#039;email pour favoriser la pr\u00e9vention des caries et aider \u00e0 prot\u00e9ger contre les attaques acides. Sa formulation unique fluor\u00e9e (1000ppm de fluor) combin\u00e9e \u00e0 l&#039;isomalt agit sur la remin\u00e9ralisation, pour fortifier les dents d\u00e9finitives de votre enfant et les maintenir en bonne sant\u00e9 \u00e0 chaque \u00e9tape de leur formation.  Contient 0,22% p\/p de fluorure de sodium.\" \/>\n<meta property=\"og:url\" content=\"https:\/\/pharmadreams.shop\/index.php\/product\/gum-junior-gel-dentifrice-7-ans-50ml\/\" \/>\n<meta property=\"og:site_name\" content=\"pharmadreams\" \/>\n<meta property=\"article:modified_time\" content=\"2023-12-19T18:33:38+00:00\" \/>\n<meta property=\"og:image\" content=\"https:\/\/pharmadreams.shop\/wp-content\/uploads\/2023\/12\/gum.png\" \/>\n\t<meta property=\"og:image:width\" content=\"1180\" \/>\n\t<meta property=\"og:image:height\" content=\"904\" \/>\n\t<meta property=\"og:image:type\" content=\"image\/png\" \/>\n<meta name=\"twitter:card\" content=\"summary_large_image\" \/>\n<script type=\"application\/ld+json\" class=\"yoast-schema-graph\">{\"@context\":\"https:\/\/schema.org\",\"@graph\":[{\"@type\":\"WebPage\",\"@id\":\"https:\/\/pharmadreams.shop\/index.php\/product\/gum-junior-gel-dentifrice-7-ans-50ml\/\",\"url\":\"https:\/\/pharmadreams.shop\/index.php\/product\/gum-junior-gel-dentifrice-7-ans-50ml\/\",\"name\":\"Gum junior gel dentifrice 7+ ans 50ml - pharmadreams\",\"isPartOf\":{\"@id\":\"https:\/\/pharmadreams.shop\/#website\"},\"primaryImageOfPage\":{\"@id\":\"https:\/\/pharmadreams.shop\/index.php\/product\/gum-junior-gel-dentifrice-7-ans-50ml\/#primaryimage\"},\"image\":{\"@id\":\"https:\/\/pharmadreams.shop\/index.php\/product\/gum-junior-gel-dentifrice-7-ans-50ml\/#primaryimage\"},\"thumbnailUrl\":\"https:\/\/pharmadreams.shop\/wp-content\/uploads\/2023\/12\/gum.png\",\"datePublished\":\"2023-12-19T18:32:46+00:00\",\"dateModified\":\"2023-12-19T18:33:38+00:00\",\"breadcrumb\":{\"@id\":\"https:\/\/pharmadreams.shop\/index.php\/product\/gum-junior-gel-dentifrice-7-ans-50ml\/#breadcrumb\"},\"inLanguage\":\"fr-FR\",\"potentialAction\":[{\"@type\":\"ReadAction\",\"target\":[\"https:\/\/pharmadreams.shop\/index.php\/product\/gum-junior-gel-dentifrice-7-ans-50ml\/\"]}]},{\"@type\":\"ImageObject\",\"inLanguage\":\"fr-FR\",\"@id\":\"https:\/\/pharmadreams.shop\/index.php\/product\/gum-junior-gel-dentifrice-7-ans-50ml\/#primaryimage\",\"url\":\"https:\/\/pharmadreams.shop\/wp-content\/uploads\/2023\/12\/gum.png\",\"contentUrl\":\"https:\/\/pharmadreams.shop\/wp-content\/uploads\/2023\/12\/gum.png\",\"width\":1180,\"height\":904},{\"@type\":\"BreadcrumbList\",\"@id\":\"https:\/\/pharmadreams.shop\/index.php\/product\/gum-junior-gel-dentifrice-7-ans-50ml\/#breadcrumb\",\"itemListElement\":[{\"@type\":\"ListItem\",\"position\":1,\"name\":\"Accueil\",\"item\":\"https:\/\/pharmadreams.shop\/\"},{\"@type\":\"ListItem\",\"position\":2,\"name\":\"Shop\",\"item\":\"https:\/\/pharmadreams.shop\/index.php\/shop\/\"},{\"@type\":\"ListItem\",\"position\":3,\"name\":\"Gum junior gel dentifrice 7+ ans 50ml\"}]},{\"@type\":\"WebSite\",\"@id\":\"https:\/\/pharmadreams.shop\/#website\",\"url\":\"https:\/\/pharmadreams.shop\/\",\"name\":\"pharmadreams\",\"description\":\"Parapharmacie en ligne\",\"potentialAction\":[{\"@type\":\"SearchAction\",\"target\":{\"@type\":\"EntryPoint\",\"urlTemplate\":\"https:\/\/pharmadreams.shop\/?s={search_term_string}\"},\"query-input\":\"required name=search_term_string\"}],\"inLanguage\":\"fr-FR\"}]}<\/script>\n<!-- \/ Yoast SEO plugin. -->","yoast_head_json":{"title":"Gum junior gel dentifrice 7+ ans 50ml - pharmadreams","robots":{"index":"index","follow":"follow","max-snippet":"max-snippet:-1","max-image-preview":"max-image-preview:large","max-video-preview":"max-video-preview:-1"},"canonical":"https:\/\/pharmadreams.shop\/index.php\/product\/gum-junior-gel-dentifrice-7-ans-50ml\/","og_locale":"fr_FR","og_type":"article","og_title":"Gum junior gel dentifrice 7+ ans 50ml - pharmadreams","og_description":"GUM JUNIOR Gel Dentifrice 7+ ans 50ML   Dentifrice fluor\u00e9.  Isomalt.  Favorise la pr\u00e9vention des caries.  Protection contre les attaques acides.  7 \u00e0 12 ans.  Le dentifrice Gum Kids agit sur la remin\u00e9ralisation de l'email pour favoriser la pr\u00e9vention des caries et aider \u00e0 prot\u00e9ger contre les attaques acides. Sa formulation unique fluor\u00e9e (1000ppm de fluor) combin\u00e9e \u00e0 l'isomalt agit sur la remin\u00e9ralisation, pour fortifier les dents d\u00e9finitives de votre enfant et les maintenir en bonne sant\u00e9 \u00e0 chaque \u00e9tape de leur formation.  Contient 0,22% p\/p de fluorure de sodium.","og_url":"https:\/\/pharmadreams.shop\/index.php\/product\/gum-junior-gel-dentifrice-7-ans-50ml\/","og_site_name":"pharmadreams","article_modified_time":"2023-12-19T18:33:38+00:00","og_image":[{"width":1180,"height":904,"url":"https:\/\/pharmadreams.shop\/wp-content\/uploads\/2023\/12\/gum.png","type":"image\/png"}],"twitter_card":"summary_large_image","schema":{"@context":"https:\/\/schema.org","@graph":[{"@type":"WebPage","@id":"https:\/\/pharmadreams.shop\/index.php\/product\/gum-junior-gel-dentifrice-7-ans-50ml\/","url":"https:\/\/pharmadreams.shop\/index.php\/product\/gum-junior-gel-dentifrice-7-ans-50ml\/","name":"Gum junior gel dentifrice 7+ ans 50ml - pharmadreams","isPartOf":{"@id":"https:\/\/pharmadreams.shop\/#website"},"primaryImageOfPage":{"@id":"https:\/\/pharmadreams.shop\/index.php\/product\/gum-junior-gel-dentifrice-7-ans-50ml\/#primaryimage"},"image":{"@id":"https:\/\/pharmadreams.shop\/index.php\/product\/gum-junior-gel-dentifrice-7-ans-50ml\/#primaryimage"},"thumbnailUrl":"https:\/\/pharmadreams.shop\/wp-content\/uploads\/2023\/12\/gum.png","datePublished":"2023-12-19T18:32:46+00:00","dateModified":"2023-12-19T18:33:38+00:00","breadcrumb":{"@id":"https:\/\/pharmadreams.shop\/index.php\/product\/gum-junior-gel-dentifrice-7-ans-50ml\/#breadcrumb"},"inLanguage":"fr-FR","potentialAction":[{"@type":"ReadAction","target":["https:\/\/pharmadreams.shop\/index.php\/product\/gum-junior-gel-dentifrice-7-ans-50ml\/"]}]},{"@type":"ImageObject","inLanguage":"fr-FR","@id":"https:\/\/pharmadreams.shop\/index.php\/product\/gum-junior-gel-dentifrice-7-ans-50ml\/#primaryimage","url":"https:\/\/pharmadreams.shop\/wp-content\/uploads\/2023\/12\/gum.png","contentUrl":"https:\/\/pharmadreams.shop\/wp-content\/uploads\/2023\/12\/gum.png","width":1180,"height":904},{"@type":"BreadcrumbList","@id":"https:\/\/pharmadreams.shop\/index.php\/product\/gum-junior-gel-dentifrice-7-ans-50ml\/#breadcrumb","itemListElement":[{"@type":"ListItem","position":1,"name":"Accueil","item":"https:\/\/pharmadreams.shop\/"},{"@type":"ListItem","position":2,"name":"Shop","item":"https:\/\/pharmadreams.shop\/index.php\/shop\/"},{"@type":"ListItem","position":3,"name":"Gum junior gel dentifrice 7+ ans 50ml"}]},{"@type":"WebSite","@id":"https:\/\/pharmadreams.shop\/#website","url":"https:\/\/pharmadreams.shop\/","name":"pharmadreams","description":"Parapharmacie en ligne","potentialAction":[{"@type":"SearchAction","target":{"@type":"EntryPoint","urlTemplate":"https:\/\/pharmadreams.shop\/?s={search_term_string}"},"query-input":"required name=search_term_string"}],"inLanguage":"fr-FR"}]}},"_links":{"self":[{"href":"https:\/\/pharmadreams.shop\/index.php\/wp-json\/wp\/v2\/product\/16317","targetHints":{"allow":["GET"]}}],"collection":[{"href":"https:\/\/pharmadreams.shop\/index.php\/wp-json\/wp\/v2\/product"}],"about":[{"href":"https:\/\/pharmadreams.shop\/index.php\/wp-json\/wp\/v2\/types\/product"}],"replies":[{"embeddable":true,"href":"https:\/\/pharmadreams.shop\/index.php\/wp-json\/wp\/v2\/comments?post=16317"}],"version-history":[{"count":0,"href":"https:\/\/pharmadreams.shop\/index.php\/wp-json\/wp\/v2\/product\/16317\/revisions"}],"wp:featuredmedia":[{"embeddable":true,"href":"https:\/\/pharmadreams.shop\/index.php\/wp-json\/wp\/v2\/media\/16384"}],"wp:attachment":[{"href":"https:\/\/pharmadreams.shop\/index.php\/wp-json\/wp\/v2\/media?parent=16317"}],"wp:term":[{"taxonomy":"product_brand","embeddable":true,"href":"https:\/\/pharmadreams.shop\/index.php\/wp-json\/wp\/v2\/product_brand?post=16317"},{"taxonomy":"product_cat","embeddable":true,"href":"https:\/\/pharmadreams.shop\/index.php\/wp-json\/wp\/v2\/product_cat?post=16317"},{"taxonomy":"product_tag","embeddable":true,"href":"https:\/\/pharmadreams.shop\/index.php\/wp-json\/wp\/v2\/product_tag?post=16317"}],"curies":[{"name":"wp","href":"https:\/\/api.w.org\/{rel}","templated":true}]}}