{"id":16318,"date":"2023-12-19T19:32:46","date_gmt":"2023-12-19T18:32:46","guid":{"rendered":"https:\/\/venuspara.com\/?post_type=product&#038;p=16318"},"modified":"2023-12-19T19:33:39","modified_gmt":"2023-12-19T18:33:39","slug":"gum-halicontrol-dentifrice-75ml","status":"publish","type":"product","link":"https:\/\/pharmadreams.shop\/index.php\/product\/gum-halicontrol-dentifrice-75ml\/","title":{"rendered":"Gum halicontrol dentifrice 75ml"},"content":{"rendered":"","protected":false},"excerpt":{"rendered":"<p>GUM<br \/>\nHalicontrol<br \/>\nDentifrice<br \/>\nFra\u00eecheur imm\u00e9diate<br \/>\n75ml<\/p>\n<p>Gum Halicontrol gel restaure une haleine pure et saine.<br \/>\nSon syst\u00e8me triple action lutte contre l&rsquo;origine des mauvaises odeurs et permet de retrouver le contr\u00f4le de votre haleine.<\/p>\n<p>Haleine pure et saine : capture et neutralise les compos\u00e9s \u00e0 l&rsquo;origine des mauvaises odeurs en limitant leur volatilisation. Avec la technologie BreathClear.<br \/>\nFra\u00eecheur imm\u00e9diate : procure imm\u00e9diatement et durablement une haleine fra\u00eeche gr\u00e2ce \u00e0 la technologie avanc\u00e9e Optacool.<br \/>\nProtection longue dur\u00e9e : \u00e9limine les bact\u00e9ries responsables de la mauvaise haleine gr\u00e2ce \u00e0 l&rsquo;action combin\u00e9e du CPC et de la technologie Optafresh.<br \/>\nRenforce et prot\u00e8ge l&rsquo;\u00e9mail : favorise une remin\u00e9ralisation sup\u00e9rieure gr\u00e2ce au fluor et \u00e0 l&rsquo;isomalt.<\/p>\n","protected":false},"featured_media":16386,"comment_status":"open","ping_status":"closed","template":"","meta":[],"product_brand":[],"product_cat":[129],"product_tag":[],"class_list":{"0":"post-16318","1":"product","2":"type-product","3":"status-publish","4":"has-post-thumbnail","6":"product_cat-anti-odeurs","8":"first","9":"instock","10":"shipping-taxable","11":"purchasable","12":"product-type-simple"},"yoast_head":"<!-- This site is optimized with the Yoast SEO plugin v23.0 - https:\/\/yoast.com\/wordpress\/plugins\/seo\/ -->\n<title>Gum halicontrol dentifrice 75ml - pharmadreams<\/title>\n<meta name=\"robots\" content=\"index, follow, max-snippet:-1, max-image-preview:large, max-video-preview:-1\" \/>\n<link rel=\"canonical\" href=\"https:\/\/pharmadreams.shop\/index.php\/product\/gum-halicontrol-dentifrice-75ml\/\" \/>\n<meta property=\"og:locale\" content=\"fr_FR\" \/>\n<meta property=\"og:type\" content=\"article\" \/>\n<meta property=\"og:title\" content=\"Gum halicontrol dentifrice 75ml - pharmadreams\" \/>\n<meta property=\"og:description\" content=\"GUM Halicontrol Dentifrice Fra\u00eecheur imm\u00e9diate 75ml  Gum Halicontrol gel restaure une haleine pure et saine. Son syst\u00e8me triple action lutte contre l&#039;origine des mauvaises odeurs et permet de retrouver le contr\u00f4le de votre haleine.  Haleine pure et saine : capture et neutralise les compos\u00e9s \u00e0 l&#039;origine des mauvaises odeurs en limitant leur volatilisation. Avec la technologie BreathClear. Fra\u00eecheur imm\u00e9diate : procure imm\u00e9diatement et durablement une haleine fra\u00eeche gr\u00e2ce \u00e0 la technologie avanc\u00e9e Optacool. Protection longue dur\u00e9e : \u00e9limine les bact\u00e9ries responsables de la mauvaise haleine gr\u00e2ce \u00e0 l&#039;action combin\u00e9e du CPC et de la technologie Optafresh. Renforce et prot\u00e8ge l&#039;\u00e9mail : favorise une remin\u00e9ralisation sup\u00e9rieure gr\u00e2ce au fluor et \u00e0 l&#039;isomalt.\" \/>\n<meta property=\"og:url\" content=\"https:\/\/pharmadreams.shop\/index.php\/product\/gum-halicontrol-dentifrice-75ml\/\" \/>\n<meta property=\"og:site_name\" content=\"pharmadreams\" \/>\n<meta property=\"article:modified_time\" content=\"2023-12-19T18:33:39+00:00\" \/>\n<meta property=\"og:image\" content=\"https:\/\/pharmadreams.shop\/wp-content\/uploads\/2023\/12\/guum.png\" \/>\n\t<meta property=\"og:image:width\" content=\"748\" \/>\n\t<meta property=\"og:image:height\" content=\"696\" \/>\n\t<meta property=\"og:image:type\" content=\"image\/png\" \/>\n<meta name=\"twitter:card\" content=\"summary_large_image\" \/>\n<script type=\"application\/ld+json\" class=\"yoast-schema-graph\">{\"@context\":\"https:\/\/schema.org\",\"@graph\":[{\"@type\":\"WebPage\",\"@id\":\"https:\/\/pharmadreams.shop\/index.php\/product\/gum-halicontrol-dentifrice-75ml\/\",\"url\":\"https:\/\/pharmadreams.shop\/index.php\/product\/gum-halicontrol-dentifrice-75ml\/\",\"name\":\"Gum halicontrol dentifrice 75ml - pharmadreams\",\"isPartOf\":{\"@id\":\"https:\/\/pharmadreams.shop\/#website\"},\"primaryImageOfPage\":{\"@id\":\"https:\/\/pharmadreams.shop\/index.php\/product\/gum-halicontrol-dentifrice-75ml\/#primaryimage\"},\"image\":{\"@id\":\"https:\/\/pharmadreams.shop\/index.php\/product\/gum-halicontrol-dentifrice-75ml\/#primaryimage\"},\"thumbnailUrl\":\"https:\/\/pharmadreams.shop\/wp-content\/uploads\/2023\/12\/guum.png\",\"datePublished\":\"2023-12-19T18:32:46+00:00\",\"dateModified\":\"2023-12-19T18:33:39+00:00\",\"breadcrumb\":{\"@id\":\"https:\/\/pharmadreams.shop\/index.php\/product\/gum-halicontrol-dentifrice-75ml\/#breadcrumb\"},\"inLanguage\":\"fr-FR\",\"potentialAction\":[{\"@type\":\"ReadAction\",\"target\":[\"https:\/\/pharmadreams.shop\/index.php\/product\/gum-halicontrol-dentifrice-75ml\/\"]}]},{\"@type\":\"ImageObject\",\"inLanguage\":\"fr-FR\",\"@id\":\"https:\/\/pharmadreams.shop\/index.php\/product\/gum-halicontrol-dentifrice-75ml\/#primaryimage\",\"url\":\"https:\/\/pharmadreams.shop\/wp-content\/uploads\/2023\/12\/guum.png\",\"contentUrl\":\"https:\/\/pharmadreams.shop\/wp-content\/uploads\/2023\/12\/guum.png\",\"width\":748,\"height\":696},{\"@type\":\"BreadcrumbList\",\"@id\":\"https:\/\/pharmadreams.shop\/index.php\/product\/gum-halicontrol-dentifrice-75ml\/#breadcrumb\",\"itemListElement\":[{\"@type\":\"ListItem\",\"position\":1,\"name\":\"Accueil\",\"item\":\"https:\/\/pharmadreams.shop\/\"},{\"@type\":\"ListItem\",\"position\":2,\"name\":\"Shop\",\"item\":\"https:\/\/pharmadreams.shop\/index.php\/shop\/\"},{\"@type\":\"ListItem\",\"position\":3,\"name\":\"Gum halicontrol dentifrice 75ml\"}]},{\"@type\":\"WebSite\",\"@id\":\"https:\/\/pharmadreams.shop\/#website\",\"url\":\"https:\/\/pharmadreams.shop\/\",\"name\":\"pharmadreams\",\"description\":\"Parapharmacie en ligne\",\"potentialAction\":[{\"@type\":\"SearchAction\",\"target\":{\"@type\":\"EntryPoint\",\"urlTemplate\":\"https:\/\/pharmadreams.shop\/?s={search_term_string}\"},\"query-input\":\"required name=search_term_string\"}],\"inLanguage\":\"fr-FR\"}]}<\/script>\n<!-- \/ Yoast SEO plugin. -->","yoast_head_json":{"title":"Gum halicontrol dentifrice 75ml - pharmadreams","robots":{"index":"index","follow":"follow","max-snippet":"max-snippet:-1","max-image-preview":"max-image-preview:large","max-video-preview":"max-video-preview:-1"},"canonical":"https:\/\/pharmadreams.shop\/index.php\/product\/gum-halicontrol-dentifrice-75ml\/","og_locale":"fr_FR","og_type":"article","og_title":"Gum halicontrol dentifrice 75ml - pharmadreams","og_description":"GUM Halicontrol Dentifrice Fra\u00eecheur imm\u00e9diate 75ml  Gum Halicontrol gel restaure une haleine pure et saine. Son syst\u00e8me triple action lutte contre l'origine des mauvaises odeurs et permet de retrouver le contr\u00f4le de votre haleine.  Haleine pure et saine : capture et neutralise les compos\u00e9s \u00e0 l'origine des mauvaises odeurs en limitant leur volatilisation. Avec la technologie BreathClear. Fra\u00eecheur imm\u00e9diate : procure imm\u00e9diatement et durablement une haleine fra\u00eeche gr\u00e2ce \u00e0 la technologie avanc\u00e9e Optacool. Protection longue dur\u00e9e : \u00e9limine les bact\u00e9ries responsables de la mauvaise haleine gr\u00e2ce \u00e0 l'action combin\u00e9e du CPC et de la technologie Optafresh. Renforce et prot\u00e8ge l'\u00e9mail : favorise une remin\u00e9ralisation sup\u00e9rieure gr\u00e2ce au fluor et \u00e0 l'isomalt.","og_url":"https:\/\/pharmadreams.shop\/index.php\/product\/gum-halicontrol-dentifrice-75ml\/","og_site_name":"pharmadreams","article_modified_time":"2023-12-19T18:33:39+00:00","og_image":[{"width":748,"height":696,"url":"https:\/\/pharmadreams.shop\/wp-content\/uploads\/2023\/12\/guum.png","type":"image\/png"}],"twitter_card":"summary_large_image","schema":{"@context":"https:\/\/schema.org","@graph":[{"@type":"WebPage","@id":"https:\/\/pharmadreams.shop\/index.php\/product\/gum-halicontrol-dentifrice-75ml\/","url":"https:\/\/pharmadreams.shop\/index.php\/product\/gum-halicontrol-dentifrice-75ml\/","name":"Gum halicontrol dentifrice 75ml - pharmadreams","isPartOf":{"@id":"https:\/\/pharmadreams.shop\/#website"},"primaryImageOfPage":{"@id":"https:\/\/pharmadreams.shop\/index.php\/product\/gum-halicontrol-dentifrice-75ml\/#primaryimage"},"image":{"@id":"https:\/\/pharmadreams.shop\/index.php\/product\/gum-halicontrol-dentifrice-75ml\/#primaryimage"},"thumbnailUrl":"https:\/\/pharmadreams.shop\/wp-content\/uploads\/2023\/12\/guum.png","datePublished":"2023-12-19T18:32:46+00:00","dateModified":"2023-12-19T18:33:39+00:00","breadcrumb":{"@id":"https:\/\/pharmadreams.shop\/index.php\/product\/gum-halicontrol-dentifrice-75ml\/#breadcrumb"},"inLanguage":"fr-FR","potentialAction":[{"@type":"ReadAction","target":["https:\/\/pharmadreams.shop\/index.php\/product\/gum-halicontrol-dentifrice-75ml\/"]}]},{"@type":"ImageObject","inLanguage":"fr-FR","@id":"https:\/\/pharmadreams.shop\/index.php\/product\/gum-halicontrol-dentifrice-75ml\/#primaryimage","url":"https:\/\/pharmadreams.shop\/wp-content\/uploads\/2023\/12\/guum.png","contentUrl":"https:\/\/pharmadreams.shop\/wp-content\/uploads\/2023\/12\/guum.png","width":748,"height":696},{"@type":"BreadcrumbList","@id":"https:\/\/pharmadreams.shop\/index.php\/product\/gum-halicontrol-dentifrice-75ml\/#breadcrumb","itemListElement":[{"@type":"ListItem","position":1,"name":"Accueil","item":"https:\/\/pharmadreams.shop\/"},{"@type":"ListItem","position":2,"name":"Shop","item":"https:\/\/pharmadreams.shop\/index.php\/shop\/"},{"@type":"ListItem","position":3,"name":"Gum halicontrol dentifrice 75ml"}]},{"@type":"WebSite","@id":"https:\/\/pharmadreams.shop\/#website","url":"https:\/\/pharmadreams.shop\/","name":"pharmadreams","description":"Parapharmacie en ligne","potentialAction":[{"@type":"SearchAction","target":{"@type":"EntryPoint","urlTemplate":"https:\/\/pharmadreams.shop\/?s={search_term_string}"},"query-input":"required name=search_term_string"}],"inLanguage":"fr-FR"}]}},"_links":{"self":[{"href":"https:\/\/pharmadreams.shop\/index.php\/wp-json\/wp\/v2\/product\/16318","targetHints":{"allow":["GET"]}}],"collection":[{"href":"https:\/\/pharmadreams.shop\/index.php\/wp-json\/wp\/v2\/product"}],"about":[{"href":"https:\/\/pharmadreams.shop\/index.php\/wp-json\/wp\/v2\/types\/product"}],"replies":[{"embeddable":true,"href":"https:\/\/pharmadreams.shop\/index.php\/wp-json\/wp\/v2\/comments?post=16318"}],"version-history":[{"count":0,"href":"https:\/\/pharmadreams.shop\/index.php\/wp-json\/wp\/v2\/product\/16318\/revisions"}],"wp:featuredmedia":[{"embeddable":true,"href":"https:\/\/pharmadreams.shop\/index.php\/wp-json\/wp\/v2\/media\/16386"}],"wp:attachment":[{"href":"https:\/\/pharmadreams.shop\/index.php\/wp-json\/wp\/v2\/media?parent=16318"}],"wp:term":[{"taxonomy":"product_brand","embeddable":true,"href":"https:\/\/pharmadreams.shop\/index.php\/wp-json\/wp\/v2\/product_brand?post=16318"},{"taxonomy":"product_cat","embeddable":true,"href":"https:\/\/pharmadreams.shop\/index.php\/wp-json\/wp\/v2\/product_cat?post=16318"},{"taxonomy":"product_tag","embeddable":true,"href":"https:\/\/pharmadreams.shop\/index.php\/wp-json\/wp\/v2\/product_tag?post=16318"}],"curies":[{"name":"wp","href":"https:\/\/api.w.org\/{rel}","templated":true}]}}