{"id":16326,"date":"2023-12-19T19:32:47","date_gmt":"2023-12-19T18:32:47","guid":{"rendered":"https:\/\/venuspara.com\/?post_type=product&#038;p=16326"},"modified":"2023-12-19T19:34:03","modified_gmt":"2023-12-19T18:34:03","slug":"huile-dail-10ml-bio-orient","status":"publish","type":"product","link":"https:\/\/pharmadreams.shop\/index.php\/product\/huile-dail-10ml-bio-orient\/","title":{"rendered":"Huile d\u2019ail 10ml &#8211; bio orient"},"content":{"rendered":"","protected":false},"excerpt":{"rendered":"<p>Antibiotique naturel \u00e0 action antiseptique, antifongique et antiparasitaire \u00e0 action insecticide et larvicide, cette huile est un excellent antioxydant naturel. Elle prot\u00e8ge le syst\u00e8me cardiovasculaire, limite l\u2019agr\u00e9gation plaquettaire et la coagulation sanguine et r\u00e9gule le cholest\u00e9rol ainsi que la tension art\u00e9rielle.<\/p>\n","protected":false},"featured_media":16411,"comment_status":"open","ping_status":"closed","template":"","meta":[],"product_brand":[],"product_cat":[140],"product_tag":[],"class_list":{"0":"post-16326","1":"product","2":"type-product","3":"status-publish","4":"has-post-thumbnail","6":"product_cat-antioxydant-naturel","8":"first","9":"instock","10":"shipping-taxable","11":"purchasable","12":"product-type-simple"},"yoast_head":"<!-- This site is optimized with the Yoast SEO plugin v23.0 - https:\/\/yoast.com\/wordpress\/plugins\/seo\/ -->\n<title>Huile d\u2019ail 10ml - bio orient - pharmadreams<\/title>\n<meta name=\"robots\" content=\"index, follow, max-snippet:-1, max-image-preview:large, max-video-preview:-1\" \/>\n<link rel=\"canonical\" href=\"https:\/\/pharmadreams.shop\/index.php\/product\/huile-dail-10ml-bio-orient\/\" \/>\n<meta property=\"og:locale\" content=\"fr_FR\" \/>\n<meta property=\"og:type\" content=\"article\" \/>\n<meta property=\"og:title\" content=\"Huile d\u2019ail 10ml - bio orient - pharmadreams\" \/>\n<meta property=\"og:description\" content=\"Antibiotique naturel \u00e0 action antiseptique, antifongique et antiparasitaire \u00e0 action insecticide et larvicide, cette huile est un excellent antioxydant naturel. Elle prot\u00e8ge le syst\u00e8me cardiovasculaire, limite l\u2019agr\u00e9gation plaquettaire et la coagulation sanguine et r\u00e9gule le cholest\u00e9rol ainsi que la tension art\u00e9rielle.\" \/>\n<meta property=\"og:url\" content=\"https:\/\/pharmadreams.shop\/index.php\/product\/huile-dail-10ml-bio-orient\/\" \/>\n<meta property=\"og:site_name\" content=\"pharmadreams\" \/>\n<meta property=\"article:modified_time\" content=\"2023-12-19T18:34:03+00:00\" \/>\n<meta property=\"og:image\" content=\"https:\/\/pharmadreams.shop\/wp-content\/uploads\/2023\/12\/ail.png\" \/>\n\t<meta property=\"og:image:width\" content=\"808\" \/>\n\t<meta property=\"og:image:height\" content=\"712\" \/>\n\t<meta property=\"og:image:type\" content=\"image\/png\" \/>\n<meta name=\"twitter:card\" content=\"summary_large_image\" \/>\n<script type=\"application\/ld+json\" class=\"yoast-schema-graph\">{\"@context\":\"https:\/\/schema.org\",\"@graph\":[{\"@type\":\"WebPage\",\"@id\":\"https:\/\/pharmadreams.shop\/index.php\/product\/huile-dail-10ml-bio-orient\/\",\"url\":\"https:\/\/pharmadreams.shop\/index.php\/product\/huile-dail-10ml-bio-orient\/\",\"name\":\"Huile d\u2019ail 10ml - bio orient - pharmadreams\",\"isPartOf\":{\"@id\":\"https:\/\/pharmadreams.shop\/#website\"},\"primaryImageOfPage\":{\"@id\":\"https:\/\/pharmadreams.shop\/index.php\/product\/huile-dail-10ml-bio-orient\/#primaryimage\"},\"image\":{\"@id\":\"https:\/\/pharmadreams.shop\/index.php\/product\/huile-dail-10ml-bio-orient\/#primaryimage\"},\"thumbnailUrl\":\"https:\/\/pharmadreams.shop\/wp-content\/uploads\/2023\/12\/ail.png\",\"datePublished\":\"2023-12-19T18:32:47+00:00\",\"dateModified\":\"2023-12-19T18:34:03+00:00\",\"breadcrumb\":{\"@id\":\"https:\/\/pharmadreams.shop\/index.php\/product\/huile-dail-10ml-bio-orient\/#breadcrumb\"},\"inLanguage\":\"fr-FR\",\"potentialAction\":[{\"@type\":\"ReadAction\",\"target\":[\"https:\/\/pharmadreams.shop\/index.php\/product\/huile-dail-10ml-bio-orient\/\"]}]},{\"@type\":\"ImageObject\",\"inLanguage\":\"fr-FR\",\"@id\":\"https:\/\/pharmadreams.shop\/index.php\/product\/huile-dail-10ml-bio-orient\/#primaryimage\",\"url\":\"https:\/\/pharmadreams.shop\/wp-content\/uploads\/2023\/12\/ail.png\",\"contentUrl\":\"https:\/\/pharmadreams.shop\/wp-content\/uploads\/2023\/12\/ail.png\",\"width\":808,\"height\":712},{\"@type\":\"BreadcrumbList\",\"@id\":\"https:\/\/pharmadreams.shop\/index.php\/product\/huile-dail-10ml-bio-orient\/#breadcrumb\",\"itemListElement\":[{\"@type\":\"ListItem\",\"position\":1,\"name\":\"Accueil\",\"item\":\"https:\/\/pharmadreams.shop\/\"},{\"@type\":\"ListItem\",\"position\":2,\"name\":\"Shop\",\"item\":\"https:\/\/pharmadreams.shop\/index.php\/shop\/\"},{\"@type\":\"ListItem\",\"position\":3,\"name\":\"Huile d\u2019ail 10ml &#8211; bio orient\"}]},{\"@type\":\"WebSite\",\"@id\":\"https:\/\/pharmadreams.shop\/#website\",\"url\":\"https:\/\/pharmadreams.shop\/\",\"name\":\"pharmadreams\",\"description\":\"Parapharmacie en ligne\",\"potentialAction\":[{\"@type\":\"SearchAction\",\"target\":{\"@type\":\"EntryPoint\",\"urlTemplate\":\"https:\/\/pharmadreams.shop\/?s={search_term_string}\"},\"query-input\":\"required name=search_term_string\"}],\"inLanguage\":\"fr-FR\"}]}<\/script>\n<!-- \/ Yoast SEO plugin. -->","yoast_head_json":{"title":"Huile d\u2019ail 10ml - bio orient - pharmadreams","robots":{"index":"index","follow":"follow","max-snippet":"max-snippet:-1","max-image-preview":"max-image-preview:large","max-video-preview":"max-video-preview:-1"},"canonical":"https:\/\/pharmadreams.shop\/index.php\/product\/huile-dail-10ml-bio-orient\/","og_locale":"fr_FR","og_type":"article","og_title":"Huile d\u2019ail 10ml - bio orient - pharmadreams","og_description":"Antibiotique naturel \u00e0 action antiseptique, antifongique et antiparasitaire \u00e0 action insecticide et larvicide, cette huile est un excellent antioxydant naturel. Elle prot\u00e8ge le syst\u00e8me cardiovasculaire, limite l\u2019agr\u00e9gation plaquettaire et la coagulation sanguine et r\u00e9gule le cholest\u00e9rol ainsi que la tension art\u00e9rielle.","og_url":"https:\/\/pharmadreams.shop\/index.php\/product\/huile-dail-10ml-bio-orient\/","og_site_name":"pharmadreams","article_modified_time":"2023-12-19T18:34:03+00:00","og_image":[{"width":808,"height":712,"url":"https:\/\/pharmadreams.shop\/wp-content\/uploads\/2023\/12\/ail.png","type":"image\/png"}],"twitter_card":"summary_large_image","schema":{"@context":"https:\/\/schema.org","@graph":[{"@type":"WebPage","@id":"https:\/\/pharmadreams.shop\/index.php\/product\/huile-dail-10ml-bio-orient\/","url":"https:\/\/pharmadreams.shop\/index.php\/product\/huile-dail-10ml-bio-orient\/","name":"Huile d\u2019ail 10ml - bio orient - pharmadreams","isPartOf":{"@id":"https:\/\/pharmadreams.shop\/#website"},"primaryImageOfPage":{"@id":"https:\/\/pharmadreams.shop\/index.php\/product\/huile-dail-10ml-bio-orient\/#primaryimage"},"image":{"@id":"https:\/\/pharmadreams.shop\/index.php\/product\/huile-dail-10ml-bio-orient\/#primaryimage"},"thumbnailUrl":"https:\/\/pharmadreams.shop\/wp-content\/uploads\/2023\/12\/ail.png","datePublished":"2023-12-19T18:32:47+00:00","dateModified":"2023-12-19T18:34:03+00:00","breadcrumb":{"@id":"https:\/\/pharmadreams.shop\/index.php\/product\/huile-dail-10ml-bio-orient\/#breadcrumb"},"inLanguage":"fr-FR","potentialAction":[{"@type":"ReadAction","target":["https:\/\/pharmadreams.shop\/index.php\/product\/huile-dail-10ml-bio-orient\/"]}]},{"@type":"ImageObject","inLanguage":"fr-FR","@id":"https:\/\/pharmadreams.shop\/index.php\/product\/huile-dail-10ml-bio-orient\/#primaryimage","url":"https:\/\/pharmadreams.shop\/wp-content\/uploads\/2023\/12\/ail.png","contentUrl":"https:\/\/pharmadreams.shop\/wp-content\/uploads\/2023\/12\/ail.png","width":808,"height":712},{"@type":"BreadcrumbList","@id":"https:\/\/pharmadreams.shop\/index.php\/product\/huile-dail-10ml-bio-orient\/#breadcrumb","itemListElement":[{"@type":"ListItem","position":1,"name":"Accueil","item":"https:\/\/pharmadreams.shop\/"},{"@type":"ListItem","position":2,"name":"Shop","item":"https:\/\/pharmadreams.shop\/index.php\/shop\/"},{"@type":"ListItem","position":3,"name":"Huile d\u2019ail 10ml &#8211; bio orient"}]},{"@type":"WebSite","@id":"https:\/\/pharmadreams.shop\/#website","url":"https:\/\/pharmadreams.shop\/","name":"pharmadreams","description":"Parapharmacie en ligne","potentialAction":[{"@type":"SearchAction","target":{"@type":"EntryPoint","urlTemplate":"https:\/\/pharmadreams.shop\/?s={search_term_string}"},"query-input":"required name=search_term_string"}],"inLanguage":"fr-FR"}]}},"_links":{"self":[{"href":"https:\/\/pharmadreams.shop\/index.php\/wp-json\/wp\/v2\/product\/16326","targetHints":{"allow":["GET"]}}],"collection":[{"href":"https:\/\/pharmadreams.shop\/index.php\/wp-json\/wp\/v2\/product"}],"about":[{"href":"https:\/\/pharmadreams.shop\/index.php\/wp-json\/wp\/v2\/types\/product"}],"replies":[{"embeddable":true,"href":"https:\/\/pharmadreams.shop\/index.php\/wp-json\/wp\/v2\/comments?post=16326"}],"version-history":[{"count":0,"href":"https:\/\/pharmadreams.shop\/index.php\/wp-json\/wp\/v2\/product\/16326\/revisions"}],"wp:featuredmedia":[{"embeddable":true,"href":"https:\/\/pharmadreams.shop\/index.php\/wp-json\/wp\/v2\/media\/16411"}],"wp:attachment":[{"href":"https:\/\/pharmadreams.shop\/index.php\/wp-json\/wp\/v2\/media?parent=16326"}],"wp:term":[{"taxonomy":"product_brand","embeddable":true,"href":"https:\/\/pharmadreams.shop\/index.php\/wp-json\/wp\/v2\/product_brand?post=16326"},{"taxonomy":"product_cat","embeddable":true,"href":"https:\/\/pharmadreams.shop\/index.php\/wp-json\/wp\/v2\/product_cat?post=16326"},{"taxonomy":"product_tag","embeddable":true,"href":"https:\/\/pharmadreams.shop\/index.php\/wp-json\/wp\/v2\/product_tag?post=16326"}],"curies":[{"name":"wp","href":"https:\/\/api.w.org\/{rel}","templated":true}]}}