{"id":16348,"date":"2023-12-19T19:33:10","date_gmt":"2023-12-19T18:33:10","guid":{"rendered":"https:\/\/venuspara.com\/?post_type=product&#038;p=16348"},"modified":"2023-12-19T19:34:06","modified_gmt":"2023-12-19T18:34:06","slug":"huile-vegetale-de-lentisque-10mlml-bio-orient","status":"publish","type":"product","link":"https:\/\/pharmadreams.shop\/index.php\/product\/huile-vegetale-de-lentisque-10mlml-bio-orient\/","title":{"rendered":"Huile v\u00e9g\u00e9tale de lentisque, 10MLml &#8211; bio orient"},"content":{"rendered":"","protected":false},"excerpt":{"rendered":"<ul>\n<li>D\u00e9congestionnante, soigne les varices et s\u2019utilise dans le traitement des h\u00e9morro\u00efdes externes et internes, trombophl\u00e9bite et \u00a0escarres.<\/li>\n<li>Phl\u00e9botonique, soulage les sensations de jambes lourdes et est indiqu\u00e9e dans la pr\u00e9vention des troubles cardio-vasculaires.<\/li>\n<li>Antispasmodique, intervient dans le traitement\u00a0 de l\u2019a\u00e9rophagie, l\u2019a\u00e9rocolie, \u00a0la colite spasmodique<\/li>\n<li>Agit sur les sinusites et les bourdonnements d\u2019oreille.<\/li>\n<li>D\u00e9congestionnante prostatique, s\u2019utilise en cas de prostatite.<\/li>\n<li>\u00c9galement utilis\u00e9e dans les cas de douleurs dentaires ou de maladies gastriques.<\/li>\n<\/ul>\n","protected":false},"featured_media":16415,"comment_status":"open","ping_status":"closed","template":"","meta":[],"product_brand":[],"product_cat":[141,130],"product_tag":[],"class_list":{"0":"post-16348","1":"product","2":"type-product","3":"status-publish","4":"has-post-thumbnail","6":"product_cat-soignement-des-varices","7":"product_cat-traitement","9":"first","10":"instock","11":"shipping-taxable","12":"purchasable","13":"product-type-simple"},"yoast_head":"<!-- This site is optimized with the Yoast SEO plugin v23.0 - https:\/\/yoast.com\/wordpress\/plugins\/seo\/ -->\n<title>Huile v\u00e9g\u00e9tale de lentisque, 10MLml - bio orient - pharmadreams<\/title>\n<meta name=\"robots\" content=\"index, follow, max-snippet:-1, max-image-preview:large, max-video-preview:-1\" \/>\n<link rel=\"canonical\" href=\"https:\/\/pharmadreams.shop\/index.php\/product\/huile-vegetale-de-lentisque-10mlml-bio-orient\/\" \/>\n<meta property=\"og:locale\" content=\"fr_FR\" \/>\n<meta property=\"og:type\" content=\"article\" \/>\n<meta property=\"og:title\" content=\"Huile v\u00e9g\u00e9tale de lentisque, 10MLml - bio orient - pharmadreams\" \/>\n<meta property=\"og:description\" content=\"D\u00e9congestionnante, soigne les varices et s\u2019utilise dans le traitement des h\u00e9morro\u00efdes externes et internes, trombophl\u00e9bite et \u00a0escarres.  Phl\u00e9botonique, soulage les sensations de jambes lourdes et est indiqu\u00e9e dans la pr\u00e9vention des troubles cardio-vasculaires.  Antispasmodique, intervient dans le traitement\u00a0 de l\u2019a\u00e9rophagie, l\u2019a\u00e9rocolie, \u00a0la colite spasmodique  Agit sur les sinusites et les bourdonnements d\u2019oreille.  D\u00e9congestionnante prostatique, s\u2019utilise en cas de prostatite.  \u00c9galement utilis\u00e9e dans les cas de douleurs dentaires ou de maladies gastriques.\" \/>\n<meta property=\"og:url\" content=\"https:\/\/pharmadreams.shop\/index.php\/product\/huile-vegetale-de-lentisque-10mlml-bio-orient\/\" \/>\n<meta property=\"og:site_name\" content=\"pharmadreams\" \/>\n<meta property=\"article:modified_time\" content=\"2023-12-19T18:34:06+00:00\" \/>\n<meta property=\"og:image\" content=\"https:\/\/pharmadreams.shop\/wp-content\/uploads\/2023\/12\/lenti.png\" \/>\n\t<meta property=\"og:image:width\" content=\"616\" \/>\n\t<meta property=\"og:image:height\" content=\"704\" \/>\n\t<meta property=\"og:image:type\" content=\"image\/png\" \/>\n<meta name=\"twitter:card\" content=\"summary_large_image\" \/>\n<script type=\"application\/ld+json\" class=\"yoast-schema-graph\">{\"@context\":\"https:\/\/schema.org\",\"@graph\":[{\"@type\":\"WebPage\",\"@id\":\"https:\/\/pharmadreams.shop\/index.php\/product\/huile-vegetale-de-lentisque-10mlml-bio-orient\/\",\"url\":\"https:\/\/pharmadreams.shop\/index.php\/product\/huile-vegetale-de-lentisque-10mlml-bio-orient\/\",\"name\":\"Huile v\u00e9g\u00e9tale de lentisque, 10MLml - bio orient - pharmadreams\",\"isPartOf\":{\"@id\":\"https:\/\/pharmadreams.shop\/#website\"},\"primaryImageOfPage\":{\"@id\":\"https:\/\/pharmadreams.shop\/index.php\/product\/huile-vegetale-de-lentisque-10mlml-bio-orient\/#primaryimage\"},\"image\":{\"@id\":\"https:\/\/pharmadreams.shop\/index.php\/product\/huile-vegetale-de-lentisque-10mlml-bio-orient\/#primaryimage\"},\"thumbnailUrl\":\"https:\/\/pharmadreams.shop\/wp-content\/uploads\/2023\/12\/lenti.png\",\"datePublished\":\"2023-12-19T18:33:10+00:00\",\"dateModified\":\"2023-12-19T18:34:06+00:00\",\"breadcrumb\":{\"@id\":\"https:\/\/pharmadreams.shop\/index.php\/product\/huile-vegetale-de-lentisque-10mlml-bio-orient\/#breadcrumb\"},\"inLanguage\":\"fr-FR\",\"potentialAction\":[{\"@type\":\"ReadAction\",\"target\":[\"https:\/\/pharmadreams.shop\/index.php\/product\/huile-vegetale-de-lentisque-10mlml-bio-orient\/\"]}]},{\"@type\":\"ImageObject\",\"inLanguage\":\"fr-FR\",\"@id\":\"https:\/\/pharmadreams.shop\/index.php\/product\/huile-vegetale-de-lentisque-10mlml-bio-orient\/#primaryimage\",\"url\":\"https:\/\/pharmadreams.shop\/wp-content\/uploads\/2023\/12\/lenti.png\",\"contentUrl\":\"https:\/\/pharmadreams.shop\/wp-content\/uploads\/2023\/12\/lenti.png\",\"width\":616,\"height\":704},{\"@type\":\"BreadcrumbList\",\"@id\":\"https:\/\/pharmadreams.shop\/index.php\/product\/huile-vegetale-de-lentisque-10mlml-bio-orient\/#breadcrumb\",\"itemListElement\":[{\"@type\":\"ListItem\",\"position\":1,\"name\":\"Accueil\",\"item\":\"https:\/\/pharmadreams.shop\/\"},{\"@type\":\"ListItem\",\"position\":2,\"name\":\"Shop\",\"item\":\"https:\/\/pharmadreams.shop\/index.php\/shop\/\"},{\"@type\":\"ListItem\",\"position\":3,\"name\":\"Huile v\u00e9g\u00e9tale de lentisque, 10MLml &#8211; bio orient\"}]},{\"@type\":\"WebSite\",\"@id\":\"https:\/\/pharmadreams.shop\/#website\",\"url\":\"https:\/\/pharmadreams.shop\/\",\"name\":\"pharmadreams\",\"description\":\"Parapharmacie en ligne\",\"potentialAction\":[{\"@type\":\"SearchAction\",\"target\":{\"@type\":\"EntryPoint\",\"urlTemplate\":\"https:\/\/pharmadreams.shop\/?s={search_term_string}\"},\"query-input\":\"required name=search_term_string\"}],\"inLanguage\":\"fr-FR\"}]}<\/script>\n<!-- \/ Yoast SEO plugin. -->","yoast_head_json":{"title":"Huile v\u00e9g\u00e9tale de lentisque, 10MLml - bio orient - pharmadreams","robots":{"index":"index","follow":"follow","max-snippet":"max-snippet:-1","max-image-preview":"max-image-preview:large","max-video-preview":"max-video-preview:-1"},"canonical":"https:\/\/pharmadreams.shop\/index.php\/product\/huile-vegetale-de-lentisque-10mlml-bio-orient\/","og_locale":"fr_FR","og_type":"article","og_title":"Huile v\u00e9g\u00e9tale de lentisque, 10MLml - bio orient - pharmadreams","og_description":"D\u00e9congestionnante, soigne les varices et s\u2019utilise dans le traitement des h\u00e9morro\u00efdes externes et internes, trombophl\u00e9bite et \u00a0escarres.  Phl\u00e9botonique, soulage les sensations de jambes lourdes et est indiqu\u00e9e dans la pr\u00e9vention des troubles cardio-vasculaires.  Antispasmodique, intervient dans le traitement\u00a0 de l\u2019a\u00e9rophagie, l\u2019a\u00e9rocolie, \u00a0la colite spasmodique  Agit sur les sinusites et les bourdonnements d\u2019oreille.  D\u00e9congestionnante prostatique, s\u2019utilise en cas de prostatite.  \u00c9galement utilis\u00e9e dans les cas de douleurs dentaires ou de maladies gastriques.","og_url":"https:\/\/pharmadreams.shop\/index.php\/product\/huile-vegetale-de-lentisque-10mlml-bio-orient\/","og_site_name":"pharmadreams","article_modified_time":"2023-12-19T18:34:06+00:00","og_image":[{"width":616,"height":704,"url":"https:\/\/pharmadreams.shop\/wp-content\/uploads\/2023\/12\/lenti.png","type":"image\/png"}],"twitter_card":"summary_large_image","schema":{"@context":"https:\/\/schema.org","@graph":[{"@type":"WebPage","@id":"https:\/\/pharmadreams.shop\/index.php\/product\/huile-vegetale-de-lentisque-10mlml-bio-orient\/","url":"https:\/\/pharmadreams.shop\/index.php\/product\/huile-vegetale-de-lentisque-10mlml-bio-orient\/","name":"Huile v\u00e9g\u00e9tale de lentisque, 10MLml - bio orient - pharmadreams","isPartOf":{"@id":"https:\/\/pharmadreams.shop\/#website"},"primaryImageOfPage":{"@id":"https:\/\/pharmadreams.shop\/index.php\/product\/huile-vegetale-de-lentisque-10mlml-bio-orient\/#primaryimage"},"image":{"@id":"https:\/\/pharmadreams.shop\/index.php\/product\/huile-vegetale-de-lentisque-10mlml-bio-orient\/#primaryimage"},"thumbnailUrl":"https:\/\/pharmadreams.shop\/wp-content\/uploads\/2023\/12\/lenti.png","datePublished":"2023-12-19T18:33:10+00:00","dateModified":"2023-12-19T18:34:06+00:00","breadcrumb":{"@id":"https:\/\/pharmadreams.shop\/index.php\/product\/huile-vegetale-de-lentisque-10mlml-bio-orient\/#breadcrumb"},"inLanguage":"fr-FR","potentialAction":[{"@type":"ReadAction","target":["https:\/\/pharmadreams.shop\/index.php\/product\/huile-vegetale-de-lentisque-10mlml-bio-orient\/"]}]},{"@type":"ImageObject","inLanguage":"fr-FR","@id":"https:\/\/pharmadreams.shop\/index.php\/product\/huile-vegetale-de-lentisque-10mlml-bio-orient\/#primaryimage","url":"https:\/\/pharmadreams.shop\/wp-content\/uploads\/2023\/12\/lenti.png","contentUrl":"https:\/\/pharmadreams.shop\/wp-content\/uploads\/2023\/12\/lenti.png","width":616,"height":704},{"@type":"BreadcrumbList","@id":"https:\/\/pharmadreams.shop\/index.php\/product\/huile-vegetale-de-lentisque-10mlml-bio-orient\/#breadcrumb","itemListElement":[{"@type":"ListItem","position":1,"name":"Accueil","item":"https:\/\/pharmadreams.shop\/"},{"@type":"ListItem","position":2,"name":"Shop","item":"https:\/\/pharmadreams.shop\/index.php\/shop\/"},{"@type":"ListItem","position":3,"name":"Huile v\u00e9g\u00e9tale de lentisque, 10MLml &#8211; bio orient"}]},{"@type":"WebSite","@id":"https:\/\/pharmadreams.shop\/#website","url":"https:\/\/pharmadreams.shop\/","name":"pharmadreams","description":"Parapharmacie en ligne","potentialAction":[{"@type":"SearchAction","target":{"@type":"EntryPoint","urlTemplate":"https:\/\/pharmadreams.shop\/?s={search_term_string}"},"query-input":"required name=search_term_string"}],"inLanguage":"fr-FR"}]}},"_links":{"self":[{"href":"https:\/\/pharmadreams.shop\/index.php\/wp-json\/wp\/v2\/product\/16348","targetHints":{"allow":["GET"]}}],"collection":[{"href":"https:\/\/pharmadreams.shop\/index.php\/wp-json\/wp\/v2\/product"}],"about":[{"href":"https:\/\/pharmadreams.shop\/index.php\/wp-json\/wp\/v2\/types\/product"}],"replies":[{"embeddable":true,"href":"https:\/\/pharmadreams.shop\/index.php\/wp-json\/wp\/v2\/comments?post=16348"}],"version-history":[{"count":0,"href":"https:\/\/pharmadreams.shop\/index.php\/wp-json\/wp\/v2\/product\/16348\/revisions"}],"wp:featuredmedia":[{"embeddable":true,"href":"https:\/\/pharmadreams.shop\/index.php\/wp-json\/wp\/v2\/media\/16415"}],"wp:attachment":[{"href":"https:\/\/pharmadreams.shop\/index.php\/wp-json\/wp\/v2\/media?parent=16348"}],"wp:term":[{"taxonomy":"product_brand","embeddable":true,"href":"https:\/\/pharmadreams.shop\/index.php\/wp-json\/wp\/v2\/product_brand?post=16348"},{"taxonomy":"product_cat","embeddable":true,"href":"https:\/\/pharmadreams.shop\/index.php\/wp-json\/wp\/v2\/product_cat?post=16348"},{"taxonomy":"product_tag","embeddable":true,"href":"https:\/\/pharmadreams.shop\/index.php\/wp-json\/wp\/v2\/product_tag?post=16348"}],"curies":[{"name":"wp","href":"https:\/\/api.w.org\/{rel}","templated":true}]}}