{"id":16355,"date":"2023-12-19T19:33:11","date_gmt":"2023-12-19T18:33:11","guid":{"rendered":"https:\/\/venuspara.com\/?post_type=product&#038;p=16355"},"modified":"2023-12-19T19:34:20","modified_gmt":"2023-12-19T18:34:20","slug":"huile-dabricot-10ml-bio-orient","status":"publish","type":"product","link":"https:\/\/pharmadreams.shop\/index.php\/product\/huile-dabricot-10ml-bio-orient\/","title":{"rendered":"Huile d&rsquo;abricot 10ml &#8211; bio orient"},"content":{"rendered":"","protected":false},"excerpt":{"rendered":"<ul>\n<li>R\u00e9g\u00e9n\u00e9rant et revitalisant, lutte contre les effets du vieillissement<\/li>\n<li>Tonifiante, assouplit les peaux les plus s\u00e8ches<\/li>\n<li>Emolliente, nourrit la peau et contribue ainsi \u00e0 la rendre plus douce<\/li>\n<li>Prot\u00e8ge la peau de la d\u00e9shydratation<\/li>\n<\/ul>\n","protected":false},"featured_media":16429,"comment_status":"open","ping_status":"closed","template":"","meta":[],"product_brand":[],"product_cat":[100,98,79,81],"product_tag":[],"class_list":{"0":"post-16355","1":"product","2":"type-product","3":"status-publish","4":"has-post-thumbnail","6":"product_cat-anti-age","7":"product_cat-hydratation","8":"product_cat-peaux-seches","9":"product_cat-soins-hydratants","11":"first","12":"instock","13":"shipping-taxable","14":"purchasable","15":"product-type-simple"},"yoast_head":"<!-- This site is optimized with the Yoast SEO plugin v23.0 - https:\/\/yoast.com\/wordpress\/plugins\/seo\/ -->\n<title>Huile d&#039;abricot 10ml - bio orient - pharmadreams<\/title>\n<meta name=\"robots\" content=\"index, follow, max-snippet:-1, max-image-preview:large, max-video-preview:-1\" \/>\n<link rel=\"canonical\" href=\"https:\/\/pharmadreams.shop\/index.php\/product\/huile-dabricot-10ml-bio-orient\/\" \/>\n<meta property=\"og:locale\" content=\"fr_FR\" \/>\n<meta property=\"og:type\" content=\"article\" \/>\n<meta property=\"og:title\" content=\"Huile d&#039;abricot 10ml - bio orient - pharmadreams\" \/>\n<meta property=\"og:description\" content=\"R\u00e9g\u00e9n\u00e9rant et revitalisant, lutte contre les effets du vieillissement  Tonifiante, assouplit les peaux les plus s\u00e8ches  Emolliente, nourrit la peau et contribue ainsi \u00e0 la rendre plus douce  Prot\u00e8ge la peau de la d\u00e9shydratation\" \/>\n<meta property=\"og:url\" content=\"https:\/\/pharmadreams.shop\/index.php\/product\/huile-dabricot-10ml-bio-orient\/\" \/>\n<meta property=\"og:site_name\" content=\"pharmadreams\" \/>\n<meta property=\"article:modified_time\" content=\"2023-12-19T18:34:20+00:00\" \/>\n<meta property=\"og:image\" content=\"https:\/\/pharmadreams.shop\/wp-content\/uploads\/2023\/12\/abricot.png\" \/>\n\t<meta property=\"og:image:width\" content=\"662\" \/>\n\t<meta property=\"og:image:height\" content=\"728\" \/>\n\t<meta property=\"og:image:type\" content=\"image\/png\" \/>\n<meta name=\"twitter:card\" content=\"summary_large_image\" \/>\n<script type=\"application\/ld+json\" class=\"yoast-schema-graph\">{\"@context\":\"https:\/\/schema.org\",\"@graph\":[{\"@type\":\"WebPage\",\"@id\":\"https:\/\/pharmadreams.shop\/index.php\/product\/huile-dabricot-10ml-bio-orient\/\",\"url\":\"https:\/\/pharmadreams.shop\/index.php\/product\/huile-dabricot-10ml-bio-orient\/\",\"name\":\"Huile d'abricot 10ml - bio orient - pharmadreams\",\"isPartOf\":{\"@id\":\"https:\/\/pharmadreams.shop\/#website\"},\"primaryImageOfPage\":{\"@id\":\"https:\/\/pharmadreams.shop\/index.php\/product\/huile-dabricot-10ml-bio-orient\/#primaryimage\"},\"image\":{\"@id\":\"https:\/\/pharmadreams.shop\/index.php\/product\/huile-dabricot-10ml-bio-orient\/#primaryimage\"},\"thumbnailUrl\":\"https:\/\/pharmadreams.shop\/wp-content\/uploads\/2023\/12\/abricot.png\",\"datePublished\":\"2023-12-19T18:33:11+00:00\",\"dateModified\":\"2023-12-19T18:34:20+00:00\",\"breadcrumb\":{\"@id\":\"https:\/\/pharmadreams.shop\/index.php\/product\/huile-dabricot-10ml-bio-orient\/#breadcrumb\"},\"inLanguage\":\"fr-FR\",\"potentialAction\":[{\"@type\":\"ReadAction\",\"target\":[\"https:\/\/pharmadreams.shop\/index.php\/product\/huile-dabricot-10ml-bio-orient\/\"]}]},{\"@type\":\"ImageObject\",\"inLanguage\":\"fr-FR\",\"@id\":\"https:\/\/pharmadreams.shop\/index.php\/product\/huile-dabricot-10ml-bio-orient\/#primaryimage\",\"url\":\"https:\/\/pharmadreams.shop\/wp-content\/uploads\/2023\/12\/abricot.png\",\"contentUrl\":\"https:\/\/pharmadreams.shop\/wp-content\/uploads\/2023\/12\/abricot.png\",\"width\":662,\"height\":728},{\"@type\":\"BreadcrumbList\",\"@id\":\"https:\/\/pharmadreams.shop\/index.php\/product\/huile-dabricot-10ml-bio-orient\/#breadcrumb\",\"itemListElement\":[{\"@type\":\"ListItem\",\"position\":1,\"name\":\"Accueil\",\"item\":\"https:\/\/pharmadreams.shop\/\"},{\"@type\":\"ListItem\",\"position\":2,\"name\":\"Shop\",\"item\":\"https:\/\/pharmadreams.shop\/index.php\/shop\/\"},{\"@type\":\"ListItem\",\"position\":3,\"name\":\"Huile d&#8217;abricot 10ml &#8211; bio orient\"}]},{\"@type\":\"WebSite\",\"@id\":\"https:\/\/pharmadreams.shop\/#website\",\"url\":\"https:\/\/pharmadreams.shop\/\",\"name\":\"pharmadreams\",\"description\":\"Parapharmacie en ligne\",\"potentialAction\":[{\"@type\":\"SearchAction\",\"target\":{\"@type\":\"EntryPoint\",\"urlTemplate\":\"https:\/\/pharmadreams.shop\/?s={search_term_string}\"},\"query-input\":\"required name=search_term_string\"}],\"inLanguage\":\"fr-FR\"}]}<\/script>\n<!-- \/ Yoast SEO plugin. -->","yoast_head_json":{"title":"Huile d'abricot 10ml - bio orient - pharmadreams","robots":{"index":"index","follow":"follow","max-snippet":"max-snippet:-1","max-image-preview":"max-image-preview:large","max-video-preview":"max-video-preview:-1"},"canonical":"https:\/\/pharmadreams.shop\/index.php\/product\/huile-dabricot-10ml-bio-orient\/","og_locale":"fr_FR","og_type":"article","og_title":"Huile d'abricot 10ml - bio orient - pharmadreams","og_description":"R\u00e9g\u00e9n\u00e9rant et revitalisant, lutte contre les effets du vieillissement  Tonifiante, assouplit les peaux les plus s\u00e8ches  Emolliente, nourrit la peau et contribue ainsi \u00e0 la rendre plus douce  Prot\u00e8ge la peau de la d\u00e9shydratation","og_url":"https:\/\/pharmadreams.shop\/index.php\/product\/huile-dabricot-10ml-bio-orient\/","og_site_name":"pharmadreams","article_modified_time":"2023-12-19T18:34:20+00:00","og_image":[{"width":662,"height":728,"url":"https:\/\/pharmadreams.shop\/wp-content\/uploads\/2023\/12\/abricot.png","type":"image\/png"}],"twitter_card":"summary_large_image","schema":{"@context":"https:\/\/schema.org","@graph":[{"@type":"WebPage","@id":"https:\/\/pharmadreams.shop\/index.php\/product\/huile-dabricot-10ml-bio-orient\/","url":"https:\/\/pharmadreams.shop\/index.php\/product\/huile-dabricot-10ml-bio-orient\/","name":"Huile d'abricot 10ml - bio orient - pharmadreams","isPartOf":{"@id":"https:\/\/pharmadreams.shop\/#website"},"primaryImageOfPage":{"@id":"https:\/\/pharmadreams.shop\/index.php\/product\/huile-dabricot-10ml-bio-orient\/#primaryimage"},"image":{"@id":"https:\/\/pharmadreams.shop\/index.php\/product\/huile-dabricot-10ml-bio-orient\/#primaryimage"},"thumbnailUrl":"https:\/\/pharmadreams.shop\/wp-content\/uploads\/2023\/12\/abricot.png","datePublished":"2023-12-19T18:33:11+00:00","dateModified":"2023-12-19T18:34:20+00:00","breadcrumb":{"@id":"https:\/\/pharmadreams.shop\/index.php\/product\/huile-dabricot-10ml-bio-orient\/#breadcrumb"},"inLanguage":"fr-FR","potentialAction":[{"@type":"ReadAction","target":["https:\/\/pharmadreams.shop\/index.php\/product\/huile-dabricot-10ml-bio-orient\/"]}]},{"@type":"ImageObject","inLanguage":"fr-FR","@id":"https:\/\/pharmadreams.shop\/index.php\/product\/huile-dabricot-10ml-bio-orient\/#primaryimage","url":"https:\/\/pharmadreams.shop\/wp-content\/uploads\/2023\/12\/abricot.png","contentUrl":"https:\/\/pharmadreams.shop\/wp-content\/uploads\/2023\/12\/abricot.png","width":662,"height":728},{"@type":"BreadcrumbList","@id":"https:\/\/pharmadreams.shop\/index.php\/product\/huile-dabricot-10ml-bio-orient\/#breadcrumb","itemListElement":[{"@type":"ListItem","position":1,"name":"Accueil","item":"https:\/\/pharmadreams.shop\/"},{"@type":"ListItem","position":2,"name":"Shop","item":"https:\/\/pharmadreams.shop\/index.php\/shop\/"},{"@type":"ListItem","position":3,"name":"Huile d&#8217;abricot 10ml &#8211; bio orient"}]},{"@type":"WebSite","@id":"https:\/\/pharmadreams.shop\/#website","url":"https:\/\/pharmadreams.shop\/","name":"pharmadreams","description":"Parapharmacie en ligne","potentialAction":[{"@type":"SearchAction","target":{"@type":"EntryPoint","urlTemplate":"https:\/\/pharmadreams.shop\/?s={search_term_string}"},"query-input":"required name=search_term_string"}],"inLanguage":"fr-FR"}]}},"_links":{"self":[{"href":"https:\/\/pharmadreams.shop\/index.php\/wp-json\/wp\/v2\/product\/16355","targetHints":{"allow":["GET"]}}],"collection":[{"href":"https:\/\/pharmadreams.shop\/index.php\/wp-json\/wp\/v2\/product"}],"about":[{"href":"https:\/\/pharmadreams.shop\/index.php\/wp-json\/wp\/v2\/types\/product"}],"replies":[{"embeddable":true,"href":"https:\/\/pharmadreams.shop\/index.php\/wp-json\/wp\/v2\/comments?post=16355"}],"version-history":[{"count":0,"href":"https:\/\/pharmadreams.shop\/index.php\/wp-json\/wp\/v2\/product\/16355\/revisions"}],"wp:featuredmedia":[{"embeddable":true,"href":"https:\/\/pharmadreams.shop\/index.php\/wp-json\/wp\/v2\/media\/16429"}],"wp:attachment":[{"href":"https:\/\/pharmadreams.shop\/index.php\/wp-json\/wp\/v2\/media?parent=16355"}],"wp:term":[{"taxonomy":"product_brand","embeddable":true,"href":"https:\/\/pharmadreams.shop\/index.php\/wp-json\/wp\/v2\/product_brand?post=16355"},{"taxonomy":"product_cat","embeddable":true,"href":"https:\/\/pharmadreams.shop\/index.php\/wp-json\/wp\/v2\/product_cat?post=16355"},{"taxonomy":"product_tag","embeddable":true,"href":"https:\/\/pharmadreams.shop\/index.php\/wp-json\/wp\/v2\/product_tag?post=16355"}],"curies":[{"name":"wp","href":"https:\/\/api.w.org\/{rel}","templated":true}]}}