{"id":16356,"date":"2023-12-19T19:33:11","date_gmt":"2023-12-19T18:33:11","guid":{"rendered":"https:\/\/venuspara.com\/?post_type=product&#038;p=16356"},"modified":"2023-12-19T19:34:26","modified_gmt":"2023-12-19T18:34:26","slug":"huile-de-fenugrec-10ml-bio-orient","status":"publish","type":"product","link":"https:\/\/pharmadreams.shop\/index.php\/product\/huile-de-fenugrec-10ml-bio-orient\/","title":{"rendered":"Huile de fenugrec 10ml &#8211; bio orient"},"content":{"rendered":"","protected":false},"excerpt":{"rendered":"<p>Bio Orient Huile de Fenugrec, 10ml<\/p>\n<ul>\n<li>Lutte contre les \u00e9tats de maigreur<\/li>\n<li>Stimule les contractions ut\u00e9rines et la lactation<\/li>\n<li>Fortifie le m\u00e9tabolisme des personnes anorexiques\u00a0an\u00e9miques ou d\u00e9prim\u00e9es<\/li>\n<li>Vertus antidiab\u00e9tiques<\/li>\n<li>Anti-ulc\u00e8re gastrique<\/li>\n<\/ul>\n","protected":false},"featured_media":16442,"comment_status":"open","ping_status":"closed","template":"","meta":[],"product_brand":[],"product_cat":[144,145],"product_tag":[],"class_list":{"0":"post-16356","1":"product","2":"type-product","3":"status-publish","4":"has-post-thumbnail","6":"product_cat-anti-ulcere","7":"product_cat-etats-de-maigreur","9":"first","10":"instock","11":"shipping-taxable","12":"purchasable","13":"product-type-simple"},"yoast_head":"<!-- This site is optimized with the Yoast SEO plugin v23.0 - https:\/\/yoast.com\/wordpress\/plugins\/seo\/ -->\n<title>Huile de fenugrec 10ml - bio orient - pharmadreams<\/title>\n<meta name=\"robots\" content=\"index, follow, max-snippet:-1, max-image-preview:large, max-video-preview:-1\" \/>\n<link rel=\"canonical\" href=\"https:\/\/pharmadreams.shop\/index.php\/product\/huile-de-fenugrec-10ml-bio-orient\/\" \/>\n<meta property=\"og:locale\" content=\"fr_FR\" \/>\n<meta property=\"og:type\" content=\"article\" \/>\n<meta property=\"og:title\" content=\"Huile de fenugrec 10ml - bio orient - pharmadreams\" \/>\n<meta property=\"og:description\" content=\"Bio Orient Huile de Fenugrec, 10ml   Lutte contre les \u00e9tats de maigreur  Stimule les contractions ut\u00e9rines et la lactation  Fortifie le m\u00e9tabolisme des personnes anorexiques\u00a0an\u00e9miques ou d\u00e9prim\u00e9es  Vertus antidiab\u00e9tiques  Anti-ulc\u00e8re gastrique\" \/>\n<meta property=\"og:url\" content=\"https:\/\/pharmadreams.shop\/index.php\/product\/huile-de-fenugrec-10ml-bio-orient\/\" \/>\n<meta property=\"og:site_name\" content=\"pharmadreams\" \/>\n<meta property=\"article:modified_time\" content=\"2023-12-19T18:34:26+00:00\" \/>\n<meta property=\"og:image\" content=\"https:\/\/pharmadreams.shop\/wp-content\/uploads\/2023\/12\/fenugrec.png\" \/>\n\t<meta property=\"og:image:width\" content=\"504\" \/>\n\t<meta property=\"og:image:height\" content=\"640\" \/>\n\t<meta property=\"og:image:type\" content=\"image\/png\" \/>\n<meta name=\"twitter:card\" content=\"summary_large_image\" \/>\n<script type=\"application\/ld+json\" class=\"yoast-schema-graph\">{\"@context\":\"https:\/\/schema.org\",\"@graph\":[{\"@type\":\"WebPage\",\"@id\":\"https:\/\/pharmadreams.shop\/index.php\/product\/huile-de-fenugrec-10ml-bio-orient\/\",\"url\":\"https:\/\/pharmadreams.shop\/index.php\/product\/huile-de-fenugrec-10ml-bio-orient\/\",\"name\":\"Huile de fenugrec 10ml - bio orient - pharmadreams\",\"isPartOf\":{\"@id\":\"https:\/\/pharmadreams.shop\/#website\"},\"primaryImageOfPage\":{\"@id\":\"https:\/\/pharmadreams.shop\/index.php\/product\/huile-de-fenugrec-10ml-bio-orient\/#primaryimage\"},\"image\":{\"@id\":\"https:\/\/pharmadreams.shop\/index.php\/product\/huile-de-fenugrec-10ml-bio-orient\/#primaryimage\"},\"thumbnailUrl\":\"https:\/\/pharmadreams.shop\/wp-content\/uploads\/2023\/12\/fenugrec.png\",\"datePublished\":\"2023-12-19T18:33:11+00:00\",\"dateModified\":\"2023-12-19T18:34:26+00:00\",\"breadcrumb\":{\"@id\":\"https:\/\/pharmadreams.shop\/index.php\/product\/huile-de-fenugrec-10ml-bio-orient\/#breadcrumb\"},\"inLanguage\":\"fr-FR\",\"potentialAction\":[{\"@type\":\"ReadAction\",\"target\":[\"https:\/\/pharmadreams.shop\/index.php\/product\/huile-de-fenugrec-10ml-bio-orient\/\"]}]},{\"@type\":\"ImageObject\",\"inLanguage\":\"fr-FR\",\"@id\":\"https:\/\/pharmadreams.shop\/index.php\/product\/huile-de-fenugrec-10ml-bio-orient\/#primaryimage\",\"url\":\"https:\/\/pharmadreams.shop\/wp-content\/uploads\/2023\/12\/fenugrec.png\",\"contentUrl\":\"https:\/\/pharmadreams.shop\/wp-content\/uploads\/2023\/12\/fenugrec.png\",\"width\":504,\"height\":640},{\"@type\":\"BreadcrumbList\",\"@id\":\"https:\/\/pharmadreams.shop\/index.php\/product\/huile-de-fenugrec-10ml-bio-orient\/#breadcrumb\",\"itemListElement\":[{\"@type\":\"ListItem\",\"position\":1,\"name\":\"Accueil\",\"item\":\"https:\/\/pharmadreams.shop\/\"},{\"@type\":\"ListItem\",\"position\":2,\"name\":\"Shop\",\"item\":\"https:\/\/pharmadreams.shop\/index.php\/shop\/\"},{\"@type\":\"ListItem\",\"position\":3,\"name\":\"Huile de fenugrec 10ml &#8211; bio orient\"}]},{\"@type\":\"WebSite\",\"@id\":\"https:\/\/pharmadreams.shop\/#website\",\"url\":\"https:\/\/pharmadreams.shop\/\",\"name\":\"pharmadreams\",\"description\":\"Parapharmacie en ligne\",\"potentialAction\":[{\"@type\":\"SearchAction\",\"target\":{\"@type\":\"EntryPoint\",\"urlTemplate\":\"https:\/\/pharmadreams.shop\/?s={search_term_string}\"},\"query-input\":\"required name=search_term_string\"}],\"inLanguage\":\"fr-FR\"}]}<\/script>\n<!-- \/ Yoast SEO plugin. -->","yoast_head_json":{"title":"Huile de fenugrec 10ml - bio orient - pharmadreams","robots":{"index":"index","follow":"follow","max-snippet":"max-snippet:-1","max-image-preview":"max-image-preview:large","max-video-preview":"max-video-preview:-1"},"canonical":"https:\/\/pharmadreams.shop\/index.php\/product\/huile-de-fenugrec-10ml-bio-orient\/","og_locale":"fr_FR","og_type":"article","og_title":"Huile de fenugrec 10ml - bio orient - pharmadreams","og_description":"Bio Orient Huile de Fenugrec, 10ml   Lutte contre les \u00e9tats de maigreur  Stimule les contractions ut\u00e9rines et la lactation  Fortifie le m\u00e9tabolisme des personnes anorexiques\u00a0an\u00e9miques ou d\u00e9prim\u00e9es  Vertus antidiab\u00e9tiques  Anti-ulc\u00e8re gastrique","og_url":"https:\/\/pharmadreams.shop\/index.php\/product\/huile-de-fenugrec-10ml-bio-orient\/","og_site_name":"pharmadreams","article_modified_time":"2023-12-19T18:34:26+00:00","og_image":[{"width":504,"height":640,"url":"https:\/\/pharmadreams.shop\/wp-content\/uploads\/2023\/12\/fenugrec.png","type":"image\/png"}],"twitter_card":"summary_large_image","schema":{"@context":"https:\/\/schema.org","@graph":[{"@type":"WebPage","@id":"https:\/\/pharmadreams.shop\/index.php\/product\/huile-de-fenugrec-10ml-bio-orient\/","url":"https:\/\/pharmadreams.shop\/index.php\/product\/huile-de-fenugrec-10ml-bio-orient\/","name":"Huile de fenugrec 10ml - bio orient - pharmadreams","isPartOf":{"@id":"https:\/\/pharmadreams.shop\/#website"},"primaryImageOfPage":{"@id":"https:\/\/pharmadreams.shop\/index.php\/product\/huile-de-fenugrec-10ml-bio-orient\/#primaryimage"},"image":{"@id":"https:\/\/pharmadreams.shop\/index.php\/product\/huile-de-fenugrec-10ml-bio-orient\/#primaryimage"},"thumbnailUrl":"https:\/\/pharmadreams.shop\/wp-content\/uploads\/2023\/12\/fenugrec.png","datePublished":"2023-12-19T18:33:11+00:00","dateModified":"2023-12-19T18:34:26+00:00","breadcrumb":{"@id":"https:\/\/pharmadreams.shop\/index.php\/product\/huile-de-fenugrec-10ml-bio-orient\/#breadcrumb"},"inLanguage":"fr-FR","potentialAction":[{"@type":"ReadAction","target":["https:\/\/pharmadreams.shop\/index.php\/product\/huile-de-fenugrec-10ml-bio-orient\/"]}]},{"@type":"ImageObject","inLanguage":"fr-FR","@id":"https:\/\/pharmadreams.shop\/index.php\/product\/huile-de-fenugrec-10ml-bio-orient\/#primaryimage","url":"https:\/\/pharmadreams.shop\/wp-content\/uploads\/2023\/12\/fenugrec.png","contentUrl":"https:\/\/pharmadreams.shop\/wp-content\/uploads\/2023\/12\/fenugrec.png","width":504,"height":640},{"@type":"BreadcrumbList","@id":"https:\/\/pharmadreams.shop\/index.php\/product\/huile-de-fenugrec-10ml-bio-orient\/#breadcrumb","itemListElement":[{"@type":"ListItem","position":1,"name":"Accueil","item":"https:\/\/pharmadreams.shop\/"},{"@type":"ListItem","position":2,"name":"Shop","item":"https:\/\/pharmadreams.shop\/index.php\/shop\/"},{"@type":"ListItem","position":3,"name":"Huile de fenugrec 10ml &#8211; bio orient"}]},{"@type":"WebSite","@id":"https:\/\/pharmadreams.shop\/#website","url":"https:\/\/pharmadreams.shop\/","name":"pharmadreams","description":"Parapharmacie en ligne","potentialAction":[{"@type":"SearchAction","target":{"@type":"EntryPoint","urlTemplate":"https:\/\/pharmadreams.shop\/?s={search_term_string}"},"query-input":"required name=search_term_string"}],"inLanguage":"fr-FR"}]}},"_links":{"self":[{"href":"https:\/\/pharmadreams.shop\/index.php\/wp-json\/wp\/v2\/product\/16356","targetHints":{"allow":["GET"]}}],"collection":[{"href":"https:\/\/pharmadreams.shop\/index.php\/wp-json\/wp\/v2\/product"}],"about":[{"href":"https:\/\/pharmadreams.shop\/index.php\/wp-json\/wp\/v2\/types\/product"}],"replies":[{"embeddable":true,"href":"https:\/\/pharmadreams.shop\/index.php\/wp-json\/wp\/v2\/comments?post=16356"}],"version-history":[{"count":0,"href":"https:\/\/pharmadreams.shop\/index.php\/wp-json\/wp\/v2\/product\/16356\/revisions"}],"wp:featuredmedia":[{"embeddable":true,"href":"https:\/\/pharmadreams.shop\/index.php\/wp-json\/wp\/v2\/media\/16442"}],"wp:attachment":[{"href":"https:\/\/pharmadreams.shop\/index.php\/wp-json\/wp\/v2\/media?parent=16356"}],"wp:term":[{"taxonomy":"product_brand","embeddable":true,"href":"https:\/\/pharmadreams.shop\/index.php\/wp-json\/wp\/v2\/product_brand?post=16356"},{"taxonomy":"product_cat","embeddable":true,"href":"https:\/\/pharmadreams.shop\/index.php\/wp-json\/wp\/v2\/product_cat?post=16356"},{"taxonomy":"product_tag","embeddable":true,"href":"https:\/\/pharmadreams.shop\/index.php\/wp-json\/wp\/v2\/product_tag?post=16356"}],"curies":[{"name":"wp","href":"https:\/\/api.w.org\/{rel}","templated":true}]}}