{"id":16357,"date":"2023-12-19T19:33:11","date_gmt":"2023-12-19T18:33:11","guid":{"rendered":"https:\/\/venuspara.com\/?post_type=product&#038;p=16357"},"modified":"2023-12-19T19:34:31","modified_gmt":"2023-12-19T18:34:31","slug":"huile-vegetale-de-pepins-de-figue-de-barbarie-bio-10ml-bio-orient","status":"publish","type":"product","link":"https:\/\/pharmadreams.shop\/index.php\/product\/huile-vegetale-de-pepins-de-figue-de-barbarie-bio-10ml-bio-orient\/","title":{"rendered":"Huile v\u00e9g\u00e9tale de p\u00e9pins de figue de barbarie bio 10ml &#8211; bio orient"},"content":{"rendered":"","protected":false},"excerpt":{"rendered":"<p>Un pouvoir anti-\u00e2ge hors du commun, c&rsquo;est en effet l&rsquo;une des nombreuses vertus de cette huile. Gr\u00e2ce \u00e0 sa teneur exceptionnelle en vitamine E et en acide gras essentiel Om\u00e9ga 6. L&rsquo;huile de p\u00e9pins de figue de barbarie est un :<\/p>\n<ul>\n<li>Antioxydant puissant qui freine le vieillissement des cellules, stimule leur renouvellement et aide \u00e0 se prot\u00e9ger des radicaux libres.<\/li>\n<li>Antirides, att\u00e9nue le nombre et la profondeur des rides et des ridules ainsi que les poches et les cernes sous les yeux.<\/li>\n<li>Att\u00e9nue les rougeurs (rosacea), calme les coups de soleil.<\/li>\n<li>Restructurant, cicatrisante, r\u00e9paratrice, elle a une action positive sur les cicatrices.<\/li>\n<li>Raffermissant et procure un effet lissant &#8211; c&rsquo;est un excellent tenseur. Resserre les pores de la peau redonne \u00e0 la peau, du visage et du buste, tonus et fermet\u00e9.<\/li>\n<li>Hydratante, nourrissante, son action \u00e9molliente va assouplir et adoucir la peau en profondeur<\/li>\n<\/ul>\n","protected":false},"featured_media":16444,"comment_status":"open","ping_status":"closed","template":"","meta":[],"product_brand":[],"product_cat":[146,86,131],"product_tag":[],"class_list":{"0":"post-16357","1":"product","2":"type-product","3":"status-publish","4":"has-post-thumbnail","6":"product_cat-antioxydant","7":"product_cat-peaux-sensibles-et-rougeurs","8":"product_cat-traitement-de-cicatrices","10":"first","11":"instock","12":"shipping-taxable","13":"purchasable","14":"product-type-simple"},"yoast_head":"<!-- This site is optimized with the Yoast SEO plugin v23.0 - https:\/\/yoast.com\/wordpress\/plugins\/seo\/ -->\n<title>Huile v\u00e9g\u00e9tale de p\u00e9pins de figue de barbarie bio 10ml - bio orient - pharmadreams<\/title>\n<meta name=\"robots\" content=\"index, follow, max-snippet:-1, max-image-preview:large, max-video-preview:-1\" \/>\n<link rel=\"canonical\" href=\"https:\/\/pharmadreams.shop\/index.php\/product\/huile-vegetale-de-pepins-de-figue-de-barbarie-bio-10ml-bio-orient\/\" \/>\n<meta property=\"og:locale\" content=\"fr_FR\" \/>\n<meta property=\"og:type\" content=\"article\" \/>\n<meta property=\"og:title\" content=\"Huile v\u00e9g\u00e9tale de p\u00e9pins de figue de barbarie bio 10ml - bio orient - pharmadreams\" \/>\n<meta property=\"og:description\" content=\"Un pouvoir anti-\u00e2ge hors du commun, c&#039;est en effet l&#039;une des nombreuses vertus de cette huile. Gr\u00e2ce \u00e0 sa teneur exceptionnelle en vitamine E et en acide gras essentiel Om\u00e9ga 6. L&#039;huile de p\u00e9pins de figue de barbarie est un :   Antioxydant puissant qui freine le vieillissement des cellules, stimule leur renouvellement et aide \u00e0 se prot\u00e9ger des radicaux libres.  Antirides, att\u00e9nue le nombre et la profondeur des rides et des ridules ainsi que les poches et les cernes sous les yeux.  Att\u00e9nue les rougeurs (rosacea), calme les coups de soleil.  Restructurant, cicatrisante, r\u00e9paratrice, elle a une action positive sur les cicatrices.  Raffermissant et procure un effet lissant - c&#039;est un excellent tenseur. Resserre les pores de la peau redonne \u00e0 la peau, du visage et du buste, tonus et fermet\u00e9.  Hydratante, nourrissante, son action \u00e9molliente va assouplir et adoucir la peau en profondeur\" \/>\n<meta property=\"og:url\" content=\"https:\/\/pharmadreams.shop\/index.php\/product\/huile-vegetale-de-pepins-de-figue-de-barbarie-bio-10ml-bio-orient\/\" \/>\n<meta property=\"og:site_name\" content=\"pharmadreams\" \/>\n<meta property=\"article:modified_time\" content=\"2023-12-19T18:34:31+00:00\" \/>\n<meta property=\"og:image\" content=\"https:\/\/pharmadreams.shop\/wp-content\/uploads\/2023\/12\/figue.png\" \/>\n\t<meta property=\"og:image:width\" content=\"2284\" \/>\n\t<meta property=\"og:image:height\" content=\"2430\" \/>\n\t<meta property=\"og:image:type\" content=\"image\/png\" \/>\n<meta name=\"twitter:card\" content=\"summary_large_image\" \/>\n<script type=\"application\/ld+json\" class=\"yoast-schema-graph\">{\"@context\":\"https:\/\/schema.org\",\"@graph\":[{\"@type\":\"WebPage\",\"@id\":\"https:\/\/pharmadreams.shop\/index.php\/product\/huile-vegetale-de-pepins-de-figue-de-barbarie-bio-10ml-bio-orient\/\",\"url\":\"https:\/\/pharmadreams.shop\/index.php\/product\/huile-vegetale-de-pepins-de-figue-de-barbarie-bio-10ml-bio-orient\/\",\"name\":\"Huile v\u00e9g\u00e9tale de p\u00e9pins de figue de barbarie bio 10ml - bio orient - pharmadreams\",\"isPartOf\":{\"@id\":\"https:\/\/pharmadreams.shop\/#website\"},\"primaryImageOfPage\":{\"@id\":\"https:\/\/pharmadreams.shop\/index.php\/product\/huile-vegetale-de-pepins-de-figue-de-barbarie-bio-10ml-bio-orient\/#primaryimage\"},\"image\":{\"@id\":\"https:\/\/pharmadreams.shop\/index.php\/product\/huile-vegetale-de-pepins-de-figue-de-barbarie-bio-10ml-bio-orient\/#primaryimage\"},\"thumbnailUrl\":\"https:\/\/pharmadreams.shop\/wp-content\/uploads\/2023\/12\/figue.png\",\"datePublished\":\"2023-12-19T18:33:11+00:00\",\"dateModified\":\"2023-12-19T18:34:31+00:00\",\"breadcrumb\":{\"@id\":\"https:\/\/pharmadreams.shop\/index.php\/product\/huile-vegetale-de-pepins-de-figue-de-barbarie-bio-10ml-bio-orient\/#breadcrumb\"},\"inLanguage\":\"fr-FR\",\"potentialAction\":[{\"@type\":\"ReadAction\",\"target\":[\"https:\/\/pharmadreams.shop\/index.php\/product\/huile-vegetale-de-pepins-de-figue-de-barbarie-bio-10ml-bio-orient\/\"]}]},{\"@type\":\"ImageObject\",\"inLanguage\":\"fr-FR\",\"@id\":\"https:\/\/pharmadreams.shop\/index.php\/product\/huile-vegetale-de-pepins-de-figue-de-barbarie-bio-10ml-bio-orient\/#primaryimage\",\"url\":\"https:\/\/pharmadreams.shop\/wp-content\/uploads\/2023\/12\/figue.png\",\"contentUrl\":\"https:\/\/pharmadreams.shop\/wp-content\/uploads\/2023\/12\/figue.png\",\"width\":2284,\"height\":2430},{\"@type\":\"BreadcrumbList\",\"@id\":\"https:\/\/pharmadreams.shop\/index.php\/product\/huile-vegetale-de-pepins-de-figue-de-barbarie-bio-10ml-bio-orient\/#breadcrumb\",\"itemListElement\":[{\"@type\":\"ListItem\",\"position\":1,\"name\":\"Accueil\",\"item\":\"https:\/\/pharmadreams.shop\/\"},{\"@type\":\"ListItem\",\"position\":2,\"name\":\"Shop\",\"item\":\"https:\/\/pharmadreams.shop\/index.php\/shop\/\"},{\"@type\":\"ListItem\",\"position\":3,\"name\":\"Huile v\u00e9g\u00e9tale de p\u00e9pins de figue de barbarie bio 10ml &#8211; bio orient\"}]},{\"@type\":\"WebSite\",\"@id\":\"https:\/\/pharmadreams.shop\/#website\",\"url\":\"https:\/\/pharmadreams.shop\/\",\"name\":\"pharmadreams\",\"description\":\"Parapharmacie en ligne\",\"potentialAction\":[{\"@type\":\"SearchAction\",\"target\":{\"@type\":\"EntryPoint\",\"urlTemplate\":\"https:\/\/pharmadreams.shop\/?s={search_term_string}\"},\"query-input\":\"required name=search_term_string\"}],\"inLanguage\":\"fr-FR\"}]}<\/script>\n<!-- \/ Yoast SEO plugin. -->","yoast_head_json":{"title":"Huile v\u00e9g\u00e9tale de p\u00e9pins de figue de barbarie bio 10ml - bio orient - pharmadreams","robots":{"index":"index","follow":"follow","max-snippet":"max-snippet:-1","max-image-preview":"max-image-preview:large","max-video-preview":"max-video-preview:-1"},"canonical":"https:\/\/pharmadreams.shop\/index.php\/product\/huile-vegetale-de-pepins-de-figue-de-barbarie-bio-10ml-bio-orient\/","og_locale":"fr_FR","og_type":"article","og_title":"Huile v\u00e9g\u00e9tale de p\u00e9pins de figue de barbarie bio 10ml - bio orient - pharmadreams","og_description":"Un pouvoir anti-\u00e2ge hors du commun, c'est en effet l'une des nombreuses vertus de cette huile. Gr\u00e2ce \u00e0 sa teneur exceptionnelle en vitamine E et en acide gras essentiel Om\u00e9ga 6. L'huile de p\u00e9pins de figue de barbarie est un :   Antioxydant puissant qui freine le vieillissement des cellules, stimule leur renouvellement et aide \u00e0 se prot\u00e9ger des radicaux libres.  Antirides, att\u00e9nue le nombre et la profondeur des rides et des ridules ainsi que les poches et les cernes sous les yeux.  Att\u00e9nue les rougeurs (rosacea), calme les coups de soleil.  Restructurant, cicatrisante, r\u00e9paratrice, elle a une action positive sur les cicatrices.  Raffermissant et procure un effet lissant - c'est un excellent tenseur. Resserre les pores de la peau redonne \u00e0 la peau, du visage et du buste, tonus et fermet\u00e9.  Hydratante, nourrissante, son action \u00e9molliente va assouplir et adoucir la peau en profondeur","og_url":"https:\/\/pharmadreams.shop\/index.php\/product\/huile-vegetale-de-pepins-de-figue-de-barbarie-bio-10ml-bio-orient\/","og_site_name":"pharmadreams","article_modified_time":"2023-12-19T18:34:31+00:00","og_image":[{"width":2284,"height":2430,"url":"https:\/\/pharmadreams.shop\/wp-content\/uploads\/2023\/12\/figue.png","type":"image\/png"}],"twitter_card":"summary_large_image","schema":{"@context":"https:\/\/schema.org","@graph":[{"@type":"WebPage","@id":"https:\/\/pharmadreams.shop\/index.php\/product\/huile-vegetale-de-pepins-de-figue-de-barbarie-bio-10ml-bio-orient\/","url":"https:\/\/pharmadreams.shop\/index.php\/product\/huile-vegetale-de-pepins-de-figue-de-barbarie-bio-10ml-bio-orient\/","name":"Huile v\u00e9g\u00e9tale de p\u00e9pins de figue de barbarie bio 10ml - bio orient - pharmadreams","isPartOf":{"@id":"https:\/\/pharmadreams.shop\/#website"},"primaryImageOfPage":{"@id":"https:\/\/pharmadreams.shop\/index.php\/product\/huile-vegetale-de-pepins-de-figue-de-barbarie-bio-10ml-bio-orient\/#primaryimage"},"image":{"@id":"https:\/\/pharmadreams.shop\/index.php\/product\/huile-vegetale-de-pepins-de-figue-de-barbarie-bio-10ml-bio-orient\/#primaryimage"},"thumbnailUrl":"https:\/\/pharmadreams.shop\/wp-content\/uploads\/2023\/12\/figue.png","datePublished":"2023-12-19T18:33:11+00:00","dateModified":"2023-12-19T18:34:31+00:00","breadcrumb":{"@id":"https:\/\/pharmadreams.shop\/index.php\/product\/huile-vegetale-de-pepins-de-figue-de-barbarie-bio-10ml-bio-orient\/#breadcrumb"},"inLanguage":"fr-FR","potentialAction":[{"@type":"ReadAction","target":["https:\/\/pharmadreams.shop\/index.php\/product\/huile-vegetale-de-pepins-de-figue-de-barbarie-bio-10ml-bio-orient\/"]}]},{"@type":"ImageObject","inLanguage":"fr-FR","@id":"https:\/\/pharmadreams.shop\/index.php\/product\/huile-vegetale-de-pepins-de-figue-de-barbarie-bio-10ml-bio-orient\/#primaryimage","url":"https:\/\/pharmadreams.shop\/wp-content\/uploads\/2023\/12\/figue.png","contentUrl":"https:\/\/pharmadreams.shop\/wp-content\/uploads\/2023\/12\/figue.png","width":2284,"height":2430},{"@type":"BreadcrumbList","@id":"https:\/\/pharmadreams.shop\/index.php\/product\/huile-vegetale-de-pepins-de-figue-de-barbarie-bio-10ml-bio-orient\/#breadcrumb","itemListElement":[{"@type":"ListItem","position":1,"name":"Accueil","item":"https:\/\/pharmadreams.shop\/"},{"@type":"ListItem","position":2,"name":"Shop","item":"https:\/\/pharmadreams.shop\/index.php\/shop\/"},{"@type":"ListItem","position":3,"name":"Huile v\u00e9g\u00e9tale de p\u00e9pins de figue de barbarie bio 10ml &#8211; bio orient"}]},{"@type":"WebSite","@id":"https:\/\/pharmadreams.shop\/#website","url":"https:\/\/pharmadreams.shop\/","name":"pharmadreams","description":"Parapharmacie en ligne","potentialAction":[{"@type":"SearchAction","target":{"@type":"EntryPoint","urlTemplate":"https:\/\/pharmadreams.shop\/?s={search_term_string}"},"query-input":"required name=search_term_string"}],"inLanguage":"fr-FR"}]}},"_links":{"self":[{"href":"https:\/\/pharmadreams.shop\/index.php\/wp-json\/wp\/v2\/product\/16357","targetHints":{"allow":["GET"]}}],"collection":[{"href":"https:\/\/pharmadreams.shop\/index.php\/wp-json\/wp\/v2\/product"}],"about":[{"href":"https:\/\/pharmadreams.shop\/index.php\/wp-json\/wp\/v2\/types\/product"}],"replies":[{"embeddable":true,"href":"https:\/\/pharmadreams.shop\/index.php\/wp-json\/wp\/v2\/comments?post=16357"}],"version-history":[{"count":0,"href":"https:\/\/pharmadreams.shop\/index.php\/wp-json\/wp\/v2\/product\/16357\/revisions"}],"wp:featuredmedia":[{"embeddable":true,"href":"https:\/\/pharmadreams.shop\/index.php\/wp-json\/wp\/v2\/media\/16444"}],"wp:attachment":[{"href":"https:\/\/pharmadreams.shop\/index.php\/wp-json\/wp\/v2\/media?parent=16357"}],"wp:term":[{"taxonomy":"product_brand","embeddable":true,"href":"https:\/\/pharmadreams.shop\/index.php\/wp-json\/wp\/v2\/product_brand?post=16357"},{"taxonomy":"product_cat","embeddable":true,"href":"https:\/\/pharmadreams.shop\/index.php\/wp-json\/wp\/v2\/product_cat?post=16357"},{"taxonomy":"product_tag","embeddable":true,"href":"https:\/\/pharmadreams.shop\/index.php\/wp-json\/wp\/v2\/product_tag?post=16357"}],"curies":[{"name":"wp","href":"https:\/\/api.w.org\/{rel}","templated":true}]}}