{"id":16379,"date":"2023-12-19T19:33:35","date_gmt":"2023-12-19T18:33:35","guid":{"rendered":"https:\/\/venuspara.com\/?post_type=product&#038;p=16379"},"modified":"2023-12-19T19:34:42","modified_gmt":"2023-12-19T18:34:42","slug":"huile-essentielle-de-sauge-10ml-bio-orient","status":"publish","type":"product","link":"https:\/\/pharmadreams.shop\/index.php\/product\/huile-essentielle-de-sauge-10ml-bio-orient\/","title":{"rendered":"Huile essentielle de sauge 10ml &#8211; bio orient"},"content":{"rendered":"","protected":false},"excerpt":{"rendered":"<div id=\"product-description-short-2793\" class=\"product-description\">\n<p>L\u2019huile essentielle de Sauge Sclar\u00e9e est particuli\u00e8rement adapt\u00e9e pour r\u00e9guler l\u2019ensemble des sympt\u00f4mes du cycle menstruel chez la femme. Elle lutte contre les r\u00e8gles douloureuses, tonifie l\u2019ut\u00e9rus et se comporte comme les \u0153strog\u00e8nes.<\/p>\n<\/div>\n<div class=\"product-actions\">\n<form id=\"add-to-cart-or-refresh\" action=\"https:\/\/pharma-shop.tn\/panier\" method=\"post\">\n<div class=\"product-variants\"><\/div>\n<section class=\"product-discounts\"><\/section>\n<div class=\"product-add-to-cart\"><\/div>\n<\/form>\n<\/div>\n","protected":false},"featured_media":16456,"comment_status":"open","ping_status":"closed","template":"","meta":[],"product_brand":[],"product_cat":[148],"product_tag":[],"class_list":{"0":"post-16379","1":"product","2":"type-product","3":"status-publish","4":"has-post-thumbnail","6":"product_cat-regles-douloureuse","8":"first","9":"instock","10":"shipping-taxable","11":"purchasable","12":"product-type-simple"},"yoast_head":"<!-- This site is optimized with the Yoast SEO plugin v23.0 - https:\/\/yoast.com\/wordpress\/plugins\/seo\/ -->\n<title>Huile essentielle de sauge 10ml - bio orient - pharmadreams<\/title>\n<meta name=\"robots\" content=\"index, follow, max-snippet:-1, max-image-preview:large, max-video-preview:-1\" \/>\n<link rel=\"canonical\" href=\"https:\/\/pharmadreams.shop\/index.php\/product\/huile-essentielle-de-sauge-10ml-bio-orient\/\" \/>\n<meta property=\"og:locale\" content=\"fr_FR\" \/>\n<meta property=\"og:type\" content=\"article\" \/>\n<meta property=\"og:title\" content=\"Huile essentielle de sauge 10ml - bio orient - pharmadreams\" \/>\n<meta property=\"og:description\" content=\"L\u2019huile essentielle de Sauge Sclar\u00e9e est particuli\u00e8rement adapt\u00e9e pour r\u00e9guler l\u2019ensemble des sympt\u00f4mes du cycle menstruel chez la femme. Elle lutte contre les r\u00e8gles douloureuses, tonifie l\u2019ut\u00e9rus et se comporte comme les \u0153strog\u00e8nes.\" \/>\n<meta property=\"og:url\" content=\"https:\/\/pharmadreams.shop\/index.php\/product\/huile-essentielle-de-sauge-10ml-bio-orient\/\" \/>\n<meta property=\"og:site_name\" content=\"pharmadreams\" \/>\n<meta property=\"article:modified_time\" content=\"2023-12-19T18:34:42+00:00\" \/>\n<meta property=\"og:image\" content=\"https:\/\/pharmadreams.shop\/wp-content\/uploads\/2023\/12\/sauge.png\" \/>\n\t<meta property=\"og:image:width\" content=\"584\" \/>\n\t<meta property=\"og:image:height\" content=\"736\" \/>\n\t<meta property=\"og:image:type\" content=\"image\/png\" \/>\n<meta name=\"twitter:card\" content=\"summary_large_image\" \/>\n<script type=\"application\/ld+json\" class=\"yoast-schema-graph\">{\"@context\":\"https:\/\/schema.org\",\"@graph\":[{\"@type\":\"WebPage\",\"@id\":\"https:\/\/pharmadreams.shop\/index.php\/product\/huile-essentielle-de-sauge-10ml-bio-orient\/\",\"url\":\"https:\/\/pharmadreams.shop\/index.php\/product\/huile-essentielle-de-sauge-10ml-bio-orient\/\",\"name\":\"Huile essentielle de sauge 10ml - bio orient - pharmadreams\",\"isPartOf\":{\"@id\":\"https:\/\/pharmadreams.shop\/#website\"},\"primaryImageOfPage\":{\"@id\":\"https:\/\/pharmadreams.shop\/index.php\/product\/huile-essentielle-de-sauge-10ml-bio-orient\/#primaryimage\"},\"image\":{\"@id\":\"https:\/\/pharmadreams.shop\/index.php\/product\/huile-essentielle-de-sauge-10ml-bio-orient\/#primaryimage\"},\"thumbnailUrl\":\"https:\/\/pharmadreams.shop\/wp-content\/uploads\/2023\/12\/sauge.png\",\"datePublished\":\"2023-12-19T18:33:35+00:00\",\"dateModified\":\"2023-12-19T18:34:42+00:00\",\"breadcrumb\":{\"@id\":\"https:\/\/pharmadreams.shop\/index.php\/product\/huile-essentielle-de-sauge-10ml-bio-orient\/#breadcrumb\"},\"inLanguage\":\"fr-FR\",\"potentialAction\":[{\"@type\":\"ReadAction\",\"target\":[\"https:\/\/pharmadreams.shop\/index.php\/product\/huile-essentielle-de-sauge-10ml-bio-orient\/\"]}]},{\"@type\":\"ImageObject\",\"inLanguage\":\"fr-FR\",\"@id\":\"https:\/\/pharmadreams.shop\/index.php\/product\/huile-essentielle-de-sauge-10ml-bio-orient\/#primaryimage\",\"url\":\"https:\/\/pharmadreams.shop\/wp-content\/uploads\/2023\/12\/sauge.png\",\"contentUrl\":\"https:\/\/pharmadreams.shop\/wp-content\/uploads\/2023\/12\/sauge.png\",\"width\":584,\"height\":736},{\"@type\":\"BreadcrumbList\",\"@id\":\"https:\/\/pharmadreams.shop\/index.php\/product\/huile-essentielle-de-sauge-10ml-bio-orient\/#breadcrumb\",\"itemListElement\":[{\"@type\":\"ListItem\",\"position\":1,\"name\":\"Accueil\",\"item\":\"https:\/\/pharmadreams.shop\/\"},{\"@type\":\"ListItem\",\"position\":2,\"name\":\"Shop\",\"item\":\"https:\/\/pharmadreams.shop\/index.php\/shop\/\"},{\"@type\":\"ListItem\",\"position\":3,\"name\":\"Huile essentielle de sauge 10ml &#8211; bio orient\"}]},{\"@type\":\"WebSite\",\"@id\":\"https:\/\/pharmadreams.shop\/#website\",\"url\":\"https:\/\/pharmadreams.shop\/\",\"name\":\"pharmadreams\",\"description\":\"Parapharmacie en ligne\",\"potentialAction\":[{\"@type\":\"SearchAction\",\"target\":{\"@type\":\"EntryPoint\",\"urlTemplate\":\"https:\/\/pharmadreams.shop\/?s={search_term_string}\"},\"query-input\":\"required name=search_term_string\"}],\"inLanguage\":\"fr-FR\"}]}<\/script>\n<!-- \/ Yoast SEO plugin. -->","yoast_head_json":{"title":"Huile essentielle de sauge 10ml - bio orient - pharmadreams","robots":{"index":"index","follow":"follow","max-snippet":"max-snippet:-1","max-image-preview":"max-image-preview:large","max-video-preview":"max-video-preview:-1"},"canonical":"https:\/\/pharmadreams.shop\/index.php\/product\/huile-essentielle-de-sauge-10ml-bio-orient\/","og_locale":"fr_FR","og_type":"article","og_title":"Huile essentielle de sauge 10ml - bio orient - pharmadreams","og_description":"L\u2019huile essentielle de Sauge Sclar\u00e9e est particuli\u00e8rement adapt\u00e9e pour r\u00e9guler l\u2019ensemble des sympt\u00f4mes du cycle menstruel chez la femme. Elle lutte contre les r\u00e8gles douloureuses, tonifie l\u2019ut\u00e9rus et se comporte comme les \u0153strog\u00e8nes.","og_url":"https:\/\/pharmadreams.shop\/index.php\/product\/huile-essentielle-de-sauge-10ml-bio-orient\/","og_site_name":"pharmadreams","article_modified_time":"2023-12-19T18:34:42+00:00","og_image":[{"width":584,"height":736,"url":"https:\/\/pharmadreams.shop\/wp-content\/uploads\/2023\/12\/sauge.png","type":"image\/png"}],"twitter_card":"summary_large_image","schema":{"@context":"https:\/\/schema.org","@graph":[{"@type":"WebPage","@id":"https:\/\/pharmadreams.shop\/index.php\/product\/huile-essentielle-de-sauge-10ml-bio-orient\/","url":"https:\/\/pharmadreams.shop\/index.php\/product\/huile-essentielle-de-sauge-10ml-bio-orient\/","name":"Huile essentielle de sauge 10ml - bio orient - pharmadreams","isPartOf":{"@id":"https:\/\/pharmadreams.shop\/#website"},"primaryImageOfPage":{"@id":"https:\/\/pharmadreams.shop\/index.php\/product\/huile-essentielle-de-sauge-10ml-bio-orient\/#primaryimage"},"image":{"@id":"https:\/\/pharmadreams.shop\/index.php\/product\/huile-essentielle-de-sauge-10ml-bio-orient\/#primaryimage"},"thumbnailUrl":"https:\/\/pharmadreams.shop\/wp-content\/uploads\/2023\/12\/sauge.png","datePublished":"2023-12-19T18:33:35+00:00","dateModified":"2023-12-19T18:34:42+00:00","breadcrumb":{"@id":"https:\/\/pharmadreams.shop\/index.php\/product\/huile-essentielle-de-sauge-10ml-bio-orient\/#breadcrumb"},"inLanguage":"fr-FR","potentialAction":[{"@type":"ReadAction","target":["https:\/\/pharmadreams.shop\/index.php\/product\/huile-essentielle-de-sauge-10ml-bio-orient\/"]}]},{"@type":"ImageObject","inLanguage":"fr-FR","@id":"https:\/\/pharmadreams.shop\/index.php\/product\/huile-essentielle-de-sauge-10ml-bio-orient\/#primaryimage","url":"https:\/\/pharmadreams.shop\/wp-content\/uploads\/2023\/12\/sauge.png","contentUrl":"https:\/\/pharmadreams.shop\/wp-content\/uploads\/2023\/12\/sauge.png","width":584,"height":736},{"@type":"BreadcrumbList","@id":"https:\/\/pharmadreams.shop\/index.php\/product\/huile-essentielle-de-sauge-10ml-bio-orient\/#breadcrumb","itemListElement":[{"@type":"ListItem","position":1,"name":"Accueil","item":"https:\/\/pharmadreams.shop\/"},{"@type":"ListItem","position":2,"name":"Shop","item":"https:\/\/pharmadreams.shop\/index.php\/shop\/"},{"@type":"ListItem","position":3,"name":"Huile essentielle de sauge 10ml &#8211; bio orient"}]},{"@type":"WebSite","@id":"https:\/\/pharmadreams.shop\/#website","url":"https:\/\/pharmadreams.shop\/","name":"pharmadreams","description":"Parapharmacie en ligne","potentialAction":[{"@type":"SearchAction","target":{"@type":"EntryPoint","urlTemplate":"https:\/\/pharmadreams.shop\/?s={search_term_string}"},"query-input":"required name=search_term_string"}],"inLanguage":"fr-FR"}]}},"_links":{"self":[{"href":"https:\/\/pharmadreams.shop\/index.php\/wp-json\/wp\/v2\/product\/16379","targetHints":{"allow":["GET"]}}],"collection":[{"href":"https:\/\/pharmadreams.shop\/index.php\/wp-json\/wp\/v2\/product"}],"about":[{"href":"https:\/\/pharmadreams.shop\/index.php\/wp-json\/wp\/v2\/types\/product"}],"replies":[{"embeddable":true,"href":"https:\/\/pharmadreams.shop\/index.php\/wp-json\/wp\/v2\/comments?post=16379"}],"version-history":[{"count":0,"href":"https:\/\/pharmadreams.shop\/index.php\/wp-json\/wp\/v2\/product\/16379\/revisions"}],"wp:featuredmedia":[{"embeddable":true,"href":"https:\/\/pharmadreams.shop\/index.php\/wp-json\/wp\/v2\/media\/16456"}],"wp:attachment":[{"href":"https:\/\/pharmadreams.shop\/index.php\/wp-json\/wp\/v2\/media?parent=16379"}],"wp:term":[{"taxonomy":"product_brand","embeddable":true,"href":"https:\/\/pharmadreams.shop\/index.php\/wp-json\/wp\/v2\/product_brand?post=16379"},{"taxonomy":"product_cat","embeddable":true,"href":"https:\/\/pharmadreams.shop\/index.php\/wp-json\/wp\/v2\/product_cat?post=16379"},{"taxonomy":"product_tag","embeddable":true,"href":"https:\/\/pharmadreams.shop\/index.php\/wp-json\/wp\/v2\/product_tag?post=16379"}],"curies":[{"name":"wp","href":"https:\/\/api.w.org\/{rel}","templated":true}]}}