{"id":16406,"date":"2023-12-19T19:34:00","date_gmt":"2023-12-19T18:34:00","guid":{"rendered":"https:\/\/venuspara.com\/?post_type=product&#038;p=16406"},"modified":"2023-12-19T19:34:56","modified_gmt":"2023-12-19T18:34:56","slug":"huile-essentielle-lavande-10ml-bio-orient","status":"publish","type":"product","link":"https:\/\/pharmadreams.shop\/index.php\/product\/huile-essentielle-lavande-10ml-bio-orient\/","title":{"rendered":"Huile essentielle lavande 10ml &#8211; bio orient"},"content":{"rendered":"","protected":false},"excerpt":{"rendered":"<p>BIO ORIENT Huile essentielle de Lavande 10ML<\/p>\n<p>PROPRI\u00c9T\u00c9S DE SANTE<\/p>\n<p>R\u00e9gulation du syst\u00e8me nerveux<\/p>\n<p>Antispasmodique puissante, d\u00e9contractante musculaire<\/p>\n<p>Antiseptique g\u00e9n\u00e9ral et pulmonaire<\/p>\n<p>Tonicardiaque et calmant des nerfs du c\u0153ur, hypotensive<\/p>\n<p>Cicatrisante cutan\u00e9e puissante, r\u00e9g\u00e9n\u00e9ratrice cutan\u00e9e en usage externe<\/p>\n<p>Anti-inflammatoire, antalgique remarquable<\/p>\n<p>Antiseptique<\/p>\n<p>Cicatrisante et r\u00e9g\u00e9n\u00e9ratrice cutan\u00e9e puissante<\/p>\n<p>PROPRI\u00c9T\u00c9S DE BIEN ETRE<\/p>\n<p>R\u00e9gulatrice du syst\u00e8me nerveux<\/p>\n<p>Calmante, s\u00e9dative, antid\u00e9pressive<\/p>\n<p>Purificatrice aussi bien sur le plan psychique que physique<\/p>\n<p>Elle am\u00e8ne \u00e9quilibre et harmonie.<\/p>\n<p>Elle conduit au respect de soi-m\u00eame, \u00e0 accepter son individualit\u00e9 et \u00e0 trouver sa propre orientation.<\/p>\n<p>Elle favorise l&rsquo;inspiration.<\/p>\n","protected":false},"featured_media":16483,"comment_status":"open","ping_status":"closed","template":"","meta":[],"product_brand":[],"product_cat":[138,154],"product_tag":[],"class_list":{"0":"post-16406","1":"product","2":"type-product","3":"status-publish","4":"has-post-thumbnail","6":"product_cat-anti-inflammatoire","7":"product_cat-antiseptique","9":"first","10":"instock","11":"shipping-taxable","12":"purchasable","13":"product-type-simple"},"yoast_head":"<!-- This site is optimized with the Yoast SEO plugin v23.0 - https:\/\/yoast.com\/wordpress\/plugins\/seo\/ -->\n<title>Huile essentielle lavande 10ml - bio orient - pharmadreams<\/title>\n<meta name=\"robots\" content=\"index, follow, max-snippet:-1, max-image-preview:large, max-video-preview:-1\" \/>\n<link rel=\"canonical\" href=\"https:\/\/pharmadreams.shop\/index.php\/product\/huile-essentielle-lavande-10ml-bio-orient\/\" \/>\n<meta property=\"og:locale\" content=\"fr_FR\" \/>\n<meta property=\"og:type\" content=\"article\" \/>\n<meta property=\"og:title\" content=\"Huile essentielle lavande 10ml - bio orient - pharmadreams\" \/>\n<meta property=\"og:description\" content=\"BIO ORIENT Huile essentielle de Lavande 10ML  PROPRI\u00c9T\u00c9S DE SANTE  R\u00e9gulation du syst\u00e8me nerveux  Antispasmodique puissante, d\u00e9contractante musculaire  Antiseptique g\u00e9n\u00e9ral et pulmonaire  Tonicardiaque et calmant des nerfs du c\u0153ur, hypotensive  Cicatrisante cutan\u00e9e puissante, r\u00e9g\u00e9n\u00e9ratrice cutan\u00e9e en usage externe  Anti-inflammatoire, antalgique remarquable  Antiseptique  Cicatrisante et r\u00e9g\u00e9n\u00e9ratrice cutan\u00e9e puissante  PROPRI\u00c9T\u00c9S DE BIEN ETRE  R\u00e9gulatrice du syst\u00e8me nerveux  Calmante, s\u00e9dative, antid\u00e9pressive  Purificatrice aussi bien sur le plan psychique que physique  Elle am\u00e8ne \u00e9quilibre et harmonie.  Elle conduit au respect de soi-m\u00eame, \u00e0 accepter son individualit\u00e9 et \u00e0 trouver sa propre orientation.  Elle favorise l&#039;inspiration.\" \/>\n<meta property=\"og:url\" content=\"https:\/\/pharmadreams.shop\/index.php\/product\/huile-essentielle-lavande-10ml-bio-orient\/\" \/>\n<meta property=\"og:site_name\" content=\"pharmadreams\" \/>\n<meta property=\"article:modified_time\" content=\"2023-12-19T18:34:56+00:00\" \/>\n<meta property=\"og:image\" content=\"https:\/\/pharmadreams.shop\/wp-content\/uploads\/2023\/12\/Lavande.png\" \/>\n\t<meta property=\"og:image:width\" content=\"928\" \/>\n\t<meta property=\"og:image:height\" content=\"1036\" \/>\n\t<meta property=\"og:image:type\" content=\"image\/png\" \/>\n<meta name=\"twitter:card\" content=\"summary_large_image\" \/>\n<script type=\"application\/ld+json\" class=\"yoast-schema-graph\">{\"@context\":\"https:\/\/schema.org\",\"@graph\":[{\"@type\":\"WebPage\",\"@id\":\"https:\/\/pharmadreams.shop\/index.php\/product\/huile-essentielle-lavande-10ml-bio-orient\/\",\"url\":\"https:\/\/pharmadreams.shop\/index.php\/product\/huile-essentielle-lavande-10ml-bio-orient\/\",\"name\":\"Huile essentielle lavande 10ml - bio orient - pharmadreams\",\"isPartOf\":{\"@id\":\"https:\/\/pharmadreams.shop\/#website\"},\"primaryImageOfPage\":{\"@id\":\"https:\/\/pharmadreams.shop\/index.php\/product\/huile-essentielle-lavande-10ml-bio-orient\/#primaryimage\"},\"image\":{\"@id\":\"https:\/\/pharmadreams.shop\/index.php\/product\/huile-essentielle-lavande-10ml-bio-orient\/#primaryimage\"},\"thumbnailUrl\":\"https:\/\/pharmadreams.shop\/wp-content\/uploads\/2023\/12\/Lavande.png\",\"datePublished\":\"2023-12-19T18:34:00+00:00\",\"dateModified\":\"2023-12-19T18:34:56+00:00\",\"breadcrumb\":{\"@id\":\"https:\/\/pharmadreams.shop\/index.php\/product\/huile-essentielle-lavande-10ml-bio-orient\/#breadcrumb\"},\"inLanguage\":\"fr-FR\",\"potentialAction\":[{\"@type\":\"ReadAction\",\"target\":[\"https:\/\/pharmadreams.shop\/index.php\/product\/huile-essentielle-lavande-10ml-bio-orient\/\"]}]},{\"@type\":\"ImageObject\",\"inLanguage\":\"fr-FR\",\"@id\":\"https:\/\/pharmadreams.shop\/index.php\/product\/huile-essentielle-lavande-10ml-bio-orient\/#primaryimage\",\"url\":\"https:\/\/pharmadreams.shop\/wp-content\/uploads\/2023\/12\/Lavande.png\",\"contentUrl\":\"https:\/\/pharmadreams.shop\/wp-content\/uploads\/2023\/12\/Lavande.png\",\"width\":928,\"height\":1036},{\"@type\":\"BreadcrumbList\",\"@id\":\"https:\/\/pharmadreams.shop\/index.php\/product\/huile-essentielle-lavande-10ml-bio-orient\/#breadcrumb\",\"itemListElement\":[{\"@type\":\"ListItem\",\"position\":1,\"name\":\"Accueil\",\"item\":\"https:\/\/pharmadreams.shop\/\"},{\"@type\":\"ListItem\",\"position\":2,\"name\":\"Shop\",\"item\":\"https:\/\/pharmadreams.shop\/index.php\/shop\/\"},{\"@type\":\"ListItem\",\"position\":3,\"name\":\"Huile essentielle lavande 10ml &#8211; bio orient\"}]},{\"@type\":\"WebSite\",\"@id\":\"https:\/\/pharmadreams.shop\/#website\",\"url\":\"https:\/\/pharmadreams.shop\/\",\"name\":\"pharmadreams\",\"description\":\"Parapharmacie en ligne\",\"potentialAction\":[{\"@type\":\"SearchAction\",\"target\":{\"@type\":\"EntryPoint\",\"urlTemplate\":\"https:\/\/pharmadreams.shop\/?s={search_term_string}\"},\"query-input\":\"required name=search_term_string\"}],\"inLanguage\":\"fr-FR\"}]}<\/script>\n<!-- \/ Yoast SEO plugin. -->","yoast_head_json":{"title":"Huile essentielle lavande 10ml - bio orient - pharmadreams","robots":{"index":"index","follow":"follow","max-snippet":"max-snippet:-1","max-image-preview":"max-image-preview:large","max-video-preview":"max-video-preview:-1"},"canonical":"https:\/\/pharmadreams.shop\/index.php\/product\/huile-essentielle-lavande-10ml-bio-orient\/","og_locale":"fr_FR","og_type":"article","og_title":"Huile essentielle lavande 10ml - bio orient - pharmadreams","og_description":"BIO ORIENT Huile essentielle de Lavande 10ML  PROPRI\u00c9T\u00c9S DE SANTE  R\u00e9gulation du syst\u00e8me nerveux  Antispasmodique puissante, d\u00e9contractante musculaire  Antiseptique g\u00e9n\u00e9ral et pulmonaire  Tonicardiaque et calmant des nerfs du c\u0153ur, hypotensive  Cicatrisante cutan\u00e9e puissante, r\u00e9g\u00e9n\u00e9ratrice cutan\u00e9e en usage externe  Anti-inflammatoire, antalgique remarquable  Antiseptique  Cicatrisante et r\u00e9g\u00e9n\u00e9ratrice cutan\u00e9e puissante  PROPRI\u00c9T\u00c9S DE BIEN ETRE  R\u00e9gulatrice du syst\u00e8me nerveux  Calmante, s\u00e9dative, antid\u00e9pressive  Purificatrice aussi bien sur le plan psychique que physique  Elle am\u00e8ne \u00e9quilibre et harmonie.  Elle conduit au respect de soi-m\u00eame, \u00e0 accepter son individualit\u00e9 et \u00e0 trouver sa propre orientation.  Elle favorise l'inspiration.","og_url":"https:\/\/pharmadreams.shop\/index.php\/product\/huile-essentielle-lavande-10ml-bio-orient\/","og_site_name":"pharmadreams","article_modified_time":"2023-12-19T18:34:56+00:00","og_image":[{"width":928,"height":1036,"url":"https:\/\/pharmadreams.shop\/wp-content\/uploads\/2023\/12\/Lavande.png","type":"image\/png"}],"twitter_card":"summary_large_image","schema":{"@context":"https:\/\/schema.org","@graph":[{"@type":"WebPage","@id":"https:\/\/pharmadreams.shop\/index.php\/product\/huile-essentielle-lavande-10ml-bio-orient\/","url":"https:\/\/pharmadreams.shop\/index.php\/product\/huile-essentielle-lavande-10ml-bio-orient\/","name":"Huile essentielle lavande 10ml - bio orient - pharmadreams","isPartOf":{"@id":"https:\/\/pharmadreams.shop\/#website"},"primaryImageOfPage":{"@id":"https:\/\/pharmadreams.shop\/index.php\/product\/huile-essentielle-lavande-10ml-bio-orient\/#primaryimage"},"image":{"@id":"https:\/\/pharmadreams.shop\/index.php\/product\/huile-essentielle-lavande-10ml-bio-orient\/#primaryimage"},"thumbnailUrl":"https:\/\/pharmadreams.shop\/wp-content\/uploads\/2023\/12\/Lavande.png","datePublished":"2023-12-19T18:34:00+00:00","dateModified":"2023-12-19T18:34:56+00:00","breadcrumb":{"@id":"https:\/\/pharmadreams.shop\/index.php\/product\/huile-essentielle-lavande-10ml-bio-orient\/#breadcrumb"},"inLanguage":"fr-FR","potentialAction":[{"@type":"ReadAction","target":["https:\/\/pharmadreams.shop\/index.php\/product\/huile-essentielle-lavande-10ml-bio-orient\/"]}]},{"@type":"ImageObject","inLanguage":"fr-FR","@id":"https:\/\/pharmadreams.shop\/index.php\/product\/huile-essentielle-lavande-10ml-bio-orient\/#primaryimage","url":"https:\/\/pharmadreams.shop\/wp-content\/uploads\/2023\/12\/Lavande.png","contentUrl":"https:\/\/pharmadreams.shop\/wp-content\/uploads\/2023\/12\/Lavande.png","width":928,"height":1036},{"@type":"BreadcrumbList","@id":"https:\/\/pharmadreams.shop\/index.php\/product\/huile-essentielle-lavande-10ml-bio-orient\/#breadcrumb","itemListElement":[{"@type":"ListItem","position":1,"name":"Accueil","item":"https:\/\/pharmadreams.shop\/"},{"@type":"ListItem","position":2,"name":"Shop","item":"https:\/\/pharmadreams.shop\/index.php\/shop\/"},{"@type":"ListItem","position":3,"name":"Huile essentielle lavande 10ml &#8211; bio orient"}]},{"@type":"WebSite","@id":"https:\/\/pharmadreams.shop\/#website","url":"https:\/\/pharmadreams.shop\/","name":"pharmadreams","description":"Parapharmacie en ligne","potentialAction":[{"@type":"SearchAction","target":{"@type":"EntryPoint","urlTemplate":"https:\/\/pharmadreams.shop\/?s={search_term_string}"},"query-input":"required name=search_term_string"}],"inLanguage":"fr-FR"}]}},"_links":{"self":[{"href":"https:\/\/pharmadreams.shop\/index.php\/wp-json\/wp\/v2\/product\/16406","targetHints":{"allow":["GET"]}}],"collection":[{"href":"https:\/\/pharmadreams.shop\/index.php\/wp-json\/wp\/v2\/product"}],"about":[{"href":"https:\/\/pharmadreams.shop\/index.php\/wp-json\/wp\/v2\/types\/product"}],"replies":[{"embeddable":true,"href":"https:\/\/pharmadreams.shop\/index.php\/wp-json\/wp\/v2\/comments?post=16406"}],"version-history":[{"count":0,"href":"https:\/\/pharmadreams.shop\/index.php\/wp-json\/wp\/v2\/product\/16406\/revisions"}],"wp:featuredmedia":[{"embeddable":true,"href":"https:\/\/pharmadreams.shop\/index.php\/wp-json\/wp\/v2\/media\/16483"}],"wp:attachment":[{"href":"https:\/\/pharmadreams.shop\/index.php\/wp-json\/wp\/v2\/media?parent=16406"}],"wp:term":[{"taxonomy":"product_brand","embeddable":true,"href":"https:\/\/pharmadreams.shop\/index.php\/wp-json\/wp\/v2\/product_brand?post=16406"},{"taxonomy":"product_cat","embeddable":true,"href":"https:\/\/pharmadreams.shop\/index.php\/wp-json\/wp\/v2\/product_cat?post=16406"},{"taxonomy":"product_tag","embeddable":true,"href":"https:\/\/pharmadreams.shop\/index.php\/wp-json\/wp\/v2\/product_tag?post=16406"}],"curies":[{"name":"wp","href":"https:\/\/api.w.org\/{rel}","templated":true}]}}