{"id":16433,"date":"2023-12-19T19:34:24","date_gmt":"2023-12-19T18:34:24","guid":{"rendered":"https:\/\/venuspara.com\/?post_type=product&#038;p=16433"},"modified":"2023-12-19T19:35:03","modified_gmt":"2023-12-19T18:35:03","slug":"bio-orient-eau-florale-de-rose-125ml","status":"publish","type":"product","link":"https:\/\/pharmadreams.shop\/index.php\/product\/bio-orient-eau-florale-de-rose-125ml\/","title":{"rendered":"Bio orient eau florale de rose 125ml"},"content":{"rendered":"","protected":false},"excerpt":{"rendered":"<p><strong>BIO ORIENT EAU FLORALE DE ROSE 125ML<\/strong><\/p>\n<p>BIO ORIENT EAU FLORALE DE ROSE :<\/p>\n<ul>\n<li>L&rsquo;eau florale de rose\u00a0est consid\u00e9r\u00e9e comme un v\u00e9ritable tr\u00e9sor de beaut\u00e9.<\/li>\n<li>Elle est\u00a0utilis\u00e9e comme soin du visage puisqu&rsquo;elle\u00a0poss\u00e8de des propri\u00e9t\u00e9s astringentes et raffermissantes.<\/li>\n<li>Elle convient \u00e0 tous les autres types de peaux.<\/li>\n<li>Elle \u00a0vise \u00e0\u00a0purifier, rafra\u00eechir\u00a0et adoucir\u00a0le visage.<\/li>\n<li>Elle apaise les rougeurs et calme les r\u00e9actions allergiques.<\/li>\n<li>Apaise les rougeurs et calme les r\u00e9actions allergiques.<\/li>\n<li>Antiseptique<\/li>\n<li>\u00c9quilibrant hormonal<\/li>\n<\/ul>\n<p>&nbsp;<\/p>\n","protected":false},"featured_media":16493,"comment_status":"open","ping_status":"closed","template":"","meta":[],"product_brand":[],"product_cat":[154,80,20],"product_tag":[],"class_list":{"0":"post-16433","1":"product","2":"type-product","3":"status-publish","4":"has-post-thumbnail","6":"product_cat-antiseptique","7":"product_cat-soins","8":"product_cat-visage","10":"first","11":"instock","12":"shipping-taxable","13":"purchasable","14":"product-type-simple"},"yoast_head":"<!-- This site is optimized with the Yoast SEO plugin v23.0 - https:\/\/yoast.com\/wordpress\/plugins\/seo\/ -->\n<title>Bio orient eau florale de rose 125ml - pharmadreams<\/title>\n<meta name=\"robots\" content=\"index, follow, max-snippet:-1, max-image-preview:large, max-video-preview:-1\" \/>\n<link rel=\"canonical\" href=\"https:\/\/pharmadreams.shop\/index.php\/product\/bio-orient-eau-florale-de-rose-125ml\/\" \/>\n<meta property=\"og:locale\" content=\"fr_FR\" \/>\n<meta property=\"og:type\" content=\"article\" \/>\n<meta property=\"og:title\" content=\"Bio orient eau florale de rose 125ml - pharmadreams\" \/>\n<meta property=\"og:description\" content=\"BIO ORIENT EAU FLORALE DE ROSE 125ML  BIO ORIENT EAU FLORALE DE ROSE :   L&#039;eau florale de rose\u00a0est consid\u00e9r\u00e9e comme un v\u00e9ritable tr\u00e9sor de beaut\u00e9.  Elle est\u00a0utilis\u00e9e comme soin du visage puisqu&#039;elle\u00a0poss\u00e8de des propri\u00e9t\u00e9s astringentes et raffermissantes.  Elle convient \u00e0 tous les autres types de peaux.  Elle \u00a0vise \u00e0\u00a0purifier, rafra\u00eechir\u00a0et adoucir\u00a0le visage.  Elle apaise les rougeurs et calme les r\u00e9actions allergiques.  Apaise les rougeurs et calme les r\u00e9actions allergiques.  Antiseptique  \u00c9quilibrant hormonal  &nbsp;\" \/>\n<meta property=\"og:url\" content=\"https:\/\/pharmadreams.shop\/index.php\/product\/bio-orient-eau-florale-de-rose-125ml\/\" \/>\n<meta property=\"og:site_name\" content=\"pharmadreams\" \/>\n<meta property=\"article:modified_time\" content=\"2023-12-19T18:35:03+00:00\" \/>\n<meta property=\"og:image\" content=\"https:\/\/pharmadreams.shop\/wp-content\/uploads\/2023\/12\/eau-de-rose.png\" \/>\n\t<meta property=\"og:image:width\" content=\"692\" \/>\n\t<meta property=\"og:image:height\" content=\"790\" \/>\n\t<meta property=\"og:image:type\" content=\"image\/png\" \/>\n<meta name=\"twitter:card\" content=\"summary_large_image\" \/>\n<script type=\"application\/ld+json\" class=\"yoast-schema-graph\">{\"@context\":\"https:\/\/schema.org\",\"@graph\":[{\"@type\":\"WebPage\",\"@id\":\"https:\/\/pharmadreams.shop\/index.php\/product\/bio-orient-eau-florale-de-rose-125ml\/\",\"url\":\"https:\/\/pharmadreams.shop\/index.php\/product\/bio-orient-eau-florale-de-rose-125ml\/\",\"name\":\"Bio orient eau florale de rose 125ml - pharmadreams\",\"isPartOf\":{\"@id\":\"https:\/\/pharmadreams.shop\/#website\"},\"primaryImageOfPage\":{\"@id\":\"https:\/\/pharmadreams.shop\/index.php\/product\/bio-orient-eau-florale-de-rose-125ml\/#primaryimage\"},\"image\":{\"@id\":\"https:\/\/pharmadreams.shop\/index.php\/product\/bio-orient-eau-florale-de-rose-125ml\/#primaryimage\"},\"thumbnailUrl\":\"https:\/\/pharmadreams.shop\/wp-content\/uploads\/2023\/12\/eau-de-rose.png\",\"datePublished\":\"2023-12-19T18:34:24+00:00\",\"dateModified\":\"2023-12-19T18:35:03+00:00\",\"breadcrumb\":{\"@id\":\"https:\/\/pharmadreams.shop\/index.php\/product\/bio-orient-eau-florale-de-rose-125ml\/#breadcrumb\"},\"inLanguage\":\"fr-FR\",\"potentialAction\":[{\"@type\":\"ReadAction\",\"target\":[\"https:\/\/pharmadreams.shop\/index.php\/product\/bio-orient-eau-florale-de-rose-125ml\/\"]}]},{\"@type\":\"ImageObject\",\"inLanguage\":\"fr-FR\",\"@id\":\"https:\/\/pharmadreams.shop\/index.php\/product\/bio-orient-eau-florale-de-rose-125ml\/#primaryimage\",\"url\":\"https:\/\/pharmadreams.shop\/wp-content\/uploads\/2023\/12\/eau-de-rose.png\",\"contentUrl\":\"https:\/\/pharmadreams.shop\/wp-content\/uploads\/2023\/12\/eau-de-rose.png\",\"width\":692,\"height\":790},{\"@type\":\"BreadcrumbList\",\"@id\":\"https:\/\/pharmadreams.shop\/index.php\/product\/bio-orient-eau-florale-de-rose-125ml\/#breadcrumb\",\"itemListElement\":[{\"@type\":\"ListItem\",\"position\":1,\"name\":\"Accueil\",\"item\":\"https:\/\/pharmadreams.shop\/\"},{\"@type\":\"ListItem\",\"position\":2,\"name\":\"Shop\",\"item\":\"https:\/\/pharmadreams.shop\/index.php\/shop\/\"},{\"@type\":\"ListItem\",\"position\":3,\"name\":\"Bio orient eau florale de rose 125ml\"}]},{\"@type\":\"WebSite\",\"@id\":\"https:\/\/pharmadreams.shop\/#website\",\"url\":\"https:\/\/pharmadreams.shop\/\",\"name\":\"pharmadreams\",\"description\":\"Parapharmacie en ligne\",\"potentialAction\":[{\"@type\":\"SearchAction\",\"target\":{\"@type\":\"EntryPoint\",\"urlTemplate\":\"https:\/\/pharmadreams.shop\/?s={search_term_string}\"},\"query-input\":\"required name=search_term_string\"}],\"inLanguage\":\"fr-FR\"}]}<\/script>\n<!-- \/ Yoast SEO plugin. -->","yoast_head_json":{"title":"Bio orient eau florale de rose 125ml - pharmadreams","robots":{"index":"index","follow":"follow","max-snippet":"max-snippet:-1","max-image-preview":"max-image-preview:large","max-video-preview":"max-video-preview:-1"},"canonical":"https:\/\/pharmadreams.shop\/index.php\/product\/bio-orient-eau-florale-de-rose-125ml\/","og_locale":"fr_FR","og_type":"article","og_title":"Bio orient eau florale de rose 125ml - pharmadreams","og_description":"BIO ORIENT EAU FLORALE DE ROSE 125ML  BIO ORIENT EAU FLORALE DE ROSE :   L'eau florale de rose\u00a0est consid\u00e9r\u00e9e comme un v\u00e9ritable tr\u00e9sor de beaut\u00e9.  Elle est\u00a0utilis\u00e9e comme soin du visage puisqu'elle\u00a0poss\u00e8de des propri\u00e9t\u00e9s astringentes et raffermissantes.  Elle convient \u00e0 tous les autres types de peaux.  Elle \u00a0vise \u00e0\u00a0purifier, rafra\u00eechir\u00a0et adoucir\u00a0le visage.  Elle apaise les rougeurs et calme les r\u00e9actions allergiques.  Apaise les rougeurs et calme les r\u00e9actions allergiques.  Antiseptique  \u00c9quilibrant hormonal  &nbsp;","og_url":"https:\/\/pharmadreams.shop\/index.php\/product\/bio-orient-eau-florale-de-rose-125ml\/","og_site_name":"pharmadreams","article_modified_time":"2023-12-19T18:35:03+00:00","og_image":[{"width":692,"height":790,"url":"https:\/\/pharmadreams.shop\/wp-content\/uploads\/2023\/12\/eau-de-rose.png","type":"image\/png"}],"twitter_card":"summary_large_image","schema":{"@context":"https:\/\/schema.org","@graph":[{"@type":"WebPage","@id":"https:\/\/pharmadreams.shop\/index.php\/product\/bio-orient-eau-florale-de-rose-125ml\/","url":"https:\/\/pharmadreams.shop\/index.php\/product\/bio-orient-eau-florale-de-rose-125ml\/","name":"Bio orient eau florale de rose 125ml - pharmadreams","isPartOf":{"@id":"https:\/\/pharmadreams.shop\/#website"},"primaryImageOfPage":{"@id":"https:\/\/pharmadreams.shop\/index.php\/product\/bio-orient-eau-florale-de-rose-125ml\/#primaryimage"},"image":{"@id":"https:\/\/pharmadreams.shop\/index.php\/product\/bio-orient-eau-florale-de-rose-125ml\/#primaryimage"},"thumbnailUrl":"https:\/\/pharmadreams.shop\/wp-content\/uploads\/2023\/12\/eau-de-rose.png","datePublished":"2023-12-19T18:34:24+00:00","dateModified":"2023-12-19T18:35:03+00:00","breadcrumb":{"@id":"https:\/\/pharmadreams.shop\/index.php\/product\/bio-orient-eau-florale-de-rose-125ml\/#breadcrumb"},"inLanguage":"fr-FR","potentialAction":[{"@type":"ReadAction","target":["https:\/\/pharmadreams.shop\/index.php\/product\/bio-orient-eau-florale-de-rose-125ml\/"]}]},{"@type":"ImageObject","inLanguage":"fr-FR","@id":"https:\/\/pharmadreams.shop\/index.php\/product\/bio-orient-eau-florale-de-rose-125ml\/#primaryimage","url":"https:\/\/pharmadreams.shop\/wp-content\/uploads\/2023\/12\/eau-de-rose.png","contentUrl":"https:\/\/pharmadreams.shop\/wp-content\/uploads\/2023\/12\/eau-de-rose.png","width":692,"height":790},{"@type":"BreadcrumbList","@id":"https:\/\/pharmadreams.shop\/index.php\/product\/bio-orient-eau-florale-de-rose-125ml\/#breadcrumb","itemListElement":[{"@type":"ListItem","position":1,"name":"Accueil","item":"https:\/\/pharmadreams.shop\/"},{"@type":"ListItem","position":2,"name":"Shop","item":"https:\/\/pharmadreams.shop\/index.php\/shop\/"},{"@type":"ListItem","position":3,"name":"Bio orient eau florale de rose 125ml"}]},{"@type":"WebSite","@id":"https:\/\/pharmadreams.shop\/#website","url":"https:\/\/pharmadreams.shop\/","name":"pharmadreams","description":"Parapharmacie en ligne","potentialAction":[{"@type":"SearchAction","target":{"@type":"EntryPoint","urlTemplate":"https:\/\/pharmadreams.shop\/?s={search_term_string}"},"query-input":"required name=search_term_string"}],"inLanguage":"fr-FR"}]}},"_links":{"self":[{"href":"https:\/\/pharmadreams.shop\/index.php\/wp-json\/wp\/v2\/product\/16433","targetHints":{"allow":["GET"]}}],"collection":[{"href":"https:\/\/pharmadreams.shop\/index.php\/wp-json\/wp\/v2\/product"}],"about":[{"href":"https:\/\/pharmadreams.shop\/index.php\/wp-json\/wp\/v2\/types\/product"}],"replies":[{"embeddable":true,"href":"https:\/\/pharmadreams.shop\/index.php\/wp-json\/wp\/v2\/comments?post=16433"}],"version-history":[{"count":0,"href":"https:\/\/pharmadreams.shop\/index.php\/wp-json\/wp\/v2\/product\/16433\/revisions"}],"wp:featuredmedia":[{"embeddable":true,"href":"https:\/\/pharmadreams.shop\/index.php\/wp-json\/wp\/v2\/media\/16493"}],"wp:attachment":[{"href":"https:\/\/pharmadreams.shop\/index.php\/wp-json\/wp\/v2\/media?parent=16433"}],"wp:term":[{"taxonomy":"product_brand","embeddable":true,"href":"https:\/\/pharmadreams.shop\/index.php\/wp-json\/wp\/v2\/product_brand?post=16433"},{"taxonomy":"product_cat","embeddable":true,"href":"https:\/\/pharmadreams.shop\/index.php\/wp-json\/wp\/v2\/product_cat?post=16433"},{"taxonomy":"product_tag","embeddable":true,"href":"https:\/\/pharmadreams.shop\/index.php\/wp-json\/wp\/v2\/product_tag?post=16433"}],"curies":[{"name":"wp","href":"https:\/\/api.w.org\/{rel}","templated":true}]}}