{"id":16439,"date":"2023-12-19T19:34:25","date_gmt":"2023-12-19T18:34:25","guid":{"rendered":"https:\/\/venuspara.com\/?post_type=product&#038;p=16439"},"modified":"2024-03-16T00:34:01","modified_gmt":"2024-03-15T23:34:01","slug":"doppel-herz-activ-magnesium-et-vitamines-30-comprimes","status":"publish","type":"product","link":"https:\/\/pharmadreams.shop\/index.php\/product\/doppel-herz-activ-magnesium-et-vitamines-30-comprimes\/","title":{"rendered":"Doppel herz activ magn\u00e9sium et vitamines 30 comprim\u00e9s"},"content":{"rendered":"","protected":false},"excerpt":{"rendered":"<p><strong>AKTIV MAGNESIUM ET VITAMINES 30 COMPRIMES<\/strong><\/p>\n<p>AKTIV MAGNESIUM ET VITAMINES est un compl\u00e9ment contre les crampes, les courbatures et les douleurs musculaires.<\/p>\n<p>Le magn\u00e9sium est un min\u00e9ral vital. Il participe \u00e0 la constitution des os et il est utilis\u00e9 comme cofacteur dans plus de 300 r\u00e9actions enzymatiques, dont certaines sont cruciales pour le m\u00e9tabolisme des glucides et des prot\u00e9ines. Le magn\u00e9sium joue aussi in r\u00f4le important dans la transmission des influx nerveux aux muscles ainsi que dans le rel\u00e2chement musculaire,<\/p>\n<p>Un seul comprim\u00e9 suffit \u00e0 couvrir vos besoins quotidiens en magn\u00e9sium et en vitamines C et E. Cette association vous permet de profiter pleinement d&rsquo;une vie sans douleurs musculaires et vous aide \u00e0 vous d\u00e9tendre, m\u00eame en situation de stress.<\/p>\n","protected":false},"featured_media":16519,"comment_status":"open","ping_status":"closed","template":"","meta":[],"product_brand":[],"product_cat":[32],"product_tag":[],"class_list":{"0":"post-16439","1":"product","2":"type-product","3":"status-publish","4":"has-post-thumbnail","6":"product_cat-complements-alimentaires","8":"first","9":"instock","10":"shipping-taxable","11":"purchasable","12":"product-type-simple"},"yoast_head":"<!-- This site is optimized with the Yoast SEO plugin v23.0 - https:\/\/yoast.com\/wordpress\/plugins\/seo\/ -->\n<title>Doppel herz activ magn\u00e9sium et vitamines 30 comprim\u00e9s - pharmadreams<\/title>\n<meta name=\"robots\" content=\"index, follow, max-snippet:-1, max-image-preview:large, max-video-preview:-1\" \/>\n<link rel=\"canonical\" href=\"https:\/\/pharmadreams.shop\/index.php\/product\/doppel-herz-activ-magnesium-et-vitamines-30-comprimes\/\" \/>\n<meta property=\"og:locale\" content=\"fr_FR\" \/>\n<meta property=\"og:type\" content=\"article\" \/>\n<meta property=\"og:title\" content=\"Doppel herz activ magn\u00e9sium et vitamines 30 comprim\u00e9s - pharmadreams\" \/>\n<meta property=\"og:description\" content=\"AKTIV MAGNESIUM ET VITAMINES 30 COMPRIMES  AKTIV MAGNESIUM ET VITAMINES est un compl\u00e9ment contre les crampes, les courbatures et les douleurs musculaires.  Le magn\u00e9sium est un min\u00e9ral vital. Il participe \u00e0 la constitution des os et il est utilis\u00e9 comme cofacteur dans plus de 300 r\u00e9actions enzymatiques, dont certaines sont cruciales pour le m\u00e9tabolisme des glucides et des prot\u00e9ines. Le magn\u00e9sium joue aussi in r\u00f4le important dans la transmission des influx nerveux aux muscles ainsi que dans le rel\u00e2chement musculaire,  Un seul comprim\u00e9 suffit \u00e0 couvrir vos besoins quotidiens en magn\u00e9sium et en vitamines C et E. Cette association vous permet de profiter pleinement d&#039;une vie sans douleurs musculaires et vous aide \u00e0 vous d\u00e9tendre, m\u00eame en situation de stress.\" \/>\n<meta property=\"og:url\" content=\"https:\/\/pharmadreams.shop\/index.php\/product\/doppel-herz-activ-magnesium-et-vitamines-30-comprimes\/\" \/>\n<meta property=\"og:site_name\" content=\"pharmadreams\" \/>\n<meta property=\"article:modified_time\" content=\"2024-03-15T23:34:01+00:00\" \/>\n<meta property=\"og:image\" content=\"https:\/\/pharmadreams.shop\/wp-content\/uploads\/2023\/12\/eau-de-menh-1.png\" \/>\n\t<meta property=\"og:image:width\" content=\"800\" \/>\n\t<meta property=\"og:image:height\" content=\"850\" \/>\n\t<meta property=\"og:image:type\" content=\"image\/png\" \/>\n<meta name=\"twitter:card\" content=\"summary_large_image\" \/>\n<meta name=\"twitter:label1\" content=\"Dur\u00e9e de lecture estim\u00e9e\" \/>\n\t<meta name=\"twitter:data1\" content=\"1 minute\" \/>\n<script type=\"application\/ld+json\" class=\"yoast-schema-graph\">{\"@context\":\"https:\/\/schema.org\",\"@graph\":[{\"@type\":\"WebPage\",\"@id\":\"https:\/\/pharmadreams.shop\/index.php\/product\/doppel-herz-activ-magnesium-et-vitamines-30-comprimes\/\",\"url\":\"https:\/\/pharmadreams.shop\/index.php\/product\/doppel-herz-activ-magnesium-et-vitamines-30-comprimes\/\",\"name\":\"Doppel herz activ magn\u00e9sium et vitamines 30 comprim\u00e9s - pharmadreams\",\"isPartOf\":{\"@id\":\"https:\/\/pharmadreams.shop\/#website\"},\"primaryImageOfPage\":{\"@id\":\"https:\/\/pharmadreams.shop\/index.php\/product\/doppel-herz-activ-magnesium-et-vitamines-30-comprimes\/#primaryimage\"},\"image\":{\"@id\":\"https:\/\/pharmadreams.shop\/index.php\/product\/doppel-herz-activ-magnesium-et-vitamines-30-comprimes\/#primaryimage\"},\"thumbnailUrl\":\"https:\/\/pharmadreams.shop\/wp-content\/uploads\/2023\/12\/eau-de-menh-1.png\",\"datePublished\":\"2023-12-19T18:34:25+00:00\",\"dateModified\":\"2024-03-15T23:34:01+00:00\",\"breadcrumb\":{\"@id\":\"https:\/\/pharmadreams.shop\/index.php\/product\/doppel-herz-activ-magnesium-et-vitamines-30-comprimes\/#breadcrumb\"},\"inLanguage\":\"fr-FR\",\"potentialAction\":[{\"@type\":\"ReadAction\",\"target\":[\"https:\/\/pharmadreams.shop\/index.php\/product\/doppel-herz-activ-magnesium-et-vitamines-30-comprimes\/\"]}]},{\"@type\":\"ImageObject\",\"inLanguage\":\"fr-FR\",\"@id\":\"https:\/\/pharmadreams.shop\/index.php\/product\/doppel-herz-activ-magnesium-et-vitamines-30-comprimes\/#primaryimage\",\"url\":\"https:\/\/pharmadreams.shop\/wp-content\/uploads\/2023\/12\/eau-de-menh-1.png\",\"contentUrl\":\"https:\/\/pharmadreams.shop\/wp-content\/uploads\/2023\/12\/eau-de-menh-1.png\",\"width\":800,\"height\":850},{\"@type\":\"BreadcrumbList\",\"@id\":\"https:\/\/pharmadreams.shop\/index.php\/product\/doppel-herz-activ-magnesium-et-vitamines-30-comprimes\/#breadcrumb\",\"itemListElement\":[{\"@type\":\"ListItem\",\"position\":1,\"name\":\"Accueil\",\"item\":\"https:\/\/pharmadreams.shop\/\"},{\"@type\":\"ListItem\",\"position\":2,\"name\":\"Shop\",\"item\":\"https:\/\/pharmadreams.shop\/index.php\/shop\/\"},{\"@type\":\"ListItem\",\"position\":3,\"name\":\"Doppel herz activ magn\u00e9sium et vitamines 30 comprim\u00e9s\"}]},{\"@type\":\"WebSite\",\"@id\":\"https:\/\/pharmadreams.shop\/#website\",\"url\":\"https:\/\/pharmadreams.shop\/\",\"name\":\"pharmadreams\",\"description\":\"Parapharmacie en ligne\",\"potentialAction\":[{\"@type\":\"SearchAction\",\"target\":{\"@type\":\"EntryPoint\",\"urlTemplate\":\"https:\/\/pharmadreams.shop\/?s={search_term_string}\"},\"query-input\":\"required name=search_term_string\"}],\"inLanguage\":\"fr-FR\"}]}<\/script>\n<!-- \/ Yoast SEO plugin. -->","yoast_head_json":{"title":"Doppel herz activ magn\u00e9sium et vitamines 30 comprim\u00e9s - pharmadreams","robots":{"index":"index","follow":"follow","max-snippet":"max-snippet:-1","max-image-preview":"max-image-preview:large","max-video-preview":"max-video-preview:-1"},"canonical":"https:\/\/pharmadreams.shop\/index.php\/product\/doppel-herz-activ-magnesium-et-vitamines-30-comprimes\/","og_locale":"fr_FR","og_type":"article","og_title":"Doppel herz activ magn\u00e9sium et vitamines 30 comprim\u00e9s - pharmadreams","og_description":"AKTIV MAGNESIUM ET VITAMINES 30 COMPRIMES  AKTIV MAGNESIUM ET VITAMINES est un compl\u00e9ment contre les crampes, les courbatures et les douleurs musculaires.  Le magn\u00e9sium est un min\u00e9ral vital. Il participe \u00e0 la constitution des os et il est utilis\u00e9 comme cofacteur dans plus de 300 r\u00e9actions enzymatiques, dont certaines sont cruciales pour le m\u00e9tabolisme des glucides et des prot\u00e9ines. Le magn\u00e9sium joue aussi in r\u00f4le important dans la transmission des influx nerveux aux muscles ainsi que dans le rel\u00e2chement musculaire,  Un seul comprim\u00e9 suffit \u00e0 couvrir vos besoins quotidiens en magn\u00e9sium et en vitamines C et E. Cette association vous permet de profiter pleinement d'une vie sans douleurs musculaires et vous aide \u00e0 vous d\u00e9tendre, m\u00eame en situation de stress.","og_url":"https:\/\/pharmadreams.shop\/index.php\/product\/doppel-herz-activ-magnesium-et-vitamines-30-comprimes\/","og_site_name":"pharmadreams","article_modified_time":"2024-03-15T23:34:01+00:00","og_image":[{"width":800,"height":850,"url":"https:\/\/pharmadreams.shop\/wp-content\/uploads\/2023\/12\/eau-de-menh-1.png","type":"image\/png"}],"twitter_card":"summary_large_image","twitter_misc":{"Dur\u00e9e de lecture estim\u00e9e":"1 minute"},"schema":{"@context":"https:\/\/schema.org","@graph":[{"@type":"WebPage","@id":"https:\/\/pharmadreams.shop\/index.php\/product\/doppel-herz-activ-magnesium-et-vitamines-30-comprimes\/","url":"https:\/\/pharmadreams.shop\/index.php\/product\/doppel-herz-activ-magnesium-et-vitamines-30-comprimes\/","name":"Doppel herz activ magn\u00e9sium et vitamines 30 comprim\u00e9s - pharmadreams","isPartOf":{"@id":"https:\/\/pharmadreams.shop\/#website"},"primaryImageOfPage":{"@id":"https:\/\/pharmadreams.shop\/index.php\/product\/doppel-herz-activ-magnesium-et-vitamines-30-comprimes\/#primaryimage"},"image":{"@id":"https:\/\/pharmadreams.shop\/index.php\/product\/doppel-herz-activ-magnesium-et-vitamines-30-comprimes\/#primaryimage"},"thumbnailUrl":"https:\/\/pharmadreams.shop\/wp-content\/uploads\/2023\/12\/eau-de-menh-1.png","datePublished":"2023-12-19T18:34:25+00:00","dateModified":"2024-03-15T23:34:01+00:00","breadcrumb":{"@id":"https:\/\/pharmadreams.shop\/index.php\/product\/doppel-herz-activ-magnesium-et-vitamines-30-comprimes\/#breadcrumb"},"inLanguage":"fr-FR","potentialAction":[{"@type":"ReadAction","target":["https:\/\/pharmadreams.shop\/index.php\/product\/doppel-herz-activ-magnesium-et-vitamines-30-comprimes\/"]}]},{"@type":"ImageObject","inLanguage":"fr-FR","@id":"https:\/\/pharmadreams.shop\/index.php\/product\/doppel-herz-activ-magnesium-et-vitamines-30-comprimes\/#primaryimage","url":"https:\/\/pharmadreams.shop\/wp-content\/uploads\/2023\/12\/eau-de-menh-1.png","contentUrl":"https:\/\/pharmadreams.shop\/wp-content\/uploads\/2023\/12\/eau-de-menh-1.png","width":800,"height":850},{"@type":"BreadcrumbList","@id":"https:\/\/pharmadreams.shop\/index.php\/product\/doppel-herz-activ-magnesium-et-vitamines-30-comprimes\/#breadcrumb","itemListElement":[{"@type":"ListItem","position":1,"name":"Accueil","item":"https:\/\/pharmadreams.shop\/"},{"@type":"ListItem","position":2,"name":"Shop","item":"https:\/\/pharmadreams.shop\/index.php\/shop\/"},{"@type":"ListItem","position":3,"name":"Doppel herz activ magn\u00e9sium et vitamines 30 comprim\u00e9s"}]},{"@type":"WebSite","@id":"https:\/\/pharmadreams.shop\/#website","url":"https:\/\/pharmadreams.shop\/","name":"pharmadreams","description":"Parapharmacie en ligne","potentialAction":[{"@type":"SearchAction","target":{"@type":"EntryPoint","urlTemplate":"https:\/\/pharmadreams.shop\/?s={search_term_string}"},"query-input":"required name=search_term_string"}],"inLanguage":"fr-FR"}]}},"_links":{"self":[{"href":"https:\/\/pharmadreams.shop\/index.php\/wp-json\/wp\/v2\/product\/16439","targetHints":{"allow":["GET"]}}],"collection":[{"href":"https:\/\/pharmadreams.shop\/index.php\/wp-json\/wp\/v2\/product"}],"about":[{"href":"https:\/\/pharmadreams.shop\/index.php\/wp-json\/wp\/v2\/types\/product"}],"replies":[{"embeddable":true,"href":"https:\/\/pharmadreams.shop\/index.php\/wp-json\/wp\/v2\/comments?post=16439"}],"version-history":[{"count":0,"href":"https:\/\/pharmadreams.shop\/index.php\/wp-json\/wp\/v2\/product\/16439\/revisions"}],"wp:featuredmedia":[{"embeddable":true,"href":"https:\/\/pharmadreams.shop\/index.php\/wp-json\/wp\/v2\/media\/16519"}],"wp:attachment":[{"href":"https:\/\/pharmadreams.shop\/index.php\/wp-json\/wp\/v2\/media?parent=16439"}],"wp:term":[{"taxonomy":"product_brand","embeddable":true,"href":"https:\/\/pharmadreams.shop\/index.php\/wp-json\/wp\/v2\/product_brand?post=16439"},{"taxonomy":"product_cat","embeddable":true,"href":"https:\/\/pharmadreams.shop\/index.php\/wp-json\/wp\/v2\/product_cat?post=16439"},{"taxonomy":"product_tag","embeddable":true,"href":"https:\/\/pharmadreams.shop\/index.php\/wp-json\/wp\/v2\/product_tag?post=16439"}],"curies":[{"name":"wp","href":"https:\/\/api.w.org\/{rel}","templated":true}]}}