{"id":16440,"date":"2023-12-19T19:34:25","date_gmt":"2023-12-19T18:34:25","guid":{"rendered":"https:\/\/venuspara.com\/?post_type=product&#038;p=16440"},"modified":"2023-12-19T19:35:21","modified_gmt":"2023-12-19T18:35:21","slug":"young-health-omega-3-90-gelules","status":"publish","type":"product","link":"https:\/\/pharmadreams.shop\/index.php\/product\/young-health-omega-3-90-gelules\/","title":{"rendered":"Young health om\u00e9ga 3, 90 g\u00e9lules"},"content":{"rendered":"","protected":false},"excerpt":{"rendered":"<p>Les huiles de poisson des mers froides sont riches en Om\u00e9ga 3, en particulier EPA et DHA qui ne<\/p>\n<p>Peuvent \u00eatre synth\u00e9tis\u00e9s par l\u2019organisme.<\/p>\n<ul>\n<li>L\u2019EPA se transforme en prostaglandines E de s\u00e9rie 3 qui contribuent \u00e0 la protection des Art\u00e8res et du c\u0153ur et ont des effets majeurs sur l\u2019agr\u00e9gation plaquettaire, sur l\u2019inflammation, les ph\u00e9nom\u00e8nes de fibrillation ventriculaire et sur la triglyc\u00e9rid\u00e9mie.<\/li>\n<\/ul>\n<p>&nbsp;<\/p>\n<ul>\n<li>DHA, \u00e9galement appel\u00e9 acide cervonique (vue son abondance dans les phospholipides<\/li>\n<\/ul>\n<p>des structures c\u00e9r\u00e9brales), a des fonctions sp\u00e9cifiques dans le d\u00e9veloppement du syst\u00e8me<\/p>\n<p>nerveux et de la r\u00e9tine.<\/p>\n<p>Le DHA est un composant important des membranes, ainsi il contribue au bon<\/p>\n<p>Fonctionnement de la physiologie cellulaire<\/p>\n","protected":false},"featured_media":16521,"comment_status":"open","ping_status":"closed","template":"","meta":[],"product_brand":[],"product_cat":[32],"product_tag":[],"class_list":{"0":"post-16440","1":"product","2":"type-product","3":"status-publish","4":"has-post-thumbnail","6":"product_cat-complements-alimentaires","8":"first","9":"instock","10":"shipping-taxable","11":"purchasable","12":"product-type-simple"},"yoast_head":"<!-- This site is optimized with the Yoast SEO plugin v23.0 - https:\/\/yoast.com\/wordpress\/plugins\/seo\/ -->\n<title>Young health om\u00e9ga 3, 90 g\u00e9lules - pharmadreams<\/title>\n<meta name=\"robots\" content=\"index, follow, max-snippet:-1, max-image-preview:large, max-video-preview:-1\" \/>\n<link rel=\"canonical\" href=\"https:\/\/pharmadreams.shop\/index.php\/product\/young-health-omega-3-90-gelules\/\" \/>\n<meta property=\"og:locale\" content=\"fr_FR\" \/>\n<meta property=\"og:type\" content=\"article\" \/>\n<meta property=\"og:title\" content=\"Young health om\u00e9ga 3, 90 g\u00e9lules - pharmadreams\" \/>\n<meta property=\"og:description\" content=\"Les huiles de poisson des mers froides sont riches en Om\u00e9ga 3, en particulier EPA et DHA qui ne  Peuvent \u00eatre synth\u00e9tis\u00e9s par l\u2019organisme.   L\u2019EPA se transforme en prostaglandines E de s\u00e9rie 3 qui contribuent \u00e0 la protection des Art\u00e8res et du c\u0153ur et ont des effets majeurs sur l\u2019agr\u00e9gation plaquettaire, sur l\u2019inflammation, les ph\u00e9nom\u00e8nes de fibrillation ventriculaire et sur la triglyc\u00e9rid\u00e9mie.  &nbsp;   DHA, \u00e9galement appel\u00e9 acide cervonique (vue son abondance dans les phospholipides  des structures c\u00e9r\u00e9brales), a des fonctions sp\u00e9cifiques dans le d\u00e9veloppement du syst\u00e8me  nerveux et de la r\u00e9tine.  Le DHA est un composant important des membranes, ainsi il contribue au bon  Fonctionnement de la physiologie cellulaire\" \/>\n<meta property=\"og:url\" content=\"https:\/\/pharmadreams.shop\/index.php\/product\/young-health-omega-3-90-gelules\/\" \/>\n<meta property=\"og:site_name\" content=\"pharmadreams\" \/>\n<meta property=\"article:modified_time\" content=\"2023-12-19T18:35:21+00:00\" \/>\n<meta property=\"og:image\" content=\"https:\/\/pharmadreams.shop\/wp-content\/uploads\/2023\/12\/omega3.png\" \/>\n\t<meta property=\"og:image:width\" content=\"592\" \/>\n\t<meta property=\"og:image:height\" content=\"686\" \/>\n\t<meta property=\"og:image:type\" content=\"image\/png\" \/>\n<meta name=\"twitter:card\" content=\"summary_large_image\" \/>\n<script type=\"application\/ld+json\" class=\"yoast-schema-graph\">{\"@context\":\"https:\/\/schema.org\",\"@graph\":[{\"@type\":\"WebPage\",\"@id\":\"https:\/\/pharmadreams.shop\/index.php\/product\/young-health-omega-3-90-gelules\/\",\"url\":\"https:\/\/pharmadreams.shop\/index.php\/product\/young-health-omega-3-90-gelules\/\",\"name\":\"Young health om\u00e9ga 3, 90 g\u00e9lules - pharmadreams\",\"isPartOf\":{\"@id\":\"https:\/\/pharmadreams.shop\/#website\"},\"primaryImageOfPage\":{\"@id\":\"https:\/\/pharmadreams.shop\/index.php\/product\/young-health-omega-3-90-gelules\/#primaryimage\"},\"image\":{\"@id\":\"https:\/\/pharmadreams.shop\/index.php\/product\/young-health-omega-3-90-gelules\/#primaryimage\"},\"thumbnailUrl\":\"https:\/\/pharmadreams.shop\/wp-content\/uploads\/2023\/12\/omega3.png\",\"datePublished\":\"2023-12-19T18:34:25+00:00\",\"dateModified\":\"2023-12-19T18:35:21+00:00\",\"breadcrumb\":{\"@id\":\"https:\/\/pharmadreams.shop\/index.php\/product\/young-health-omega-3-90-gelules\/#breadcrumb\"},\"inLanguage\":\"fr-FR\",\"potentialAction\":[{\"@type\":\"ReadAction\",\"target\":[\"https:\/\/pharmadreams.shop\/index.php\/product\/young-health-omega-3-90-gelules\/\"]}]},{\"@type\":\"ImageObject\",\"inLanguage\":\"fr-FR\",\"@id\":\"https:\/\/pharmadreams.shop\/index.php\/product\/young-health-omega-3-90-gelules\/#primaryimage\",\"url\":\"https:\/\/pharmadreams.shop\/wp-content\/uploads\/2023\/12\/omega3.png\",\"contentUrl\":\"https:\/\/pharmadreams.shop\/wp-content\/uploads\/2023\/12\/omega3.png\",\"width\":592,\"height\":686},{\"@type\":\"BreadcrumbList\",\"@id\":\"https:\/\/pharmadreams.shop\/index.php\/product\/young-health-omega-3-90-gelules\/#breadcrumb\",\"itemListElement\":[{\"@type\":\"ListItem\",\"position\":1,\"name\":\"Accueil\",\"item\":\"https:\/\/pharmadreams.shop\/\"},{\"@type\":\"ListItem\",\"position\":2,\"name\":\"Shop\",\"item\":\"https:\/\/pharmadreams.shop\/index.php\/shop\/\"},{\"@type\":\"ListItem\",\"position\":3,\"name\":\"Young health om\u00e9ga 3, 90 g\u00e9lules\"}]},{\"@type\":\"WebSite\",\"@id\":\"https:\/\/pharmadreams.shop\/#website\",\"url\":\"https:\/\/pharmadreams.shop\/\",\"name\":\"pharmadreams\",\"description\":\"Parapharmacie en ligne\",\"potentialAction\":[{\"@type\":\"SearchAction\",\"target\":{\"@type\":\"EntryPoint\",\"urlTemplate\":\"https:\/\/pharmadreams.shop\/?s={search_term_string}\"},\"query-input\":\"required name=search_term_string\"}],\"inLanguage\":\"fr-FR\"}]}<\/script>\n<!-- \/ Yoast SEO plugin. -->","yoast_head_json":{"title":"Young health om\u00e9ga 3, 90 g\u00e9lules - pharmadreams","robots":{"index":"index","follow":"follow","max-snippet":"max-snippet:-1","max-image-preview":"max-image-preview:large","max-video-preview":"max-video-preview:-1"},"canonical":"https:\/\/pharmadreams.shop\/index.php\/product\/young-health-omega-3-90-gelules\/","og_locale":"fr_FR","og_type":"article","og_title":"Young health om\u00e9ga 3, 90 g\u00e9lules - pharmadreams","og_description":"Les huiles de poisson des mers froides sont riches en Om\u00e9ga 3, en particulier EPA et DHA qui ne  Peuvent \u00eatre synth\u00e9tis\u00e9s par l\u2019organisme.   L\u2019EPA se transforme en prostaglandines E de s\u00e9rie 3 qui contribuent \u00e0 la protection des Art\u00e8res et du c\u0153ur et ont des effets majeurs sur l\u2019agr\u00e9gation plaquettaire, sur l\u2019inflammation, les ph\u00e9nom\u00e8nes de fibrillation ventriculaire et sur la triglyc\u00e9rid\u00e9mie.  &nbsp;   DHA, \u00e9galement appel\u00e9 acide cervonique (vue son abondance dans les phospholipides  des structures c\u00e9r\u00e9brales), a des fonctions sp\u00e9cifiques dans le d\u00e9veloppement du syst\u00e8me  nerveux et de la r\u00e9tine.  Le DHA est un composant important des membranes, ainsi il contribue au bon  Fonctionnement de la physiologie cellulaire","og_url":"https:\/\/pharmadreams.shop\/index.php\/product\/young-health-omega-3-90-gelules\/","og_site_name":"pharmadreams","article_modified_time":"2023-12-19T18:35:21+00:00","og_image":[{"width":592,"height":686,"url":"https:\/\/pharmadreams.shop\/wp-content\/uploads\/2023\/12\/omega3.png","type":"image\/png"}],"twitter_card":"summary_large_image","schema":{"@context":"https:\/\/schema.org","@graph":[{"@type":"WebPage","@id":"https:\/\/pharmadreams.shop\/index.php\/product\/young-health-omega-3-90-gelules\/","url":"https:\/\/pharmadreams.shop\/index.php\/product\/young-health-omega-3-90-gelules\/","name":"Young health om\u00e9ga 3, 90 g\u00e9lules - pharmadreams","isPartOf":{"@id":"https:\/\/pharmadreams.shop\/#website"},"primaryImageOfPage":{"@id":"https:\/\/pharmadreams.shop\/index.php\/product\/young-health-omega-3-90-gelules\/#primaryimage"},"image":{"@id":"https:\/\/pharmadreams.shop\/index.php\/product\/young-health-omega-3-90-gelules\/#primaryimage"},"thumbnailUrl":"https:\/\/pharmadreams.shop\/wp-content\/uploads\/2023\/12\/omega3.png","datePublished":"2023-12-19T18:34:25+00:00","dateModified":"2023-12-19T18:35:21+00:00","breadcrumb":{"@id":"https:\/\/pharmadreams.shop\/index.php\/product\/young-health-omega-3-90-gelules\/#breadcrumb"},"inLanguage":"fr-FR","potentialAction":[{"@type":"ReadAction","target":["https:\/\/pharmadreams.shop\/index.php\/product\/young-health-omega-3-90-gelules\/"]}]},{"@type":"ImageObject","inLanguage":"fr-FR","@id":"https:\/\/pharmadreams.shop\/index.php\/product\/young-health-omega-3-90-gelules\/#primaryimage","url":"https:\/\/pharmadreams.shop\/wp-content\/uploads\/2023\/12\/omega3.png","contentUrl":"https:\/\/pharmadreams.shop\/wp-content\/uploads\/2023\/12\/omega3.png","width":592,"height":686},{"@type":"BreadcrumbList","@id":"https:\/\/pharmadreams.shop\/index.php\/product\/young-health-omega-3-90-gelules\/#breadcrumb","itemListElement":[{"@type":"ListItem","position":1,"name":"Accueil","item":"https:\/\/pharmadreams.shop\/"},{"@type":"ListItem","position":2,"name":"Shop","item":"https:\/\/pharmadreams.shop\/index.php\/shop\/"},{"@type":"ListItem","position":3,"name":"Young health om\u00e9ga 3, 90 g\u00e9lules"}]},{"@type":"WebSite","@id":"https:\/\/pharmadreams.shop\/#website","url":"https:\/\/pharmadreams.shop\/","name":"pharmadreams","description":"Parapharmacie en ligne","potentialAction":[{"@type":"SearchAction","target":{"@type":"EntryPoint","urlTemplate":"https:\/\/pharmadreams.shop\/?s={search_term_string}"},"query-input":"required name=search_term_string"}],"inLanguage":"fr-FR"}]}},"_links":{"self":[{"href":"https:\/\/pharmadreams.shop\/index.php\/wp-json\/wp\/v2\/product\/16440","targetHints":{"allow":["GET"]}}],"collection":[{"href":"https:\/\/pharmadreams.shop\/index.php\/wp-json\/wp\/v2\/product"}],"about":[{"href":"https:\/\/pharmadreams.shop\/index.php\/wp-json\/wp\/v2\/types\/product"}],"replies":[{"embeddable":true,"href":"https:\/\/pharmadreams.shop\/index.php\/wp-json\/wp\/v2\/comments?post=16440"}],"version-history":[{"count":0,"href":"https:\/\/pharmadreams.shop\/index.php\/wp-json\/wp\/v2\/product\/16440\/revisions"}],"wp:featuredmedia":[{"embeddable":true,"href":"https:\/\/pharmadreams.shop\/index.php\/wp-json\/wp\/v2\/media\/16521"}],"wp:attachment":[{"href":"https:\/\/pharmadreams.shop\/index.php\/wp-json\/wp\/v2\/media?parent=16440"}],"wp:term":[{"taxonomy":"product_brand","embeddable":true,"href":"https:\/\/pharmadreams.shop\/index.php\/wp-json\/wp\/v2\/product_brand?post=16440"},{"taxonomy":"product_cat","embeddable":true,"href":"https:\/\/pharmadreams.shop\/index.php\/wp-json\/wp\/v2\/product_cat?post=16440"},{"taxonomy":"product_tag","embeddable":true,"href":"https:\/\/pharmadreams.shop\/index.php\/wp-json\/wp\/v2\/product_tag?post=16440"}],"curies":[{"name":"wp","href":"https:\/\/api.w.org\/{rel}","templated":true}]}}