{"id":16462,"date":"2023-12-19T19:34:46","date_gmt":"2023-12-19T18:34:46","guid":{"rendered":"https:\/\/venuspara.com\/?post_type=product&#038;p=16462"},"modified":"2023-12-19T19:35:25","modified_gmt":"2023-12-19T18:35:25","slug":"dermafig-huile-corps-a-lhuile-figue-de-barbarie-125ml","status":"publish","type":"product","link":"https:\/\/pharmadreams.shop\/index.php\/product\/dermafig-huile-corps-a-lhuile-figue-de-barbarie-125ml\/","title":{"rendered":"Dermafig huile corps \u00e0 l&rsquo;huile figue de barbarie 125ml"},"content":{"rendered":"","protected":false},"excerpt":{"rendered":"<p>Il s\u2019agit d\u2019une huile raffermissante qui vous permettra d\u2019avoir votre corps de r\u00eave sans recourir \u00e0 des r\u00e9gimes alimentaires draconiens ni \u00e0 des activit\u00e9s sportives fastidieuses. Respectueuse de l\u2019environnement, l\u2019huile est adapt\u00e9e aux personnes v\u00e9ganes et peut s\u2019adapter \u00e0 n\u2019importe quel type de peau, y compris les plus sensibles. Cette <strong>Huile Corps \u00e0 l&rsquo;huile Figue de Barbarie 125ml<\/strong>\u00a0de\u00a0<strong>Dermafig<\/strong>\u00a0est consid\u00e9r\u00e9e comme une perle rare en raison de sa composition.<br \/>\nGr\u00e2ce \u00e0 ses composants, l\u2019huile est \u00e0 la fois hydratante et protectrice. Votre \u00e9piderme vous dira merci d\u00e8s les premi\u00e8res applications. En ce qui concerne ses actions assouplissantes et restructur\u00e2tes, elles permettraient d\u2019avoir une peau parfaitement lisse, d\u00e9pourvue de toutes imperfections. Pour en tirer le meilleur profit, le conseil est d\u2019appliquer l\u2019huile sur une peau propre, principalement sur les zones de corps que vous souhaitez traiter. Pour une mise en garde, tout contact de l\u2019huile avec les yeux est proscrit. Aussi, il faut la garder dans un endroit sec et \u00e0 l\u2019abri du soleil<\/p>\n","protected":false},"featured_media":16525,"comment_status":"open","ping_status":"closed","template":"","meta":[],"product_brand":[],"product_cat":[155],"product_tag":[],"class_list":{"0":"post-16462","1":"product","2":"type-product","3":"status-publish","4":"has-post-thumbnail","6":"product_cat-huile-corp","8":"first","9":"instock","10":"shipping-taxable","11":"purchasable","12":"product-type-simple"},"yoast_head":"<!-- This site is optimized with the Yoast SEO plugin v23.0 - https:\/\/yoast.com\/wordpress\/plugins\/seo\/ -->\n<title>Dermafig huile corps \u00e0 l&#039;huile figue de barbarie 125ml - pharmadreams<\/title>\n<meta name=\"robots\" content=\"index, follow, max-snippet:-1, max-image-preview:large, max-video-preview:-1\" \/>\n<link rel=\"canonical\" href=\"https:\/\/pharmadreams.shop\/index.php\/product\/dermafig-huile-corps-a-lhuile-figue-de-barbarie-125ml\/\" \/>\n<meta property=\"og:locale\" content=\"fr_FR\" \/>\n<meta property=\"og:type\" content=\"article\" \/>\n<meta property=\"og:title\" content=\"Dermafig huile corps \u00e0 l&#039;huile figue de barbarie 125ml - pharmadreams\" \/>\n<meta property=\"og:description\" content=\"Il s\u2019agit d\u2019une huile raffermissante qui vous permettra d\u2019avoir votre corps de r\u00eave sans recourir \u00e0 des r\u00e9gimes alimentaires draconiens ni \u00e0 des activit\u00e9s sportives fastidieuses. Respectueuse de l\u2019environnement, l\u2019huile est adapt\u00e9e aux personnes v\u00e9ganes et peut s\u2019adapter \u00e0 n\u2019importe quel type de peau, y compris les plus sensibles. Cette Huile Corps \u00e0 l&#039;huile Figue de Barbarie 125ml\u00a0de\u00a0Dermafig\u00a0est consid\u00e9r\u00e9e comme une perle rare en raison de sa composition. Gr\u00e2ce \u00e0 ses composants, l\u2019huile est \u00e0 la fois hydratante et protectrice. Votre \u00e9piderme vous dira merci d\u00e8s les premi\u00e8res applications. En ce qui concerne ses actions assouplissantes et restructur\u00e2tes, elles permettraient d\u2019avoir une peau parfaitement lisse, d\u00e9pourvue de toutes imperfections. Pour en tirer le meilleur profit, le conseil est d\u2019appliquer l\u2019huile sur une peau propre, principalement sur les zones de corps que vous souhaitez traiter. Pour une mise en garde, tout contact de l\u2019huile avec les yeux est proscrit. Aussi, il faut la garder dans un endroit sec et \u00e0 l\u2019abri du soleil\" \/>\n<meta property=\"og:url\" content=\"https:\/\/pharmadreams.shop\/index.php\/product\/dermafig-huile-corps-a-lhuile-figue-de-barbarie-125ml\/\" \/>\n<meta property=\"og:site_name\" content=\"pharmadreams\" \/>\n<meta property=\"article:modified_time\" content=\"2023-12-19T18:35:25+00:00\" \/>\n<meta property=\"og:image\" content=\"https:\/\/pharmadreams.shop\/wp-content\/uploads\/2023\/12\/dermafig.png\" \/>\n\t<meta property=\"og:image:width\" content=\"368\" \/>\n\t<meta property=\"og:image:height\" content=\"482\" \/>\n\t<meta property=\"og:image:type\" content=\"image\/png\" \/>\n<meta name=\"twitter:card\" content=\"summary_large_image\" \/>\n<script type=\"application\/ld+json\" class=\"yoast-schema-graph\">{\"@context\":\"https:\/\/schema.org\",\"@graph\":[{\"@type\":\"WebPage\",\"@id\":\"https:\/\/pharmadreams.shop\/index.php\/product\/dermafig-huile-corps-a-lhuile-figue-de-barbarie-125ml\/\",\"url\":\"https:\/\/pharmadreams.shop\/index.php\/product\/dermafig-huile-corps-a-lhuile-figue-de-barbarie-125ml\/\",\"name\":\"Dermafig huile corps \u00e0 l'huile figue de barbarie 125ml - pharmadreams\",\"isPartOf\":{\"@id\":\"https:\/\/pharmadreams.shop\/#website\"},\"primaryImageOfPage\":{\"@id\":\"https:\/\/pharmadreams.shop\/index.php\/product\/dermafig-huile-corps-a-lhuile-figue-de-barbarie-125ml\/#primaryimage\"},\"image\":{\"@id\":\"https:\/\/pharmadreams.shop\/index.php\/product\/dermafig-huile-corps-a-lhuile-figue-de-barbarie-125ml\/#primaryimage\"},\"thumbnailUrl\":\"https:\/\/pharmadreams.shop\/wp-content\/uploads\/2023\/12\/dermafig.png\",\"datePublished\":\"2023-12-19T18:34:46+00:00\",\"dateModified\":\"2023-12-19T18:35:25+00:00\",\"breadcrumb\":{\"@id\":\"https:\/\/pharmadreams.shop\/index.php\/product\/dermafig-huile-corps-a-lhuile-figue-de-barbarie-125ml\/#breadcrumb\"},\"inLanguage\":\"fr-FR\",\"potentialAction\":[{\"@type\":\"ReadAction\",\"target\":[\"https:\/\/pharmadreams.shop\/index.php\/product\/dermafig-huile-corps-a-lhuile-figue-de-barbarie-125ml\/\"]}]},{\"@type\":\"ImageObject\",\"inLanguage\":\"fr-FR\",\"@id\":\"https:\/\/pharmadreams.shop\/index.php\/product\/dermafig-huile-corps-a-lhuile-figue-de-barbarie-125ml\/#primaryimage\",\"url\":\"https:\/\/pharmadreams.shop\/wp-content\/uploads\/2023\/12\/dermafig.png\",\"contentUrl\":\"https:\/\/pharmadreams.shop\/wp-content\/uploads\/2023\/12\/dermafig.png\",\"width\":368,\"height\":482},{\"@type\":\"BreadcrumbList\",\"@id\":\"https:\/\/pharmadreams.shop\/index.php\/product\/dermafig-huile-corps-a-lhuile-figue-de-barbarie-125ml\/#breadcrumb\",\"itemListElement\":[{\"@type\":\"ListItem\",\"position\":1,\"name\":\"Accueil\",\"item\":\"https:\/\/pharmadreams.shop\/\"},{\"@type\":\"ListItem\",\"position\":2,\"name\":\"Shop\",\"item\":\"https:\/\/pharmadreams.shop\/index.php\/shop\/\"},{\"@type\":\"ListItem\",\"position\":3,\"name\":\"Dermafig huile corps \u00e0 l&#8217;huile figue de barbarie 125ml\"}]},{\"@type\":\"WebSite\",\"@id\":\"https:\/\/pharmadreams.shop\/#website\",\"url\":\"https:\/\/pharmadreams.shop\/\",\"name\":\"pharmadreams\",\"description\":\"Parapharmacie en ligne\",\"potentialAction\":[{\"@type\":\"SearchAction\",\"target\":{\"@type\":\"EntryPoint\",\"urlTemplate\":\"https:\/\/pharmadreams.shop\/?s={search_term_string}\"},\"query-input\":\"required name=search_term_string\"}],\"inLanguage\":\"fr-FR\"}]}<\/script>\n<!-- \/ Yoast SEO plugin. -->","yoast_head_json":{"title":"Dermafig huile corps \u00e0 l'huile figue de barbarie 125ml - pharmadreams","robots":{"index":"index","follow":"follow","max-snippet":"max-snippet:-1","max-image-preview":"max-image-preview:large","max-video-preview":"max-video-preview:-1"},"canonical":"https:\/\/pharmadreams.shop\/index.php\/product\/dermafig-huile-corps-a-lhuile-figue-de-barbarie-125ml\/","og_locale":"fr_FR","og_type":"article","og_title":"Dermafig huile corps \u00e0 l'huile figue de barbarie 125ml - pharmadreams","og_description":"Il s\u2019agit d\u2019une huile raffermissante qui vous permettra d\u2019avoir votre corps de r\u00eave sans recourir \u00e0 des r\u00e9gimes alimentaires draconiens ni \u00e0 des activit\u00e9s sportives fastidieuses. Respectueuse de l\u2019environnement, l\u2019huile est adapt\u00e9e aux personnes v\u00e9ganes et peut s\u2019adapter \u00e0 n\u2019importe quel type de peau, y compris les plus sensibles. Cette Huile Corps \u00e0 l'huile Figue de Barbarie 125ml\u00a0de\u00a0Dermafig\u00a0est consid\u00e9r\u00e9e comme une perle rare en raison de sa composition. Gr\u00e2ce \u00e0 ses composants, l\u2019huile est \u00e0 la fois hydratante et protectrice. Votre \u00e9piderme vous dira merci d\u00e8s les premi\u00e8res applications. En ce qui concerne ses actions assouplissantes et restructur\u00e2tes, elles permettraient d\u2019avoir une peau parfaitement lisse, d\u00e9pourvue de toutes imperfections. Pour en tirer le meilleur profit, le conseil est d\u2019appliquer l\u2019huile sur une peau propre, principalement sur les zones de corps que vous souhaitez traiter. Pour une mise en garde, tout contact de l\u2019huile avec les yeux est proscrit. Aussi, il faut la garder dans un endroit sec et \u00e0 l\u2019abri du soleil","og_url":"https:\/\/pharmadreams.shop\/index.php\/product\/dermafig-huile-corps-a-lhuile-figue-de-barbarie-125ml\/","og_site_name":"pharmadreams","article_modified_time":"2023-12-19T18:35:25+00:00","og_image":[{"width":368,"height":482,"url":"https:\/\/pharmadreams.shop\/wp-content\/uploads\/2023\/12\/dermafig.png","type":"image\/png"}],"twitter_card":"summary_large_image","schema":{"@context":"https:\/\/schema.org","@graph":[{"@type":"WebPage","@id":"https:\/\/pharmadreams.shop\/index.php\/product\/dermafig-huile-corps-a-lhuile-figue-de-barbarie-125ml\/","url":"https:\/\/pharmadreams.shop\/index.php\/product\/dermafig-huile-corps-a-lhuile-figue-de-barbarie-125ml\/","name":"Dermafig huile corps \u00e0 l'huile figue de barbarie 125ml - pharmadreams","isPartOf":{"@id":"https:\/\/pharmadreams.shop\/#website"},"primaryImageOfPage":{"@id":"https:\/\/pharmadreams.shop\/index.php\/product\/dermafig-huile-corps-a-lhuile-figue-de-barbarie-125ml\/#primaryimage"},"image":{"@id":"https:\/\/pharmadreams.shop\/index.php\/product\/dermafig-huile-corps-a-lhuile-figue-de-barbarie-125ml\/#primaryimage"},"thumbnailUrl":"https:\/\/pharmadreams.shop\/wp-content\/uploads\/2023\/12\/dermafig.png","datePublished":"2023-12-19T18:34:46+00:00","dateModified":"2023-12-19T18:35:25+00:00","breadcrumb":{"@id":"https:\/\/pharmadreams.shop\/index.php\/product\/dermafig-huile-corps-a-lhuile-figue-de-barbarie-125ml\/#breadcrumb"},"inLanguage":"fr-FR","potentialAction":[{"@type":"ReadAction","target":["https:\/\/pharmadreams.shop\/index.php\/product\/dermafig-huile-corps-a-lhuile-figue-de-barbarie-125ml\/"]}]},{"@type":"ImageObject","inLanguage":"fr-FR","@id":"https:\/\/pharmadreams.shop\/index.php\/product\/dermafig-huile-corps-a-lhuile-figue-de-barbarie-125ml\/#primaryimage","url":"https:\/\/pharmadreams.shop\/wp-content\/uploads\/2023\/12\/dermafig.png","contentUrl":"https:\/\/pharmadreams.shop\/wp-content\/uploads\/2023\/12\/dermafig.png","width":368,"height":482},{"@type":"BreadcrumbList","@id":"https:\/\/pharmadreams.shop\/index.php\/product\/dermafig-huile-corps-a-lhuile-figue-de-barbarie-125ml\/#breadcrumb","itemListElement":[{"@type":"ListItem","position":1,"name":"Accueil","item":"https:\/\/pharmadreams.shop\/"},{"@type":"ListItem","position":2,"name":"Shop","item":"https:\/\/pharmadreams.shop\/index.php\/shop\/"},{"@type":"ListItem","position":3,"name":"Dermafig huile corps \u00e0 l&#8217;huile figue de barbarie 125ml"}]},{"@type":"WebSite","@id":"https:\/\/pharmadreams.shop\/#website","url":"https:\/\/pharmadreams.shop\/","name":"pharmadreams","description":"Parapharmacie en ligne","potentialAction":[{"@type":"SearchAction","target":{"@type":"EntryPoint","urlTemplate":"https:\/\/pharmadreams.shop\/?s={search_term_string}"},"query-input":"required name=search_term_string"}],"inLanguage":"fr-FR"}]}},"_links":{"self":[{"href":"https:\/\/pharmadreams.shop\/index.php\/wp-json\/wp\/v2\/product\/16462","targetHints":{"allow":["GET"]}}],"collection":[{"href":"https:\/\/pharmadreams.shop\/index.php\/wp-json\/wp\/v2\/product"}],"about":[{"href":"https:\/\/pharmadreams.shop\/index.php\/wp-json\/wp\/v2\/types\/product"}],"replies":[{"embeddable":true,"href":"https:\/\/pharmadreams.shop\/index.php\/wp-json\/wp\/v2\/comments?post=16462"}],"version-history":[{"count":0,"href":"https:\/\/pharmadreams.shop\/index.php\/wp-json\/wp\/v2\/product\/16462\/revisions"}],"wp:featuredmedia":[{"embeddable":true,"href":"https:\/\/pharmadreams.shop\/index.php\/wp-json\/wp\/v2\/media\/16525"}],"wp:attachment":[{"href":"https:\/\/pharmadreams.shop\/index.php\/wp-json\/wp\/v2\/media?parent=16462"}],"wp:term":[{"taxonomy":"product_brand","embeddable":true,"href":"https:\/\/pharmadreams.shop\/index.php\/wp-json\/wp\/v2\/product_brand?post=16462"},{"taxonomy":"product_cat","embeddable":true,"href":"https:\/\/pharmadreams.shop\/index.php\/wp-json\/wp\/v2\/product_cat?post=16462"},{"taxonomy":"product_tag","embeddable":true,"href":"https:\/\/pharmadreams.shop\/index.php\/wp-json\/wp\/v2\/product_tag?post=16462"}],"curies":[{"name":"wp","href":"https:\/\/api.w.org\/{rel}","templated":true}]}}