{"id":16463,"date":"2023-12-19T19:34:46","date_gmt":"2023-12-19T18:34:46","guid":{"rendered":"https:\/\/venuspara.com\/?post_type=product&#038;p=16463"},"modified":"2023-12-19T19:35:27","modified_gmt":"2023-12-19T18:35:27","slug":"young-health-fibres-vegetale-60-gelules","status":"publish","type":"product","link":"https:\/\/pharmadreams.shop\/index.php\/product\/young-health-fibres-vegetale-60-gelules\/","title":{"rendered":"Young health fibres v\u00e9g\u00e9tale 60 g\u00e9lules"},"content":{"rendered":"","protected":false},"excerpt":{"rendered":"<div id=\"short_description_block\">\n<div id=\"short_description_content\" class=\"rte align_justify\">\n<p>Puisque les fibres v\u00e9g\u00e9tales sont indisposables au bon fonctionnement de l\u2019instestin, le KONJAC est le produit id\u00e9al qui permet la lutte contre les fringales et le grignotage. Ce pilulier de 60 g\u00e9lules am\u00e9liore le transit et contribue \u00e0 la r\u00e9duction de poids suite \u00e0 une coupe faim certainement naturel.<\/p>\n<\/div>\n<\/div>\n","protected":false},"featured_media":16527,"comment_status":"open","ping_status":"closed","template":"","meta":[],"product_brand":[],"product_cat":[32],"product_tag":[],"class_list":{"0":"post-16463","1":"product","2":"type-product","3":"status-publish","4":"has-post-thumbnail","6":"product_cat-complements-alimentaires","8":"first","9":"instock","10":"shipping-taxable","11":"purchasable","12":"product-type-simple"},"yoast_head":"<!-- This site is optimized with the Yoast SEO plugin v23.0 - https:\/\/yoast.com\/wordpress\/plugins\/seo\/ -->\n<title>Young health fibres v\u00e9g\u00e9tale 60 g\u00e9lules - pharmadreams<\/title>\n<meta name=\"robots\" content=\"index, follow, max-snippet:-1, max-image-preview:large, max-video-preview:-1\" \/>\n<link rel=\"canonical\" href=\"https:\/\/pharmadreams.shop\/index.php\/product\/young-health-fibres-vegetale-60-gelules\/\" \/>\n<meta property=\"og:locale\" content=\"fr_FR\" \/>\n<meta property=\"og:type\" content=\"article\" \/>\n<meta property=\"og:title\" content=\"Young health fibres v\u00e9g\u00e9tale 60 g\u00e9lules - pharmadreams\" \/>\n<meta property=\"og:description\" content=\"Puisque les fibres v\u00e9g\u00e9tales sont indisposables au bon fonctionnement de l\u2019instestin, le KONJAC est le produit id\u00e9al qui permet la lutte contre les fringales et le grignotage. Ce pilulier de 60 g\u00e9lules am\u00e9liore le transit et contribue \u00e0 la r\u00e9duction de poids suite \u00e0 une coupe faim certainement naturel.\" \/>\n<meta property=\"og:url\" content=\"https:\/\/pharmadreams.shop\/index.php\/product\/young-health-fibres-vegetale-60-gelules\/\" \/>\n<meta property=\"og:site_name\" content=\"pharmadreams\" \/>\n<meta property=\"article:modified_time\" content=\"2023-12-19T18:35:27+00:00\" \/>\n<meta property=\"og:image\" content=\"https:\/\/pharmadreams.shop\/wp-content\/uploads\/2023\/12\/fibre.png\" \/>\n\t<meta property=\"og:image:width\" content=\"796\" \/>\n\t<meta property=\"og:image:height\" content=\"842\" \/>\n\t<meta property=\"og:image:type\" content=\"image\/png\" \/>\n<meta name=\"twitter:card\" content=\"summary_large_image\" \/>\n<script type=\"application\/ld+json\" class=\"yoast-schema-graph\">{\"@context\":\"https:\/\/schema.org\",\"@graph\":[{\"@type\":\"WebPage\",\"@id\":\"https:\/\/pharmadreams.shop\/index.php\/product\/young-health-fibres-vegetale-60-gelules\/\",\"url\":\"https:\/\/pharmadreams.shop\/index.php\/product\/young-health-fibres-vegetale-60-gelules\/\",\"name\":\"Young health fibres v\u00e9g\u00e9tale 60 g\u00e9lules - pharmadreams\",\"isPartOf\":{\"@id\":\"https:\/\/pharmadreams.shop\/#website\"},\"primaryImageOfPage\":{\"@id\":\"https:\/\/pharmadreams.shop\/index.php\/product\/young-health-fibres-vegetale-60-gelules\/#primaryimage\"},\"image\":{\"@id\":\"https:\/\/pharmadreams.shop\/index.php\/product\/young-health-fibres-vegetale-60-gelules\/#primaryimage\"},\"thumbnailUrl\":\"https:\/\/pharmadreams.shop\/wp-content\/uploads\/2023\/12\/fibre.png\",\"datePublished\":\"2023-12-19T18:34:46+00:00\",\"dateModified\":\"2023-12-19T18:35:27+00:00\",\"breadcrumb\":{\"@id\":\"https:\/\/pharmadreams.shop\/index.php\/product\/young-health-fibres-vegetale-60-gelules\/#breadcrumb\"},\"inLanguage\":\"fr-FR\",\"potentialAction\":[{\"@type\":\"ReadAction\",\"target\":[\"https:\/\/pharmadreams.shop\/index.php\/product\/young-health-fibres-vegetale-60-gelules\/\"]}]},{\"@type\":\"ImageObject\",\"inLanguage\":\"fr-FR\",\"@id\":\"https:\/\/pharmadreams.shop\/index.php\/product\/young-health-fibres-vegetale-60-gelules\/#primaryimage\",\"url\":\"https:\/\/pharmadreams.shop\/wp-content\/uploads\/2023\/12\/fibre.png\",\"contentUrl\":\"https:\/\/pharmadreams.shop\/wp-content\/uploads\/2023\/12\/fibre.png\",\"width\":796,\"height\":842},{\"@type\":\"BreadcrumbList\",\"@id\":\"https:\/\/pharmadreams.shop\/index.php\/product\/young-health-fibres-vegetale-60-gelules\/#breadcrumb\",\"itemListElement\":[{\"@type\":\"ListItem\",\"position\":1,\"name\":\"Accueil\",\"item\":\"https:\/\/pharmadreams.shop\/\"},{\"@type\":\"ListItem\",\"position\":2,\"name\":\"Shop\",\"item\":\"https:\/\/pharmadreams.shop\/index.php\/shop\/\"},{\"@type\":\"ListItem\",\"position\":3,\"name\":\"Young health fibres v\u00e9g\u00e9tale 60 g\u00e9lules\"}]},{\"@type\":\"WebSite\",\"@id\":\"https:\/\/pharmadreams.shop\/#website\",\"url\":\"https:\/\/pharmadreams.shop\/\",\"name\":\"pharmadreams\",\"description\":\"Parapharmacie en ligne\",\"potentialAction\":[{\"@type\":\"SearchAction\",\"target\":{\"@type\":\"EntryPoint\",\"urlTemplate\":\"https:\/\/pharmadreams.shop\/?s={search_term_string}\"},\"query-input\":\"required name=search_term_string\"}],\"inLanguage\":\"fr-FR\"}]}<\/script>\n<!-- \/ Yoast SEO plugin. -->","yoast_head_json":{"title":"Young health fibres v\u00e9g\u00e9tale 60 g\u00e9lules - pharmadreams","robots":{"index":"index","follow":"follow","max-snippet":"max-snippet:-1","max-image-preview":"max-image-preview:large","max-video-preview":"max-video-preview:-1"},"canonical":"https:\/\/pharmadreams.shop\/index.php\/product\/young-health-fibres-vegetale-60-gelules\/","og_locale":"fr_FR","og_type":"article","og_title":"Young health fibres v\u00e9g\u00e9tale 60 g\u00e9lules - pharmadreams","og_description":"Puisque les fibres v\u00e9g\u00e9tales sont indisposables au bon fonctionnement de l\u2019instestin, le KONJAC est le produit id\u00e9al qui permet la lutte contre les fringales et le grignotage. Ce pilulier de 60 g\u00e9lules am\u00e9liore le transit et contribue \u00e0 la r\u00e9duction de poids suite \u00e0 une coupe faim certainement naturel.","og_url":"https:\/\/pharmadreams.shop\/index.php\/product\/young-health-fibres-vegetale-60-gelules\/","og_site_name":"pharmadreams","article_modified_time":"2023-12-19T18:35:27+00:00","og_image":[{"width":796,"height":842,"url":"https:\/\/pharmadreams.shop\/wp-content\/uploads\/2023\/12\/fibre.png","type":"image\/png"}],"twitter_card":"summary_large_image","schema":{"@context":"https:\/\/schema.org","@graph":[{"@type":"WebPage","@id":"https:\/\/pharmadreams.shop\/index.php\/product\/young-health-fibres-vegetale-60-gelules\/","url":"https:\/\/pharmadreams.shop\/index.php\/product\/young-health-fibres-vegetale-60-gelules\/","name":"Young health fibres v\u00e9g\u00e9tale 60 g\u00e9lules - pharmadreams","isPartOf":{"@id":"https:\/\/pharmadreams.shop\/#website"},"primaryImageOfPage":{"@id":"https:\/\/pharmadreams.shop\/index.php\/product\/young-health-fibres-vegetale-60-gelules\/#primaryimage"},"image":{"@id":"https:\/\/pharmadreams.shop\/index.php\/product\/young-health-fibres-vegetale-60-gelules\/#primaryimage"},"thumbnailUrl":"https:\/\/pharmadreams.shop\/wp-content\/uploads\/2023\/12\/fibre.png","datePublished":"2023-12-19T18:34:46+00:00","dateModified":"2023-12-19T18:35:27+00:00","breadcrumb":{"@id":"https:\/\/pharmadreams.shop\/index.php\/product\/young-health-fibres-vegetale-60-gelules\/#breadcrumb"},"inLanguage":"fr-FR","potentialAction":[{"@type":"ReadAction","target":["https:\/\/pharmadreams.shop\/index.php\/product\/young-health-fibres-vegetale-60-gelules\/"]}]},{"@type":"ImageObject","inLanguage":"fr-FR","@id":"https:\/\/pharmadreams.shop\/index.php\/product\/young-health-fibres-vegetale-60-gelules\/#primaryimage","url":"https:\/\/pharmadreams.shop\/wp-content\/uploads\/2023\/12\/fibre.png","contentUrl":"https:\/\/pharmadreams.shop\/wp-content\/uploads\/2023\/12\/fibre.png","width":796,"height":842},{"@type":"BreadcrumbList","@id":"https:\/\/pharmadreams.shop\/index.php\/product\/young-health-fibres-vegetale-60-gelules\/#breadcrumb","itemListElement":[{"@type":"ListItem","position":1,"name":"Accueil","item":"https:\/\/pharmadreams.shop\/"},{"@type":"ListItem","position":2,"name":"Shop","item":"https:\/\/pharmadreams.shop\/index.php\/shop\/"},{"@type":"ListItem","position":3,"name":"Young health fibres v\u00e9g\u00e9tale 60 g\u00e9lules"}]},{"@type":"WebSite","@id":"https:\/\/pharmadreams.shop\/#website","url":"https:\/\/pharmadreams.shop\/","name":"pharmadreams","description":"Parapharmacie en ligne","potentialAction":[{"@type":"SearchAction","target":{"@type":"EntryPoint","urlTemplate":"https:\/\/pharmadreams.shop\/?s={search_term_string}"},"query-input":"required name=search_term_string"}],"inLanguage":"fr-FR"}]}},"_links":{"self":[{"href":"https:\/\/pharmadreams.shop\/index.php\/wp-json\/wp\/v2\/product\/16463","targetHints":{"allow":["GET"]}}],"collection":[{"href":"https:\/\/pharmadreams.shop\/index.php\/wp-json\/wp\/v2\/product"}],"about":[{"href":"https:\/\/pharmadreams.shop\/index.php\/wp-json\/wp\/v2\/types\/product"}],"replies":[{"embeddable":true,"href":"https:\/\/pharmadreams.shop\/index.php\/wp-json\/wp\/v2\/comments?post=16463"}],"version-history":[{"count":0,"href":"https:\/\/pharmadreams.shop\/index.php\/wp-json\/wp\/v2\/product\/16463\/revisions"}],"wp:featuredmedia":[{"embeddable":true,"href":"https:\/\/pharmadreams.shop\/index.php\/wp-json\/wp\/v2\/media\/16527"}],"wp:attachment":[{"href":"https:\/\/pharmadreams.shop\/index.php\/wp-json\/wp\/v2\/media?parent=16463"}],"wp:term":[{"taxonomy":"product_brand","embeddable":true,"href":"https:\/\/pharmadreams.shop\/index.php\/wp-json\/wp\/v2\/product_brand?post=16463"},{"taxonomy":"product_cat","embeddable":true,"href":"https:\/\/pharmadreams.shop\/index.php\/wp-json\/wp\/v2\/product_cat?post=16463"},{"taxonomy":"product_tag","embeddable":true,"href":"https:\/\/pharmadreams.shop\/index.php\/wp-json\/wp\/v2\/product_tag?post=16463"}],"curies":[{"name":"wp","href":"https:\/\/api.w.org\/{rel}","templated":true}]}}