{"id":16464,"date":"2023-12-19T19:34:46","date_gmt":"2023-12-19T18:34:46","guid":{"rendered":"https:\/\/venuspara.com\/?post_type=product&#038;p=16464"},"modified":"2023-12-19T19:35:28","modified_gmt":"2023-12-19T18:35:28","slug":"young-health-minci-bruleur-60-gelules","status":"publish","type":"product","link":"https:\/\/pharmadreams.shop\/index.php\/product\/young-health-minci-bruleur-60-gelules\/","title":{"rendered":"Young health minci bruleur 60 g\u00e9lules"},"content":{"rendered":"","protected":false},"excerpt":{"rendered":"<p>Action lipolytique facilitant la mobilit\u00e9 et la combustion des acides gras.<br \/>\nAction catabolique sur les graisses de r\u00e9serve emp\u00eachant leur d\u00e9p\u00f4t sur les tissus.<br \/>\nAction purifiante facilitant l\u2019\u00e9limination des toxines<br \/>\nCONSEILS D\u2019UTILISATION :<br \/>\nPrendre 2 g\u00e9lules avec un verre d\u2019eau au milieu du petit d\u00e9jeuner et au milieu de diner.<\/p>\n","protected":false},"featured_media":16529,"comment_status":"open","ping_status":"closed","template":"","meta":[],"product_brand":[],"product_cat":[32],"product_tag":[],"class_list":{"0":"post-16464","1":"product","2":"type-product","3":"status-publish","4":"has-post-thumbnail","6":"product_cat-complements-alimentaires","8":"first","9":"instock","10":"shipping-taxable","11":"purchasable","12":"product-type-simple"},"yoast_head":"<!-- This site is optimized with the Yoast SEO plugin v23.0 - https:\/\/yoast.com\/wordpress\/plugins\/seo\/ -->\n<title>Young health minci bruleur 60 g\u00e9lules - pharmadreams<\/title>\n<meta name=\"robots\" content=\"index, follow, max-snippet:-1, max-image-preview:large, max-video-preview:-1\" \/>\n<link rel=\"canonical\" href=\"https:\/\/pharmadreams.shop\/index.php\/product\/young-health-minci-bruleur-60-gelules\/\" \/>\n<meta property=\"og:locale\" content=\"fr_FR\" \/>\n<meta property=\"og:type\" content=\"article\" \/>\n<meta property=\"og:title\" content=\"Young health minci bruleur 60 g\u00e9lules - pharmadreams\" \/>\n<meta property=\"og:description\" content=\"Action lipolytique facilitant la mobilit\u00e9 et la combustion des acides gras. Action catabolique sur les graisses de r\u00e9serve emp\u00eachant leur d\u00e9p\u00f4t sur les tissus. Action purifiante facilitant l\u2019\u00e9limination des toxines CONSEILS D\u2019UTILISATION : Prendre 2 g\u00e9lules avec un verre d\u2019eau au milieu du petit d\u00e9jeuner et au milieu de diner.\" \/>\n<meta property=\"og:url\" content=\"https:\/\/pharmadreams.shop\/index.php\/product\/young-health-minci-bruleur-60-gelules\/\" \/>\n<meta property=\"og:site_name\" content=\"pharmadreams\" \/>\n<meta property=\"article:modified_time\" content=\"2023-12-19T18:35:28+00:00\" \/>\n<meta property=\"og:image\" content=\"https:\/\/pharmadreams.shop\/wp-content\/uploads\/2023\/12\/young-health-bruleur-de-graisse-60-gelules.webp\" \/>\n\t<meta property=\"og:image:width\" content=\"500\" \/>\n\t<meta property=\"og:image:height\" content=\"500\" \/>\n\t<meta property=\"og:image:type\" content=\"image\/webp\" \/>\n<meta name=\"twitter:card\" content=\"summary_large_image\" \/>\n<script type=\"application\/ld+json\" class=\"yoast-schema-graph\">{\"@context\":\"https:\/\/schema.org\",\"@graph\":[{\"@type\":\"WebPage\",\"@id\":\"https:\/\/pharmadreams.shop\/index.php\/product\/young-health-minci-bruleur-60-gelules\/\",\"url\":\"https:\/\/pharmadreams.shop\/index.php\/product\/young-health-minci-bruleur-60-gelules\/\",\"name\":\"Young health minci bruleur 60 g\u00e9lules - pharmadreams\",\"isPartOf\":{\"@id\":\"https:\/\/pharmadreams.shop\/#website\"},\"primaryImageOfPage\":{\"@id\":\"https:\/\/pharmadreams.shop\/index.php\/product\/young-health-minci-bruleur-60-gelules\/#primaryimage\"},\"image\":{\"@id\":\"https:\/\/pharmadreams.shop\/index.php\/product\/young-health-minci-bruleur-60-gelules\/#primaryimage\"},\"thumbnailUrl\":\"https:\/\/pharmadreams.shop\/wp-content\/uploads\/2023\/12\/young-health-bruleur-de-graisse-60-gelules.webp\",\"datePublished\":\"2023-12-19T18:34:46+00:00\",\"dateModified\":\"2023-12-19T18:35:28+00:00\",\"breadcrumb\":{\"@id\":\"https:\/\/pharmadreams.shop\/index.php\/product\/young-health-minci-bruleur-60-gelules\/#breadcrumb\"},\"inLanguage\":\"fr-FR\",\"potentialAction\":[{\"@type\":\"ReadAction\",\"target\":[\"https:\/\/pharmadreams.shop\/index.php\/product\/young-health-minci-bruleur-60-gelules\/\"]}]},{\"@type\":\"ImageObject\",\"inLanguage\":\"fr-FR\",\"@id\":\"https:\/\/pharmadreams.shop\/index.php\/product\/young-health-minci-bruleur-60-gelules\/#primaryimage\",\"url\":\"https:\/\/pharmadreams.shop\/wp-content\/uploads\/2023\/12\/young-health-bruleur-de-graisse-60-gelules.webp\",\"contentUrl\":\"https:\/\/pharmadreams.shop\/wp-content\/uploads\/2023\/12\/young-health-bruleur-de-graisse-60-gelules.webp\",\"width\":500,\"height\":500},{\"@type\":\"BreadcrumbList\",\"@id\":\"https:\/\/pharmadreams.shop\/index.php\/product\/young-health-minci-bruleur-60-gelules\/#breadcrumb\",\"itemListElement\":[{\"@type\":\"ListItem\",\"position\":1,\"name\":\"Accueil\",\"item\":\"https:\/\/pharmadreams.shop\/\"},{\"@type\":\"ListItem\",\"position\":2,\"name\":\"Shop\",\"item\":\"https:\/\/pharmadreams.shop\/index.php\/shop\/\"},{\"@type\":\"ListItem\",\"position\":3,\"name\":\"Young health minci bruleur 60 g\u00e9lules\"}]},{\"@type\":\"WebSite\",\"@id\":\"https:\/\/pharmadreams.shop\/#website\",\"url\":\"https:\/\/pharmadreams.shop\/\",\"name\":\"pharmadreams\",\"description\":\"Parapharmacie en ligne\",\"potentialAction\":[{\"@type\":\"SearchAction\",\"target\":{\"@type\":\"EntryPoint\",\"urlTemplate\":\"https:\/\/pharmadreams.shop\/?s={search_term_string}\"},\"query-input\":\"required name=search_term_string\"}],\"inLanguage\":\"fr-FR\"}]}<\/script>\n<!-- \/ Yoast SEO plugin. -->","yoast_head_json":{"title":"Young health minci bruleur 60 g\u00e9lules - pharmadreams","robots":{"index":"index","follow":"follow","max-snippet":"max-snippet:-1","max-image-preview":"max-image-preview:large","max-video-preview":"max-video-preview:-1"},"canonical":"https:\/\/pharmadreams.shop\/index.php\/product\/young-health-minci-bruleur-60-gelules\/","og_locale":"fr_FR","og_type":"article","og_title":"Young health minci bruleur 60 g\u00e9lules - pharmadreams","og_description":"Action lipolytique facilitant la mobilit\u00e9 et la combustion des acides gras. Action catabolique sur les graisses de r\u00e9serve emp\u00eachant leur d\u00e9p\u00f4t sur les tissus. Action purifiante facilitant l\u2019\u00e9limination des toxines CONSEILS D\u2019UTILISATION : Prendre 2 g\u00e9lules avec un verre d\u2019eau au milieu du petit d\u00e9jeuner et au milieu de diner.","og_url":"https:\/\/pharmadreams.shop\/index.php\/product\/young-health-minci-bruleur-60-gelules\/","og_site_name":"pharmadreams","article_modified_time":"2023-12-19T18:35:28+00:00","og_image":[{"width":500,"height":500,"url":"https:\/\/pharmadreams.shop\/wp-content\/uploads\/2023\/12\/young-health-bruleur-de-graisse-60-gelules.webp","type":"image\/webp"}],"twitter_card":"summary_large_image","schema":{"@context":"https:\/\/schema.org","@graph":[{"@type":"WebPage","@id":"https:\/\/pharmadreams.shop\/index.php\/product\/young-health-minci-bruleur-60-gelules\/","url":"https:\/\/pharmadreams.shop\/index.php\/product\/young-health-minci-bruleur-60-gelules\/","name":"Young health minci bruleur 60 g\u00e9lules - pharmadreams","isPartOf":{"@id":"https:\/\/pharmadreams.shop\/#website"},"primaryImageOfPage":{"@id":"https:\/\/pharmadreams.shop\/index.php\/product\/young-health-minci-bruleur-60-gelules\/#primaryimage"},"image":{"@id":"https:\/\/pharmadreams.shop\/index.php\/product\/young-health-minci-bruleur-60-gelules\/#primaryimage"},"thumbnailUrl":"https:\/\/pharmadreams.shop\/wp-content\/uploads\/2023\/12\/young-health-bruleur-de-graisse-60-gelules.webp","datePublished":"2023-12-19T18:34:46+00:00","dateModified":"2023-12-19T18:35:28+00:00","breadcrumb":{"@id":"https:\/\/pharmadreams.shop\/index.php\/product\/young-health-minci-bruleur-60-gelules\/#breadcrumb"},"inLanguage":"fr-FR","potentialAction":[{"@type":"ReadAction","target":["https:\/\/pharmadreams.shop\/index.php\/product\/young-health-minci-bruleur-60-gelules\/"]}]},{"@type":"ImageObject","inLanguage":"fr-FR","@id":"https:\/\/pharmadreams.shop\/index.php\/product\/young-health-minci-bruleur-60-gelules\/#primaryimage","url":"https:\/\/pharmadreams.shop\/wp-content\/uploads\/2023\/12\/young-health-bruleur-de-graisse-60-gelules.webp","contentUrl":"https:\/\/pharmadreams.shop\/wp-content\/uploads\/2023\/12\/young-health-bruleur-de-graisse-60-gelules.webp","width":500,"height":500},{"@type":"BreadcrumbList","@id":"https:\/\/pharmadreams.shop\/index.php\/product\/young-health-minci-bruleur-60-gelules\/#breadcrumb","itemListElement":[{"@type":"ListItem","position":1,"name":"Accueil","item":"https:\/\/pharmadreams.shop\/"},{"@type":"ListItem","position":2,"name":"Shop","item":"https:\/\/pharmadreams.shop\/index.php\/shop\/"},{"@type":"ListItem","position":3,"name":"Young health minci bruleur 60 g\u00e9lules"}]},{"@type":"WebSite","@id":"https:\/\/pharmadreams.shop\/#website","url":"https:\/\/pharmadreams.shop\/","name":"pharmadreams","description":"Parapharmacie en ligne","potentialAction":[{"@type":"SearchAction","target":{"@type":"EntryPoint","urlTemplate":"https:\/\/pharmadreams.shop\/?s={search_term_string}"},"query-input":"required name=search_term_string"}],"inLanguage":"fr-FR"}]}},"_links":{"self":[{"href":"https:\/\/pharmadreams.shop\/index.php\/wp-json\/wp\/v2\/product\/16464","targetHints":{"allow":["GET"]}}],"collection":[{"href":"https:\/\/pharmadreams.shop\/index.php\/wp-json\/wp\/v2\/product"}],"about":[{"href":"https:\/\/pharmadreams.shop\/index.php\/wp-json\/wp\/v2\/types\/product"}],"replies":[{"embeddable":true,"href":"https:\/\/pharmadreams.shop\/index.php\/wp-json\/wp\/v2\/comments?post=16464"}],"version-history":[{"count":0,"href":"https:\/\/pharmadreams.shop\/index.php\/wp-json\/wp\/v2\/product\/16464\/revisions"}],"wp:featuredmedia":[{"embeddable":true,"href":"https:\/\/pharmadreams.shop\/index.php\/wp-json\/wp\/v2\/media\/16529"}],"wp:attachment":[{"href":"https:\/\/pharmadreams.shop\/index.php\/wp-json\/wp\/v2\/media?parent=16464"}],"wp:term":[{"taxonomy":"product_brand","embeddable":true,"href":"https:\/\/pharmadreams.shop\/index.php\/wp-json\/wp\/v2\/product_brand?post=16464"},{"taxonomy":"product_cat","embeddable":true,"href":"https:\/\/pharmadreams.shop\/index.php\/wp-json\/wp\/v2\/product_cat?post=16464"},{"taxonomy":"product_tag","embeddable":true,"href":"https:\/\/pharmadreams.shop\/index.php\/wp-json\/wp\/v2\/product_tag?post=16464"}],"curies":[{"name":"wp","href":"https:\/\/api.w.org\/{rel}","templated":true}]}}