{"id":16465,"date":"2023-12-19T19:34:46","date_gmt":"2023-12-19T18:34:46","guid":{"rendered":"https:\/\/venuspara.com\/?post_type=product&#038;p=16465"},"modified":"2024-03-16T00:21:53","modified_gmt":"2024-03-15T23:21:53","slug":"herbi-feet-correcteur-de-nuit-doignance","status":"publish","type":"product","link":"https:\/\/pharmadreams.shop\/index.php\/product\/herbi-feet-correcteur-de-nuit-doignance\/","title":{"rendered":"Herbi feet correcteur de nuit d&rsquo;oignance"},"content":{"rendered":"","protected":false},"excerpt":{"rendered":"<div class=\"woocommerce-product-details__short-description\">\n<ul>\n<li>Si vous pensez que la gravit\u00e9 de votre situation est \u00e9lev\u00e9e ou que vous souffrez de douleurs, allez directement chez votre sp\u00e9cialiste, sinon, vous pouvez essayer l\u2019un de ces traitements dont nous vous expliquons ci-dessous :<\/li>\n<li>Portez des chaussures larges et confortables pour que les orteils aient suffisamment d\u2019espace<\/li>\n<li>Vous pouvez consulter votre m\u00e9decin le plus proche au sujet de la consommation d\u2019une certaine classe de m\u00e9dicaments<\/li>\n<li>Il y a des semelles int\u00e9rieures coussin\u00e9es qui aident \u00e0 r\u00e9partir uniform\u00e9ment la pression du pied<\/li>\n<li>Si vous remarquez un niveau d\u2019inflammation plus \u00e9lev\u00e9, vous pouvez appliquer de la glace sur la zone<\/li>\n<\/ul>\n<\/div>\n<form class=\"cart\" action=\"https:\/\/anais.tn\/produit\/herbi-feet-correcteur-de-nuit-doignons\/\" enctype=\"multipart\/form-data\" method=\"post\">\n<div class=\"quantity\"><\/div>\n<\/form>\n","protected":false},"featured_media":16531,"comment_status":"open","ping_status":"closed","template":"","meta":[],"product_brand":[],"product_cat":[83],"product_tag":[],"class_list":{"0":"post-16465","1":"product","2":"type-product","3":"status-publish","4":"has-post-thumbnail","6":"product_cat-uncategorized","8":"first","9":"instock","10":"shipping-taxable","11":"purchasable","12":"product-type-simple"},"yoast_head":"<!-- This site is optimized with the Yoast SEO plugin v23.0 - https:\/\/yoast.com\/wordpress\/plugins\/seo\/ -->\n<title>Herbi feet correcteur de nuit d&#039;oignance - pharmadreams<\/title>\n<meta name=\"robots\" content=\"index, follow, max-snippet:-1, max-image-preview:large, max-video-preview:-1\" \/>\n<link rel=\"canonical\" href=\"https:\/\/pharmadreams.shop\/index.php\/product\/herbi-feet-correcteur-de-nuit-doignance\/\" \/>\n<meta property=\"og:locale\" content=\"fr_FR\" \/>\n<meta property=\"og:type\" content=\"article\" \/>\n<meta property=\"og:title\" content=\"Herbi feet correcteur de nuit d&#039;oignance - pharmadreams\" \/>\n<meta property=\"og:description\" content=\"Si vous pensez que la gravit\u00e9 de votre situation est \u00e9lev\u00e9e ou que vous souffrez de douleurs, allez directement chez votre sp\u00e9cialiste, sinon, vous pouvez essayer l\u2019un de ces traitements dont nous vous expliquons ci-dessous :  Portez des chaussures larges et confortables pour que les orteils aient suffisamment d\u2019espace  Vous pouvez consulter votre m\u00e9decin le plus proche au sujet de la consommation d\u2019une certaine classe de m\u00e9dicaments  Il y a des semelles int\u00e9rieures coussin\u00e9es qui aident \u00e0 r\u00e9partir uniform\u00e9ment la pression du pied  Si vous remarquez un niveau d\u2019inflammation plus \u00e9lev\u00e9, vous pouvez appliquer de la glace sur la zone\" \/>\n<meta property=\"og:url\" content=\"https:\/\/pharmadreams.shop\/index.php\/product\/herbi-feet-correcteur-de-nuit-doignance\/\" \/>\n<meta property=\"og:site_name\" content=\"pharmadreams\" \/>\n<meta property=\"article:modified_time\" content=\"2024-03-15T23:21:53+00:00\" \/>\n<meta property=\"og:image\" content=\"https:\/\/pharmadreams.shop\/wp-content\/uploads\/2023\/12\/herbi.png\" \/>\n\t<meta property=\"og:image:width\" content=\"906\" \/>\n\t<meta property=\"og:image:height\" content=\"958\" \/>\n\t<meta property=\"og:image:type\" content=\"image\/png\" \/>\n<meta name=\"twitter:card\" content=\"summary_large_image\" \/>\n<meta name=\"twitter:label1\" content=\"Dur\u00e9e de lecture estim\u00e9e\" \/>\n\t<meta name=\"twitter:data1\" content=\"1 minute\" \/>\n<script type=\"application\/ld+json\" class=\"yoast-schema-graph\">{\"@context\":\"https:\/\/schema.org\",\"@graph\":[{\"@type\":\"WebPage\",\"@id\":\"https:\/\/pharmadreams.shop\/index.php\/product\/herbi-feet-correcteur-de-nuit-doignance\/\",\"url\":\"https:\/\/pharmadreams.shop\/index.php\/product\/herbi-feet-correcteur-de-nuit-doignance\/\",\"name\":\"Herbi feet correcteur de nuit d'oignance - pharmadreams\",\"isPartOf\":{\"@id\":\"https:\/\/pharmadreams.shop\/#website\"},\"primaryImageOfPage\":{\"@id\":\"https:\/\/pharmadreams.shop\/index.php\/product\/herbi-feet-correcteur-de-nuit-doignance\/#primaryimage\"},\"image\":{\"@id\":\"https:\/\/pharmadreams.shop\/index.php\/product\/herbi-feet-correcteur-de-nuit-doignance\/#primaryimage\"},\"thumbnailUrl\":\"https:\/\/pharmadreams.shop\/wp-content\/uploads\/2023\/12\/herbi.png\",\"datePublished\":\"2023-12-19T18:34:46+00:00\",\"dateModified\":\"2024-03-15T23:21:53+00:00\",\"breadcrumb\":{\"@id\":\"https:\/\/pharmadreams.shop\/index.php\/product\/herbi-feet-correcteur-de-nuit-doignance\/#breadcrumb\"},\"inLanguage\":\"fr-FR\",\"potentialAction\":[{\"@type\":\"ReadAction\",\"target\":[\"https:\/\/pharmadreams.shop\/index.php\/product\/herbi-feet-correcteur-de-nuit-doignance\/\"]}]},{\"@type\":\"ImageObject\",\"inLanguage\":\"fr-FR\",\"@id\":\"https:\/\/pharmadreams.shop\/index.php\/product\/herbi-feet-correcteur-de-nuit-doignance\/#primaryimage\",\"url\":\"https:\/\/pharmadreams.shop\/wp-content\/uploads\/2023\/12\/herbi.png\",\"contentUrl\":\"https:\/\/pharmadreams.shop\/wp-content\/uploads\/2023\/12\/herbi.png\",\"width\":906,\"height\":958},{\"@type\":\"BreadcrumbList\",\"@id\":\"https:\/\/pharmadreams.shop\/index.php\/product\/herbi-feet-correcteur-de-nuit-doignance\/#breadcrumb\",\"itemListElement\":[{\"@type\":\"ListItem\",\"position\":1,\"name\":\"Accueil\",\"item\":\"https:\/\/pharmadreams.shop\/\"},{\"@type\":\"ListItem\",\"position\":2,\"name\":\"Shop\",\"item\":\"https:\/\/pharmadreams.shop\/index.php\/shop\/\"},{\"@type\":\"ListItem\",\"position\":3,\"name\":\"Herbi feet correcteur de nuit d&#8217;oignance\"}]},{\"@type\":\"WebSite\",\"@id\":\"https:\/\/pharmadreams.shop\/#website\",\"url\":\"https:\/\/pharmadreams.shop\/\",\"name\":\"pharmadreams\",\"description\":\"Parapharmacie en ligne\",\"potentialAction\":[{\"@type\":\"SearchAction\",\"target\":{\"@type\":\"EntryPoint\",\"urlTemplate\":\"https:\/\/pharmadreams.shop\/?s={search_term_string}\"},\"query-input\":\"required name=search_term_string\"}],\"inLanguage\":\"fr-FR\"}]}<\/script>\n<!-- \/ Yoast SEO plugin. -->","yoast_head_json":{"title":"Herbi feet correcteur de nuit d'oignance - pharmadreams","robots":{"index":"index","follow":"follow","max-snippet":"max-snippet:-1","max-image-preview":"max-image-preview:large","max-video-preview":"max-video-preview:-1"},"canonical":"https:\/\/pharmadreams.shop\/index.php\/product\/herbi-feet-correcteur-de-nuit-doignance\/","og_locale":"fr_FR","og_type":"article","og_title":"Herbi feet correcteur de nuit d'oignance - pharmadreams","og_description":"Si vous pensez que la gravit\u00e9 de votre situation est \u00e9lev\u00e9e ou que vous souffrez de douleurs, allez directement chez votre sp\u00e9cialiste, sinon, vous pouvez essayer l\u2019un de ces traitements dont nous vous expliquons ci-dessous :  Portez des chaussures larges et confortables pour que les orteils aient suffisamment d\u2019espace  Vous pouvez consulter votre m\u00e9decin le plus proche au sujet de la consommation d\u2019une certaine classe de m\u00e9dicaments  Il y a des semelles int\u00e9rieures coussin\u00e9es qui aident \u00e0 r\u00e9partir uniform\u00e9ment la pression du pied  Si vous remarquez un niveau d\u2019inflammation plus \u00e9lev\u00e9, vous pouvez appliquer de la glace sur la zone","og_url":"https:\/\/pharmadreams.shop\/index.php\/product\/herbi-feet-correcteur-de-nuit-doignance\/","og_site_name":"pharmadreams","article_modified_time":"2024-03-15T23:21:53+00:00","og_image":[{"width":906,"height":958,"url":"https:\/\/pharmadreams.shop\/wp-content\/uploads\/2023\/12\/herbi.png","type":"image\/png"}],"twitter_card":"summary_large_image","twitter_misc":{"Dur\u00e9e de lecture estim\u00e9e":"1 minute"},"schema":{"@context":"https:\/\/schema.org","@graph":[{"@type":"WebPage","@id":"https:\/\/pharmadreams.shop\/index.php\/product\/herbi-feet-correcteur-de-nuit-doignance\/","url":"https:\/\/pharmadreams.shop\/index.php\/product\/herbi-feet-correcteur-de-nuit-doignance\/","name":"Herbi feet correcteur de nuit d'oignance - pharmadreams","isPartOf":{"@id":"https:\/\/pharmadreams.shop\/#website"},"primaryImageOfPage":{"@id":"https:\/\/pharmadreams.shop\/index.php\/product\/herbi-feet-correcteur-de-nuit-doignance\/#primaryimage"},"image":{"@id":"https:\/\/pharmadreams.shop\/index.php\/product\/herbi-feet-correcteur-de-nuit-doignance\/#primaryimage"},"thumbnailUrl":"https:\/\/pharmadreams.shop\/wp-content\/uploads\/2023\/12\/herbi.png","datePublished":"2023-12-19T18:34:46+00:00","dateModified":"2024-03-15T23:21:53+00:00","breadcrumb":{"@id":"https:\/\/pharmadreams.shop\/index.php\/product\/herbi-feet-correcteur-de-nuit-doignance\/#breadcrumb"},"inLanguage":"fr-FR","potentialAction":[{"@type":"ReadAction","target":["https:\/\/pharmadreams.shop\/index.php\/product\/herbi-feet-correcteur-de-nuit-doignance\/"]}]},{"@type":"ImageObject","inLanguage":"fr-FR","@id":"https:\/\/pharmadreams.shop\/index.php\/product\/herbi-feet-correcteur-de-nuit-doignance\/#primaryimage","url":"https:\/\/pharmadreams.shop\/wp-content\/uploads\/2023\/12\/herbi.png","contentUrl":"https:\/\/pharmadreams.shop\/wp-content\/uploads\/2023\/12\/herbi.png","width":906,"height":958},{"@type":"BreadcrumbList","@id":"https:\/\/pharmadreams.shop\/index.php\/product\/herbi-feet-correcteur-de-nuit-doignance\/#breadcrumb","itemListElement":[{"@type":"ListItem","position":1,"name":"Accueil","item":"https:\/\/pharmadreams.shop\/"},{"@type":"ListItem","position":2,"name":"Shop","item":"https:\/\/pharmadreams.shop\/index.php\/shop\/"},{"@type":"ListItem","position":3,"name":"Herbi feet correcteur de nuit d&#8217;oignance"}]},{"@type":"WebSite","@id":"https:\/\/pharmadreams.shop\/#website","url":"https:\/\/pharmadreams.shop\/","name":"pharmadreams","description":"Parapharmacie en ligne","potentialAction":[{"@type":"SearchAction","target":{"@type":"EntryPoint","urlTemplate":"https:\/\/pharmadreams.shop\/?s={search_term_string}"},"query-input":"required name=search_term_string"}],"inLanguage":"fr-FR"}]}},"_links":{"self":[{"href":"https:\/\/pharmadreams.shop\/index.php\/wp-json\/wp\/v2\/product\/16465","targetHints":{"allow":["GET"]}}],"collection":[{"href":"https:\/\/pharmadreams.shop\/index.php\/wp-json\/wp\/v2\/product"}],"about":[{"href":"https:\/\/pharmadreams.shop\/index.php\/wp-json\/wp\/v2\/types\/product"}],"replies":[{"embeddable":true,"href":"https:\/\/pharmadreams.shop\/index.php\/wp-json\/wp\/v2\/comments?post=16465"}],"version-history":[{"count":0,"href":"https:\/\/pharmadreams.shop\/index.php\/wp-json\/wp\/v2\/product\/16465\/revisions"}],"wp:featuredmedia":[{"embeddable":true,"href":"https:\/\/pharmadreams.shop\/index.php\/wp-json\/wp\/v2\/media\/16531"}],"wp:attachment":[{"href":"https:\/\/pharmadreams.shop\/index.php\/wp-json\/wp\/v2\/media?parent=16465"}],"wp:term":[{"taxonomy":"product_brand","embeddable":true,"href":"https:\/\/pharmadreams.shop\/index.php\/wp-json\/wp\/v2\/product_brand?post=16465"},{"taxonomy":"product_cat","embeddable":true,"href":"https:\/\/pharmadreams.shop\/index.php\/wp-json\/wp\/v2\/product_cat?post=16465"},{"taxonomy":"product_tag","embeddable":true,"href":"https:\/\/pharmadreams.shop\/index.php\/wp-json\/wp\/v2\/product_tag?post=16465"}],"curies":[{"name":"wp","href":"https:\/\/api.w.org\/{rel}","templated":true}]}}