{"id":16467,"date":"2023-12-19T19:34:47","date_gmt":"2023-12-19T18:34:47","guid":{"rendered":"https:\/\/venuspara.com\/?post_type=product&#038;p=16467"},"modified":"2023-12-19T19:35:33","modified_gmt":"2023-12-19T18:35:33","slug":"tc-2000-nutractivia-60-gelules","status":"publish","type":"product","link":"https:\/\/pharmadreams.shop\/index.php\/product\/tc-2000-nutractivia-60-gelules\/","title":{"rendered":"Tc 2000 nutractivia- 60 g\u00e9lules"},"content":{"rendered":"","protected":false},"excerpt":{"rendered":"<p>TC 2000 NUTRACTIVA est un produit de cosm\u00e9tique orale \u00e0 double efficacit\u00e9 : il prot\u00e8ge la peau contre les effets d\u00e9l\u00e9t\u00e8res des radicaux libres, permet le renouvellement des cellules de l&rsquo;\u00e9piderme favorisant la fabrication de nouvelles cellules saines et non pigment\u00e9es (gr\u00e2ce \u00e0 l&rsquo;utilisation concomitante de TC 2000 GEL aux liposomes), par cons\u00e9quent, il r\u00e9duit les taches d&rsquo;hyperpigmentation permettant l&rsquo;uniformit\u00e9 du teint.<\/p>\n","protected":false},"featured_media":16535,"comment_status":"open","ping_status":"closed","template":"","meta":[],"product_brand":[],"product_cat":[32],"product_tag":[],"class_list":{"0":"post-16467","1":"product","2":"type-product","3":"status-publish","4":"has-post-thumbnail","6":"product_cat-complements-alimentaires","8":"first","9":"instock","10":"shipping-taxable","11":"purchasable","12":"product-type-simple"},"yoast_head":"<!-- This site is optimized with the Yoast SEO plugin v23.0 - https:\/\/yoast.com\/wordpress\/plugins\/seo\/ -->\n<title>Tc 2000 nutractivia- 60 g\u00e9lules - pharmadreams<\/title>\n<meta name=\"robots\" content=\"index, follow, max-snippet:-1, max-image-preview:large, max-video-preview:-1\" \/>\n<link rel=\"canonical\" href=\"https:\/\/pharmadreams.shop\/index.php\/product\/tc-2000-nutractivia-60-gelules\/\" \/>\n<meta property=\"og:locale\" content=\"fr_FR\" \/>\n<meta property=\"og:type\" content=\"article\" \/>\n<meta property=\"og:title\" content=\"Tc 2000 nutractivia- 60 g\u00e9lules - pharmadreams\" \/>\n<meta property=\"og:description\" content=\"TC 2000 NUTRACTIVA est un produit de cosm\u00e9tique orale \u00e0 double efficacit\u00e9 : il prot\u00e8ge la peau contre les effets d\u00e9l\u00e9t\u00e8res des radicaux libres, permet le renouvellement des cellules de l&#039;\u00e9piderme favorisant la fabrication de nouvelles cellules saines et non pigment\u00e9es (gr\u00e2ce \u00e0 l&#039;utilisation concomitante de TC 2000 GEL aux liposomes), par cons\u00e9quent, il r\u00e9duit les taches d&#039;hyperpigmentation permettant l&#039;uniformit\u00e9 du teint.\" \/>\n<meta property=\"og:url\" content=\"https:\/\/pharmadreams.shop\/index.php\/product\/tc-2000-nutractivia-60-gelules\/\" \/>\n<meta property=\"og:site_name\" content=\"pharmadreams\" \/>\n<meta property=\"article:modified_time\" content=\"2023-12-19T18:35:33+00:00\" \/>\n<meta property=\"og:image\" content=\"https:\/\/pharmadreams.shop\/wp-content\/uploads\/2023\/12\/tc2000.png\" \/>\n\t<meta property=\"og:image:width\" content=\"674\" \/>\n\t<meta property=\"og:image:height\" content=\"692\" \/>\n\t<meta property=\"og:image:type\" content=\"image\/png\" \/>\n<meta name=\"twitter:card\" content=\"summary_large_image\" \/>\n<script type=\"application\/ld+json\" class=\"yoast-schema-graph\">{\"@context\":\"https:\/\/schema.org\",\"@graph\":[{\"@type\":\"WebPage\",\"@id\":\"https:\/\/pharmadreams.shop\/index.php\/product\/tc-2000-nutractivia-60-gelules\/\",\"url\":\"https:\/\/pharmadreams.shop\/index.php\/product\/tc-2000-nutractivia-60-gelules\/\",\"name\":\"Tc 2000 nutractivia- 60 g\u00e9lules - pharmadreams\",\"isPartOf\":{\"@id\":\"https:\/\/pharmadreams.shop\/#website\"},\"primaryImageOfPage\":{\"@id\":\"https:\/\/pharmadreams.shop\/index.php\/product\/tc-2000-nutractivia-60-gelules\/#primaryimage\"},\"image\":{\"@id\":\"https:\/\/pharmadreams.shop\/index.php\/product\/tc-2000-nutractivia-60-gelules\/#primaryimage\"},\"thumbnailUrl\":\"https:\/\/pharmadreams.shop\/wp-content\/uploads\/2023\/12\/tc2000.png\",\"datePublished\":\"2023-12-19T18:34:47+00:00\",\"dateModified\":\"2023-12-19T18:35:33+00:00\",\"breadcrumb\":{\"@id\":\"https:\/\/pharmadreams.shop\/index.php\/product\/tc-2000-nutractivia-60-gelules\/#breadcrumb\"},\"inLanguage\":\"fr-FR\",\"potentialAction\":[{\"@type\":\"ReadAction\",\"target\":[\"https:\/\/pharmadreams.shop\/index.php\/product\/tc-2000-nutractivia-60-gelules\/\"]}]},{\"@type\":\"ImageObject\",\"inLanguage\":\"fr-FR\",\"@id\":\"https:\/\/pharmadreams.shop\/index.php\/product\/tc-2000-nutractivia-60-gelules\/#primaryimage\",\"url\":\"https:\/\/pharmadreams.shop\/wp-content\/uploads\/2023\/12\/tc2000.png\",\"contentUrl\":\"https:\/\/pharmadreams.shop\/wp-content\/uploads\/2023\/12\/tc2000.png\",\"width\":674,\"height\":692},{\"@type\":\"BreadcrumbList\",\"@id\":\"https:\/\/pharmadreams.shop\/index.php\/product\/tc-2000-nutractivia-60-gelules\/#breadcrumb\",\"itemListElement\":[{\"@type\":\"ListItem\",\"position\":1,\"name\":\"Accueil\",\"item\":\"https:\/\/pharmadreams.shop\/\"},{\"@type\":\"ListItem\",\"position\":2,\"name\":\"Shop\",\"item\":\"https:\/\/pharmadreams.shop\/index.php\/shop\/\"},{\"@type\":\"ListItem\",\"position\":3,\"name\":\"Tc 2000 nutractivia- 60 g\u00e9lules\"}]},{\"@type\":\"WebSite\",\"@id\":\"https:\/\/pharmadreams.shop\/#website\",\"url\":\"https:\/\/pharmadreams.shop\/\",\"name\":\"pharmadreams\",\"description\":\"Parapharmacie en ligne\",\"potentialAction\":[{\"@type\":\"SearchAction\",\"target\":{\"@type\":\"EntryPoint\",\"urlTemplate\":\"https:\/\/pharmadreams.shop\/?s={search_term_string}\"},\"query-input\":\"required name=search_term_string\"}],\"inLanguage\":\"fr-FR\"}]}<\/script>\n<!-- \/ Yoast SEO plugin. -->","yoast_head_json":{"title":"Tc 2000 nutractivia- 60 g\u00e9lules - pharmadreams","robots":{"index":"index","follow":"follow","max-snippet":"max-snippet:-1","max-image-preview":"max-image-preview:large","max-video-preview":"max-video-preview:-1"},"canonical":"https:\/\/pharmadreams.shop\/index.php\/product\/tc-2000-nutractivia-60-gelules\/","og_locale":"fr_FR","og_type":"article","og_title":"Tc 2000 nutractivia- 60 g\u00e9lules - pharmadreams","og_description":"TC 2000 NUTRACTIVA est un produit de cosm\u00e9tique orale \u00e0 double efficacit\u00e9 : il prot\u00e8ge la peau contre les effets d\u00e9l\u00e9t\u00e8res des radicaux libres, permet le renouvellement des cellules de l'\u00e9piderme favorisant la fabrication de nouvelles cellules saines et non pigment\u00e9es (gr\u00e2ce \u00e0 l'utilisation concomitante de TC 2000 GEL aux liposomes), par cons\u00e9quent, il r\u00e9duit les taches d'hyperpigmentation permettant l'uniformit\u00e9 du teint.","og_url":"https:\/\/pharmadreams.shop\/index.php\/product\/tc-2000-nutractivia-60-gelules\/","og_site_name":"pharmadreams","article_modified_time":"2023-12-19T18:35:33+00:00","og_image":[{"width":674,"height":692,"url":"https:\/\/pharmadreams.shop\/wp-content\/uploads\/2023\/12\/tc2000.png","type":"image\/png"}],"twitter_card":"summary_large_image","schema":{"@context":"https:\/\/schema.org","@graph":[{"@type":"WebPage","@id":"https:\/\/pharmadreams.shop\/index.php\/product\/tc-2000-nutractivia-60-gelules\/","url":"https:\/\/pharmadreams.shop\/index.php\/product\/tc-2000-nutractivia-60-gelules\/","name":"Tc 2000 nutractivia- 60 g\u00e9lules - pharmadreams","isPartOf":{"@id":"https:\/\/pharmadreams.shop\/#website"},"primaryImageOfPage":{"@id":"https:\/\/pharmadreams.shop\/index.php\/product\/tc-2000-nutractivia-60-gelules\/#primaryimage"},"image":{"@id":"https:\/\/pharmadreams.shop\/index.php\/product\/tc-2000-nutractivia-60-gelules\/#primaryimage"},"thumbnailUrl":"https:\/\/pharmadreams.shop\/wp-content\/uploads\/2023\/12\/tc2000.png","datePublished":"2023-12-19T18:34:47+00:00","dateModified":"2023-12-19T18:35:33+00:00","breadcrumb":{"@id":"https:\/\/pharmadreams.shop\/index.php\/product\/tc-2000-nutractivia-60-gelules\/#breadcrumb"},"inLanguage":"fr-FR","potentialAction":[{"@type":"ReadAction","target":["https:\/\/pharmadreams.shop\/index.php\/product\/tc-2000-nutractivia-60-gelules\/"]}]},{"@type":"ImageObject","inLanguage":"fr-FR","@id":"https:\/\/pharmadreams.shop\/index.php\/product\/tc-2000-nutractivia-60-gelules\/#primaryimage","url":"https:\/\/pharmadreams.shop\/wp-content\/uploads\/2023\/12\/tc2000.png","contentUrl":"https:\/\/pharmadreams.shop\/wp-content\/uploads\/2023\/12\/tc2000.png","width":674,"height":692},{"@type":"BreadcrumbList","@id":"https:\/\/pharmadreams.shop\/index.php\/product\/tc-2000-nutractivia-60-gelules\/#breadcrumb","itemListElement":[{"@type":"ListItem","position":1,"name":"Accueil","item":"https:\/\/pharmadreams.shop\/"},{"@type":"ListItem","position":2,"name":"Shop","item":"https:\/\/pharmadreams.shop\/index.php\/shop\/"},{"@type":"ListItem","position":3,"name":"Tc 2000 nutractivia- 60 g\u00e9lules"}]},{"@type":"WebSite","@id":"https:\/\/pharmadreams.shop\/#website","url":"https:\/\/pharmadreams.shop\/","name":"pharmadreams","description":"Parapharmacie en ligne","potentialAction":[{"@type":"SearchAction","target":{"@type":"EntryPoint","urlTemplate":"https:\/\/pharmadreams.shop\/?s={search_term_string}"},"query-input":"required name=search_term_string"}],"inLanguage":"fr-FR"}]}},"_links":{"self":[{"href":"https:\/\/pharmadreams.shop\/index.php\/wp-json\/wp\/v2\/product\/16467","targetHints":{"allow":["GET"]}}],"collection":[{"href":"https:\/\/pharmadreams.shop\/index.php\/wp-json\/wp\/v2\/product"}],"about":[{"href":"https:\/\/pharmadreams.shop\/index.php\/wp-json\/wp\/v2\/types\/product"}],"replies":[{"embeddable":true,"href":"https:\/\/pharmadreams.shop\/index.php\/wp-json\/wp\/v2\/comments?post=16467"}],"version-history":[{"count":0,"href":"https:\/\/pharmadreams.shop\/index.php\/wp-json\/wp\/v2\/product\/16467\/revisions"}],"wp:featuredmedia":[{"embeddable":true,"href":"https:\/\/pharmadreams.shop\/index.php\/wp-json\/wp\/v2\/media\/16535"}],"wp:attachment":[{"href":"https:\/\/pharmadreams.shop\/index.php\/wp-json\/wp\/v2\/media?parent=16467"}],"wp:term":[{"taxonomy":"product_brand","embeddable":true,"href":"https:\/\/pharmadreams.shop\/index.php\/wp-json\/wp\/v2\/product_brand?post=16467"},{"taxonomy":"product_cat","embeddable":true,"href":"https:\/\/pharmadreams.shop\/index.php\/wp-json\/wp\/v2\/product_cat?post=16467"},{"taxonomy":"product_tag","embeddable":true,"href":"https:\/\/pharmadreams.shop\/index.php\/wp-json\/wp\/v2\/product_tag?post=16467"}],"curies":[{"name":"wp","href":"https:\/\/api.w.org\/{rel}","templated":true}]}}