{"id":16468,"date":"2023-12-19T19:34:47","date_gmt":"2023-12-19T18:34:47","guid":{"rendered":"https:\/\/venuspara.com\/?post_type=product&#038;p=16468"},"modified":"2024-03-16T01:01:56","modified_gmt":"2024-03-16T00:01:56","slug":"trio-vitaderm-rivaderm","status":"publish","type":"product","link":"https:\/\/pharmadreams.shop\/index.php\/product\/trio-vitaderm-rivaderm\/","title":{"rendered":"Trio vitaderm rivaderm"},"content":{"rendered":"","protected":false},"excerpt":{"rendered":"<p>Le trio vitaderm est un soin complet concentr\u00e9 en actifs vitamin\u00e9s synerqiques \u00e0 meme de procurer \u00e0 la peau .<\/p>\n<p>-une hydratation profonde grace \u00e0 l\u2019acide hyaluronique de faible poids mol\u00e9culaire et la vitamine B3 qui sublime l\u2019\u00e9clat et am\u00e9liore l\u2019apparence de la peau en r\u00e9duisant les rides et les ridules.<\/p>\n<p>-une r\u00e9g\u00e9n\u00e9ration et revitalisation rapide grace \u00e0 l\u2019action anti age puissante des r\u00e9tinodes (vitamine A) et vitamines E connues pour leur capacit\u00e9 \u00e0 doper le synth\u00e8se du collag\u00e8ne.<\/p>\n<p>-une action booster d\u2019\u00e9clat -bonne mine grace \u00e0 la vitamine c stabilis\u00e9e \u00e0 tr\u00e8s haute concentration qui clarifie, le teint et r\u00e9duisent l\u2019hyperpigmentation<\/p>\n","protected":false},"featured_media":16549,"comment_status":"open","ping_status":"closed","template":"","meta":[],"product_brand":[],"product_cat":[100,115,95,80,81],"product_tag":[],"class_list":{"0":"post-16468","1":"product","2":"type-product","3":"status-publish","4":"has-post-thumbnail","6":"product_cat-anti-age","7":"product_cat-anti-chute","8":"product_cat-skin-care","9":"product_cat-soins","10":"product_cat-soins-hydratants","12":"first","13":"instock","14":"shipping-taxable","15":"purchasable","16":"product-type-simple"},"yoast_head":"<!-- This site is optimized with the Yoast SEO plugin v23.0 - https:\/\/yoast.com\/wordpress\/plugins\/seo\/ -->\n<title>Trio vitaderm rivaderm - pharmadreams<\/title>\n<meta name=\"robots\" content=\"index, follow, max-snippet:-1, max-image-preview:large, max-video-preview:-1\" \/>\n<link rel=\"canonical\" href=\"https:\/\/pharmadreams.shop\/index.php\/product\/trio-vitaderm-rivaderm\/\" \/>\n<meta property=\"og:locale\" content=\"fr_FR\" \/>\n<meta property=\"og:type\" content=\"article\" \/>\n<meta property=\"og:title\" content=\"Trio vitaderm rivaderm - pharmadreams\" \/>\n<meta property=\"og:description\" content=\"Le trio vitaderm est un soin complet concentr\u00e9 en actifs vitamin\u00e9s synerqiques \u00e0 meme de procurer \u00e0 la peau .  -une hydratation profonde grace \u00e0 l\u2019acide hyaluronique de faible poids mol\u00e9culaire et la vitamine B3 qui sublime l\u2019\u00e9clat et am\u00e9liore l\u2019apparence de la peau en r\u00e9duisant les rides et les ridules.  -une r\u00e9g\u00e9n\u00e9ration et revitalisation rapide grace \u00e0 l\u2019action anti age puissante des r\u00e9tinodes (vitamine A) et vitamines E connues pour leur capacit\u00e9 \u00e0 doper le synth\u00e8se du collag\u00e8ne.  -une action booster d\u2019\u00e9clat -bonne mine grace \u00e0 la vitamine c stabilis\u00e9e \u00e0 tr\u00e8s haute concentration qui clarifie, le teint et r\u00e9duisent l\u2019hyperpigmentation\" \/>\n<meta property=\"og:url\" content=\"https:\/\/pharmadreams.shop\/index.php\/product\/trio-vitaderm-rivaderm\/\" \/>\n<meta property=\"og:site_name\" content=\"pharmadreams\" \/>\n<meta property=\"article:modified_time\" content=\"2024-03-16T00:01:56+00:00\" \/>\n<meta property=\"og:image\" content=\"https:\/\/pharmadreams.shop\/wp-content\/uploads\/2023\/12\/trio-vitaderm-rivaderm.jpg\" \/>\n\t<meta property=\"og:image:width\" content=\"2000\" \/>\n\t<meta property=\"og:image:height\" content=\"2000\" \/>\n\t<meta property=\"og:image:type\" content=\"image\/jpeg\" \/>\n<meta name=\"twitter:card\" content=\"summary_large_image\" \/>\n<meta name=\"twitter:label1\" content=\"Dur\u00e9e de lecture estim\u00e9e\" \/>\n\t<meta name=\"twitter:data1\" content=\"1 minute\" \/>\n<script type=\"application\/ld+json\" class=\"yoast-schema-graph\">{\"@context\":\"https:\/\/schema.org\",\"@graph\":[{\"@type\":\"WebPage\",\"@id\":\"https:\/\/pharmadreams.shop\/index.php\/product\/trio-vitaderm-rivaderm\/\",\"url\":\"https:\/\/pharmadreams.shop\/index.php\/product\/trio-vitaderm-rivaderm\/\",\"name\":\"Trio vitaderm rivaderm - pharmadreams\",\"isPartOf\":{\"@id\":\"https:\/\/pharmadreams.shop\/#website\"},\"primaryImageOfPage\":{\"@id\":\"https:\/\/pharmadreams.shop\/index.php\/product\/trio-vitaderm-rivaderm\/#primaryimage\"},\"image\":{\"@id\":\"https:\/\/pharmadreams.shop\/index.php\/product\/trio-vitaderm-rivaderm\/#primaryimage\"},\"thumbnailUrl\":\"https:\/\/pharmadreams.shop\/wp-content\/uploads\/2023\/12\/trio-vitaderm-rivaderm.jpg\",\"datePublished\":\"2023-12-19T18:34:47+00:00\",\"dateModified\":\"2024-03-16T00:01:56+00:00\",\"breadcrumb\":{\"@id\":\"https:\/\/pharmadreams.shop\/index.php\/product\/trio-vitaderm-rivaderm\/#breadcrumb\"},\"inLanguage\":\"fr-FR\",\"potentialAction\":[{\"@type\":\"ReadAction\",\"target\":[\"https:\/\/pharmadreams.shop\/index.php\/product\/trio-vitaderm-rivaderm\/\"]}]},{\"@type\":\"ImageObject\",\"inLanguage\":\"fr-FR\",\"@id\":\"https:\/\/pharmadreams.shop\/index.php\/product\/trio-vitaderm-rivaderm\/#primaryimage\",\"url\":\"https:\/\/pharmadreams.shop\/wp-content\/uploads\/2023\/12\/trio-vitaderm-rivaderm.jpg\",\"contentUrl\":\"https:\/\/pharmadreams.shop\/wp-content\/uploads\/2023\/12\/trio-vitaderm-rivaderm.jpg\",\"width\":2000,\"height\":2000},{\"@type\":\"BreadcrumbList\",\"@id\":\"https:\/\/pharmadreams.shop\/index.php\/product\/trio-vitaderm-rivaderm\/#breadcrumb\",\"itemListElement\":[{\"@type\":\"ListItem\",\"position\":1,\"name\":\"Accueil\",\"item\":\"https:\/\/pharmadreams.shop\/\"},{\"@type\":\"ListItem\",\"position\":2,\"name\":\"Shop\",\"item\":\"https:\/\/pharmadreams.shop\/index.php\/shop\/\"},{\"@type\":\"ListItem\",\"position\":3,\"name\":\"Trio vitaderm rivaderm\"}]},{\"@type\":\"WebSite\",\"@id\":\"https:\/\/pharmadreams.shop\/#website\",\"url\":\"https:\/\/pharmadreams.shop\/\",\"name\":\"pharmadreams\",\"description\":\"Parapharmacie en ligne\",\"potentialAction\":[{\"@type\":\"SearchAction\",\"target\":{\"@type\":\"EntryPoint\",\"urlTemplate\":\"https:\/\/pharmadreams.shop\/?s={search_term_string}\"},\"query-input\":\"required name=search_term_string\"}],\"inLanguage\":\"fr-FR\"}]}<\/script>\n<!-- \/ Yoast SEO plugin. -->","yoast_head_json":{"title":"Trio vitaderm rivaderm - pharmadreams","robots":{"index":"index","follow":"follow","max-snippet":"max-snippet:-1","max-image-preview":"max-image-preview:large","max-video-preview":"max-video-preview:-1"},"canonical":"https:\/\/pharmadreams.shop\/index.php\/product\/trio-vitaderm-rivaderm\/","og_locale":"fr_FR","og_type":"article","og_title":"Trio vitaderm rivaderm - pharmadreams","og_description":"Le trio vitaderm est un soin complet concentr\u00e9 en actifs vitamin\u00e9s synerqiques \u00e0 meme de procurer \u00e0 la peau .  -une hydratation profonde grace \u00e0 l\u2019acide hyaluronique de faible poids mol\u00e9culaire et la vitamine B3 qui sublime l\u2019\u00e9clat et am\u00e9liore l\u2019apparence de la peau en r\u00e9duisant les rides et les ridules.  -une r\u00e9g\u00e9n\u00e9ration et revitalisation rapide grace \u00e0 l\u2019action anti age puissante des r\u00e9tinodes (vitamine A) et vitamines E connues pour leur capacit\u00e9 \u00e0 doper le synth\u00e8se du collag\u00e8ne.  -une action booster d\u2019\u00e9clat -bonne mine grace \u00e0 la vitamine c stabilis\u00e9e \u00e0 tr\u00e8s haute concentration qui clarifie, le teint et r\u00e9duisent l\u2019hyperpigmentation","og_url":"https:\/\/pharmadreams.shop\/index.php\/product\/trio-vitaderm-rivaderm\/","og_site_name":"pharmadreams","article_modified_time":"2024-03-16T00:01:56+00:00","og_image":[{"width":2000,"height":2000,"url":"https:\/\/pharmadreams.shop\/wp-content\/uploads\/2023\/12\/trio-vitaderm-rivaderm.jpg","type":"image\/jpeg"}],"twitter_card":"summary_large_image","twitter_misc":{"Dur\u00e9e de lecture estim\u00e9e":"1 minute"},"schema":{"@context":"https:\/\/schema.org","@graph":[{"@type":"WebPage","@id":"https:\/\/pharmadreams.shop\/index.php\/product\/trio-vitaderm-rivaderm\/","url":"https:\/\/pharmadreams.shop\/index.php\/product\/trio-vitaderm-rivaderm\/","name":"Trio vitaderm rivaderm - pharmadreams","isPartOf":{"@id":"https:\/\/pharmadreams.shop\/#website"},"primaryImageOfPage":{"@id":"https:\/\/pharmadreams.shop\/index.php\/product\/trio-vitaderm-rivaderm\/#primaryimage"},"image":{"@id":"https:\/\/pharmadreams.shop\/index.php\/product\/trio-vitaderm-rivaderm\/#primaryimage"},"thumbnailUrl":"https:\/\/pharmadreams.shop\/wp-content\/uploads\/2023\/12\/trio-vitaderm-rivaderm.jpg","datePublished":"2023-12-19T18:34:47+00:00","dateModified":"2024-03-16T00:01:56+00:00","breadcrumb":{"@id":"https:\/\/pharmadreams.shop\/index.php\/product\/trio-vitaderm-rivaderm\/#breadcrumb"},"inLanguage":"fr-FR","potentialAction":[{"@type":"ReadAction","target":["https:\/\/pharmadreams.shop\/index.php\/product\/trio-vitaderm-rivaderm\/"]}]},{"@type":"ImageObject","inLanguage":"fr-FR","@id":"https:\/\/pharmadreams.shop\/index.php\/product\/trio-vitaderm-rivaderm\/#primaryimage","url":"https:\/\/pharmadreams.shop\/wp-content\/uploads\/2023\/12\/trio-vitaderm-rivaderm.jpg","contentUrl":"https:\/\/pharmadreams.shop\/wp-content\/uploads\/2023\/12\/trio-vitaderm-rivaderm.jpg","width":2000,"height":2000},{"@type":"BreadcrumbList","@id":"https:\/\/pharmadreams.shop\/index.php\/product\/trio-vitaderm-rivaderm\/#breadcrumb","itemListElement":[{"@type":"ListItem","position":1,"name":"Accueil","item":"https:\/\/pharmadreams.shop\/"},{"@type":"ListItem","position":2,"name":"Shop","item":"https:\/\/pharmadreams.shop\/index.php\/shop\/"},{"@type":"ListItem","position":3,"name":"Trio vitaderm rivaderm"}]},{"@type":"WebSite","@id":"https:\/\/pharmadreams.shop\/#website","url":"https:\/\/pharmadreams.shop\/","name":"pharmadreams","description":"Parapharmacie en ligne","potentialAction":[{"@type":"SearchAction","target":{"@type":"EntryPoint","urlTemplate":"https:\/\/pharmadreams.shop\/?s={search_term_string}"},"query-input":"required name=search_term_string"}],"inLanguage":"fr-FR"}]}},"_links":{"self":[{"href":"https:\/\/pharmadreams.shop\/index.php\/wp-json\/wp\/v2\/product\/16468","targetHints":{"allow":["GET"]}}],"collection":[{"href":"https:\/\/pharmadreams.shop\/index.php\/wp-json\/wp\/v2\/product"}],"about":[{"href":"https:\/\/pharmadreams.shop\/index.php\/wp-json\/wp\/v2\/types\/product"}],"replies":[{"embeddable":true,"href":"https:\/\/pharmadreams.shop\/index.php\/wp-json\/wp\/v2\/comments?post=16468"}],"version-history":[{"count":0,"href":"https:\/\/pharmadreams.shop\/index.php\/wp-json\/wp\/v2\/product\/16468\/revisions"}],"wp:featuredmedia":[{"embeddable":true,"href":"https:\/\/pharmadreams.shop\/index.php\/wp-json\/wp\/v2\/media\/16549"}],"wp:attachment":[{"href":"https:\/\/pharmadreams.shop\/index.php\/wp-json\/wp\/v2\/media?parent=16468"}],"wp:term":[{"taxonomy":"product_brand","embeddable":true,"href":"https:\/\/pharmadreams.shop\/index.php\/wp-json\/wp\/v2\/product_brand?post=16468"},{"taxonomy":"product_cat","embeddable":true,"href":"https:\/\/pharmadreams.shop\/index.php\/wp-json\/wp\/v2\/product_cat?post=16468"},{"taxonomy":"product_tag","embeddable":true,"href":"https:\/\/pharmadreams.shop\/index.php\/wp-json\/wp\/v2\/product_tag?post=16468"}],"curies":[{"name":"wp","href":"https:\/\/api.w.org\/{rel}","templated":true}]}}