{"id":16471,"date":"2023-12-19T19:34:47","date_gmt":"2023-12-19T18:34:47","guid":{"rendered":"https:\/\/venuspara.com\/?post_type=product&#038;p=16471"},"modified":"2023-12-19T19:35:45","modified_gmt":"2023-12-19T18:35:45","slug":"kuora-flash-ampoule-lifting-immediat","status":"publish","type":"product","link":"https:\/\/pharmadreams.shop\/index.php\/product\/kuora-flash-ampoule-lifting-immediat\/","title":{"rendered":"Kuora flash ampoule lifting immediat"},"content":{"rendered":"","protected":false},"excerpt":{"rendered":"<div class=\"o9v6fnle cxmmr5t8 oygrvhab hcukyx3x c1et5uql ii04i59q\">\n<div>L&rsquo;effet lifting imm\u00e9diat de l&rsquo;ampoule flash procure un effet raffermissant et liftant imm\u00e9diat, am\u00e9liore imm\u00e9diatement l&rsquo;apparence de la peau, \u00e9limine les signes de fatigue et de stress, laissant une peau hydrat\u00e9e sans imperfections.<\/div>\n<div>Extrait de Chondrus Crispus, un puissant antioxydant et \u00e9nergisant qui \u00e9limine les micro-rides superficielles et a un effet lifting imm\u00e9diat.<\/div>\n<\/div>\n<div class=\"o9v6fnle cxmmr5t8 oygrvhab hcukyx3x c1et5uql ii04i59q\">\n<div>Elastin CLR \u00e0 50% pour augmenter la fermet\u00e9 et l&rsquo;\u00e9lasticit\u00e9 de la peau, c&rsquo;est une ampoule id\u00e9ale pour les peaux fatigu\u00e9es et ternes.<\/div>\n<\/div>\n","protected":false},"featured_media":16555,"comment_status":"open","ping_status":"closed","template":"","meta":[],"product_brand":[],"product_cat":[120,97,98],"product_tag":[],"class_list":{"0":"post-16471","1":"product","2":"type-product","3":"status-publish","4":"has-post-thumbnail","6":"product_cat-anti-rides","7":"product_cat-anti-imperfection","8":"product_cat-hydratation","10":"first","11":"instock","12":"shipping-taxable","13":"purchasable","14":"product-type-simple"},"yoast_head":"<!-- This site is optimized with the Yoast SEO plugin v23.0 - https:\/\/yoast.com\/wordpress\/plugins\/seo\/ -->\n<title>Kuora flash ampoule lifting immediat - pharmadreams<\/title>\n<meta name=\"robots\" content=\"index, follow, max-snippet:-1, max-image-preview:large, max-video-preview:-1\" \/>\n<link rel=\"canonical\" href=\"https:\/\/pharmadreams.shop\/index.php\/product\/kuora-flash-ampoule-lifting-immediat\/\" \/>\n<meta property=\"og:locale\" content=\"fr_FR\" \/>\n<meta property=\"og:type\" content=\"article\" \/>\n<meta property=\"og:title\" content=\"Kuora flash ampoule lifting immediat - pharmadreams\" \/>\n<meta property=\"og:description\" content=\"L&#039;effet lifting imm\u00e9diat de l&#039;ampoule flash procure un effet raffermissant et liftant imm\u00e9diat, am\u00e9liore imm\u00e9diatement l&#039;apparence de la peau, \u00e9limine les signes de fatigue et de stress, laissant une peau hydrat\u00e9e sans imperfections. Extrait de Chondrus Crispus, un puissant antioxydant et \u00e9nergisant qui \u00e9limine les micro-rides superficielles et a un effet lifting imm\u00e9diat.   Elastin CLR \u00e0 50% pour augmenter la fermet\u00e9 et l&#039;\u00e9lasticit\u00e9 de la peau, c&#039;est une ampoule id\u00e9ale pour les peaux fatigu\u00e9es et ternes.\" \/>\n<meta property=\"og:url\" content=\"https:\/\/pharmadreams.shop\/index.php\/product\/kuora-flash-ampoule-lifting-immediat\/\" \/>\n<meta property=\"og:site_name\" content=\"pharmadreams\" \/>\n<meta property=\"article:modified_time\" content=\"2023-12-19T18:35:45+00:00\" \/>\n<meta property=\"og:image\" content=\"https:\/\/pharmadreams.shop\/wp-content\/uploads\/2023\/12\/kuora-1.png\" \/>\n\t<meta property=\"og:image:width\" content=\"506\" \/>\n\t<meta property=\"og:image:height\" content=\"648\" \/>\n\t<meta property=\"og:image:type\" content=\"image\/png\" \/>\n<meta name=\"twitter:card\" content=\"summary_large_image\" \/>\n<script type=\"application\/ld+json\" class=\"yoast-schema-graph\">{\"@context\":\"https:\/\/schema.org\",\"@graph\":[{\"@type\":\"WebPage\",\"@id\":\"https:\/\/pharmadreams.shop\/index.php\/product\/kuora-flash-ampoule-lifting-immediat\/\",\"url\":\"https:\/\/pharmadreams.shop\/index.php\/product\/kuora-flash-ampoule-lifting-immediat\/\",\"name\":\"Kuora flash ampoule lifting immediat - pharmadreams\",\"isPartOf\":{\"@id\":\"https:\/\/pharmadreams.shop\/#website\"},\"primaryImageOfPage\":{\"@id\":\"https:\/\/pharmadreams.shop\/index.php\/product\/kuora-flash-ampoule-lifting-immediat\/#primaryimage\"},\"image\":{\"@id\":\"https:\/\/pharmadreams.shop\/index.php\/product\/kuora-flash-ampoule-lifting-immediat\/#primaryimage\"},\"thumbnailUrl\":\"https:\/\/pharmadreams.shop\/wp-content\/uploads\/2023\/12\/kuora-1.png\",\"datePublished\":\"2023-12-19T18:34:47+00:00\",\"dateModified\":\"2023-12-19T18:35:45+00:00\",\"breadcrumb\":{\"@id\":\"https:\/\/pharmadreams.shop\/index.php\/product\/kuora-flash-ampoule-lifting-immediat\/#breadcrumb\"},\"inLanguage\":\"fr-FR\",\"potentialAction\":[{\"@type\":\"ReadAction\",\"target\":[\"https:\/\/pharmadreams.shop\/index.php\/product\/kuora-flash-ampoule-lifting-immediat\/\"]}]},{\"@type\":\"ImageObject\",\"inLanguage\":\"fr-FR\",\"@id\":\"https:\/\/pharmadreams.shop\/index.php\/product\/kuora-flash-ampoule-lifting-immediat\/#primaryimage\",\"url\":\"https:\/\/pharmadreams.shop\/wp-content\/uploads\/2023\/12\/kuora-1.png\",\"contentUrl\":\"https:\/\/pharmadreams.shop\/wp-content\/uploads\/2023\/12\/kuora-1.png\",\"width\":506,\"height\":648},{\"@type\":\"BreadcrumbList\",\"@id\":\"https:\/\/pharmadreams.shop\/index.php\/product\/kuora-flash-ampoule-lifting-immediat\/#breadcrumb\",\"itemListElement\":[{\"@type\":\"ListItem\",\"position\":1,\"name\":\"Accueil\",\"item\":\"https:\/\/pharmadreams.shop\/\"},{\"@type\":\"ListItem\",\"position\":2,\"name\":\"Shop\",\"item\":\"https:\/\/pharmadreams.shop\/index.php\/shop\/\"},{\"@type\":\"ListItem\",\"position\":3,\"name\":\"Kuora flash ampoule lifting immediat\"}]},{\"@type\":\"WebSite\",\"@id\":\"https:\/\/pharmadreams.shop\/#website\",\"url\":\"https:\/\/pharmadreams.shop\/\",\"name\":\"pharmadreams\",\"description\":\"Parapharmacie en ligne\",\"potentialAction\":[{\"@type\":\"SearchAction\",\"target\":{\"@type\":\"EntryPoint\",\"urlTemplate\":\"https:\/\/pharmadreams.shop\/?s={search_term_string}\"},\"query-input\":\"required name=search_term_string\"}],\"inLanguage\":\"fr-FR\"}]}<\/script>\n<!-- \/ Yoast SEO plugin. -->","yoast_head_json":{"title":"Kuora flash ampoule lifting immediat - pharmadreams","robots":{"index":"index","follow":"follow","max-snippet":"max-snippet:-1","max-image-preview":"max-image-preview:large","max-video-preview":"max-video-preview:-1"},"canonical":"https:\/\/pharmadreams.shop\/index.php\/product\/kuora-flash-ampoule-lifting-immediat\/","og_locale":"fr_FR","og_type":"article","og_title":"Kuora flash ampoule lifting immediat - pharmadreams","og_description":"L'effet lifting imm\u00e9diat de l'ampoule flash procure un effet raffermissant et liftant imm\u00e9diat, am\u00e9liore imm\u00e9diatement l'apparence de la peau, \u00e9limine les signes de fatigue et de stress, laissant une peau hydrat\u00e9e sans imperfections. Extrait de Chondrus Crispus, un puissant antioxydant et \u00e9nergisant qui \u00e9limine les micro-rides superficielles et a un effet lifting imm\u00e9diat.   Elastin CLR \u00e0 50% pour augmenter la fermet\u00e9 et l'\u00e9lasticit\u00e9 de la peau, c'est une ampoule id\u00e9ale pour les peaux fatigu\u00e9es et ternes.","og_url":"https:\/\/pharmadreams.shop\/index.php\/product\/kuora-flash-ampoule-lifting-immediat\/","og_site_name":"pharmadreams","article_modified_time":"2023-12-19T18:35:45+00:00","og_image":[{"width":506,"height":648,"url":"https:\/\/pharmadreams.shop\/wp-content\/uploads\/2023\/12\/kuora-1.png","type":"image\/png"}],"twitter_card":"summary_large_image","schema":{"@context":"https:\/\/schema.org","@graph":[{"@type":"WebPage","@id":"https:\/\/pharmadreams.shop\/index.php\/product\/kuora-flash-ampoule-lifting-immediat\/","url":"https:\/\/pharmadreams.shop\/index.php\/product\/kuora-flash-ampoule-lifting-immediat\/","name":"Kuora flash ampoule lifting immediat - pharmadreams","isPartOf":{"@id":"https:\/\/pharmadreams.shop\/#website"},"primaryImageOfPage":{"@id":"https:\/\/pharmadreams.shop\/index.php\/product\/kuora-flash-ampoule-lifting-immediat\/#primaryimage"},"image":{"@id":"https:\/\/pharmadreams.shop\/index.php\/product\/kuora-flash-ampoule-lifting-immediat\/#primaryimage"},"thumbnailUrl":"https:\/\/pharmadreams.shop\/wp-content\/uploads\/2023\/12\/kuora-1.png","datePublished":"2023-12-19T18:34:47+00:00","dateModified":"2023-12-19T18:35:45+00:00","breadcrumb":{"@id":"https:\/\/pharmadreams.shop\/index.php\/product\/kuora-flash-ampoule-lifting-immediat\/#breadcrumb"},"inLanguage":"fr-FR","potentialAction":[{"@type":"ReadAction","target":["https:\/\/pharmadreams.shop\/index.php\/product\/kuora-flash-ampoule-lifting-immediat\/"]}]},{"@type":"ImageObject","inLanguage":"fr-FR","@id":"https:\/\/pharmadreams.shop\/index.php\/product\/kuora-flash-ampoule-lifting-immediat\/#primaryimage","url":"https:\/\/pharmadreams.shop\/wp-content\/uploads\/2023\/12\/kuora-1.png","contentUrl":"https:\/\/pharmadreams.shop\/wp-content\/uploads\/2023\/12\/kuora-1.png","width":506,"height":648},{"@type":"BreadcrumbList","@id":"https:\/\/pharmadreams.shop\/index.php\/product\/kuora-flash-ampoule-lifting-immediat\/#breadcrumb","itemListElement":[{"@type":"ListItem","position":1,"name":"Accueil","item":"https:\/\/pharmadreams.shop\/"},{"@type":"ListItem","position":2,"name":"Shop","item":"https:\/\/pharmadreams.shop\/index.php\/shop\/"},{"@type":"ListItem","position":3,"name":"Kuora flash ampoule lifting immediat"}]},{"@type":"WebSite","@id":"https:\/\/pharmadreams.shop\/#website","url":"https:\/\/pharmadreams.shop\/","name":"pharmadreams","description":"Parapharmacie en ligne","potentialAction":[{"@type":"SearchAction","target":{"@type":"EntryPoint","urlTemplate":"https:\/\/pharmadreams.shop\/?s={search_term_string}"},"query-input":"required name=search_term_string"}],"inLanguage":"fr-FR"}]}},"_links":{"self":[{"href":"https:\/\/pharmadreams.shop\/index.php\/wp-json\/wp\/v2\/product\/16471","targetHints":{"allow":["GET"]}}],"collection":[{"href":"https:\/\/pharmadreams.shop\/index.php\/wp-json\/wp\/v2\/product"}],"about":[{"href":"https:\/\/pharmadreams.shop\/index.php\/wp-json\/wp\/v2\/types\/product"}],"replies":[{"embeddable":true,"href":"https:\/\/pharmadreams.shop\/index.php\/wp-json\/wp\/v2\/comments?post=16471"}],"version-history":[{"count":0,"href":"https:\/\/pharmadreams.shop\/index.php\/wp-json\/wp\/v2\/product\/16471\/revisions"}],"wp:featuredmedia":[{"embeddable":true,"href":"https:\/\/pharmadreams.shop\/index.php\/wp-json\/wp\/v2\/media\/16555"}],"wp:attachment":[{"href":"https:\/\/pharmadreams.shop\/index.php\/wp-json\/wp\/v2\/media?parent=16471"}],"wp:term":[{"taxonomy":"product_brand","embeddable":true,"href":"https:\/\/pharmadreams.shop\/index.php\/wp-json\/wp\/v2\/product_brand?post=16471"},{"taxonomy":"product_cat","embeddable":true,"href":"https:\/\/pharmadreams.shop\/index.php\/wp-json\/wp\/v2\/product_cat?post=16471"},{"taxonomy":"product_tag","embeddable":true,"href":"https:\/\/pharmadreams.shop\/index.php\/wp-json\/wp\/v2\/product_tag?post=16471"}],"curies":[{"name":"wp","href":"https:\/\/api.w.org\/{rel}","templated":true}]}}