{"id":16499,"date":"2023-12-19T19:35:12","date_gmt":"2023-12-19T18:35:12","guid":{"rendered":"https:\/\/venuspara.com\/?post_type=product&#038;p=16499"},"modified":"2024-05-06T19:06:49","modified_gmt":"2024-05-06T18:06:49","slug":"svr-c20-biotic-creme-regenerante-eclat-50-ml","status":"publish","type":"product","link":"https:\/\/pharmadreams.shop\/index.php\/product\/svr-c20-biotic-creme-regenerante-eclat-50-ml\/","title":{"rendered":"Svr [c20] biotic creme regenerante \u00e9clat 50 ml"},"content":{"rendered":"","protected":false},"excerpt":{"rendered":"<p>SVR Biotic C20 Cr\u00e8me R\u00e9g\u00e9n\u00e9rante Eclat 50 ml est faite pour r\u00e9g\u00e9n\u00e9rer votre peau gr\u00e2ce \u00e0 une association de 3 actifs essentiels au fonctionnement de la peau:<\/p>\n<p>probiotiques pasteuris\u00e9s: ils prot\u00e8gent et renforcent la barri\u00e8re cutan\u00e9e.<\/p>\n<p>acide hyaluronique: lisse les rides, ridules et hydrate.<\/p>\n<p>vitamine C stabilis\u00e9e \u00e0 20%: prot\u00e8ge des radicaux libres, unifie, raffermit et illumine le teint.<br \/>\nJour apr\u00e8s jour, la peau est lisse, tonique, les signes de fatigue sont moins marqu\u00e9s.<\/p>\n","protected":false},"featured_media":18059,"comment_status":"open","ping_status":"closed","template":"","meta":[],"product_brand":[],"product_cat":[120,78,134,98],"product_tag":[],"class_list":{"0":"post-16499","1":"product","2":"type-product","3":"status-publish","4":"has-post-thumbnail","6":"product_cat-anti-rides","7":"product_cat-cremes","8":"product_cat-eclat","9":"product_cat-hydratation","11":"first","12":"instock","13":"sale","14":"shipping-taxable","15":"purchasable","16":"product-type-simple"},"yoast_head":"<!-- This site is optimized with the Yoast SEO plugin v23.0 - https:\/\/yoast.com\/wordpress\/plugins\/seo\/ -->\n<title>Svr [c20] biotic creme regenerante \u00e9clat 50 ml - pharmadreams<\/title>\n<meta name=\"robots\" content=\"index, follow, max-snippet:-1, max-image-preview:large, max-video-preview:-1\" \/>\n<link rel=\"canonical\" href=\"https:\/\/pharmadreams.shop\/index.php\/product\/svr-c20-biotic-creme-regenerante-eclat-50-ml\/\" \/>\n<meta property=\"og:locale\" content=\"fr_FR\" \/>\n<meta property=\"og:type\" content=\"article\" \/>\n<meta property=\"og:title\" content=\"Svr [c20] biotic creme regenerante \u00e9clat 50 ml - pharmadreams\" \/>\n<meta property=\"og:description\" content=\"SVR Biotic C20 Cr\u00e8me R\u00e9g\u00e9n\u00e9rante Eclat 50 ml est faite pour r\u00e9g\u00e9n\u00e9rer votre peau gr\u00e2ce \u00e0 une association de 3 actifs essentiels au fonctionnement de la peau:  probiotiques pasteuris\u00e9s: ils prot\u00e8gent et renforcent la barri\u00e8re cutan\u00e9e.  acide hyaluronique: lisse les rides, ridules et hydrate.  vitamine C stabilis\u00e9e \u00e0 20%: prot\u00e8ge des radicaux libres, unifie, raffermit et illumine le teint. Jour apr\u00e8s jour, la peau est lisse, tonique, les signes de fatigue sont moins marqu\u00e9s.\" \/>\n<meta property=\"og:url\" content=\"https:\/\/pharmadreams.shop\/index.php\/product\/svr-c20-biotic-creme-regenerante-eclat-50-ml\/\" \/>\n<meta property=\"og:site_name\" content=\"pharmadreams\" \/>\n<meta property=\"article:modified_time\" content=\"2024-05-06T18:06:49+00:00\" \/>\n<meta property=\"og:image\" content=\"https:\/\/pharmadreams.shop\/wp-content\/uploads\/2023\/12\/svr-biotic-c20-creme-regenerante-eclat-50ml.jpg\" \/>\n\t<meta property=\"og:image:width\" content=\"500\" \/>\n\t<meta property=\"og:image:height\" content=\"500\" \/>\n\t<meta property=\"og:image:type\" content=\"image\/jpeg\" \/>\n<meta name=\"twitter:card\" content=\"summary_large_image\" \/>\n<meta name=\"twitter:label1\" content=\"Dur\u00e9e de lecture estim\u00e9e\" \/>\n\t<meta name=\"twitter:data1\" content=\"1 minute\" \/>\n<script type=\"application\/ld+json\" class=\"yoast-schema-graph\">{\"@context\":\"https:\/\/schema.org\",\"@graph\":[{\"@type\":\"WebPage\",\"@id\":\"https:\/\/pharmadreams.shop\/index.php\/product\/svr-c20-biotic-creme-regenerante-eclat-50-ml\/\",\"url\":\"https:\/\/pharmadreams.shop\/index.php\/product\/svr-c20-biotic-creme-regenerante-eclat-50-ml\/\",\"name\":\"Svr [c20] biotic creme regenerante \u00e9clat 50 ml - pharmadreams\",\"isPartOf\":{\"@id\":\"https:\/\/pharmadreams.shop\/#website\"},\"primaryImageOfPage\":{\"@id\":\"https:\/\/pharmadreams.shop\/index.php\/product\/svr-c20-biotic-creme-regenerante-eclat-50-ml\/#primaryimage\"},\"image\":{\"@id\":\"https:\/\/pharmadreams.shop\/index.php\/product\/svr-c20-biotic-creme-regenerante-eclat-50-ml\/#primaryimage\"},\"thumbnailUrl\":\"https:\/\/pharmadreams.shop\/wp-content\/uploads\/2023\/12\/svr-biotic-c20-creme-regenerante-eclat-50ml.jpg\",\"datePublished\":\"2023-12-19T18:35:12+00:00\",\"dateModified\":\"2024-05-06T18:06:49+00:00\",\"breadcrumb\":{\"@id\":\"https:\/\/pharmadreams.shop\/index.php\/product\/svr-c20-biotic-creme-regenerante-eclat-50-ml\/#breadcrumb\"},\"inLanguage\":\"fr-FR\",\"potentialAction\":[{\"@type\":\"ReadAction\",\"target\":[\"https:\/\/pharmadreams.shop\/index.php\/product\/svr-c20-biotic-creme-regenerante-eclat-50-ml\/\"]}]},{\"@type\":\"ImageObject\",\"inLanguage\":\"fr-FR\",\"@id\":\"https:\/\/pharmadreams.shop\/index.php\/product\/svr-c20-biotic-creme-regenerante-eclat-50-ml\/#primaryimage\",\"url\":\"https:\/\/pharmadreams.shop\/wp-content\/uploads\/2023\/12\/svr-biotic-c20-creme-regenerante-eclat-50ml.jpg\",\"contentUrl\":\"https:\/\/pharmadreams.shop\/wp-content\/uploads\/2023\/12\/svr-biotic-c20-creme-regenerante-eclat-50ml.jpg\",\"width\":500,\"height\":500},{\"@type\":\"BreadcrumbList\",\"@id\":\"https:\/\/pharmadreams.shop\/index.php\/product\/svr-c20-biotic-creme-regenerante-eclat-50-ml\/#breadcrumb\",\"itemListElement\":[{\"@type\":\"ListItem\",\"position\":1,\"name\":\"Accueil\",\"item\":\"https:\/\/pharmadreams.shop\/\"},{\"@type\":\"ListItem\",\"position\":2,\"name\":\"Shop\",\"item\":\"https:\/\/pharmadreams.shop\/index.php\/shop\/\"},{\"@type\":\"ListItem\",\"position\":3,\"name\":\"Svr [c20] biotic creme regenerante \u00e9clat 50 ml\"}]},{\"@type\":\"WebSite\",\"@id\":\"https:\/\/pharmadreams.shop\/#website\",\"url\":\"https:\/\/pharmadreams.shop\/\",\"name\":\"pharmadreams\",\"description\":\"Parapharmacie en ligne\",\"potentialAction\":[{\"@type\":\"SearchAction\",\"target\":{\"@type\":\"EntryPoint\",\"urlTemplate\":\"https:\/\/pharmadreams.shop\/?s={search_term_string}\"},\"query-input\":\"required name=search_term_string\"}],\"inLanguage\":\"fr-FR\"}]}<\/script>\n<!-- \/ Yoast SEO plugin. -->","yoast_head_json":{"title":"Svr [c20] biotic creme regenerante \u00e9clat 50 ml - pharmadreams","robots":{"index":"index","follow":"follow","max-snippet":"max-snippet:-1","max-image-preview":"max-image-preview:large","max-video-preview":"max-video-preview:-1"},"canonical":"https:\/\/pharmadreams.shop\/index.php\/product\/svr-c20-biotic-creme-regenerante-eclat-50-ml\/","og_locale":"fr_FR","og_type":"article","og_title":"Svr [c20] biotic creme regenerante \u00e9clat 50 ml - pharmadreams","og_description":"SVR Biotic C20 Cr\u00e8me R\u00e9g\u00e9n\u00e9rante Eclat 50 ml est faite pour r\u00e9g\u00e9n\u00e9rer votre peau gr\u00e2ce \u00e0 une association de 3 actifs essentiels au fonctionnement de la peau:  probiotiques pasteuris\u00e9s: ils prot\u00e8gent et renforcent la barri\u00e8re cutan\u00e9e.  acide hyaluronique: lisse les rides, ridules et hydrate.  vitamine C stabilis\u00e9e \u00e0 20%: prot\u00e8ge des radicaux libres, unifie, raffermit et illumine le teint. Jour apr\u00e8s jour, la peau est lisse, tonique, les signes de fatigue sont moins marqu\u00e9s.","og_url":"https:\/\/pharmadreams.shop\/index.php\/product\/svr-c20-biotic-creme-regenerante-eclat-50-ml\/","og_site_name":"pharmadreams","article_modified_time":"2024-05-06T18:06:49+00:00","og_image":[{"width":500,"height":500,"url":"https:\/\/pharmadreams.shop\/wp-content\/uploads\/2023\/12\/svr-biotic-c20-creme-regenerante-eclat-50ml.jpg","type":"image\/jpeg"}],"twitter_card":"summary_large_image","twitter_misc":{"Dur\u00e9e de lecture estim\u00e9e":"1 minute"},"schema":{"@context":"https:\/\/schema.org","@graph":[{"@type":"WebPage","@id":"https:\/\/pharmadreams.shop\/index.php\/product\/svr-c20-biotic-creme-regenerante-eclat-50-ml\/","url":"https:\/\/pharmadreams.shop\/index.php\/product\/svr-c20-biotic-creme-regenerante-eclat-50-ml\/","name":"Svr [c20] biotic creme regenerante \u00e9clat 50 ml - pharmadreams","isPartOf":{"@id":"https:\/\/pharmadreams.shop\/#website"},"primaryImageOfPage":{"@id":"https:\/\/pharmadreams.shop\/index.php\/product\/svr-c20-biotic-creme-regenerante-eclat-50-ml\/#primaryimage"},"image":{"@id":"https:\/\/pharmadreams.shop\/index.php\/product\/svr-c20-biotic-creme-regenerante-eclat-50-ml\/#primaryimage"},"thumbnailUrl":"https:\/\/pharmadreams.shop\/wp-content\/uploads\/2023\/12\/svr-biotic-c20-creme-regenerante-eclat-50ml.jpg","datePublished":"2023-12-19T18:35:12+00:00","dateModified":"2024-05-06T18:06:49+00:00","breadcrumb":{"@id":"https:\/\/pharmadreams.shop\/index.php\/product\/svr-c20-biotic-creme-regenerante-eclat-50-ml\/#breadcrumb"},"inLanguage":"fr-FR","potentialAction":[{"@type":"ReadAction","target":["https:\/\/pharmadreams.shop\/index.php\/product\/svr-c20-biotic-creme-regenerante-eclat-50-ml\/"]}]},{"@type":"ImageObject","inLanguage":"fr-FR","@id":"https:\/\/pharmadreams.shop\/index.php\/product\/svr-c20-biotic-creme-regenerante-eclat-50-ml\/#primaryimage","url":"https:\/\/pharmadreams.shop\/wp-content\/uploads\/2023\/12\/svr-biotic-c20-creme-regenerante-eclat-50ml.jpg","contentUrl":"https:\/\/pharmadreams.shop\/wp-content\/uploads\/2023\/12\/svr-biotic-c20-creme-regenerante-eclat-50ml.jpg","width":500,"height":500},{"@type":"BreadcrumbList","@id":"https:\/\/pharmadreams.shop\/index.php\/product\/svr-c20-biotic-creme-regenerante-eclat-50-ml\/#breadcrumb","itemListElement":[{"@type":"ListItem","position":1,"name":"Accueil","item":"https:\/\/pharmadreams.shop\/"},{"@type":"ListItem","position":2,"name":"Shop","item":"https:\/\/pharmadreams.shop\/index.php\/shop\/"},{"@type":"ListItem","position":3,"name":"Svr [c20] biotic creme regenerante \u00e9clat 50 ml"}]},{"@type":"WebSite","@id":"https:\/\/pharmadreams.shop\/#website","url":"https:\/\/pharmadreams.shop\/","name":"pharmadreams","description":"Parapharmacie en ligne","potentialAction":[{"@type":"SearchAction","target":{"@type":"EntryPoint","urlTemplate":"https:\/\/pharmadreams.shop\/?s={search_term_string}"},"query-input":"required name=search_term_string"}],"inLanguage":"fr-FR"}]}},"_links":{"self":[{"href":"https:\/\/pharmadreams.shop\/index.php\/wp-json\/wp\/v2\/product\/16499","targetHints":{"allow":["GET"]}}],"collection":[{"href":"https:\/\/pharmadreams.shop\/index.php\/wp-json\/wp\/v2\/product"}],"about":[{"href":"https:\/\/pharmadreams.shop\/index.php\/wp-json\/wp\/v2\/types\/product"}],"replies":[{"embeddable":true,"href":"https:\/\/pharmadreams.shop\/index.php\/wp-json\/wp\/v2\/comments?post=16499"}],"version-history":[{"count":0,"href":"https:\/\/pharmadreams.shop\/index.php\/wp-json\/wp\/v2\/product\/16499\/revisions"}],"wp:featuredmedia":[{"embeddable":true,"href":"https:\/\/pharmadreams.shop\/index.php\/wp-json\/wp\/v2\/media\/18059"}],"wp:attachment":[{"href":"https:\/\/pharmadreams.shop\/index.php\/wp-json\/wp\/v2\/media?parent=16499"}],"wp:term":[{"taxonomy":"product_brand","embeddable":true,"href":"https:\/\/pharmadreams.shop\/index.php\/wp-json\/wp\/v2\/product_brand?post=16499"},{"taxonomy":"product_cat","embeddable":true,"href":"https:\/\/pharmadreams.shop\/index.php\/wp-json\/wp\/v2\/product_cat?post=16499"},{"taxonomy":"product_tag","embeddable":true,"href":"https:\/\/pharmadreams.shop\/index.php\/wp-json\/wp\/v2\/product_tag?post=16499"}],"curies":[{"name":"wp","href":"https:\/\/api.w.org\/{rel}","templated":true}]}}