{"id":16500,"date":"2023-12-19T19:35:12","date_gmt":"2023-12-19T18:35:12","guid":{"rendered":"https:\/\/venuspara.com\/?post_type=product&#038;p=16500"},"modified":"2023-12-19T19:35:49","modified_gmt":"2023-12-19T18:35:49","slug":"noreva-bergasol-expert-creme-fini-invisible-spf50-50ml","status":"publish","type":"product","link":"https:\/\/pharmadreams.shop\/index.php\/product\/noreva-bergasol-expert-creme-fini-invisible-spf50-50ml\/","title":{"rendered":"Noreva bergasol expert cr\u00e8me fini invisible spf50+ 50ml"},"content":{"rendered":"","protected":false},"excerpt":{"rendered":"<p><strong>Cr\u00e8me Fini Invisible SPF50+ 50 ml de BERGASOL<\/strong><br \/>\nLa cr\u00e8me Fini Invisible SPF50+ 50 ml de Bergasol est une cr\u00e8me dot\u00e9e de filtres solaires performants et d&rsquo;un bouclier anti-radicalaire puissant.<br \/>\nElle est ainsi la premi\u00e8re gamme solaire permettant de lutter efficacement contre le vieillissement pr\u00e9matur\u00e9 de la peau, en limitant les dommages cellulaires au coeur de l&rsquo;\u00e9piderme et apportant une protection globale contre les UVA, UVB, IR et la lumi\u00e8re bleue.<\/p>\n","protected":false},"featured_media":16559,"comment_status":"open","ping_status":"closed","template":"","meta":[],"product_brand":[],"product_cat":[104],"product_tag":[],"class_list":{"0":"post-16500","1":"product","2":"type-product","3":"status-publish","4":"has-post-thumbnail","6":"product_cat-protection","8":"first","9":"instock","10":"shipping-taxable","11":"purchasable","12":"product-type-simple"},"yoast_head":"<!-- This site is optimized with the Yoast SEO plugin v23.0 - https:\/\/yoast.com\/wordpress\/plugins\/seo\/ -->\n<title>Noreva bergasol expert cr\u00e8me fini invisible spf50+ 50ml - pharmadreams<\/title>\n<meta name=\"robots\" content=\"index, follow, max-snippet:-1, max-image-preview:large, max-video-preview:-1\" \/>\n<link rel=\"canonical\" href=\"https:\/\/pharmadreams.shop\/index.php\/product\/noreva-bergasol-expert-creme-fini-invisible-spf50-50ml\/\" \/>\n<meta property=\"og:locale\" content=\"fr_FR\" \/>\n<meta property=\"og:type\" content=\"article\" \/>\n<meta property=\"og:title\" content=\"Noreva bergasol expert cr\u00e8me fini invisible spf50+ 50ml - pharmadreams\" \/>\n<meta property=\"og:description\" content=\"Cr\u00e8me Fini Invisible SPF50+ 50 ml de BERGASOL La cr\u00e8me Fini Invisible SPF50+ 50 ml de Bergasol est une cr\u00e8me dot\u00e9e de filtres solaires performants et d&#039;un bouclier anti-radicalaire puissant. Elle est ainsi la premi\u00e8re gamme solaire permettant de lutter efficacement contre le vieillissement pr\u00e9matur\u00e9 de la peau, en limitant les dommages cellulaires au coeur de l&#039;\u00e9piderme et apportant une protection globale contre les UVA, UVB, IR et la lumi\u00e8re bleue.\" \/>\n<meta property=\"og:url\" content=\"https:\/\/pharmadreams.shop\/index.php\/product\/noreva-bergasol-expert-creme-fini-invisible-spf50-50ml\/\" \/>\n<meta property=\"og:site_name\" content=\"pharmadreams\" \/>\n<meta property=\"article:modified_time\" content=\"2023-12-19T18:35:49+00:00\" \/>\n<meta property=\"og:image\" content=\"https:\/\/pharmadreams.shop\/wp-content\/uploads\/2023\/12\/noreva-invi1.png\" \/>\n\t<meta property=\"og:image:width\" content=\"862\" \/>\n\t<meta property=\"og:image:height\" content=\"790\" \/>\n\t<meta property=\"og:image:type\" content=\"image\/png\" \/>\n<meta name=\"twitter:card\" content=\"summary_large_image\" \/>\n<script type=\"application\/ld+json\" class=\"yoast-schema-graph\">{\"@context\":\"https:\/\/schema.org\",\"@graph\":[{\"@type\":\"WebPage\",\"@id\":\"https:\/\/pharmadreams.shop\/index.php\/product\/noreva-bergasol-expert-creme-fini-invisible-spf50-50ml\/\",\"url\":\"https:\/\/pharmadreams.shop\/index.php\/product\/noreva-bergasol-expert-creme-fini-invisible-spf50-50ml\/\",\"name\":\"Noreva bergasol expert cr\u00e8me fini invisible spf50+ 50ml - pharmadreams\",\"isPartOf\":{\"@id\":\"https:\/\/pharmadreams.shop\/#website\"},\"primaryImageOfPage\":{\"@id\":\"https:\/\/pharmadreams.shop\/index.php\/product\/noreva-bergasol-expert-creme-fini-invisible-spf50-50ml\/#primaryimage\"},\"image\":{\"@id\":\"https:\/\/pharmadreams.shop\/index.php\/product\/noreva-bergasol-expert-creme-fini-invisible-spf50-50ml\/#primaryimage\"},\"thumbnailUrl\":\"https:\/\/pharmadreams.shop\/wp-content\/uploads\/2023\/12\/noreva-invi1.png\",\"datePublished\":\"2023-12-19T18:35:12+00:00\",\"dateModified\":\"2023-12-19T18:35:49+00:00\",\"breadcrumb\":{\"@id\":\"https:\/\/pharmadreams.shop\/index.php\/product\/noreva-bergasol-expert-creme-fini-invisible-spf50-50ml\/#breadcrumb\"},\"inLanguage\":\"fr-FR\",\"potentialAction\":[{\"@type\":\"ReadAction\",\"target\":[\"https:\/\/pharmadreams.shop\/index.php\/product\/noreva-bergasol-expert-creme-fini-invisible-spf50-50ml\/\"]}]},{\"@type\":\"ImageObject\",\"inLanguage\":\"fr-FR\",\"@id\":\"https:\/\/pharmadreams.shop\/index.php\/product\/noreva-bergasol-expert-creme-fini-invisible-spf50-50ml\/#primaryimage\",\"url\":\"https:\/\/pharmadreams.shop\/wp-content\/uploads\/2023\/12\/noreva-invi1.png\",\"contentUrl\":\"https:\/\/pharmadreams.shop\/wp-content\/uploads\/2023\/12\/noreva-invi1.png\",\"width\":862,\"height\":790},{\"@type\":\"BreadcrumbList\",\"@id\":\"https:\/\/pharmadreams.shop\/index.php\/product\/noreva-bergasol-expert-creme-fini-invisible-spf50-50ml\/#breadcrumb\",\"itemListElement\":[{\"@type\":\"ListItem\",\"position\":1,\"name\":\"Accueil\",\"item\":\"https:\/\/pharmadreams.shop\/\"},{\"@type\":\"ListItem\",\"position\":2,\"name\":\"Shop\",\"item\":\"https:\/\/pharmadreams.shop\/index.php\/shop\/\"},{\"@type\":\"ListItem\",\"position\":3,\"name\":\"Noreva bergasol expert cr\u00e8me fini invisible spf50+ 50ml\"}]},{\"@type\":\"WebSite\",\"@id\":\"https:\/\/pharmadreams.shop\/#website\",\"url\":\"https:\/\/pharmadreams.shop\/\",\"name\":\"pharmadreams\",\"description\":\"Parapharmacie en ligne\",\"potentialAction\":[{\"@type\":\"SearchAction\",\"target\":{\"@type\":\"EntryPoint\",\"urlTemplate\":\"https:\/\/pharmadreams.shop\/?s={search_term_string}\"},\"query-input\":\"required name=search_term_string\"}],\"inLanguage\":\"fr-FR\"}]}<\/script>\n<!-- \/ Yoast SEO plugin. -->","yoast_head_json":{"title":"Noreva bergasol expert cr\u00e8me fini invisible spf50+ 50ml - pharmadreams","robots":{"index":"index","follow":"follow","max-snippet":"max-snippet:-1","max-image-preview":"max-image-preview:large","max-video-preview":"max-video-preview:-1"},"canonical":"https:\/\/pharmadreams.shop\/index.php\/product\/noreva-bergasol-expert-creme-fini-invisible-spf50-50ml\/","og_locale":"fr_FR","og_type":"article","og_title":"Noreva bergasol expert cr\u00e8me fini invisible spf50+ 50ml - pharmadreams","og_description":"Cr\u00e8me Fini Invisible SPF50+ 50 ml de BERGASOL La cr\u00e8me Fini Invisible SPF50+ 50 ml de Bergasol est une cr\u00e8me dot\u00e9e de filtres solaires performants et d'un bouclier anti-radicalaire puissant. Elle est ainsi la premi\u00e8re gamme solaire permettant de lutter efficacement contre le vieillissement pr\u00e9matur\u00e9 de la peau, en limitant les dommages cellulaires au coeur de l'\u00e9piderme et apportant une protection globale contre les UVA, UVB, IR et la lumi\u00e8re bleue.","og_url":"https:\/\/pharmadreams.shop\/index.php\/product\/noreva-bergasol-expert-creme-fini-invisible-spf50-50ml\/","og_site_name":"pharmadreams","article_modified_time":"2023-12-19T18:35:49+00:00","og_image":[{"width":862,"height":790,"url":"https:\/\/pharmadreams.shop\/wp-content\/uploads\/2023\/12\/noreva-invi1.png","type":"image\/png"}],"twitter_card":"summary_large_image","schema":{"@context":"https:\/\/schema.org","@graph":[{"@type":"WebPage","@id":"https:\/\/pharmadreams.shop\/index.php\/product\/noreva-bergasol-expert-creme-fini-invisible-spf50-50ml\/","url":"https:\/\/pharmadreams.shop\/index.php\/product\/noreva-bergasol-expert-creme-fini-invisible-spf50-50ml\/","name":"Noreva bergasol expert cr\u00e8me fini invisible spf50+ 50ml - pharmadreams","isPartOf":{"@id":"https:\/\/pharmadreams.shop\/#website"},"primaryImageOfPage":{"@id":"https:\/\/pharmadreams.shop\/index.php\/product\/noreva-bergasol-expert-creme-fini-invisible-spf50-50ml\/#primaryimage"},"image":{"@id":"https:\/\/pharmadreams.shop\/index.php\/product\/noreva-bergasol-expert-creme-fini-invisible-spf50-50ml\/#primaryimage"},"thumbnailUrl":"https:\/\/pharmadreams.shop\/wp-content\/uploads\/2023\/12\/noreva-invi1.png","datePublished":"2023-12-19T18:35:12+00:00","dateModified":"2023-12-19T18:35:49+00:00","breadcrumb":{"@id":"https:\/\/pharmadreams.shop\/index.php\/product\/noreva-bergasol-expert-creme-fini-invisible-spf50-50ml\/#breadcrumb"},"inLanguage":"fr-FR","potentialAction":[{"@type":"ReadAction","target":["https:\/\/pharmadreams.shop\/index.php\/product\/noreva-bergasol-expert-creme-fini-invisible-spf50-50ml\/"]}]},{"@type":"ImageObject","inLanguage":"fr-FR","@id":"https:\/\/pharmadreams.shop\/index.php\/product\/noreva-bergasol-expert-creme-fini-invisible-spf50-50ml\/#primaryimage","url":"https:\/\/pharmadreams.shop\/wp-content\/uploads\/2023\/12\/noreva-invi1.png","contentUrl":"https:\/\/pharmadreams.shop\/wp-content\/uploads\/2023\/12\/noreva-invi1.png","width":862,"height":790},{"@type":"BreadcrumbList","@id":"https:\/\/pharmadreams.shop\/index.php\/product\/noreva-bergasol-expert-creme-fini-invisible-spf50-50ml\/#breadcrumb","itemListElement":[{"@type":"ListItem","position":1,"name":"Accueil","item":"https:\/\/pharmadreams.shop\/"},{"@type":"ListItem","position":2,"name":"Shop","item":"https:\/\/pharmadreams.shop\/index.php\/shop\/"},{"@type":"ListItem","position":3,"name":"Noreva bergasol expert cr\u00e8me fini invisible spf50+ 50ml"}]},{"@type":"WebSite","@id":"https:\/\/pharmadreams.shop\/#website","url":"https:\/\/pharmadreams.shop\/","name":"pharmadreams","description":"Parapharmacie en ligne","potentialAction":[{"@type":"SearchAction","target":{"@type":"EntryPoint","urlTemplate":"https:\/\/pharmadreams.shop\/?s={search_term_string}"},"query-input":"required name=search_term_string"}],"inLanguage":"fr-FR"}]}},"_links":{"self":[{"href":"https:\/\/pharmadreams.shop\/index.php\/wp-json\/wp\/v2\/product\/16500","targetHints":{"allow":["GET"]}}],"collection":[{"href":"https:\/\/pharmadreams.shop\/index.php\/wp-json\/wp\/v2\/product"}],"about":[{"href":"https:\/\/pharmadreams.shop\/index.php\/wp-json\/wp\/v2\/types\/product"}],"replies":[{"embeddable":true,"href":"https:\/\/pharmadreams.shop\/index.php\/wp-json\/wp\/v2\/comments?post=16500"}],"version-history":[{"count":0,"href":"https:\/\/pharmadreams.shop\/index.php\/wp-json\/wp\/v2\/product\/16500\/revisions"}],"wp:featuredmedia":[{"embeddable":true,"href":"https:\/\/pharmadreams.shop\/index.php\/wp-json\/wp\/v2\/media\/16559"}],"wp:attachment":[{"href":"https:\/\/pharmadreams.shop\/index.php\/wp-json\/wp\/v2\/media?parent=16500"}],"wp:term":[{"taxonomy":"product_brand","embeddable":true,"href":"https:\/\/pharmadreams.shop\/index.php\/wp-json\/wp\/v2\/product_brand?post=16500"},{"taxonomy":"product_cat","embeddable":true,"href":"https:\/\/pharmadreams.shop\/index.php\/wp-json\/wp\/v2\/product_cat?post=16500"},{"taxonomy":"product_tag","embeddable":true,"href":"https:\/\/pharmadreams.shop\/index.php\/wp-json\/wp\/v2\/product_tag?post=16500"}],"curies":[{"name":"wp","href":"https:\/\/api.w.org\/{rel}","templated":true}]}}