{"id":16503,"date":"2023-12-19T19:35:12","date_gmt":"2023-12-19T18:35:12","guid":{"rendered":"https:\/\/venuspara.com\/?post_type=product&#038;p=16503"},"modified":"2023-12-19T19:35:54","modified_gmt":"2023-12-19T18:35:54","slug":"creme-teintee-claire-uriage-bariesun-50ml","status":"publish","type":"product","link":"https:\/\/pharmadreams.shop\/index.php\/product\/creme-teintee-claire-uriage-bariesun-50ml\/","title":{"rendered":"Cr\u00e8me teint\u00e9e claire &#8211; uriage bari\u00e9sun &#8211; 50ml"},"content":{"rendered":"","protected":false},"excerpt":{"rendered":"<p style=\"font-weight: 400;\">Avec la\u00a0<strong>c<\/strong><b><strong>r\u00e8me teint\u00e9e<\/strong>\u00a0claire\u00a0 SPF50+ Bari\u00e9sun d&rsquo;URIAGE<\/b>, r\u00e9conciliez le h\u00e2le et la protection, dans le plus grand confort pour les peaux sensibles.<br \/>\nHypoallerg\u00e9nique et non com\u00e9dog\u00e8ne, ce protecteur solaire constitue une tr\u00e8s haute protection contre les UVA, les UVB et les radicaux libres.<br \/>\nFormul\u00e9 \u00e0 base d&rsquo;aquaspongines et d&rsquo;eau thermale d&rsquo;Uriage, il r\u00e9hydrate les peaux dess\u00e9ch\u00e9es par une longue exposition solaire.<\/p>\n<p>Sa texture fluide et l\u00e9g\u00e8re laisse un fini non-gras et agr\u00e9ablement parfum\u00e9.<\/p>\n","protected":false},"featured_media":16565,"comment_status":"open","ping_status":"closed","template":"","meta":[],"product_brand":[],"product_cat":[78,104],"product_tag":[],"class_list":{"0":"post-16503","1":"product","2":"type-product","3":"status-publish","4":"has-post-thumbnail","6":"product_cat-cremes","7":"product_cat-protection","9":"first","10":"instock","11":"shipping-taxable","12":"product-type-simple"},"yoast_head":"<!-- This site is optimized with the Yoast SEO plugin v23.0 - https:\/\/yoast.com\/wordpress\/plugins\/seo\/ -->\n<title>Cr\u00e8me teint\u00e9e claire - uriage bari\u00e9sun - 50ml - pharmadreams<\/title>\n<meta name=\"robots\" content=\"index, follow, max-snippet:-1, max-image-preview:large, max-video-preview:-1\" \/>\n<link rel=\"canonical\" href=\"https:\/\/pharmadreams.shop\/index.php\/product\/creme-teintee-claire-uriage-bariesun-50ml\/\" \/>\n<meta property=\"og:locale\" content=\"fr_FR\" \/>\n<meta property=\"og:type\" content=\"article\" \/>\n<meta property=\"og:title\" content=\"Cr\u00e8me teint\u00e9e claire - uriage bari\u00e9sun - 50ml - pharmadreams\" \/>\n<meta property=\"og:description\" content=\"Avec la\u00a0cr\u00e8me teint\u00e9e\u00a0claire\u00a0 SPF50+ Bari\u00e9sun d&#039;URIAGE, r\u00e9conciliez le h\u00e2le et la protection, dans le plus grand confort pour les peaux sensibles. Hypoallerg\u00e9nique et non com\u00e9dog\u00e8ne, ce protecteur solaire constitue une tr\u00e8s haute protection contre les UVA, les UVB et les radicaux libres. Formul\u00e9 \u00e0 base d&#039;aquaspongines et d&#039;eau thermale d&#039;Uriage, il r\u00e9hydrate les peaux dess\u00e9ch\u00e9es par une longue exposition solaire.  Sa texture fluide et l\u00e9g\u00e8re laisse un fini non-gras et agr\u00e9ablement parfum\u00e9.\" \/>\n<meta property=\"og:url\" content=\"https:\/\/pharmadreams.shop\/index.php\/product\/creme-teintee-claire-uriage-bariesun-50ml\/\" \/>\n<meta property=\"og:site_name\" content=\"pharmadreams\" \/>\n<meta property=\"article:modified_time\" content=\"2023-12-19T18:35:54+00:00\" \/>\n<meta property=\"og:image\" content=\"https:\/\/pharmadreams.shop\/wp-content\/uploads\/2023\/12\/image_2023-03-06_123622004.png\" \/>\n\t<meta property=\"og:image:width\" content=\"800\" \/>\n\t<meta property=\"og:image:height\" content=\"800\" \/>\n\t<meta property=\"og:image:type\" content=\"image\/png\" \/>\n<meta name=\"twitter:card\" content=\"summary_large_image\" \/>\n<script type=\"application\/ld+json\" class=\"yoast-schema-graph\">{\"@context\":\"https:\/\/schema.org\",\"@graph\":[{\"@type\":\"WebPage\",\"@id\":\"https:\/\/pharmadreams.shop\/index.php\/product\/creme-teintee-claire-uriage-bariesun-50ml\/\",\"url\":\"https:\/\/pharmadreams.shop\/index.php\/product\/creme-teintee-claire-uriage-bariesun-50ml\/\",\"name\":\"Cr\u00e8me teint\u00e9e claire - uriage bari\u00e9sun - 50ml - pharmadreams\",\"isPartOf\":{\"@id\":\"https:\/\/pharmadreams.shop\/#website\"},\"primaryImageOfPage\":{\"@id\":\"https:\/\/pharmadreams.shop\/index.php\/product\/creme-teintee-claire-uriage-bariesun-50ml\/#primaryimage\"},\"image\":{\"@id\":\"https:\/\/pharmadreams.shop\/index.php\/product\/creme-teintee-claire-uriage-bariesun-50ml\/#primaryimage\"},\"thumbnailUrl\":\"https:\/\/pharmadreams.shop\/wp-content\/uploads\/2023\/12\/image_2023-03-06_123622004.png\",\"datePublished\":\"2023-12-19T18:35:12+00:00\",\"dateModified\":\"2023-12-19T18:35:54+00:00\",\"breadcrumb\":{\"@id\":\"https:\/\/pharmadreams.shop\/index.php\/product\/creme-teintee-claire-uriage-bariesun-50ml\/#breadcrumb\"},\"inLanguage\":\"fr-FR\",\"potentialAction\":[{\"@type\":\"ReadAction\",\"target\":[\"https:\/\/pharmadreams.shop\/index.php\/product\/creme-teintee-claire-uriage-bariesun-50ml\/\"]}]},{\"@type\":\"ImageObject\",\"inLanguage\":\"fr-FR\",\"@id\":\"https:\/\/pharmadreams.shop\/index.php\/product\/creme-teintee-claire-uriage-bariesun-50ml\/#primaryimage\",\"url\":\"https:\/\/pharmadreams.shop\/wp-content\/uploads\/2023\/12\/image_2023-03-06_123622004.png\",\"contentUrl\":\"https:\/\/pharmadreams.shop\/wp-content\/uploads\/2023\/12\/image_2023-03-06_123622004.png\",\"width\":800,\"height\":800},{\"@type\":\"BreadcrumbList\",\"@id\":\"https:\/\/pharmadreams.shop\/index.php\/product\/creme-teintee-claire-uriage-bariesun-50ml\/#breadcrumb\",\"itemListElement\":[{\"@type\":\"ListItem\",\"position\":1,\"name\":\"Accueil\",\"item\":\"https:\/\/pharmadreams.shop\/\"},{\"@type\":\"ListItem\",\"position\":2,\"name\":\"Shop\",\"item\":\"https:\/\/pharmadreams.shop\/index.php\/shop\/\"},{\"@type\":\"ListItem\",\"position\":3,\"name\":\"Cr\u00e8me teint\u00e9e claire &#8211; uriage bari\u00e9sun &#8211; 50ml\"}]},{\"@type\":\"WebSite\",\"@id\":\"https:\/\/pharmadreams.shop\/#website\",\"url\":\"https:\/\/pharmadreams.shop\/\",\"name\":\"pharmadreams\",\"description\":\"Parapharmacie en ligne\",\"potentialAction\":[{\"@type\":\"SearchAction\",\"target\":{\"@type\":\"EntryPoint\",\"urlTemplate\":\"https:\/\/pharmadreams.shop\/?s={search_term_string}\"},\"query-input\":\"required name=search_term_string\"}],\"inLanguage\":\"fr-FR\"}]}<\/script>\n<!-- \/ Yoast SEO plugin. -->","yoast_head_json":{"title":"Cr\u00e8me teint\u00e9e claire - uriage bari\u00e9sun - 50ml - pharmadreams","robots":{"index":"index","follow":"follow","max-snippet":"max-snippet:-1","max-image-preview":"max-image-preview:large","max-video-preview":"max-video-preview:-1"},"canonical":"https:\/\/pharmadreams.shop\/index.php\/product\/creme-teintee-claire-uriage-bariesun-50ml\/","og_locale":"fr_FR","og_type":"article","og_title":"Cr\u00e8me teint\u00e9e claire - uriage bari\u00e9sun - 50ml - pharmadreams","og_description":"Avec la\u00a0cr\u00e8me teint\u00e9e\u00a0claire\u00a0 SPF50+ Bari\u00e9sun d'URIAGE, r\u00e9conciliez le h\u00e2le et la protection, dans le plus grand confort pour les peaux sensibles. Hypoallerg\u00e9nique et non com\u00e9dog\u00e8ne, ce protecteur solaire constitue une tr\u00e8s haute protection contre les UVA, les UVB et les radicaux libres. Formul\u00e9 \u00e0 base d'aquaspongines et d'eau thermale d'Uriage, il r\u00e9hydrate les peaux dess\u00e9ch\u00e9es par une longue exposition solaire.  Sa texture fluide et l\u00e9g\u00e8re laisse un fini non-gras et agr\u00e9ablement parfum\u00e9.","og_url":"https:\/\/pharmadreams.shop\/index.php\/product\/creme-teintee-claire-uriage-bariesun-50ml\/","og_site_name":"pharmadreams","article_modified_time":"2023-12-19T18:35:54+00:00","og_image":[{"width":800,"height":800,"url":"https:\/\/pharmadreams.shop\/wp-content\/uploads\/2023\/12\/image_2023-03-06_123622004.png","type":"image\/png"}],"twitter_card":"summary_large_image","schema":{"@context":"https:\/\/schema.org","@graph":[{"@type":"WebPage","@id":"https:\/\/pharmadreams.shop\/index.php\/product\/creme-teintee-claire-uriage-bariesun-50ml\/","url":"https:\/\/pharmadreams.shop\/index.php\/product\/creme-teintee-claire-uriage-bariesun-50ml\/","name":"Cr\u00e8me teint\u00e9e claire - uriage bari\u00e9sun - 50ml - pharmadreams","isPartOf":{"@id":"https:\/\/pharmadreams.shop\/#website"},"primaryImageOfPage":{"@id":"https:\/\/pharmadreams.shop\/index.php\/product\/creme-teintee-claire-uriage-bariesun-50ml\/#primaryimage"},"image":{"@id":"https:\/\/pharmadreams.shop\/index.php\/product\/creme-teintee-claire-uriage-bariesun-50ml\/#primaryimage"},"thumbnailUrl":"https:\/\/pharmadreams.shop\/wp-content\/uploads\/2023\/12\/image_2023-03-06_123622004.png","datePublished":"2023-12-19T18:35:12+00:00","dateModified":"2023-12-19T18:35:54+00:00","breadcrumb":{"@id":"https:\/\/pharmadreams.shop\/index.php\/product\/creme-teintee-claire-uriage-bariesun-50ml\/#breadcrumb"},"inLanguage":"fr-FR","potentialAction":[{"@type":"ReadAction","target":["https:\/\/pharmadreams.shop\/index.php\/product\/creme-teintee-claire-uriage-bariesun-50ml\/"]}]},{"@type":"ImageObject","inLanguage":"fr-FR","@id":"https:\/\/pharmadreams.shop\/index.php\/product\/creme-teintee-claire-uriage-bariesun-50ml\/#primaryimage","url":"https:\/\/pharmadreams.shop\/wp-content\/uploads\/2023\/12\/image_2023-03-06_123622004.png","contentUrl":"https:\/\/pharmadreams.shop\/wp-content\/uploads\/2023\/12\/image_2023-03-06_123622004.png","width":800,"height":800},{"@type":"BreadcrumbList","@id":"https:\/\/pharmadreams.shop\/index.php\/product\/creme-teintee-claire-uriage-bariesun-50ml\/#breadcrumb","itemListElement":[{"@type":"ListItem","position":1,"name":"Accueil","item":"https:\/\/pharmadreams.shop\/"},{"@type":"ListItem","position":2,"name":"Shop","item":"https:\/\/pharmadreams.shop\/index.php\/shop\/"},{"@type":"ListItem","position":3,"name":"Cr\u00e8me teint\u00e9e claire &#8211; uriage bari\u00e9sun &#8211; 50ml"}]},{"@type":"WebSite","@id":"https:\/\/pharmadreams.shop\/#website","url":"https:\/\/pharmadreams.shop\/","name":"pharmadreams","description":"Parapharmacie en ligne","potentialAction":[{"@type":"SearchAction","target":{"@type":"EntryPoint","urlTemplate":"https:\/\/pharmadreams.shop\/?s={search_term_string}"},"query-input":"required name=search_term_string"}],"inLanguage":"fr-FR"}]}},"_links":{"self":[{"href":"https:\/\/pharmadreams.shop\/index.php\/wp-json\/wp\/v2\/product\/16503","targetHints":{"allow":["GET"]}}],"collection":[{"href":"https:\/\/pharmadreams.shop\/index.php\/wp-json\/wp\/v2\/product"}],"about":[{"href":"https:\/\/pharmadreams.shop\/index.php\/wp-json\/wp\/v2\/types\/product"}],"replies":[{"embeddable":true,"href":"https:\/\/pharmadreams.shop\/index.php\/wp-json\/wp\/v2\/comments?post=16503"}],"version-history":[{"count":0,"href":"https:\/\/pharmadreams.shop\/index.php\/wp-json\/wp\/v2\/product\/16503\/revisions"}],"wp:featuredmedia":[{"embeddable":true,"href":"https:\/\/pharmadreams.shop\/index.php\/wp-json\/wp\/v2\/media\/16565"}],"wp:attachment":[{"href":"https:\/\/pharmadreams.shop\/index.php\/wp-json\/wp\/v2\/media?parent=16503"}],"wp:term":[{"taxonomy":"product_brand","embeddable":true,"href":"https:\/\/pharmadreams.shop\/index.php\/wp-json\/wp\/v2\/product_brand?post=16503"},{"taxonomy":"product_cat","embeddable":true,"href":"https:\/\/pharmadreams.shop\/index.php\/wp-json\/wp\/v2\/product_cat?post=16503"},{"taxonomy":"product_tag","embeddable":true,"href":"https:\/\/pharmadreams.shop\/index.php\/wp-json\/wp\/v2\/product_tag?post=16503"}],"curies":[{"name":"wp","href":"https:\/\/api.w.org\/{rel}","templated":true}]}}