{"id":16504,"date":"2023-12-19T19:35:12","date_gmt":"2023-12-19T18:35:12","guid":{"rendered":"https:\/\/venuspara.com\/?post_type=product&#038;p=16504"},"modified":"2024-04-26T22:37:37","modified_gmt":"2024-04-26T21:37:37","slug":"svr-sensifine-creme-13-ingredients-40ml","status":"publish","type":"product","link":"https:\/\/pharmadreams.shop\/index.php\/product\/svr-sensifine-creme-13-ingredients-40ml\/","title":{"rendered":"Svr sensifine creme 13 ingredients 40ml"},"content":{"rendered":"","protected":false},"excerpt":{"rendered":"<div class=\"product__heading\">\n<div class=\"product__subtitle\">Hydratant apaisant. Peaux intol\u00e9rantes et poly-allergiques<\/div>\n<\/div>\n<div class=\"product__resume\">40ml \u2013 Sensifine Cr\u00e8me est une cr\u00e8me hydratante et apaisante qui prend soin tout en douceur des peaux sensibles, intol\u00e9rantes et r\u00e9actives.<\/div>\n<div>\n<p>Pour toutes les peaux sensibles, intol\u00e9rantes \u00e0 poly-allergiques. Visage.<\/p>\n<p>V\u00e9ritable soin confort ultra-haute tol\u00e9rance qui hydrate, apaise intens\u00e9ment et r\u00e9duit en un geste la r\u00e9activit\u00e9 cutan\u00e9e des peaux les plus sensibles. Sa texture gel-cr\u00e8me onctueuse, au fini doux et non gras r\u00e9conforte imm\u00e9diatement\u00a0! Id\u00e9ale pour soulager les peaux normales \u00e0 s\u00e8ches au quotidien\u00a0!<\/p>\n<\/div>\n","protected":false},"featured_media":16567,"comment_status":"open","ping_status":"closed","template":"","meta":[],"product_brand":[],"product_cat":[28,78,98],"product_tag":[],"class_list":{"0":"post-16504","1":"product","2":"type-product","3":"status-publish","4":"has-post-thumbnail","6":"product_cat-corps","7":"product_cat-cremes","8":"product_cat-hydratation","10":"first","11":"instock","12":"shipping-taxable","13":"purchasable","14":"product-type-simple"},"yoast_head":"<!-- This site is optimized with the Yoast SEO plugin v23.0 - https:\/\/yoast.com\/wordpress\/plugins\/seo\/ -->\n<title>Svr sensifine creme 13 ingredients 40ml - pharmadreams<\/title>\n<meta name=\"robots\" content=\"index, follow, max-snippet:-1, max-image-preview:large, max-video-preview:-1\" \/>\n<link rel=\"canonical\" href=\"https:\/\/pharmadreams.shop\/index.php\/product\/svr-sensifine-creme-13-ingredients-40ml\/\" \/>\n<meta property=\"og:locale\" content=\"fr_FR\" \/>\n<meta property=\"og:type\" content=\"article\" \/>\n<meta property=\"og:title\" content=\"Svr sensifine creme 13 ingredients 40ml - pharmadreams\" \/>\n<meta property=\"og:description\" content=\"Hydratant apaisant. Peaux intol\u00e9rantes et poly-allergiques  40ml \u2013 Sensifine Cr\u00e8me est une cr\u00e8me hydratante et apaisante qui prend soin tout en douceur des peaux sensibles, intol\u00e9rantes et r\u00e9actives.   Pour toutes les peaux sensibles, intol\u00e9rantes \u00e0 poly-allergiques. Visage.  V\u00e9ritable soin confort ultra-haute tol\u00e9rance qui hydrate, apaise intens\u00e9ment et r\u00e9duit en un geste la r\u00e9activit\u00e9 cutan\u00e9e des peaux les plus sensibles. Sa texture gel-cr\u00e8me onctueuse, au fini doux et non gras r\u00e9conforte imm\u00e9diatement\u00a0! Id\u00e9ale pour soulager les peaux normales \u00e0 s\u00e8ches au quotidien\u00a0!\" \/>\n<meta property=\"og:url\" content=\"https:\/\/pharmadreams.shop\/index.php\/product\/svr-sensifine-creme-13-ingredients-40ml\/\" \/>\n<meta property=\"og:site_name\" content=\"pharmadreams\" \/>\n<meta property=\"article:modified_time\" content=\"2024-04-26T21:37:37+00:00\" \/>\n<meta property=\"og:image\" content=\"https:\/\/pharmadreams.shop\/wp-content\/uploads\/2023\/12\/svr-creme-1.png\" \/>\n\t<meta property=\"og:image:width\" content=\"831\" \/>\n\t<meta property=\"og:image:height\" content=\"758\" \/>\n\t<meta property=\"og:image:type\" content=\"image\/png\" \/>\n<meta name=\"twitter:card\" content=\"summary_large_image\" \/>\n<meta name=\"twitter:label1\" content=\"Dur\u00e9e de lecture estim\u00e9e\" \/>\n\t<meta name=\"twitter:data1\" content=\"1 minute\" \/>\n<script type=\"application\/ld+json\" class=\"yoast-schema-graph\">{\"@context\":\"https:\/\/schema.org\",\"@graph\":[{\"@type\":\"WebPage\",\"@id\":\"https:\/\/pharmadreams.shop\/index.php\/product\/svr-sensifine-creme-13-ingredients-40ml\/\",\"url\":\"https:\/\/pharmadreams.shop\/index.php\/product\/svr-sensifine-creme-13-ingredients-40ml\/\",\"name\":\"Svr sensifine creme 13 ingredients 40ml - pharmadreams\",\"isPartOf\":{\"@id\":\"https:\/\/pharmadreams.shop\/#website\"},\"primaryImageOfPage\":{\"@id\":\"https:\/\/pharmadreams.shop\/index.php\/product\/svr-sensifine-creme-13-ingredients-40ml\/#primaryimage\"},\"image\":{\"@id\":\"https:\/\/pharmadreams.shop\/index.php\/product\/svr-sensifine-creme-13-ingredients-40ml\/#primaryimage\"},\"thumbnailUrl\":\"https:\/\/pharmadreams.shop\/wp-content\/uploads\/2023\/12\/svr-creme-1.png\",\"datePublished\":\"2023-12-19T18:35:12+00:00\",\"dateModified\":\"2024-04-26T21:37:37+00:00\",\"breadcrumb\":{\"@id\":\"https:\/\/pharmadreams.shop\/index.php\/product\/svr-sensifine-creme-13-ingredients-40ml\/#breadcrumb\"},\"inLanguage\":\"fr-FR\",\"potentialAction\":[{\"@type\":\"ReadAction\",\"target\":[\"https:\/\/pharmadreams.shop\/index.php\/product\/svr-sensifine-creme-13-ingredients-40ml\/\"]}]},{\"@type\":\"ImageObject\",\"inLanguage\":\"fr-FR\",\"@id\":\"https:\/\/pharmadreams.shop\/index.php\/product\/svr-sensifine-creme-13-ingredients-40ml\/#primaryimage\",\"url\":\"https:\/\/pharmadreams.shop\/wp-content\/uploads\/2023\/12\/svr-creme-1.png\",\"contentUrl\":\"https:\/\/pharmadreams.shop\/wp-content\/uploads\/2023\/12\/svr-creme-1.png\",\"width\":831,\"height\":758},{\"@type\":\"BreadcrumbList\",\"@id\":\"https:\/\/pharmadreams.shop\/index.php\/product\/svr-sensifine-creme-13-ingredients-40ml\/#breadcrumb\",\"itemListElement\":[{\"@type\":\"ListItem\",\"position\":1,\"name\":\"Accueil\",\"item\":\"https:\/\/pharmadreams.shop\/\"},{\"@type\":\"ListItem\",\"position\":2,\"name\":\"Shop\",\"item\":\"https:\/\/pharmadreams.shop\/index.php\/shop\/\"},{\"@type\":\"ListItem\",\"position\":3,\"name\":\"Svr sensifine creme 13 ingredients 40ml\"}]},{\"@type\":\"WebSite\",\"@id\":\"https:\/\/pharmadreams.shop\/#website\",\"url\":\"https:\/\/pharmadreams.shop\/\",\"name\":\"pharmadreams\",\"description\":\"Parapharmacie en ligne\",\"potentialAction\":[{\"@type\":\"SearchAction\",\"target\":{\"@type\":\"EntryPoint\",\"urlTemplate\":\"https:\/\/pharmadreams.shop\/?s={search_term_string}\"},\"query-input\":\"required name=search_term_string\"}],\"inLanguage\":\"fr-FR\"}]}<\/script>\n<!-- \/ Yoast SEO plugin. -->","yoast_head_json":{"title":"Svr sensifine creme 13 ingredients 40ml - pharmadreams","robots":{"index":"index","follow":"follow","max-snippet":"max-snippet:-1","max-image-preview":"max-image-preview:large","max-video-preview":"max-video-preview:-1"},"canonical":"https:\/\/pharmadreams.shop\/index.php\/product\/svr-sensifine-creme-13-ingredients-40ml\/","og_locale":"fr_FR","og_type":"article","og_title":"Svr sensifine creme 13 ingredients 40ml - pharmadreams","og_description":"Hydratant apaisant. Peaux intol\u00e9rantes et poly-allergiques  40ml \u2013 Sensifine Cr\u00e8me est une cr\u00e8me hydratante et apaisante qui prend soin tout en douceur des peaux sensibles, intol\u00e9rantes et r\u00e9actives.   Pour toutes les peaux sensibles, intol\u00e9rantes \u00e0 poly-allergiques. Visage.  V\u00e9ritable soin confort ultra-haute tol\u00e9rance qui hydrate, apaise intens\u00e9ment et r\u00e9duit en un geste la r\u00e9activit\u00e9 cutan\u00e9e des peaux les plus sensibles. Sa texture gel-cr\u00e8me onctueuse, au fini doux et non gras r\u00e9conforte imm\u00e9diatement\u00a0! Id\u00e9ale pour soulager les peaux normales \u00e0 s\u00e8ches au quotidien\u00a0!","og_url":"https:\/\/pharmadreams.shop\/index.php\/product\/svr-sensifine-creme-13-ingredients-40ml\/","og_site_name":"pharmadreams","article_modified_time":"2024-04-26T21:37:37+00:00","og_image":[{"width":831,"height":758,"url":"https:\/\/pharmadreams.shop\/wp-content\/uploads\/2023\/12\/svr-creme-1.png","type":"image\/png"}],"twitter_card":"summary_large_image","twitter_misc":{"Dur\u00e9e de lecture estim\u00e9e":"1 minute"},"schema":{"@context":"https:\/\/schema.org","@graph":[{"@type":"WebPage","@id":"https:\/\/pharmadreams.shop\/index.php\/product\/svr-sensifine-creme-13-ingredients-40ml\/","url":"https:\/\/pharmadreams.shop\/index.php\/product\/svr-sensifine-creme-13-ingredients-40ml\/","name":"Svr sensifine creme 13 ingredients 40ml - pharmadreams","isPartOf":{"@id":"https:\/\/pharmadreams.shop\/#website"},"primaryImageOfPage":{"@id":"https:\/\/pharmadreams.shop\/index.php\/product\/svr-sensifine-creme-13-ingredients-40ml\/#primaryimage"},"image":{"@id":"https:\/\/pharmadreams.shop\/index.php\/product\/svr-sensifine-creme-13-ingredients-40ml\/#primaryimage"},"thumbnailUrl":"https:\/\/pharmadreams.shop\/wp-content\/uploads\/2023\/12\/svr-creme-1.png","datePublished":"2023-12-19T18:35:12+00:00","dateModified":"2024-04-26T21:37:37+00:00","breadcrumb":{"@id":"https:\/\/pharmadreams.shop\/index.php\/product\/svr-sensifine-creme-13-ingredients-40ml\/#breadcrumb"},"inLanguage":"fr-FR","potentialAction":[{"@type":"ReadAction","target":["https:\/\/pharmadreams.shop\/index.php\/product\/svr-sensifine-creme-13-ingredients-40ml\/"]}]},{"@type":"ImageObject","inLanguage":"fr-FR","@id":"https:\/\/pharmadreams.shop\/index.php\/product\/svr-sensifine-creme-13-ingredients-40ml\/#primaryimage","url":"https:\/\/pharmadreams.shop\/wp-content\/uploads\/2023\/12\/svr-creme-1.png","contentUrl":"https:\/\/pharmadreams.shop\/wp-content\/uploads\/2023\/12\/svr-creme-1.png","width":831,"height":758},{"@type":"BreadcrumbList","@id":"https:\/\/pharmadreams.shop\/index.php\/product\/svr-sensifine-creme-13-ingredients-40ml\/#breadcrumb","itemListElement":[{"@type":"ListItem","position":1,"name":"Accueil","item":"https:\/\/pharmadreams.shop\/"},{"@type":"ListItem","position":2,"name":"Shop","item":"https:\/\/pharmadreams.shop\/index.php\/shop\/"},{"@type":"ListItem","position":3,"name":"Svr sensifine creme 13 ingredients 40ml"}]},{"@type":"WebSite","@id":"https:\/\/pharmadreams.shop\/#website","url":"https:\/\/pharmadreams.shop\/","name":"pharmadreams","description":"Parapharmacie en ligne","potentialAction":[{"@type":"SearchAction","target":{"@type":"EntryPoint","urlTemplate":"https:\/\/pharmadreams.shop\/?s={search_term_string}"},"query-input":"required name=search_term_string"}],"inLanguage":"fr-FR"}]}},"_links":{"self":[{"href":"https:\/\/pharmadreams.shop\/index.php\/wp-json\/wp\/v2\/product\/16504","targetHints":{"allow":["GET"]}}],"collection":[{"href":"https:\/\/pharmadreams.shop\/index.php\/wp-json\/wp\/v2\/product"}],"about":[{"href":"https:\/\/pharmadreams.shop\/index.php\/wp-json\/wp\/v2\/types\/product"}],"replies":[{"embeddable":true,"href":"https:\/\/pharmadreams.shop\/index.php\/wp-json\/wp\/v2\/comments?post=16504"}],"version-history":[{"count":0,"href":"https:\/\/pharmadreams.shop\/index.php\/wp-json\/wp\/v2\/product\/16504\/revisions"}],"wp:featuredmedia":[{"embeddable":true,"href":"https:\/\/pharmadreams.shop\/index.php\/wp-json\/wp\/v2\/media\/16567"}],"wp:attachment":[{"href":"https:\/\/pharmadreams.shop\/index.php\/wp-json\/wp\/v2\/media?parent=16504"}],"wp:term":[{"taxonomy":"product_brand","embeddable":true,"href":"https:\/\/pharmadreams.shop\/index.php\/wp-json\/wp\/v2\/product_brand?post=16504"},{"taxonomy":"product_cat","embeddable":true,"href":"https:\/\/pharmadreams.shop\/index.php\/wp-json\/wp\/v2\/product_cat?post=16504"},{"taxonomy":"product_tag","embeddable":true,"href":"https:\/\/pharmadreams.shop\/index.php\/wp-json\/wp\/v2\/product_tag?post=16504"}],"curies":[{"name":"wp","href":"https:\/\/api.w.org\/{rel}","templated":true}]}}