{"id":16506,"date":"2023-12-19T19:35:13","date_gmt":"2023-12-19T18:35:13","guid":{"rendered":"https:\/\/venuspara.com\/?post_type=product&#038;p=16506"},"modified":"2023-12-19T19:36:03","modified_gmt":"2023-12-19T18:36:03","slug":"soskin-mousse-nettoyante-clarifiante-150ml","status":"publish","type":"product","link":"https:\/\/pharmadreams.shop\/index.php\/product\/soskin-mousse-nettoyante-clarifiante-150ml\/","title":{"rendered":"Soskin mousse nettoyante clarifiante 150ml"},"content":{"rendered":"","protected":false},"excerpt":{"rendered":"<p style=\"font-weight: 400;\">La mousse nettoyante clarifiante SOSKIN nettoie la peau de la salet\u00e9 et des cellules mortes tout en pr\u00e9parant la peau pour la routine de blanchiment W + Soskin.<\/p>\n<p style=\"font-weight: 400;\">Il agit contre le visage terne, le teint irr\u00e9gulier et les l\u00e9sions pigment\u00e9es, laissant la peau visiblement plus lisse, plus lisse et plus lumineuse.<\/p>\n<p style=\"font-weight: 400;\">Avec une texture fine.<\/p>\n<p style=\"font-weight: 400;\">Formule sans savon \u00e0 texture moussante. Il dispose de la technologie exclusive SOSKIN D-WHITE.<\/p>\n<p style=\"font-weight: 400;\">SOSKIN D\u2013WHITE\u00a0\u00a0(Hexylor\u00e9sorcinol Concentr\u00e9) :<\/p>\n<p style=\"font-weight: 400;\">cible les zones pr\u00e9sentant une hyperpigmentation excessive tout en nettoyant la peau et en la rajeunissant.<\/p>\n","protected":false},"featured_media":16582,"comment_status":"open","ping_status":"closed","template":"","meta":[],"product_brand":[],"product_cat":[99,79,95,80,81],"product_tag":[],"class_list":{"0":"post-16506","1":"product","2":"type-product","3":"status-publish","4":"has-post-thumbnail","6":"product_cat-mousse","7":"product_cat-peaux-seches","8":"product_cat-skin-care","9":"product_cat-soins","10":"product_cat-soins-hydratants","12":"first","13":"instock","14":"shipping-taxable","15":"purchasable","16":"product-type-simple"},"yoast_head":"<!-- This site is optimized with the Yoast SEO plugin v23.0 - https:\/\/yoast.com\/wordpress\/plugins\/seo\/ -->\n<title>Soskin mousse nettoyante clarifiante 150ml - pharmadreams<\/title>\n<meta name=\"robots\" content=\"index, follow, max-snippet:-1, max-image-preview:large, max-video-preview:-1\" \/>\n<link rel=\"canonical\" href=\"https:\/\/pharmadreams.shop\/index.php\/product\/soskin-mousse-nettoyante-clarifiante-150ml\/\" \/>\n<meta property=\"og:locale\" content=\"fr_FR\" \/>\n<meta property=\"og:type\" content=\"article\" \/>\n<meta property=\"og:title\" content=\"Soskin mousse nettoyante clarifiante 150ml - pharmadreams\" \/>\n<meta property=\"og:description\" content=\"La mousse nettoyante clarifiante SOSKIN nettoie la peau de la salet\u00e9 et des cellules mortes tout en pr\u00e9parant la peau pour la routine de blanchiment W + Soskin. Il agit contre le visage terne, le teint irr\u00e9gulier et les l\u00e9sions pigment\u00e9es, laissant la peau visiblement plus lisse, plus lisse et plus lumineuse. Avec une texture fine. Formule sans savon \u00e0 texture moussante. Il dispose de la technologie exclusive SOSKIN D-WHITE. SOSKIN D\u2013WHITE\u00a0\u00a0(Hexylor\u00e9sorcinol Concentr\u00e9) : cible les zones pr\u00e9sentant une hyperpigmentation excessive tout en nettoyant la peau et en la rajeunissant.\" \/>\n<meta property=\"og:url\" content=\"https:\/\/pharmadreams.shop\/index.php\/product\/soskin-mousse-nettoyante-clarifiante-150ml\/\" \/>\n<meta property=\"og:site_name\" content=\"pharmadreams\" \/>\n<meta property=\"article:modified_time\" content=\"2023-12-19T18:36:03+00:00\" \/>\n<meta property=\"og:image\" content=\"https:\/\/pharmadreams.shop\/wp-content\/uploads\/2023\/12\/sos-mousse.png\" \/>\n\t<meta property=\"og:image:width\" content=\"546\" \/>\n\t<meta property=\"og:image:height\" content=\"520\" \/>\n\t<meta property=\"og:image:type\" content=\"image\/png\" \/>\n<meta name=\"twitter:card\" content=\"summary_large_image\" \/>\n<script type=\"application\/ld+json\" class=\"yoast-schema-graph\">{\"@context\":\"https:\/\/schema.org\",\"@graph\":[{\"@type\":\"WebPage\",\"@id\":\"https:\/\/pharmadreams.shop\/index.php\/product\/soskin-mousse-nettoyante-clarifiante-150ml\/\",\"url\":\"https:\/\/pharmadreams.shop\/index.php\/product\/soskin-mousse-nettoyante-clarifiante-150ml\/\",\"name\":\"Soskin mousse nettoyante clarifiante 150ml - pharmadreams\",\"isPartOf\":{\"@id\":\"https:\/\/pharmadreams.shop\/#website\"},\"primaryImageOfPage\":{\"@id\":\"https:\/\/pharmadreams.shop\/index.php\/product\/soskin-mousse-nettoyante-clarifiante-150ml\/#primaryimage\"},\"image\":{\"@id\":\"https:\/\/pharmadreams.shop\/index.php\/product\/soskin-mousse-nettoyante-clarifiante-150ml\/#primaryimage\"},\"thumbnailUrl\":\"https:\/\/pharmadreams.shop\/wp-content\/uploads\/2023\/12\/sos-mousse.png\",\"datePublished\":\"2023-12-19T18:35:13+00:00\",\"dateModified\":\"2023-12-19T18:36:03+00:00\",\"breadcrumb\":{\"@id\":\"https:\/\/pharmadreams.shop\/index.php\/product\/soskin-mousse-nettoyante-clarifiante-150ml\/#breadcrumb\"},\"inLanguage\":\"fr-FR\",\"potentialAction\":[{\"@type\":\"ReadAction\",\"target\":[\"https:\/\/pharmadreams.shop\/index.php\/product\/soskin-mousse-nettoyante-clarifiante-150ml\/\"]}]},{\"@type\":\"ImageObject\",\"inLanguage\":\"fr-FR\",\"@id\":\"https:\/\/pharmadreams.shop\/index.php\/product\/soskin-mousse-nettoyante-clarifiante-150ml\/#primaryimage\",\"url\":\"https:\/\/pharmadreams.shop\/wp-content\/uploads\/2023\/12\/sos-mousse.png\",\"contentUrl\":\"https:\/\/pharmadreams.shop\/wp-content\/uploads\/2023\/12\/sos-mousse.png\",\"width\":546,\"height\":520},{\"@type\":\"BreadcrumbList\",\"@id\":\"https:\/\/pharmadreams.shop\/index.php\/product\/soskin-mousse-nettoyante-clarifiante-150ml\/#breadcrumb\",\"itemListElement\":[{\"@type\":\"ListItem\",\"position\":1,\"name\":\"Accueil\",\"item\":\"https:\/\/pharmadreams.shop\/\"},{\"@type\":\"ListItem\",\"position\":2,\"name\":\"Shop\",\"item\":\"https:\/\/pharmadreams.shop\/index.php\/shop\/\"},{\"@type\":\"ListItem\",\"position\":3,\"name\":\"Soskin mousse nettoyante clarifiante 150ml\"}]},{\"@type\":\"WebSite\",\"@id\":\"https:\/\/pharmadreams.shop\/#website\",\"url\":\"https:\/\/pharmadreams.shop\/\",\"name\":\"pharmadreams\",\"description\":\"Parapharmacie en ligne\",\"potentialAction\":[{\"@type\":\"SearchAction\",\"target\":{\"@type\":\"EntryPoint\",\"urlTemplate\":\"https:\/\/pharmadreams.shop\/?s={search_term_string}\"},\"query-input\":\"required name=search_term_string\"}],\"inLanguage\":\"fr-FR\"}]}<\/script>\n<!-- \/ Yoast SEO plugin. -->","yoast_head_json":{"title":"Soskin mousse nettoyante clarifiante 150ml - pharmadreams","robots":{"index":"index","follow":"follow","max-snippet":"max-snippet:-1","max-image-preview":"max-image-preview:large","max-video-preview":"max-video-preview:-1"},"canonical":"https:\/\/pharmadreams.shop\/index.php\/product\/soskin-mousse-nettoyante-clarifiante-150ml\/","og_locale":"fr_FR","og_type":"article","og_title":"Soskin mousse nettoyante clarifiante 150ml - pharmadreams","og_description":"La mousse nettoyante clarifiante SOSKIN nettoie la peau de la salet\u00e9 et des cellules mortes tout en pr\u00e9parant la peau pour la routine de blanchiment W + Soskin. Il agit contre le visage terne, le teint irr\u00e9gulier et les l\u00e9sions pigment\u00e9es, laissant la peau visiblement plus lisse, plus lisse et plus lumineuse. Avec une texture fine. Formule sans savon \u00e0 texture moussante. Il dispose de la technologie exclusive SOSKIN D-WHITE. SOSKIN D\u2013WHITE\u00a0\u00a0(Hexylor\u00e9sorcinol Concentr\u00e9) : cible les zones pr\u00e9sentant une hyperpigmentation excessive tout en nettoyant la peau et en la rajeunissant.","og_url":"https:\/\/pharmadreams.shop\/index.php\/product\/soskin-mousse-nettoyante-clarifiante-150ml\/","og_site_name":"pharmadreams","article_modified_time":"2023-12-19T18:36:03+00:00","og_image":[{"width":546,"height":520,"url":"https:\/\/pharmadreams.shop\/wp-content\/uploads\/2023\/12\/sos-mousse.png","type":"image\/png"}],"twitter_card":"summary_large_image","schema":{"@context":"https:\/\/schema.org","@graph":[{"@type":"WebPage","@id":"https:\/\/pharmadreams.shop\/index.php\/product\/soskin-mousse-nettoyante-clarifiante-150ml\/","url":"https:\/\/pharmadreams.shop\/index.php\/product\/soskin-mousse-nettoyante-clarifiante-150ml\/","name":"Soskin mousse nettoyante clarifiante 150ml - pharmadreams","isPartOf":{"@id":"https:\/\/pharmadreams.shop\/#website"},"primaryImageOfPage":{"@id":"https:\/\/pharmadreams.shop\/index.php\/product\/soskin-mousse-nettoyante-clarifiante-150ml\/#primaryimage"},"image":{"@id":"https:\/\/pharmadreams.shop\/index.php\/product\/soskin-mousse-nettoyante-clarifiante-150ml\/#primaryimage"},"thumbnailUrl":"https:\/\/pharmadreams.shop\/wp-content\/uploads\/2023\/12\/sos-mousse.png","datePublished":"2023-12-19T18:35:13+00:00","dateModified":"2023-12-19T18:36:03+00:00","breadcrumb":{"@id":"https:\/\/pharmadreams.shop\/index.php\/product\/soskin-mousse-nettoyante-clarifiante-150ml\/#breadcrumb"},"inLanguage":"fr-FR","potentialAction":[{"@type":"ReadAction","target":["https:\/\/pharmadreams.shop\/index.php\/product\/soskin-mousse-nettoyante-clarifiante-150ml\/"]}]},{"@type":"ImageObject","inLanguage":"fr-FR","@id":"https:\/\/pharmadreams.shop\/index.php\/product\/soskin-mousse-nettoyante-clarifiante-150ml\/#primaryimage","url":"https:\/\/pharmadreams.shop\/wp-content\/uploads\/2023\/12\/sos-mousse.png","contentUrl":"https:\/\/pharmadreams.shop\/wp-content\/uploads\/2023\/12\/sos-mousse.png","width":546,"height":520},{"@type":"BreadcrumbList","@id":"https:\/\/pharmadreams.shop\/index.php\/product\/soskin-mousse-nettoyante-clarifiante-150ml\/#breadcrumb","itemListElement":[{"@type":"ListItem","position":1,"name":"Accueil","item":"https:\/\/pharmadreams.shop\/"},{"@type":"ListItem","position":2,"name":"Shop","item":"https:\/\/pharmadreams.shop\/index.php\/shop\/"},{"@type":"ListItem","position":3,"name":"Soskin mousse nettoyante clarifiante 150ml"}]},{"@type":"WebSite","@id":"https:\/\/pharmadreams.shop\/#website","url":"https:\/\/pharmadreams.shop\/","name":"pharmadreams","description":"Parapharmacie en ligne","potentialAction":[{"@type":"SearchAction","target":{"@type":"EntryPoint","urlTemplate":"https:\/\/pharmadreams.shop\/?s={search_term_string}"},"query-input":"required name=search_term_string"}],"inLanguage":"fr-FR"}]}},"_links":{"self":[{"href":"https:\/\/pharmadreams.shop\/index.php\/wp-json\/wp\/v2\/product\/16506","targetHints":{"allow":["GET"]}}],"collection":[{"href":"https:\/\/pharmadreams.shop\/index.php\/wp-json\/wp\/v2\/product"}],"about":[{"href":"https:\/\/pharmadreams.shop\/index.php\/wp-json\/wp\/v2\/types\/product"}],"replies":[{"embeddable":true,"href":"https:\/\/pharmadreams.shop\/index.php\/wp-json\/wp\/v2\/comments?post=16506"}],"version-history":[{"count":0,"href":"https:\/\/pharmadreams.shop\/index.php\/wp-json\/wp\/v2\/product\/16506\/revisions"}],"wp:featuredmedia":[{"embeddable":true,"href":"https:\/\/pharmadreams.shop\/index.php\/wp-json\/wp\/v2\/media\/16582"}],"wp:attachment":[{"href":"https:\/\/pharmadreams.shop\/index.php\/wp-json\/wp\/v2\/media?parent=16506"}],"wp:term":[{"taxonomy":"product_brand","embeddable":true,"href":"https:\/\/pharmadreams.shop\/index.php\/wp-json\/wp\/v2\/product_brand?post=16506"},{"taxonomy":"product_cat","embeddable":true,"href":"https:\/\/pharmadreams.shop\/index.php\/wp-json\/wp\/v2\/product_cat?post=16506"},{"taxonomy":"product_tag","embeddable":true,"href":"https:\/\/pharmadreams.shop\/index.php\/wp-json\/wp\/v2\/product_tag?post=16506"}],"curies":[{"name":"wp","href":"https:\/\/api.w.org\/{rel}","templated":true}]}}