{"id":16509,"date":"2023-12-19T19:35:13","date_gmt":"2023-12-19T18:35:13","guid":{"rendered":"https:\/\/venuspara.com\/?post_type=product&#038;p=16509"},"modified":"2023-12-19T19:36:08","modified_gmt":"2023-12-19T18:36:08","slug":"a-derma-biology-creme-legere-dermatologique-hydratante-40-ml","status":"publish","type":"product","link":"https:\/\/pharmadreams.shop\/index.php\/product\/a-derma-biology-creme-legere-dermatologique-hydratante-40-ml\/","title":{"rendered":"A-derma biology cr\u00e8me l\u00e9g\u00e8re dermatologique hydratante 40 ml"},"content":{"rendered":"","protected":false},"excerpt":{"rendered":"<p>La peau fragile est moins r\u00e9sistante face aux agressions ext\u00e9rieures (pollution, tabac, calcaire, climatisation, stress\u2026). La barri\u00e8re cutan\u00e9e et le film hydrolipidique sont alt\u00e9r\u00e9s. D\u00e9velopp\u00e9e pour hydrater et r\u00e9\u00e9quilibrer ces peaux fragiles normales \u00e0 mixtes, la cr\u00e8me l\u00e9g\u00e8re dermatologique hydratante est un soin visage unique et innovant, \u00e0 la fois dermatologique et certifi\u00e9 BIO.<br \/>\nSa texture l\u00e9g\u00e8re et fraiche hydrate pendant 24h\u00b9 et renforce le r\u00f4le protecteur de la barri\u00e8re cutan\u00e9e gr\u00e2ce aux deux actifs phares de la gamme BIOLOGY : la S\u00e8ve* d\u2019Avoine Rhealba\u00ae BIO, aux propri\u00e9t\u00e9s r\u00e9\u00e9quilibrantes et hydratantes et l\u2019Extrait de Florin d\u2019Or connu pour ses proprit\u00e9t\u00e9s anti-pollution.<br \/>\nTest\u00e9e sur peaux allergiques, sans parfum ni huile essentielle et non com\u00e9dog\u00e8ne, sa formule \u00e0 99% d\u2019origine naturelle et certifi\u00e9e BIO ne comprend que les ingr\u00e9dients essentiels pour assurer une tol\u00e9rance optimale, dans le plus grand respect des peaux fragiles. Parfaitement hydrat\u00e9e, la peau retrouve \u00e9quilibre, confort et \u00e9clat.<br \/>\nAvoine Rhealba\u00ae issue de l\u2019agriculture biologique.<br \/>\nInfo Vegan : sans ingr\u00e9dient d\u2019origine animale.<\/p>\n","protected":false},"featured_media":16588,"comment_status":"open","ping_status":"closed","template":"","meta":[],"product_brand":[],"product_cat":[78,98,95],"product_tag":[],"class_list":{"0":"post-16509","1":"product","2":"type-product","3":"status-publish","4":"has-post-thumbnail","6":"product_cat-cremes","7":"product_cat-hydratation","8":"product_cat-skin-care","10":"first","11":"instock","12":"shipping-taxable","13":"purchasable","14":"product-type-simple"},"yoast_head":"<!-- This site is optimized with the Yoast SEO plugin v23.0 - https:\/\/yoast.com\/wordpress\/plugins\/seo\/ -->\n<title>A-derma biology cr\u00e8me l\u00e9g\u00e8re dermatologique hydratante 40 ml - pharmadreams<\/title>\n<meta name=\"robots\" content=\"index, follow, max-snippet:-1, max-image-preview:large, max-video-preview:-1\" \/>\n<link rel=\"canonical\" href=\"https:\/\/pharmadreams.shop\/index.php\/product\/a-derma-biology-creme-legere-dermatologique-hydratante-40-ml\/\" \/>\n<meta property=\"og:locale\" content=\"fr_FR\" \/>\n<meta property=\"og:type\" content=\"article\" \/>\n<meta property=\"og:title\" content=\"A-derma biology cr\u00e8me l\u00e9g\u00e8re dermatologique hydratante 40 ml - pharmadreams\" \/>\n<meta property=\"og:description\" content=\"La peau fragile est moins r\u00e9sistante face aux agressions ext\u00e9rieures (pollution, tabac, calcaire, climatisation, stress\u2026). La barri\u00e8re cutan\u00e9e et le film hydrolipidique sont alt\u00e9r\u00e9s. D\u00e9velopp\u00e9e pour hydrater et r\u00e9\u00e9quilibrer ces peaux fragiles normales \u00e0 mixtes, la cr\u00e8me l\u00e9g\u00e8re dermatologique hydratante est un soin visage unique et innovant, \u00e0 la fois dermatologique et certifi\u00e9 BIO. Sa texture l\u00e9g\u00e8re et fraiche hydrate pendant 24h\u00b9 et renforce le r\u00f4le protecteur de la barri\u00e8re cutan\u00e9e gr\u00e2ce aux deux actifs phares de la gamme BIOLOGY : la S\u00e8ve* d\u2019Avoine Rhealba\u00ae BIO, aux propri\u00e9t\u00e9s r\u00e9\u00e9quilibrantes et hydratantes et l\u2019Extrait de Florin d\u2019Or connu pour ses proprit\u00e9t\u00e9s anti-pollution. Test\u00e9e sur peaux allergiques, sans parfum ni huile essentielle et non com\u00e9dog\u00e8ne, sa formule \u00e0 99% d\u2019origine naturelle et certifi\u00e9e BIO ne comprend que les ingr\u00e9dients essentiels pour assurer une tol\u00e9rance optimale, dans le plus grand respect des peaux fragiles. Parfaitement hydrat\u00e9e, la peau retrouve \u00e9quilibre, confort et \u00e9clat. Avoine Rhealba\u00ae issue de l\u2019agriculture biologique. Info Vegan : sans ingr\u00e9dient d\u2019origine animale.\" \/>\n<meta property=\"og:url\" content=\"https:\/\/pharmadreams.shop\/index.php\/product\/a-derma-biology-creme-legere-dermatologique-hydratante-40-ml\/\" \/>\n<meta property=\"og:site_name\" content=\"pharmadreams\" \/>\n<meta property=\"article:modified_time\" content=\"2023-12-19T18:36:08+00:00\" \/>\n<meta property=\"og:image\" content=\"https:\/\/pharmadreams.shop\/wp-content\/uploads\/2023\/12\/aderma.png\" \/>\n\t<meta property=\"og:image:width\" content=\"862\" \/>\n\t<meta property=\"og:image:height\" content=\"790\" \/>\n\t<meta property=\"og:image:type\" content=\"image\/png\" \/>\n<meta name=\"twitter:card\" content=\"summary_large_image\" \/>\n<script type=\"application\/ld+json\" class=\"yoast-schema-graph\">{\"@context\":\"https:\/\/schema.org\",\"@graph\":[{\"@type\":\"WebPage\",\"@id\":\"https:\/\/pharmadreams.shop\/index.php\/product\/a-derma-biology-creme-legere-dermatologique-hydratante-40-ml\/\",\"url\":\"https:\/\/pharmadreams.shop\/index.php\/product\/a-derma-biology-creme-legere-dermatologique-hydratante-40-ml\/\",\"name\":\"A-derma biology cr\u00e8me l\u00e9g\u00e8re dermatologique hydratante 40 ml - pharmadreams\",\"isPartOf\":{\"@id\":\"https:\/\/pharmadreams.shop\/#website\"},\"primaryImageOfPage\":{\"@id\":\"https:\/\/pharmadreams.shop\/index.php\/product\/a-derma-biology-creme-legere-dermatologique-hydratante-40-ml\/#primaryimage\"},\"image\":{\"@id\":\"https:\/\/pharmadreams.shop\/index.php\/product\/a-derma-biology-creme-legere-dermatologique-hydratante-40-ml\/#primaryimage\"},\"thumbnailUrl\":\"https:\/\/pharmadreams.shop\/wp-content\/uploads\/2023\/12\/aderma.png\",\"datePublished\":\"2023-12-19T18:35:13+00:00\",\"dateModified\":\"2023-12-19T18:36:08+00:00\",\"breadcrumb\":{\"@id\":\"https:\/\/pharmadreams.shop\/index.php\/product\/a-derma-biology-creme-legere-dermatologique-hydratante-40-ml\/#breadcrumb\"},\"inLanguage\":\"fr-FR\",\"potentialAction\":[{\"@type\":\"ReadAction\",\"target\":[\"https:\/\/pharmadreams.shop\/index.php\/product\/a-derma-biology-creme-legere-dermatologique-hydratante-40-ml\/\"]}]},{\"@type\":\"ImageObject\",\"inLanguage\":\"fr-FR\",\"@id\":\"https:\/\/pharmadreams.shop\/index.php\/product\/a-derma-biology-creme-legere-dermatologique-hydratante-40-ml\/#primaryimage\",\"url\":\"https:\/\/pharmadreams.shop\/wp-content\/uploads\/2023\/12\/aderma.png\",\"contentUrl\":\"https:\/\/pharmadreams.shop\/wp-content\/uploads\/2023\/12\/aderma.png\",\"width\":862,\"height\":790},{\"@type\":\"BreadcrumbList\",\"@id\":\"https:\/\/pharmadreams.shop\/index.php\/product\/a-derma-biology-creme-legere-dermatologique-hydratante-40-ml\/#breadcrumb\",\"itemListElement\":[{\"@type\":\"ListItem\",\"position\":1,\"name\":\"Accueil\",\"item\":\"https:\/\/pharmadreams.shop\/\"},{\"@type\":\"ListItem\",\"position\":2,\"name\":\"Shop\",\"item\":\"https:\/\/pharmadreams.shop\/index.php\/shop\/\"},{\"@type\":\"ListItem\",\"position\":3,\"name\":\"A-derma biology cr\u00e8me l\u00e9g\u00e8re dermatologique hydratante 40 ml\"}]},{\"@type\":\"WebSite\",\"@id\":\"https:\/\/pharmadreams.shop\/#website\",\"url\":\"https:\/\/pharmadreams.shop\/\",\"name\":\"pharmadreams\",\"description\":\"Parapharmacie en ligne\",\"potentialAction\":[{\"@type\":\"SearchAction\",\"target\":{\"@type\":\"EntryPoint\",\"urlTemplate\":\"https:\/\/pharmadreams.shop\/?s={search_term_string}\"},\"query-input\":\"required name=search_term_string\"}],\"inLanguage\":\"fr-FR\"}]}<\/script>\n<!-- \/ Yoast SEO plugin. -->","yoast_head_json":{"title":"A-derma biology cr\u00e8me l\u00e9g\u00e8re dermatologique hydratante 40 ml - pharmadreams","robots":{"index":"index","follow":"follow","max-snippet":"max-snippet:-1","max-image-preview":"max-image-preview:large","max-video-preview":"max-video-preview:-1"},"canonical":"https:\/\/pharmadreams.shop\/index.php\/product\/a-derma-biology-creme-legere-dermatologique-hydratante-40-ml\/","og_locale":"fr_FR","og_type":"article","og_title":"A-derma biology cr\u00e8me l\u00e9g\u00e8re dermatologique hydratante 40 ml - pharmadreams","og_description":"La peau fragile est moins r\u00e9sistante face aux agressions ext\u00e9rieures (pollution, tabac, calcaire, climatisation, stress\u2026). La barri\u00e8re cutan\u00e9e et le film hydrolipidique sont alt\u00e9r\u00e9s. D\u00e9velopp\u00e9e pour hydrater et r\u00e9\u00e9quilibrer ces peaux fragiles normales \u00e0 mixtes, la cr\u00e8me l\u00e9g\u00e8re dermatologique hydratante est un soin visage unique et innovant, \u00e0 la fois dermatologique et certifi\u00e9 BIO. Sa texture l\u00e9g\u00e8re et fraiche hydrate pendant 24h\u00b9 et renforce le r\u00f4le protecteur de la barri\u00e8re cutan\u00e9e gr\u00e2ce aux deux actifs phares de la gamme BIOLOGY : la S\u00e8ve* d\u2019Avoine Rhealba\u00ae BIO, aux propri\u00e9t\u00e9s r\u00e9\u00e9quilibrantes et hydratantes et l\u2019Extrait de Florin d\u2019Or connu pour ses proprit\u00e9t\u00e9s anti-pollution. Test\u00e9e sur peaux allergiques, sans parfum ni huile essentielle et non com\u00e9dog\u00e8ne, sa formule \u00e0 99% d\u2019origine naturelle et certifi\u00e9e BIO ne comprend que les ingr\u00e9dients essentiels pour assurer une tol\u00e9rance optimale, dans le plus grand respect des peaux fragiles. Parfaitement hydrat\u00e9e, la peau retrouve \u00e9quilibre, confort et \u00e9clat. Avoine Rhealba\u00ae issue de l\u2019agriculture biologique. Info Vegan : sans ingr\u00e9dient d\u2019origine animale.","og_url":"https:\/\/pharmadreams.shop\/index.php\/product\/a-derma-biology-creme-legere-dermatologique-hydratante-40-ml\/","og_site_name":"pharmadreams","article_modified_time":"2023-12-19T18:36:08+00:00","og_image":[{"width":862,"height":790,"url":"https:\/\/pharmadreams.shop\/wp-content\/uploads\/2023\/12\/aderma.png","type":"image\/png"}],"twitter_card":"summary_large_image","schema":{"@context":"https:\/\/schema.org","@graph":[{"@type":"WebPage","@id":"https:\/\/pharmadreams.shop\/index.php\/product\/a-derma-biology-creme-legere-dermatologique-hydratante-40-ml\/","url":"https:\/\/pharmadreams.shop\/index.php\/product\/a-derma-biology-creme-legere-dermatologique-hydratante-40-ml\/","name":"A-derma biology cr\u00e8me l\u00e9g\u00e8re dermatologique hydratante 40 ml - pharmadreams","isPartOf":{"@id":"https:\/\/pharmadreams.shop\/#website"},"primaryImageOfPage":{"@id":"https:\/\/pharmadreams.shop\/index.php\/product\/a-derma-biology-creme-legere-dermatologique-hydratante-40-ml\/#primaryimage"},"image":{"@id":"https:\/\/pharmadreams.shop\/index.php\/product\/a-derma-biology-creme-legere-dermatologique-hydratante-40-ml\/#primaryimage"},"thumbnailUrl":"https:\/\/pharmadreams.shop\/wp-content\/uploads\/2023\/12\/aderma.png","datePublished":"2023-12-19T18:35:13+00:00","dateModified":"2023-12-19T18:36:08+00:00","breadcrumb":{"@id":"https:\/\/pharmadreams.shop\/index.php\/product\/a-derma-biology-creme-legere-dermatologique-hydratante-40-ml\/#breadcrumb"},"inLanguage":"fr-FR","potentialAction":[{"@type":"ReadAction","target":["https:\/\/pharmadreams.shop\/index.php\/product\/a-derma-biology-creme-legere-dermatologique-hydratante-40-ml\/"]}]},{"@type":"ImageObject","inLanguage":"fr-FR","@id":"https:\/\/pharmadreams.shop\/index.php\/product\/a-derma-biology-creme-legere-dermatologique-hydratante-40-ml\/#primaryimage","url":"https:\/\/pharmadreams.shop\/wp-content\/uploads\/2023\/12\/aderma.png","contentUrl":"https:\/\/pharmadreams.shop\/wp-content\/uploads\/2023\/12\/aderma.png","width":862,"height":790},{"@type":"BreadcrumbList","@id":"https:\/\/pharmadreams.shop\/index.php\/product\/a-derma-biology-creme-legere-dermatologique-hydratante-40-ml\/#breadcrumb","itemListElement":[{"@type":"ListItem","position":1,"name":"Accueil","item":"https:\/\/pharmadreams.shop\/"},{"@type":"ListItem","position":2,"name":"Shop","item":"https:\/\/pharmadreams.shop\/index.php\/shop\/"},{"@type":"ListItem","position":3,"name":"A-derma biology cr\u00e8me l\u00e9g\u00e8re dermatologique hydratante 40 ml"}]},{"@type":"WebSite","@id":"https:\/\/pharmadreams.shop\/#website","url":"https:\/\/pharmadreams.shop\/","name":"pharmadreams","description":"Parapharmacie en ligne","potentialAction":[{"@type":"SearchAction","target":{"@type":"EntryPoint","urlTemplate":"https:\/\/pharmadreams.shop\/?s={search_term_string}"},"query-input":"required name=search_term_string"}],"inLanguage":"fr-FR"}]}},"_links":{"self":[{"href":"https:\/\/pharmadreams.shop\/index.php\/wp-json\/wp\/v2\/product\/16509","targetHints":{"allow":["GET"]}}],"collection":[{"href":"https:\/\/pharmadreams.shop\/index.php\/wp-json\/wp\/v2\/product"}],"about":[{"href":"https:\/\/pharmadreams.shop\/index.php\/wp-json\/wp\/v2\/types\/product"}],"replies":[{"embeddable":true,"href":"https:\/\/pharmadreams.shop\/index.php\/wp-json\/wp\/v2\/comments?post=16509"}],"version-history":[{"count":0,"href":"https:\/\/pharmadreams.shop\/index.php\/wp-json\/wp\/v2\/product\/16509\/revisions"}],"wp:featuredmedia":[{"embeddable":true,"href":"https:\/\/pharmadreams.shop\/index.php\/wp-json\/wp\/v2\/media\/16588"}],"wp:attachment":[{"href":"https:\/\/pharmadreams.shop\/index.php\/wp-json\/wp\/v2\/media?parent=16509"}],"wp:term":[{"taxonomy":"product_brand","embeddable":true,"href":"https:\/\/pharmadreams.shop\/index.php\/wp-json\/wp\/v2\/product_brand?post=16509"},{"taxonomy":"product_cat","embeddable":true,"href":"https:\/\/pharmadreams.shop\/index.php\/wp-json\/wp\/v2\/product_cat?post=16509"},{"taxonomy":"product_tag","embeddable":true,"href":"https:\/\/pharmadreams.shop\/index.php\/wp-json\/wp\/v2\/product_tag?post=16509"}],"curies":[{"name":"wp","href":"https:\/\/api.w.org\/{rel}","templated":true}]}}