{"id":16510,"date":"2023-12-19T19:35:13","date_gmt":"2023-12-19T18:35:13","guid":{"rendered":"https:\/\/venuspara.com\/?post_type=product&#038;p=16510"},"modified":"2023-12-19T19:36:10","modified_gmt":"2023-12-19T18:36:10","slug":"magiclear-creme-clarifiante-action-rapide","status":"publish","type":"product","link":"https:\/\/pharmadreams.shop\/index.php\/product\/magiclear-creme-clarifiante-action-rapide\/","title":{"rendered":"Magiclear cr\u00e8me clarifiante action rapide"},"content":{"rendered":"","protected":false},"excerpt":{"rendered":"<p>\u00c9claircissement multi-cellulaire progressif et \u00e0 long terme et uniformit\u00e9 de la peau.\u00a0\u00c9limination des cellules fortement pigment\u00e9es.\u00a0Acc\u00e9l\u00e9ration du renouvellement cellulaire.\u00a0Blocage des multiples sites r\u00e9cepteurs responsables de la formation de m\u00e9lanine.\u00a0R\u00e9duction des taches brunes sans irritation de la peau.<\/p>\n","protected":false},"featured_media":16590,"comment_status":"open","ping_status":"closed","template":"","meta":[],"product_brand":[],"product_cat":[78,80],"product_tag":[],"class_list":{"0":"post-16510","1":"product","2":"type-product","3":"status-publish","4":"has-post-thumbnail","6":"product_cat-cremes","7":"product_cat-soins","9":"first","10":"instock","11":"shipping-taxable","12":"purchasable","13":"product-type-simple"},"yoast_head":"<!-- This site is optimized with the Yoast SEO plugin v23.0 - https:\/\/yoast.com\/wordpress\/plugins\/seo\/ -->\n<title>Magiclear cr\u00e8me clarifiante action rapide - pharmadreams<\/title>\n<meta name=\"robots\" content=\"index, follow, max-snippet:-1, max-image-preview:large, max-video-preview:-1\" \/>\n<link rel=\"canonical\" href=\"https:\/\/pharmadreams.shop\/index.php\/product\/magiclear-creme-clarifiante-action-rapide\/\" \/>\n<meta property=\"og:locale\" content=\"fr_FR\" \/>\n<meta property=\"og:type\" content=\"article\" \/>\n<meta property=\"og:title\" content=\"Magiclear cr\u00e8me clarifiante action rapide - pharmadreams\" \/>\n<meta property=\"og:description\" content=\"\u00c9claircissement multi-cellulaire progressif et \u00e0 long terme et uniformit\u00e9 de la peau.\u00a0\u00c9limination des cellules fortement pigment\u00e9es.\u00a0Acc\u00e9l\u00e9ration du renouvellement cellulaire.\u00a0Blocage des multiples sites r\u00e9cepteurs responsables de la formation de m\u00e9lanine.\u00a0R\u00e9duction des taches brunes sans irritation de la peau.\" \/>\n<meta property=\"og:url\" content=\"https:\/\/pharmadreams.shop\/index.php\/product\/magiclear-creme-clarifiante-action-rapide\/\" \/>\n<meta property=\"og:site_name\" content=\"pharmadreams\" \/>\n<meta property=\"article:modified_time\" content=\"2023-12-19T18:36:10+00:00\" \/>\n<meta property=\"og:image\" content=\"https:\/\/pharmadreams.shop\/wp-content\/uploads\/2023\/12\/Magi.png\" \/>\n\t<meta property=\"og:image:width\" content=\"1366\" \/>\n\t<meta property=\"og:image:height\" content=\"1040\" \/>\n\t<meta property=\"og:image:type\" content=\"image\/png\" \/>\n<meta name=\"twitter:card\" content=\"summary_large_image\" \/>\n<script type=\"application\/ld+json\" class=\"yoast-schema-graph\">{\"@context\":\"https:\/\/schema.org\",\"@graph\":[{\"@type\":\"WebPage\",\"@id\":\"https:\/\/pharmadreams.shop\/index.php\/product\/magiclear-creme-clarifiante-action-rapide\/\",\"url\":\"https:\/\/pharmadreams.shop\/index.php\/product\/magiclear-creme-clarifiante-action-rapide\/\",\"name\":\"Magiclear cr\u00e8me clarifiante action rapide - pharmadreams\",\"isPartOf\":{\"@id\":\"https:\/\/pharmadreams.shop\/#website\"},\"primaryImageOfPage\":{\"@id\":\"https:\/\/pharmadreams.shop\/index.php\/product\/magiclear-creme-clarifiante-action-rapide\/#primaryimage\"},\"image\":{\"@id\":\"https:\/\/pharmadreams.shop\/index.php\/product\/magiclear-creme-clarifiante-action-rapide\/#primaryimage\"},\"thumbnailUrl\":\"https:\/\/pharmadreams.shop\/wp-content\/uploads\/2023\/12\/Magi.png\",\"datePublished\":\"2023-12-19T18:35:13+00:00\",\"dateModified\":\"2023-12-19T18:36:10+00:00\",\"breadcrumb\":{\"@id\":\"https:\/\/pharmadreams.shop\/index.php\/product\/magiclear-creme-clarifiante-action-rapide\/#breadcrumb\"},\"inLanguage\":\"fr-FR\",\"potentialAction\":[{\"@type\":\"ReadAction\",\"target\":[\"https:\/\/pharmadreams.shop\/index.php\/product\/magiclear-creme-clarifiante-action-rapide\/\"]}]},{\"@type\":\"ImageObject\",\"inLanguage\":\"fr-FR\",\"@id\":\"https:\/\/pharmadreams.shop\/index.php\/product\/magiclear-creme-clarifiante-action-rapide\/#primaryimage\",\"url\":\"https:\/\/pharmadreams.shop\/wp-content\/uploads\/2023\/12\/Magi.png\",\"contentUrl\":\"https:\/\/pharmadreams.shop\/wp-content\/uploads\/2023\/12\/Magi.png\",\"width\":1366,\"height\":1040},{\"@type\":\"BreadcrumbList\",\"@id\":\"https:\/\/pharmadreams.shop\/index.php\/product\/magiclear-creme-clarifiante-action-rapide\/#breadcrumb\",\"itemListElement\":[{\"@type\":\"ListItem\",\"position\":1,\"name\":\"Accueil\",\"item\":\"https:\/\/pharmadreams.shop\/\"},{\"@type\":\"ListItem\",\"position\":2,\"name\":\"Shop\",\"item\":\"https:\/\/pharmadreams.shop\/index.php\/shop\/\"},{\"@type\":\"ListItem\",\"position\":3,\"name\":\"Magiclear cr\u00e8me clarifiante action rapide\"}]},{\"@type\":\"WebSite\",\"@id\":\"https:\/\/pharmadreams.shop\/#website\",\"url\":\"https:\/\/pharmadreams.shop\/\",\"name\":\"pharmadreams\",\"description\":\"Parapharmacie en ligne\",\"potentialAction\":[{\"@type\":\"SearchAction\",\"target\":{\"@type\":\"EntryPoint\",\"urlTemplate\":\"https:\/\/pharmadreams.shop\/?s={search_term_string}\"},\"query-input\":\"required name=search_term_string\"}],\"inLanguage\":\"fr-FR\"}]}<\/script>\n<!-- \/ Yoast SEO plugin. -->","yoast_head_json":{"title":"Magiclear cr\u00e8me clarifiante action rapide - pharmadreams","robots":{"index":"index","follow":"follow","max-snippet":"max-snippet:-1","max-image-preview":"max-image-preview:large","max-video-preview":"max-video-preview:-1"},"canonical":"https:\/\/pharmadreams.shop\/index.php\/product\/magiclear-creme-clarifiante-action-rapide\/","og_locale":"fr_FR","og_type":"article","og_title":"Magiclear cr\u00e8me clarifiante action rapide - pharmadreams","og_description":"\u00c9claircissement multi-cellulaire progressif et \u00e0 long terme et uniformit\u00e9 de la peau.\u00a0\u00c9limination des cellules fortement pigment\u00e9es.\u00a0Acc\u00e9l\u00e9ration du renouvellement cellulaire.\u00a0Blocage des multiples sites r\u00e9cepteurs responsables de la formation de m\u00e9lanine.\u00a0R\u00e9duction des taches brunes sans irritation de la peau.","og_url":"https:\/\/pharmadreams.shop\/index.php\/product\/magiclear-creme-clarifiante-action-rapide\/","og_site_name":"pharmadreams","article_modified_time":"2023-12-19T18:36:10+00:00","og_image":[{"width":1366,"height":1040,"url":"https:\/\/pharmadreams.shop\/wp-content\/uploads\/2023\/12\/Magi.png","type":"image\/png"}],"twitter_card":"summary_large_image","schema":{"@context":"https:\/\/schema.org","@graph":[{"@type":"WebPage","@id":"https:\/\/pharmadreams.shop\/index.php\/product\/magiclear-creme-clarifiante-action-rapide\/","url":"https:\/\/pharmadreams.shop\/index.php\/product\/magiclear-creme-clarifiante-action-rapide\/","name":"Magiclear cr\u00e8me clarifiante action rapide - pharmadreams","isPartOf":{"@id":"https:\/\/pharmadreams.shop\/#website"},"primaryImageOfPage":{"@id":"https:\/\/pharmadreams.shop\/index.php\/product\/magiclear-creme-clarifiante-action-rapide\/#primaryimage"},"image":{"@id":"https:\/\/pharmadreams.shop\/index.php\/product\/magiclear-creme-clarifiante-action-rapide\/#primaryimage"},"thumbnailUrl":"https:\/\/pharmadreams.shop\/wp-content\/uploads\/2023\/12\/Magi.png","datePublished":"2023-12-19T18:35:13+00:00","dateModified":"2023-12-19T18:36:10+00:00","breadcrumb":{"@id":"https:\/\/pharmadreams.shop\/index.php\/product\/magiclear-creme-clarifiante-action-rapide\/#breadcrumb"},"inLanguage":"fr-FR","potentialAction":[{"@type":"ReadAction","target":["https:\/\/pharmadreams.shop\/index.php\/product\/magiclear-creme-clarifiante-action-rapide\/"]}]},{"@type":"ImageObject","inLanguage":"fr-FR","@id":"https:\/\/pharmadreams.shop\/index.php\/product\/magiclear-creme-clarifiante-action-rapide\/#primaryimage","url":"https:\/\/pharmadreams.shop\/wp-content\/uploads\/2023\/12\/Magi.png","contentUrl":"https:\/\/pharmadreams.shop\/wp-content\/uploads\/2023\/12\/Magi.png","width":1366,"height":1040},{"@type":"BreadcrumbList","@id":"https:\/\/pharmadreams.shop\/index.php\/product\/magiclear-creme-clarifiante-action-rapide\/#breadcrumb","itemListElement":[{"@type":"ListItem","position":1,"name":"Accueil","item":"https:\/\/pharmadreams.shop\/"},{"@type":"ListItem","position":2,"name":"Shop","item":"https:\/\/pharmadreams.shop\/index.php\/shop\/"},{"@type":"ListItem","position":3,"name":"Magiclear cr\u00e8me clarifiante action rapide"}]},{"@type":"WebSite","@id":"https:\/\/pharmadreams.shop\/#website","url":"https:\/\/pharmadreams.shop\/","name":"pharmadreams","description":"Parapharmacie en ligne","potentialAction":[{"@type":"SearchAction","target":{"@type":"EntryPoint","urlTemplate":"https:\/\/pharmadreams.shop\/?s={search_term_string}"},"query-input":"required name=search_term_string"}],"inLanguage":"fr-FR"}]}},"_links":{"self":[{"href":"https:\/\/pharmadreams.shop\/index.php\/wp-json\/wp\/v2\/product\/16510","targetHints":{"allow":["GET"]}}],"collection":[{"href":"https:\/\/pharmadreams.shop\/index.php\/wp-json\/wp\/v2\/product"}],"about":[{"href":"https:\/\/pharmadreams.shop\/index.php\/wp-json\/wp\/v2\/types\/product"}],"replies":[{"embeddable":true,"href":"https:\/\/pharmadreams.shop\/index.php\/wp-json\/wp\/v2\/comments?post=16510"}],"version-history":[{"count":0,"href":"https:\/\/pharmadreams.shop\/index.php\/wp-json\/wp\/v2\/product\/16510\/revisions"}],"wp:featuredmedia":[{"embeddable":true,"href":"https:\/\/pharmadreams.shop\/index.php\/wp-json\/wp\/v2\/media\/16590"}],"wp:attachment":[{"href":"https:\/\/pharmadreams.shop\/index.php\/wp-json\/wp\/v2\/media?parent=16510"}],"wp:term":[{"taxonomy":"product_brand","embeddable":true,"href":"https:\/\/pharmadreams.shop\/index.php\/wp-json\/wp\/v2\/product_brand?post=16510"},{"taxonomy":"product_cat","embeddable":true,"href":"https:\/\/pharmadreams.shop\/index.php\/wp-json\/wp\/v2\/product_cat?post=16510"},{"taxonomy":"product_tag","embeddable":true,"href":"https:\/\/pharmadreams.shop\/index.php\/wp-json\/wp\/v2\/product_tag?post=16510"}],"curies":[{"name":"wp","href":"https:\/\/api.w.org\/{rel}","templated":true}]}}