{"id":16537,"date":"2023-12-19T19:35:36","date_gmt":"2023-12-19T18:35:36","guid":{"rendered":"https:\/\/venuspara.com\/?post_type=product&#038;p=16537"},"modified":"2023-12-19T19:36:14","modified_gmt":"2023-12-19T18:36:14","slug":"lierac-cica-filler-gel-creme-mat-anti-rides-reparateur-40ml","status":"publish","type":"product","link":"https:\/\/pharmadreams.shop\/index.php\/product\/lierac-cica-filler-gel-creme-mat-anti-rides-reparateur-40ml\/","title":{"rendered":"Lierac cica-filler gel-creme mat anti-rides reparateur 40ml"},"content":{"rendered":"","protected":false},"excerpt":{"rendered":"<p>CICA-FILLER Gel-cr\u00e8me MAT, l&rsquo; anti-rides Matifiant, formul\u00e9 pour les peaux normales \u00e0 mixtes.<\/p>\n<ul>\n<li>Sa texture fluide et non occlusive apporte une parfaite matit\u00e9 \u00e0 la peau.<\/li>\n<li>Des poudres soft-focus floutent imm\u00e9diatement les rides et apportent un bel \u00e9clat naturel.<\/li>\n<li>Son parfum aux notes de jasmin, pomme verte, bois de rose et accord ozonique distille une sensation de fra\u00eecheur.<\/li>\n<\/ul>\n","protected":false},"featured_media":16596,"comment_status":"open","ping_status":"closed","template":"","meta":[],"product_brand":[],"product_cat":[120,78,114],"product_tag":[],"class_list":{"0":"post-16537","1":"product","2":"type-product","3":"status-publish","4":"has-post-thumbnail","6":"product_cat-anti-rides","7":"product_cat-cremes","8":"product_cat-gel","10":"first","11":"instock","12":"shipping-taxable","13":"purchasable","14":"product-type-simple"},"yoast_head":"<!-- This site is optimized with the Yoast SEO plugin v23.0 - https:\/\/yoast.com\/wordpress\/plugins\/seo\/ -->\n<title>Lierac cica-filler gel-creme mat anti-rides reparateur 40ml - pharmadreams<\/title>\n<meta name=\"robots\" content=\"index, follow, max-snippet:-1, max-image-preview:large, max-video-preview:-1\" \/>\n<link rel=\"canonical\" href=\"https:\/\/pharmadreams.shop\/index.php\/product\/lierac-cica-filler-gel-creme-mat-anti-rides-reparateur-40ml\/\" \/>\n<meta property=\"og:locale\" content=\"fr_FR\" \/>\n<meta property=\"og:type\" content=\"article\" \/>\n<meta property=\"og:title\" content=\"Lierac cica-filler gel-creme mat anti-rides reparateur 40ml - pharmadreams\" \/>\n<meta property=\"og:description\" content=\"CICA-FILLER Gel-cr\u00e8me MAT, l&#039; anti-rides Matifiant, formul\u00e9 pour les peaux normales \u00e0 mixtes.   Sa texture fluide et non occlusive apporte une parfaite matit\u00e9 \u00e0 la peau.  Des poudres soft-focus floutent imm\u00e9diatement les rides et apportent un bel \u00e9clat naturel.  Son parfum aux notes de jasmin, pomme verte, bois de rose et accord ozonique distille une sensation de fra\u00eecheur.\" \/>\n<meta property=\"og:url\" content=\"https:\/\/pharmadreams.shop\/index.php\/product\/lierac-cica-filler-gel-creme-mat-anti-rides-reparateur-40ml\/\" \/>\n<meta property=\"og:site_name\" content=\"pharmadreams\" \/>\n<meta property=\"article:modified_time\" content=\"2023-12-19T18:36:14+00:00\" \/>\n<meta property=\"og:image\" content=\"https:\/\/pharmadreams.shop\/wp-content\/uploads\/2023\/12\/lierac-gris.png\" \/>\n\t<meta property=\"og:image:width\" content=\"809\" \/>\n\t<meta property=\"og:image:height\" content=\"730\" \/>\n\t<meta property=\"og:image:type\" content=\"image\/png\" \/>\n<meta name=\"twitter:card\" content=\"summary_large_image\" \/>\n<script type=\"application\/ld+json\" class=\"yoast-schema-graph\">{\"@context\":\"https:\/\/schema.org\",\"@graph\":[{\"@type\":\"WebPage\",\"@id\":\"https:\/\/pharmadreams.shop\/index.php\/product\/lierac-cica-filler-gel-creme-mat-anti-rides-reparateur-40ml\/\",\"url\":\"https:\/\/pharmadreams.shop\/index.php\/product\/lierac-cica-filler-gel-creme-mat-anti-rides-reparateur-40ml\/\",\"name\":\"Lierac cica-filler gel-creme mat anti-rides reparateur 40ml - pharmadreams\",\"isPartOf\":{\"@id\":\"https:\/\/pharmadreams.shop\/#website\"},\"primaryImageOfPage\":{\"@id\":\"https:\/\/pharmadreams.shop\/index.php\/product\/lierac-cica-filler-gel-creme-mat-anti-rides-reparateur-40ml\/#primaryimage\"},\"image\":{\"@id\":\"https:\/\/pharmadreams.shop\/index.php\/product\/lierac-cica-filler-gel-creme-mat-anti-rides-reparateur-40ml\/#primaryimage\"},\"thumbnailUrl\":\"https:\/\/pharmadreams.shop\/wp-content\/uploads\/2023\/12\/lierac-gris.png\",\"datePublished\":\"2023-12-19T18:35:36+00:00\",\"dateModified\":\"2023-12-19T18:36:14+00:00\",\"breadcrumb\":{\"@id\":\"https:\/\/pharmadreams.shop\/index.php\/product\/lierac-cica-filler-gel-creme-mat-anti-rides-reparateur-40ml\/#breadcrumb\"},\"inLanguage\":\"fr-FR\",\"potentialAction\":[{\"@type\":\"ReadAction\",\"target\":[\"https:\/\/pharmadreams.shop\/index.php\/product\/lierac-cica-filler-gel-creme-mat-anti-rides-reparateur-40ml\/\"]}]},{\"@type\":\"ImageObject\",\"inLanguage\":\"fr-FR\",\"@id\":\"https:\/\/pharmadreams.shop\/index.php\/product\/lierac-cica-filler-gel-creme-mat-anti-rides-reparateur-40ml\/#primaryimage\",\"url\":\"https:\/\/pharmadreams.shop\/wp-content\/uploads\/2023\/12\/lierac-gris.png\",\"contentUrl\":\"https:\/\/pharmadreams.shop\/wp-content\/uploads\/2023\/12\/lierac-gris.png\",\"width\":809,\"height\":730},{\"@type\":\"BreadcrumbList\",\"@id\":\"https:\/\/pharmadreams.shop\/index.php\/product\/lierac-cica-filler-gel-creme-mat-anti-rides-reparateur-40ml\/#breadcrumb\",\"itemListElement\":[{\"@type\":\"ListItem\",\"position\":1,\"name\":\"Accueil\",\"item\":\"https:\/\/pharmadreams.shop\/\"},{\"@type\":\"ListItem\",\"position\":2,\"name\":\"Shop\",\"item\":\"https:\/\/pharmadreams.shop\/index.php\/shop\/\"},{\"@type\":\"ListItem\",\"position\":3,\"name\":\"Lierac cica-filler gel-creme mat anti-rides reparateur 40ml\"}]},{\"@type\":\"WebSite\",\"@id\":\"https:\/\/pharmadreams.shop\/#website\",\"url\":\"https:\/\/pharmadreams.shop\/\",\"name\":\"pharmadreams\",\"description\":\"Parapharmacie en ligne\",\"potentialAction\":[{\"@type\":\"SearchAction\",\"target\":{\"@type\":\"EntryPoint\",\"urlTemplate\":\"https:\/\/pharmadreams.shop\/?s={search_term_string}\"},\"query-input\":\"required name=search_term_string\"}],\"inLanguage\":\"fr-FR\"}]}<\/script>\n<!-- \/ Yoast SEO plugin. -->","yoast_head_json":{"title":"Lierac cica-filler gel-creme mat anti-rides reparateur 40ml - pharmadreams","robots":{"index":"index","follow":"follow","max-snippet":"max-snippet:-1","max-image-preview":"max-image-preview:large","max-video-preview":"max-video-preview:-1"},"canonical":"https:\/\/pharmadreams.shop\/index.php\/product\/lierac-cica-filler-gel-creme-mat-anti-rides-reparateur-40ml\/","og_locale":"fr_FR","og_type":"article","og_title":"Lierac cica-filler gel-creme mat anti-rides reparateur 40ml - pharmadreams","og_description":"CICA-FILLER Gel-cr\u00e8me MAT, l' anti-rides Matifiant, formul\u00e9 pour les peaux normales \u00e0 mixtes.   Sa texture fluide et non occlusive apporte une parfaite matit\u00e9 \u00e0 la peau.  Des poudres soft-focus floutent imm\u00e9diatement les rides et apportent un bel \u00e9clat naturel.  Son parfum aux notes de jasmin, pomme verte, bois de rose et accord ozonique distille une sensation de fra\u00eecheur.","og_url":"https:\/\/pharmadreams.shop\/index.php\/product\/lierac-cica-filler-gel-creme-mat-anti-rides-reparateur-40ml\/","og_site_name":"pharmadreams","article_modified_time":"2023-12-19T18:36:14+00:00","og_image":[{"width":809,"height":730,"url":"https:\/\/pharmadreams.shop\/wp-content\/uploads\/2023\/12\/lierac-gris.png","type":"image\/png"}],"twitter_card":"summary_large_image","schema":{"@context":"https:\/\/schema.org","@graph":[{"@type":"WebPage","@id":"https:\/\/pharmadreams.shop\/index.php\/product\/lierac-cica-filler-gel-creme-mat-anti-rides-reparateur-40ml\/","url":"https:\/\/pharmadreams.shop\/index.php\/product\/lierac-cica-filler-gel-creme-mat-anti-rides-reparateur-40ml\/","name":"Lierac cica-filler gel-creme mat anti-rides reparateur 40ml - pharmadreams","isPartOf":{"@id":"https:\/\/pharmadreams.shop\/#website"},"primaryImageOfPage":{"@id":"https:\/\/pharmadreams.shop\/index.php\/product\/lierac-cica-filler-gel-creme-mat-anti-rides-reparateur-40ml\/#primaryimage"},"image":{"@id":"https:\/\/pharmadreams.shop\/index.php\/product\/lierac-cica-filler-gel-creme-mat-anti-rides-reparateur-40ml\/#primaryimage"},"thumbnailUrl":"https:\/\/pharmadreams.shop\/wp-content\/uploads\/2023\/12\/lierac-gris.png","datePublished":"2023-12-19T18:35:36+00:00","dateModified":"2023-12-19T18:36:14+00:00","breadcrumb":{"@id":"https:\/\/pharmadreams.shop\/index.php\/product\/lierac-cica-filler-gel-creme-mat-anti-rides-reparateur-40ml\/#breadcrumb"},"inLanguage":"fr-FR","potentialAction":[{"@type":"ReadAction","target":["https:\/\/pharmadreams.shop\/index.php\/product\/lierac-cica-filler-gel-creme-mat-anti-rides-reparateur-40ml\/"]}]},{"@type":"ImageObject","inLanguage":"fr-FR","@id":"https:\/\/pharmadreams.shop\/index.php\/product\/lierac-cica-filler-gel-creme-mat-anti-rides-reparateur-40ml\/#primaryimage","url":"https:\/\/pharmadreams.shop\/wp-content\/uploads\/2023\/12\/lierac-gris.png","contentUrl":"https:\/\/pharmadreams.shop\/wp-content\/uploads\/2023\/12\/lierac-gris.png","width":809,"height":730},{"@type":"BreadcrumbList","@id":"https:\/\/pharmadreams.shop\/index.php\/product\/lierac-cica-filler-gel-creme-mat-anti-rides-reparateur-40ml\/#breadcrumb","itemListElement":[{"@type":"ListItem","position":1,"name":"Accueil","item":"https:\/\/pharmadreams.shop\/"},{"@type":"ListItem","position":2,"name":"Shop","item":"https:\/\/pharmadreams.shop\/index.php\/shop\/"},{"@type":"ListItem","position":3,"name":"Lierac cica-filler gel-creme mat anti-rides reparateur 40ml"}]},{"@type":"WebSite","@id":"https:\/\/pharmadreams.shop\/#website","url":"https:\/\/pharmadreams.shop\/","name":"pharmadreams","description":"Parapharmacie en ligne","potentialAction":[{"@type":"SearchAction","target":{"@type":"EntryPoint","urlTemplate":"https:\/\/pharmadreams.shop\/?s={search_term_string}"},"query-input":"required name=search_term_string"}],"inLanguage":"fr-FR"}]}},"_links":{"self":[{"href":"https:\/\/pharmadreams.shop\/index.php\/wp-json\/wp\/v2\/product\/16537","targetHints":{"allow":["GET"]}}],"collection":[{"href":"https:\/\/pharmadreams.shop\/index.php\/wp-json\/wp\/v2\/product"}],"about":[{"href":"https:\/\/pharmadreams.shop\/index.php\/wp-json\/wp\/v2\/types\/product"}],"replies":[{"embeddable":true,"href":"https:\/\/pharmadreams.shop\/index.php\/wp-json\/wp\/v2\/comments?post=16537"}],"version-history":[{"count":0,"href":"https:\/\/pharmadreams.shop\/index.php\/wp-json\/wp\/v2\/product\/16537\/revisions"}],"wp:featuredmedia":[{"embeddable":true,"href":"https:\/\/pharmadreams.shop\/index.php\/wp-json\/wp\/v2\/media\/16596"}],"wp:attachment":[{"href":"https:\/\/pharmadreams.shop\/index.php\/wp-json\/wp\/v2\/media?parent=16537"}],"wp:term":[{"taxonomy":"product_brand","embeddable":true,"href":"https:\/\/pharmadreams.shop\/index.php\/wp-json\/wp\/v2\/product_brand?post=16537"},{"taxonomy":"product_cat","embeddable":true,"href":"https:\/\/pharmadreams.shop\/index.php\/wp-json\/wp\/v2\/product_cat?post=16537"},{"taxonomy":"product_tag","embeddable":true,"href":"https:\/\/pharmadreams.shop\/index.php\/wp-json\/wp\/v2\/product_tag?post=16537"}],"curies":[{"name":"wp","href":"https:\/\/api.w.org\/{rel}","templated":true}]}}