{"id":16538,"date":"2023-12-19T19:35:36","date_gmt":"2023-12-19T18:35:36","guid":{"rendered":"https:\/\/venuspara.com\/?post_type=product&#038;p=16538"},"modified":"2023-12-19T19:36:15","modified_gmt":"2023-12-19T18:36:15","slug":"endocare-c-concentre-pur-7-x-1-ml","status":"publish","type":"product","link":"https:\/\/pharmadreams.shop\/index.php\/product\/endocare-c-concentre-pur-7-x-1-ml\/","title":{"rendered":"Endocare c concentr\u00e9 pur 7 x 1 ml"},"content":{"rendered":"","protected":false},"excerpt":{"rendered":"<p>Traitement antioxydant intensif \u00c9claircit et repulpe la peau Formule l\u00e9g\u00e8re et sans huile Con\u00e7u pour \u00eatre utilis\u00e9 quotidiennement pendant deux semaines.<\/p>\n<p>Endocare C concentr\u00e9 pur 7 x 1 mlEndocare C concentr\u00e9 pur 7 x 1 mlCiblez l&rsquo;apparence des dommages du soleil, des ridules et de la matit\u00e9 avec le nouveau concentr\u00e9 Endocare C Pure. Ce cours intensif de deux semaines est infus\u00e9 avec une concentration \u00e9lev\u00e9e de vitamine C antioxydante pour \u00e9claircir activement les taches sombres et stimuler la production de collag\u00e8ne dans les couches inf\u00e9rieures. SCA BioRepair Technology favorise la r\u00e9g\u00e9n\u00e9ration cellulaire et le rajeunissement, aidant \u00e0 adoucir l&rsquo;apparence des ridules et \u00e0 augmenter la fermet\u00e9 de la peau en peu de temps. Convient \u00e0 tous les types de peau, appliquer le contenu d&rsquo;une ampoule chaque jour (la moiti\u00e9 du matin et la moiti\u00e9 du soir) pour une peau nettoy\u00e9e sur le visage, le cou et la poitrine pour de meilleurs r\u00e9sultats.<\/p>\n","protected":false},"featured_media":16598,"comment_status":"open","ping_status":"closed","template":"","meta":[],"product_brand":[],"product_cat":[120,134],"product_tag":[],"class_list":{"0":"post-16538","1":"product","2":"type-product","3":"status-publish","4":"has-post-thumbnail","6":"product_cat-anti-rides","7":"product_cat-eclat","9":"first","10":"instock","11":"shipping-taxable","12":"purchasable","13":"product-type-simple"},"yoast_head":"<!-- This site is optimized with the Yoast SEO plugin v23.0 - https:\/\/yoast.com\/wordpress\/plugins\/seo\/ -->\n<title>Endocare c concentr\u00e9 pur 7 x 1 ml - pharmadreams<\/title>\n<meta name=\"robots\" content=\"index, follow, max-snippet:-1, max-image-preview:large, max-video-preview:-1\" \/>\n<link rel=\"canonical\" href=\"https:\/\/pharmadreams.shop\/index.php\/product\/endocare-c-concentre-pur-7-x-1-ml\/\" \/>\n<meta property=\"og:locale\" content=\"fr_FR\" \/>\n<meta property=\"og:type\" content=\"article\" \/>\n<meta property=\"og:title\" content=\"Endocare c concentr\u00e9 pur 7 x 1 ml - pharmadreams\" \/>\n<meta property=\"og:description\" content=\"Traitement antioxydant intensif \u00c9claircit et repulpe la peau Formule l\u00e9g\u00e8re et sans huile Con\u00e7u pour \u00eatre utilis\u00e9 quotidiennement pendant deux semaines.  Endocare C concentr\u00e9 pur 7 x 1 mlEndocare C concentr\u00e9 pur 7 x 1 mlCiblez l&#039;apparence des dommages du soleil, des ridules et de la matit\u00e9 avec le nouveau concentr\u00e9 Endocare C Pure. Ce cours intensif de deux semaines est infus\u00e9 avec une concentration \u00e9lev\u00e9e de vitamine C antioxydante pour \u00e9claircir activement les taches sombres et stimuler la production de collag\u00e8ne dans les couches inf\u00e9rieures. SCA BioRepair Technology favorise la r\u00e9g\u00e9n\u00e9ration cellulaire et le rajeunissement, aidant \u00e0 adoucir l&#039;apparence des ridules et \u00e0 augmenter la fermet\u00e9 de la peau en peu de temps. Convient \u00e0 tous les types de peau, appliquer le contenu d&#039;une ampoule chaque jour (la moiti\u00e9 du matin et la moiti\u00e9 du soir) pour une peau nettoy\u00e9e sur le visage, le cou et la poitrine pour de meilleurs r\u00e9sultats.\" \/>\n<meta property=\"og:url\" content=\"https:\/\/pharmadreams.shop\/index.php\/product\/endocare-c-concentre-pur-7-x-1-ml\/\" \/>\n<meta property=\"og:site_name\" content=\"pharmadreams\" \/>\n<meta property=\"article:modified_time\" content=\"2023-12-19T18:36:15+00:00\" \/>\n<meta property=\"og:image\" content=\"https:\/\/pharmadreams.shop\/wp-content\/uploads\/2023\/12\/endocare.png\" \/>\n\t<meta property=\"og:image:width\" content=\"809\" \/>\n\t<meta property=\"og:image:height\" content=\"730\" \/>\n\t<meta property=\"og:image:type\" content=\"image\/png\" \/>\n<meta name=\"twitter:card\" content=\"summary_large_image\" \/>\n<script type=\"application\/ld+json\" class=\"yoast-schema-graph\">{\"@context\":\"https:\/\/schema.org\",\"@graph\":[{\"@type\":\"WebPage\",\"@id\":\"https:\/\/pharmadreams.shop\/index.php\/product\/endocare-c-concentre-pur-7-x-1-ml\/\",\"url\":\"https:\/\/pharmadreams.shop\/index.php\/product\/endocare-c-concentre-pur-7-x-1-ml\/\",\"name\":\"Endocare c concentr\u00e9 pur 7 x 1 ml - pharmadreams\",\"isPartOf\":{\"@id\":\"https:\/\/pharmadreams.shop\/#website\"},\"primaryImageOfPage\":{\"@id\":\"https:\/\/pharmadreams.shop\/index.php\/product\/endocare-c-concentre-pur-7-x-1-ml\/#primaryimage\"},\"image\":{\"@id\":\"https:\/\/pharmadreams.shop\/index.php\/product\/endocare-c-concentre-pur-7-x-1-ml\/#primaryimage\"},\"thumbnailUrl\":\"https:\/\/pharmadreams.shop\/wp-content\/uploads\/2023\/12\/endocare.png\",\"datePublished\":\"2023-12-19T18:35:36+00:00\",\"dateModified\":\"2023-12-19T18:36:15+00:00\",\"breadcrumb\":{\"@id\":\"https:\/\/pharmadreams.shop\/index.php\/product\/endocare-c-concentre-pur-7-x-1-ml\/#breadcrumb\"},\"inLanguage\":\"fr-FR\",\"potentialAction\":[{\"@type\":\"ReadAction\",\"target\":[\"https:\/\/pharmadreams.shop\/index.php\/product\/endocare-c-concentre-pur-7-x-1-ml\/\"]}]},{\"@type\":\"ImageObject\",\"inLanguage\":\"fr-FR\",\"@id\":\"https:\/\/pharmadreams.shop\/index.php\/product\/endocare-c-concentre-pur-7-x-1-ml\/#primaryimage\",\"url\":\"https:\/\/pharmadreams.shop\/wp-content\/uploads\/2023\/12\/endocare.png\",\"contentUrl\":\"https:\/\/pharmadreams.shop\/wp-content\/uploads\/2023\/12\/endocare.png\",\"width\":809,\"height\":730},{\"@type\":\"BreadcrumbList\",\"@id\":\"https:\/\/pharmadreams.shop\/index.php\/product\/endocare-c-concentre-pur-7-x-1-ml\/#breadcrumb\",\"itemListElement\":[{\"@type\":\"ListItem\",\"position\":1,\"name\":\"Accueil\",\"item\":\"https:\/\/pharmadreams.shop\/\"},{\"@type\":\"ListItem\",\"position\":2,\"name\":\"Shop\",\"item\":\"https:\/\/pharmadreams.shop\/index.php\/shop\/\"},{\"@type\":\"ListItem\",\"position\":3,\"name\":\"Endocare c concentr\u00e9 pur 7 x 1 ml\"}]},{\"@type\":\"WebSite\",\"@id\":\"https:\/\/pharmadreams.shop\/#website\",\"url\":\"https:\/\/pharmadreams.shop\/\",\"name\":\"pharmadreams\",\"description\":\"Parapharmacie en ligne\",\"potentialAction\":[{\"@type\":\"SearchAction\",\"target\":{\"@type\":\"EntryPoint\",\"urlTemplate\":\"https:\/\/pharmadreams.shop\/?s={search_term_string}\"},\"query-input\":\"required name=search_term_string\"}],\"inLanguage\":\"fr-FR\"}]}<\/script>\n<!-- \/ Yoast SEO plugin. -->","yoast_head_json":{"title":"Endocare c concentr\u00e9 pur 7 x 1 ml - pharmadreams","robots":{"index":"index","follow":"follow","max-snippet":"max-snippet:-1","max-image-preview":"max-image-preview:large","max-video-preview":"max-video-preview:-1"},"canonical":"https:\/\/pharmadreams.shop\/index.php\/product\/endocare-c-concentre-pur-7-x-1-ml\/","og_locale":"fr_FR","og_type":"article","og_title":"Endocare c concentr\u00e9 pur 7 x 1 ml - pharmadreams","og_description":"Traitement antioxydant intensif \u00c9claircit et repulpe la peau Formule l\u00e9g\u00e8re et sans huile Con\u00e7u pour \u00eatre utilis\u00e9 quotidiennement pendant deux semaines.  Endocare C concentr\u00e9 pur 7 x 1 mlEndocare C concentr\u00e9 pur 7 x 1 mlCiblez l'apparence des dommages du soleil, des ridules et de la matit\u00e9 avec le nouveau concentr\u00e9 Endocare C Pure. Ce cours intensif de deux semaines est infus\u00e9 avec une concentration \u00e9lev\u00e9e de vitamine C antioxydante pour \u00e9claircir activement les taches sombres et stimuler la production de collag\u00e8ne dans les couches inf\u00e9rieures. SCA BioRepair Technology favorise la r\u00e9g\u00e9n\u00e9ration cellulaire et le rajeunissement, aidant \u00e0 adoucir l'apparence des ridules et \u00e0 augmenter la fermet\u00e9 de la peau en peu de temps. Convient \u00e0 tous les types de peau, appliquer le contenu d'une ampoule chaque jour (la moiti\u00e9 du matin et la moiti\u00e9 du soir) pour une peau nettoy\u00e9e sur le visage, le cou et la poitrine pour de meilleurs r\u00e9sultats.","og_url":"https:\/\/pharmadreams.shop\/index.php\/product\/endocare-c-concentre-pur-7-x-1-ml\/","og_site_name":"pharmadreams","article_modified_time":"2023-12-19T18:36:15+00:00","og_image":[{"width":809,"height":730,"url":"https:\/\/pharmadreams.shop\/wp-content\/uploads\/2023\/12\/endocare.png","type":"image\/png"}],"twitter_card":"summary_large_image","schema":{"@context":"https:\/\/schema.org","@graph":[{"@type":"WebPage","@id":"https:\/\/pharmadreams.shop\/index.php\/product\/endocare-c-concentre-pur-7-x-1-ml\/","url":"https:\/\/pharmadreams.shop\/index.php\/product\/endocare-c-concentre-pur-7-x-1-ml\/","name":"Endocare c concentr\u00e9 pur 7 x 1 ml - pharmadreams","isPartOf":{"@id":"https:\/\/pharmadreams.shop\/#website"},"primaryImageOfPage":{"@id":"https:\/\/pharmadreams.shop\/index.php\/product\/endocare-c-concentre-pur-7-x-1-ml\/#primaryimage"},"image":{"@id":"https:\/\/pharmadreams.shop\/index.php\/product\/endocare-c-concentre-pur-7-x-1-ml\/#primaryimage"},"thumbnailUrl":"https:\/\/pharmadreams.shop\/wp-content\/uploads\/2023\/12\/endocare.png","datePublished":"2023-12-19T18:35:36+00:00","dateModified":"2023-12-19T18:36:15+00:00","breadcrumb":{"@id":"https:\/\/pharmadreams.shop\/index.php\/product\/endocare-c-concentre-pur-7-x-1-ml\/#breadcrumb"},"inLanguage":"fr-FR","potentialAction":[{"@type":"ReadAction","target":["https:\/\/pharmadreams.shop\/index.php\/product\/endocare-c-concentre-pur-7-x-1-ml\/"]}]},{"@type":"ImageObject","inLanguage":"fr-FR","@id":"https:\/\/pharmadreams.shop\/index.php\/product\/endocare-c-concentre-pur-7-x-1-ml\/#primaryimage","url":"https:\/\/pharmadreams.shop\/wp-content\/uploads\/2023\/12\/endocare.png","contentUrl":"https:\/\/pharmadreams.shop\/wp-content\/uploads\/2023\/12\/endocare.png","width":809,"height":730},{"@type":"BreadcrumbList","@id":"https:\/\/pharmadreams.shop\/index.php\/product\/endocare-c-concentre-pur-7-x-1-ml\/#breadcrumb","itemListElement":[{"@type":"ListItem","position":1,"name":"Accueil","item":"https:\/\/pharmadreams.shop\/"},{"@type":"ListItem","position":2,"name":"Shop","item":"https:\/\/pharmadreams.shop\/index.php\/shop\/"},{"@type":"ListItem","position":3,"name":"Endocare c concentr\u00e9 pur 7 x 1 ml"}]},{"@type":"WebSite","@id":"https:\/\/pharmadreams.shop\/#website","url":"https:\/\/pharmadreams.shop\/","name":"pharmadreams","description":"Parapharmacie en ligne","potentialAction":[{"@type":"SearchAction","target":{"@type":"EntryPoint","urlTemplate":"https:\/\/pharmadreams.shop\/?s={search_term_string}"},"query-input":"required name=search_term_string"}],"inLanguage":"fr-FR"}]}},"_links":{"self":[{"href":"https:\/\/pharmadreams.shop\/index.php\/wp-json\/wp\/v2\/product\/16538","targetHints":{"allow":["GET"]}}],"collection":[{"href":"https:\/\/pharmadreams.shop\/index.php\/wp-json\/wp\/v2\/product"}],"about":[{"href":"https:\/\/pharmadreams.shop\/index.php\/wp-json\/wp\/v2\/types\/product"}],"replies":[{"embeddable":true,"href":"https:\/\/pharmadreams.shop\/index.php\/wp-json\/wp\/v2\/comments?post=16538"}],"version-history":[{"count":0,"href":"https:\/\/pharmadreams.shop\/index.php\/wp-json\/wp\/v2\/product\/16538\/revisions"}],"wp:featuredmedia":[{"embeddable":true,"href":"https:\/\/pharmadreams.shop\/index.php\/wp-json\/wp\/v2\/media\/16598"}],"wp:attachment":[{"href":"https:\/\/pharmadreams.shop\/index.php\/wp-json\/wp\/v2\/media?parent=16538"}],"wp:term":[{"taxonomy":"product_brand","embeddable":true,"href":"https:\/\/pharmadreams.shop\/index.php\/wp-json\/wp\/v2\/product_brand?post=16538"},{"taxonomy":"product_cat","embeddable":true,"href":"https:\/\/pharmadreams.shop\/index.php\/wp-json\/wp\/v2\/product_cat?post=16538"},{"taxonomy":"product_tag","embeddable":true,"href":"https:\/\/pharmadreams.shop\/index.php\/wp-json\/wp\/v2\/product_tag?post=16538"}],"curies":[{"name":"wp","href":"https:\/\/api.w.org\/{rel}","templated":true}]}}