{"id":16539,"date":"2023-12-19T19:35:37","date_gmt":"2023-12-19T18:35:37","guid":{"rendered":"https:\/\/venuspara.com\/?post_type=product&#038;p=16539"},"modified":"2024-03-16T00:37:16","modified_gmt":"2024-03-15T23:37:16","slug":"bioderma-pigmentbio-night-renewer","status":"publish","type":"product","link":"https:\/\/pharmadreams.shop\/index.php\/product\/bioderma-pigmentbio-night-renewer\/","title":{"rendered":"bioderma pigmentbio night renewer"},"content":{"rendered":"","protected":false},"excerpt":{"rendered":"<div id=\"content-wrapper\">\n<section id=\"main\">\n<div class=\"tabs style_0\">\n<div class=\"tab-content\">\n<div id=\"description\" class=\"tab-pane fade in active\" role=\"tabpanel\">\n<div class=\"product-description opened\">\n<p>Inspir\u00e9 des traitements de r\u00e9f\u00e9rence des dermatologues (comme le Trio de Kligman), le Laboratoire Bioderma a \u00e9labor\u00e9 la Technologie LumiReveal\u2122 pour apporter une r\u00e9ponse aux peaux hyperpigment\u00e9es, sans effets secondaires cutan\u00e9s associ\u00e9s.<\/p>\n<p>Cette technologie agit ainsi efficacement et durablement sur les 3 stades biologiques responsables de l&rsquo;hyperpigmentation, tout en assurant une bonne tol\u00e9rance.<\/p>\n<p>La Technologie LumiReveal\u2122, int\u00e9gr\u00e9e \u00e0 Pigmentbio Night Renewer est compl\u00e9t\u00e9e par une puissante combinaison de filtres ainsi qu&rsquo;un cocktail de vitamines essentielles \u00e0 la peau :<\/p>\n<p>&#8211; Les vitamines C et E prot\u00e8gent la peau de la pollution et du stress oxydatif qui favorisent le vieillissement cutan\u00e9 pr\u00e9matur\u00e9 dont les premiers signes visibles se traduisent par les taches;<\/p>\n<p>&#8211; La Vitamine PP reconstruit la barri\u00e8re cutan\u00e9e et la renforce pour maintenir une hydratation durable.<br \/>\nPigmentbio Night Renewer contient \u00e9galement un actif enti\u00e8rement d\u00e9di\u00e9 \u00e0 l&rsquo;action anti-\u00e2ge : l&rsquo;hexapeptide-2. Celui ci permet de r\u00e9guler la production de collag\u00e8ne pour une peau plus lisse et ferme d\u00e8s le matin. Il permet \u00e9galement de renforcer l&rsquo;action \u00e9claircissante du produit.<\/p>\n<\/div>\n<div class=\"button_readmore\"><span class=\"readmore_desc btn less\">Lire moins<\/span><\/div>\n<\/div>\n<\/div>\n<\/div>\n<footer class=\"page-footer\"><\/footer>\n<\/section>\n<\/div>\n<div id=\"field_product_cates_block\" class=\"block horizontal_mode clearfix\">\n<div class=\"top-title\"><\/div>\n<\/div>\n","protected":false},"featured_media":16600,"comment_status":"open","ping_status":"closed","template":"","meta":[],"product_brand":[],"product_cat":[134,98,123],"product_tag":[],"class_list":{"0":"post-16539","1":"product","2":"type-product","3":"status-publish","4":"has-post-thumbnail","6":"product_cat-eclat","7":"product_cat-hydratation","8":"product_cat-vitamines","10":"first","11":"instock","12":"shipping-taxable","13":"purchasable","14":"product-type-simple"},"yoast_head":"<!-- This site is optimized with the Yoast SEO plugin v23.0 - https:\/\/yoast.com\/wordpress\/plugins\/seo\/ -->\n<title>bioderma pigmentbio night renewer - pharmadreams<\/title>\n<meta name=\"robots\" content=\"index, follow, max-snippet:-1, max-image-preview:large, max-video-preview:-1\" \/>\n<link rel=\"canonical\" href=\"https:\/\/pharmadreams.shop\/index.php\/product\/bioderma-pigmentbio-night-renewer\/\" \/>\n<meta property=\"og:locale\" content=\"fr_FR\" \/>\n<meta property=\"og:type\" content=\"article\" \/>\n<meta property=\"og:title\" content=\"bioderma pigmentbio night renewer - pharmadreams\" \/>\n<meta property=\"og:description\" content=\"Inspir\u00e9 des traitements de r\u00e9f\u00e9rence des dermatologues (comme le Trio de Kligman), le Laboratoire Bioderma a \u00e9labor\u00e9 la Technologie LumiReveal\u2122 pour apporter une r\u00e9ponse aux peaux hyperpigment\u00e9es, sans effets secondaires cutan\u00e9s associ\u00e9s.  Cette technologie agit ainsi efficacement et durablement sur les 3 stades biologiques responsables de l&#039;hyperpigmentation, tout en assurant une bonne tol\u00e9rance.  La Technologie LumiReveal\u2122, int\u00e9gr\u00e9e \u00e0 Pigmentbio Night Renewer est compl\u00e9t\u00e9e par une puissante combinaison de filtres ainsi qu&#039;un cocktail de vitamines essentielles \u00e0 la peau :  - Les vitamines C et E prot\u00e8gent la peau de la pollution et du stress oxydatif qui favorisent le vieillissement cutan\u00e9 pr\u00e9matur\u00e9 dont les premiers signes visibles se traduisent par les taches;  - La Vitamine PP reconstruit la barri\u00e8re cutan\u00e9e et la renforce pour maintenir une hydratation durable. Pigmentbio Night Renewer contient \u00e9galement un actif enti\u00e8rement d\u00e9di\u00e9 \u00e0 l&#039;action anti-\u00e2ge : l&#039;hexapeptide-2. Celui ci permet de r\u00e9guler la production de collag\u00e8ne pour une peau plus lisse et ferme d\u00e8s le matin. Il permet \u00e9galement de renforcer l&#039;action \u00e9claircissante du produit.   Lire moins\" \/>\n<meta property=\"og:url\" content=\"https:\/\/pharmadreams.shop\/index.php\/product\/bioderma-pigmentbio-night-renewer\/\" \/>\n<meta property=\"og:site_name\" content=\"pharmadreams\" \/>\n<meta property=\"article:modified_time\" content=\"2024-03-15T23:37:16+00:00\" \/>\n<meta property=\"og:image\" content=\"https:\/\/pharmadreams.shop\/wp-content\/uploads\/2023\/12\/bioderma.png\" \/>\n\t<meta property=\"og:image:width\" content=\"809\" \/>\n\t<meta property=\"og:image:height\" content=\"730\" \/>\n\t<meta property=\"og:image:type\" content=\"image\/png\" \/>\n<meta name=\"twitter:card\" content=\"summary_large_image\" \/>\n<meta name=\"twitter:label1\" content=\"Dur\u00e9e de lecture estim\u00e9e\" \/>\n\t<meta name=\"twitter:data1\" content=\"1 minute\" \/>\n<script type=\"application\/ld+json\" class=\"yoast-schema-graph\">{\"@context\":\"https:\/\/schema.org\",\"@graph\":[{\"@type\":\"WebPage\",\"@id\":\"https:\/\/pharmadreams.shop\/index.php\/product\/bioderma-pigmentbio-night-renewer\/\",\"url\":\"https:\/\/pharmadreams.shop\/index.php\/product\/bioderma-pigmentbio-night-renewer\/\",\"name\":\"bioderma pigmentbio night renewer - pharmadreams\",\"isPartOf\":{\"@id\":\"https:\/\/pharmadreams.shop\/#website\"},\"primaryImageOfPage\":{\"@id\":\"https:\/\/pharmadreams.shop\/index.php\/product\/bioderma-pigmentbio-night-renewer\/#primaryimage\"},\"image\":{\"@id\":\"https:\/\/pharmadreams.shop\/index.php\/product\/bioderma-pigmentbio-night-renewer\/#primaryimage\"},\"thumbnailUrl\":\"https:\/\/pharmadreams.shop\/wp-content\/uploads\/2023\/12\/bioderma.png\",\"datePublished\":\"2023-12-19T18:35:37+00:00\",\"dateModified\":\"2024-03-15T23:37:16+00:00\",\"breadcrumb\":{\"@id\":\"https:\/\/pharmadreams.shop\/index.php\/product\/bioderma-pigmentbio-night-renewer\/#breadcrumb\"},\"inLanguage\":\"fr-FR\",\"potentialAction\":[{\"@type\":\"ReadAction\",\"target\":[\"https:\/\/pharmadreams.shop\/index.php\/product\/bioderma-pigmentbio-night-renewer\/\"]}]},{\"@type\":\"ImageObject\",\"inLanguage\":\"fr-FR\",\"@id\":\"https:\/\/pharmadreams.shop\/index.php\/product\/bioderma-pigmentbio-night-renewer\/#primaryimage\",\"url\":\"https:\/\/pharmadreams.shop\/wp-content\/uploads\/2023\/12\/bioderma.png\",\"contentUrl\":\"https:\/\/pharmadreams.shop\/wp-content\/uploads\/2023\/12\/bioderma.png\",\"width\":809,\"height\":730},{\"@type\":\"BreadcrumbList\",\"@id\":\"https:\/\/pharmadreams.shop\/index.php\/product\/bioderma-pigmentbio-night-renewer\/#breadcrumb\",\"itemListElement\":[{\"@type\":\"ListItem\",\"position\":1,\"name\":\"Accueil\",\"item\":\"https:\/\/pharmadreams.shop\/\"},{\"@type\":\"ListItem\",\"position\":2,\"name\":\"Shop\",\"item\":\"https:\/\/pharmadreams.shop\/index.php\/shop\/\"},{\"@type\":\"ListItem\",\"position\":3,\"name\":\"bioderma pigmentbio night renewer\"}]},{\"@type\":\"WebSite\",\"@id\":\"https:\/\/pharmadreams.shop\/#website\",\"url\":\"https:\/\/pharmadreams.shop\/\",\"name\":\"pharmadreams\",\"description\":\"Parapharmacie en ligne\",\"potentialAction\":[{\"@type\":\"SearchAction\",\"target\":{\"@type\":\"EntryPoint\",\"urlTemplate\":\"https:\/\/pharmadreams.shop\/?s={search_term_string}\"},\"query-input\":\"required name=search_term_string\"}],\"inLanguage\":\"fr-FR\"}]}<\/script>\n<!-- \/ Yoast SEO plugin. -->","yoast_head_json":{"title":"bioderma pigmentbio night renewer - pharmadreams","robots":{"index":"index","follow":"follow","max-snippet":"max-snippet:-1","max-image-preview":"max-image-preview:large","max-video-preview":"max-video-preview:-1"},"canonical":"https:\/\/pharmadreams.shop\/index.php\/product\/bioderma-pigmentbio-night-renewer\/","og_locale":"fr_FR","og_type":"article","og_title":"bioderma pigmentbio night renewer - pharmadreams","og_description":"Inspir\u00e9 des traitements de r\u00e9f\u00e9rence des dermatologues (comme le Trio de Kligman), le Laboratoire Bioderma a \u00e9labor\u00e9 la Technologie LumiReveal\u2122 pour apporter une r\u00e9ponse aux peaux hyperpigment\u00e9es, sans effets secondaires cutan\u00e9s associ\u00e9s.  Cette technologie agit ainsi efficacement et durablement sur les 3 stades biologiques responsables de l'hyperpigmentation, tout en assurant une bonne tol\u00e9rance.  La Technologie LumiReveal\u2122, int\u00e9gr\u00e9e \u00e0 Pigmentbio Night Renewer est compl\u00e9t\u00e9e par une puissante combinaison de filtres ainsi qu'un cocktail de vitamines essentielles \u00e0 la peau :  - Les vitamines C et E prot\u00e8gent la peau de la pollution et du stress oxydatif qui favorisent le vieillissement cutan\u00e9 pr\u00e9matur\u00e9 dont les premiers signes visibles se traduisent par les taches;  - La Vitamine PP reconstruit la barri\u00e8re cutan\u00e9e et la renforce pour maintenir une hydratation durable. Pigmentbio Night Renewer contient \u00e9galement un actif enti\u00e8rement d\u00e9di\u00e9 \u00e0 l'action anti-\u00e2ge : l'hexapeptide-2. Celui ci permet de r\u00e9guler la production de collag\u00e8ne pour une peau plus lisse et ferme d\u00e8s le matin. Il permet \u00e9galement de renforcer l'action \u00e9claircissante du produit.   Lire moins","og_url":"https:\/\/pharmadreams.shop\/index.php\/product\/bioderma-pigmentbio-night-renewer\/","og_site_name":"pharmadreams","article_modified_time":"2024-03-15T23:37:16+00:00","og_image":[{"width":809,"height":730,"url":"https:\/\/pharmadreams.shop\/wp-content\/uploads\/2023\/12\/bioderma.png","type":"image\/png"}],"twitter_card":"summary_large_image","twitter_misc":{"Dur\u00e9e de lecture estim\u00e9e":"1 minute"},"schema":{"@context":"https:\/\/schema.org","@graph":[{"@type":"WebPage","@id":"https:\/\/pharmadreams.shop\/index.php\/product\/bioderma-pigmentbio-night-renewer\/","url":"https:\/\/pharmadreams.shop\/index.php\/product\/bioderma-pigmentbio-night-renewer\/","name":"bioderma pigmentbio night renewer - pharmadreams","isPartOf":{"@id":"https:\/\/pharmadreams.shop\/#website"},"primaryImageOfPage":{"@id":"https:\/\/pharmadreams.shop\/index.php\/product\/bioderma-pigmentbio-night-renewer\/#primaryimage"},"image":{"@id":"https:\/\/pharmadreams.shop\/index.php\/product\/bioderma-pigmentbio-night-renewer\/#primaryimage"},"thumbnailUrl":"https:\/\/pharmadreams.shop\/wp-content\/uploads\/2023\/12\/bioderma.png","datePublished":"2023-12-19T18:35:37+00:00","dateModified":"2024-03-15T23:37:16+00:00","breadcrumb":{"@id":"https:\/\/pharmadreams.shop\/index.php\/product\/bioderma-pigmentbio-night-renewer\/#breadcrumb"},"inLanguage":"fr-FR","potentialAction":[{"@type":"ReadAction","target":["https:\/\/pharmadreams.shop\/index.php\/product\/bioderma-pigmentbio-night-renewer\/"]}]},{"@type":"ImageObject","inLanguage":"fr-FR","@id":"https:\/\/pharmadreams.shop\/index.php\/product\/bioderma-pigmentbio-night-renewer\/#primaryimage","url":"https:\/\/pharmadreams.shop\/wp-content\/uploads\/2023\/12\/bioderma.png","contentUrl":"https:\/\/pharmadreams.shop\/wp-content\/uploads\/2023\/12\/bioderma.png","width":809,"height":730},{"@type":"BreadcrumbList","@id":"https:\/\/pharmadreams.shop\/index.php\/product\/bioderma-pigmentbio-night-renewer\/#breadcrumb","itemListElement":[{"@type":"ListItem","position":1,"name":"Accueil","item":"https:\/\/pharmadreams.shop\/"},{"@type":"ListItem","position":2,"name":"Shop","item":"https:\/\/pharmadreams.shop\/index.php\/shop\/"},{"@type":"ListItem","position":3,"name":"bioderma pigmentbio night renewer"}]},{"@type":"WebSite","@id":"https:\/\/pharmadreams.shop\/#website","url":"https:\/\/pharmadreams.shop\/","name":"pharmadreams","description":"Parapharmacie en ligne","potentialAction":[{"@type":"SearchAction","target":{"@type":"EntryPoint","urlTemplate":"https:\/\/pharmadreams.shop\/?s={search_term_string}"},"query-input":"required name=search_term_string"}],"inLanguage":"fr-FR"}]}},"_links":{"self":[{"href":"https:\/\/pharmadreams.shop\/index.php\/wp-json\/wp\/v2\/product\/16539","targetHints":{"allow":["GET"]}}],"collection":[{"href":"https:\/\/pharmadreams.shop\/index.php\/wp-json\/wp\/v2\/product"}],"about":[{"href":"https:\/\/pharmadreams.shop\/index.php\/wp-json\/wp\/v2\/types\/product"}],"replies":[{"embeddable":true,"href":"https:\/\/pharmadreams.shop\/index.php\/wp-json\/wp\/v2\/comments?post=16539"}],"version-history":[{"count":0,"href":"https:\/\/pharmadreams.shop\/index.php\/wp-json\/wp\/v2\/product\/16539\/revisions"}],"wp:featuredmedia":[{"embeddable":true,"href":"https:\/\/pharmadreams.shop\/index.php\/wp-json\/wp\/v2\/media\/16600"}],"wp:attachment":[{"href":"https:\/\/pharmadreams.shop\/index.php\/wp-json\/wp\/v2\/media?parent=16539"}],"wp:term":[{"taxonomy":"product_brand","embeddable":true,"href":"https:\/\/pharmadreams.shop\/index.php\/wp-json\/wp\/v2\/product_brand?post=16539"},{"taxonomy":"product_cat","embeddable":true,"href":"https:\/\/pharmadreams.shop\/index.php\/wp-json\/wp\/v2\/product_cat?post=16539"},{"taxonomy":"product_tag","embeddable":true,"href":"https:\/\/pharmadreams.shop\/index.php\/wp-json\/wp\/v2\/product_tag?post=16539"}],"curies":[{"name":"wp","href":"https:\/\/api.w.org\/{rel}","templated":true}]}}