{"id":16541,"date":"2023-12-19T19:35:37","date_gmt":"2023-12-19T18:35:37","guid":{"rendered":"https:\/\/venuspara.com\/?post_type=product&#038;p=16541"},"modified":"2024-03-16T00:47:12","modified_gmt":"2024-03-15T23:47:12","slug":"acm-duolys-a-serum-retinol-intensif-anti-rides-30ml","status":"publish","type":"product","link":"https:\/\/pharmadreams.shop\/index.php\/product\/acm-duolys-a-serum-retinol-intensif-anti-rides-30ml\/","title":{"rendered":"Acm duolys.a s\u00e9rum retinol intensif anti-rides 30ml"},"content":{"rendered":"","protected":false},"excerpt":{"rendered":"<div class=\"row\">\n<div class=\"tabs\">\n<div id=\"tab-content\" class=\"tab-content\">\n<div id=\"description\" class=\"tab-pane fade in active\" role=\"tabpanel\">\n<div class=\"product-description\">\n<p>ACM DUOLYS.A SERUM RETINOL INTENSIF ANTI-RIDES est une huile s\u00e9rum l\u00e9g\u00e8re et non collante qui convient \u00e0 tous types de peaux \u00e0 partir de 30 ans. Il permet d&rsquo;aAm\u00e9liorer l\u2019apparence des signes de l\u2019\u00e2ge, affiner le grain de peau, lisse les rides et att\u00e9nuer les d\u00e9fauts cutan\u00e9. Avec seulement 10 ingr\u00e9dients et son association unique et synergique de R\u00e9tinol et Tocopheryl retinoate, Duolys.A am\u00e9liore les principaux signes de vieillissement cutan\u00e9 : rides, d\u00e9fauts cutan\u00e9s, texture de la peau, sans jamais l\u2019irriter tout en la prot\u00e9geant des m\u00e9faits du stress oxydatif. Jour apr\u00e8s jour, la peau para\u00eet plus ferme et le teint plus \u00e9clatant. Le grain de peau est affin\u00e9. Les rides sont moins visibles et les d\u00e9fauts cutan\u00e9s sont att\u00e9nu\u00e9s.<\/p>\n<\/div>\n<\/div>\n<\/div>\n<\/div>\n<\/div>\n<p id=\"loyalty_product\" class=\"align_justify\">\n","protected":false},"featured_media":16604,"comment_status":"open","ping_status":"closed","template":"","meta":[],"product_brand":[],"product_cat":[100,120,97,79,94,95,80],"product_tag":[],"class_list":{"0":"post-16541","1":"product","2":"type-product","3":"status-publish","4":"has-post-thumbnail","6":"product_cat-anti-age","7":"product_cat-anti-rides","8":"product_cat-anti-imperfection","9":"product_cat-peaux-seches","10":"product_cat-serum","11":"product_cat-skin-care","12":"product_cat-soins","14":"first","15":"instock","16":"shipping-taxable","17":"purchasable","18":"product-type-simple"},"yoast_head":"<!-- This site is optimized with the Yoast SEO plugin v23.0 - https:\/\/yoast.com\/wordpress\/plugins\/seo\/ -->\n<title>Acm duolys.a s\u00e9rum retinol intensif anti-rides 30ml - pharmadreams<\/title>\n<meta name=\"robots\" content=\"index, follow, max-snippet:-1, max-image-preview:large, max-video-preview:-1\" \/>\n<link rel=\"canonical\" href=\"https:\/\/pharmadreams.shop\/index.php\/product\/acm-duolys-a-serum-retinol-intensif-anti-rides-30ml\/\" \/>\n<meta property=\"og:locale\" content=\"fr_FR\" \/>\n<meta property=\"og:type\" content=\"article\" \/>\n<meta property=\"og:title\" content=\"Acm duolys.a s\u00e9rum retinol intensif anti-rides 30ml - pharmadreams\" \/>\n<meta property=\"og:description\" content=\"ACM DUOLYS.A SERUM RETINOL INTENSIF ANTI-RIDES est une huile s\u00e9rum l\u00e9g\u00e8re et non collante qui convient \u00e0 tous types de peaux \u00e0 partir de 30 ans. Il permet d&#039;aAm\u00e9liorer l\u2019apparence des signes de l\u2019\u00e2ge, affiner le grain de peau, lisse les rides et att\u00e9nuer les d\u00e9fauts cutan\u00e9. Avec seulement 10 ingr\u00e9dients et son association unique et synergique de R\u00e9tinol et Tocopheryl retinoate, Duolys.A am\u00e9liore les principaux signes de vieillissement cutan\u00e9 : rides, d\u00e9fauts cutan\u00e9s, texture de la peau, sans jamais l\u2019irriter tout en la prot\u00e9geant des m\u00e9faits du stress oxydatif. Jour apr\u00e8s jour, la peau para\u00eet plus ferme et le teint plus \u00e9clatant. Le grain de peau est affin\u00e9. Les rides sont moins visibles et les d\u00e9fauts cutan\u00e9s sont att\u00e9nu\u00e9s.\" \/>\n<meta property=\"og:url\" content=\"https:\/\/pharmadreams.shop\/index.php\/product\/acm-duolys-a-serum-retinol-intensif-anti-rides-30ml\/\" \/>\n<meta property=\"og:site_name\" content=\"pharmadreams\" \/>\n<meta property=\"article:modified_time\" content=\"2024-03-15T23:47:12+00:00\" \/>\n<meta property=\"og:image\" content=\"https:\/\/pharmadreams.shop\/wp-content\/uploads\/2023\/12\/ACM.png\" \/>\n\t<meta property=\"og:image:width\" content=\"800\" \/>\n\t<meta property=\"og:image:height\" content=\"768\" \/>\n\t<meta property=\"og:image:type\" content=\"image\/png\" \/>\n<meta name=\"twitter:card\" content=\"summary_large_image\" \/>\n<meta name=\"twitter:label1\" content=\"Dur\u00e9e de lecture estim\u00e9e\" \/>\n\t<meta name=\"twitter:data1\" content=\"1 minute\" \/>\n<script type=\"application\/ld+json\" class=\"yoast-schema-graph\">{\"@context\":\"https:\/\/schema.org\",\"@graph\":[{\"@type\":\"WebPage\",\"@id\":\"https:\/\/pharmadreams.shop\/index.php\/product\/acm-duolys-a-serum-retinol-intensif-anti-rides-30ml\/\",\"url\":\"https:\/\/pharmadreams.shop\/index.php\/product\/acm-duolys-a-serum-retinol-intensif-anti-rides-30ml\/\",\"name\":\"Acm duolys.a s\u00e9rum retinol intensif anti-rides 30ml - pharmadreams\",\"isPartOf\":{\"@id\":\"https:\/\/pharmadreams.shop\/#website\"},\"primaryImageOfPage\":{\"@id\":\"https:\/\/pharmadreams.shop\/index.php\/product\/acm-duolys-a-serum-retinol-intensif-anti-rides-30ml\/#primaryimage\"},\"image\":{\"@id\":\"https:\/\/pharmadreams.shop\/index.php\/product\/acm-duolys-a-serum-retinol-intensif-anti-rides-30ml\/#primaryimage\"},\"thumbnailUrl\":\"https:\/\/pharmadreams.shop\/wp-content\/uploads\/2023\/12\/ACM.png\",\"datePublished\":\"2023-12-19T18:35:37+00:00\",\"dateModified\":\"2024-03-15T23:47:12+00:00\",\"breadcrumb\":{\"@id\":\"https:\/\/pharmadreams.shop\/index.php\/product\/acm-duolys-a-serum-retinol-intensif-anti-rides-30ml\/#breadcrumb\"},\"inLanguage\":\"fr-FR\",\"potentialAction\":[{\"@type\":\"ReadAction\",\"target\":[\"https:\/\/pharmadreams.shop\/index.php\/product\/acm-duolys-a-serum-retinol-intensif-anti-rides-30ml\/\"]}]},{\"@type\":\"ImageObject\",\"inLanguage\":\"fr-FR\",\"@id\":\"https:\/\/pharmadreams.shop\/index.php\/product\/acm-duolys-a-serum-retinol-intensif-anti-rides-30ml\/#primaryimage\",\"url\":\"https:\/\/pharmadreams.shop\/wp-content\/uploads\/2023\/12\/ACM.png\",\"contentUrl\":\"https:\/\/pharmadreams.shop\/wp-content\/uploads\/2023\/12\/ACM.png\",\"width\":800,\"height\":768},{\"@type\":\"BreadcrumbList\",\"@id\":\"https:\/\/pharmadreams.shop\/index.php\/product\/acm-duolys-a-serum-retinol-intensif-anti-rides-30ml\/#breadcrumb\",\"itemListElement\":[{\"@type\":\"ListItem\",\"position\":1,\"name\":\"Accueil\",\"item\":\"https:\/\/pharmadreams.shop\/\"},{\"@type\":\"ListItem\",\"position\":2,\"name\":\"Shop\",\"item\":\"https:\/\/pharmadreams.shop\/index.php\/shop\/\"},{\"@type\":\"ListItem\",\"position\":3,\"name\":\"Acm duolys.a s\u00e9rum retinol intensif anti-rides 30ml\"}]},{\"@type\":\"WebSite\",\"@id\":\"https:\/\/pharmadreams.shop\/#website\",\"url\":\"https:\/\/pharmadreams.shop\/\",\"name\":\"pharmadreams\",\"description\":\"Parapharmacie en ligne\",\"potentialAction\":[{\"@type\":\"SearchAction\",\"target\":{\"@type\":\"EntryPoint\",\"urlTemplate\":\"https:\/\/pharmadreams.shop\/?s={search_term_string}\"},\"query-input\":\"required name=search_term_string\"}],\"inLanguage\":\"fr-FR\"}]}<\/script>\n<!-- \/ Yoast SEO plugin. -->","yoast_head_json":{"title":"Acm duolys.a s\u00e9rum retinol intensif anti-rides 30ml - pharmadreams","robots":{"index":"index","follow":"follow","max-snippet":"max-snippet:-1","max-image-preview":"max-image-preview:large","max-video-preview":"max-video-preview:-1"},"canonical":"https:\/\/pharmadreams.shop\/index.php\/product\/acm-duolys-a-serum-retinol-intensif-anti-rides-30ml\/","og_locale":"fr_FR","og_type":"article","og_title":"Acm duolys.a s\u00e9rum retinol intensif anti-rides 30ml - pharmadreams","og_description":"ACM DUOLYS.A SERUM RETINOL INTENSIF ANTI-RIDES est une huile s\u00e9rum l\u00e9g\u00e8re et non collante qui convient \u00e0 tous types de peaux \u00e0 partir de 30 ans. Il permet d'aAm\u00e9liorer l\u2019apparence des signes de l\u2019\u00e2ge, affiner le grain de peau, lisse les rides et att\u00e9nuer les d\u00e9fauts cutan\u00e9. Avec seulement 10 ingr\u00e9dients et son association unique et synergique de R\u00e9tinol et Tocopheryl retinoate, Duolys.A am\u00e9liore les principaux signes de vieillissement cutan\u00e9 : rides, d\u00e9fauts cutan\u00e9s, texture de la peau, sans jamais l\u2019irriter tout en la prot\u00e9geant des m\u00e9faits du stress oxydatif. Jour apr\u00e8s jour, la peau para\u00eet plus ferme et le teint plus \u00e9clatant. Le grain de peau est affin\u00e9. Les rides sont moins visibles et les d\u00e9fauts cutan\u00e9s sont att\u00e9nu\u00e9s.","og_url":"https:\/\/pharmadreams.shop\/index.php\/product\/acm-duolys-a-serum-retinol-intensif-anti-rides-30ml\/","og_site_name":"pharmadreams","article_modified_time":"2024-03-15T23:47:12+00:00","og_image":[{"width":800,"height":768,"url":"https:\/\/pharmadreams.shop\/wp-content\/uploads\/2023\/12\/ACM.png","type":"image\/png"}],"twitter_card":"summary_large_image","twitter_misc":{"Dur\u00e9e de lecture estim\u00e9e":"1 minute"},"schema":{"@context":"https:\/\/schema.org","@graph":[{"@type":"WebPage","@id":"https:\/\/pharmadreams.shop\/index.php\/product\/acm-duolys-a-serum-retinol-intensif-anti-rides-30ml\/","url":"https:\/\/pharmadreams.shop\/index.php\/product\/acm-duolys-a-serum-retinol-intensif-anti-rides-30ml\/","name":"Acm duolys.a s\u00e9rum retinol intensif anti-rides 30ml - pharmadreams","isPartOf":{"@id":"https:\/\/pharmadreams.shop\/#website"},"primaryImageOfPage":{"@id":"https:\/\/pharmadreams.shop\/index.php\/product\/acm-duolys-a-serum-retinol-intensif-anti-rides-30ml\/#primaryimage"},"image":{"@id":"https:\/\/pharmadreams.shop\/index.php\/product\/acm-duolys-a-serum-retinol-intensif-anti-rides-30ml\/#primaryimage"},"thumbnailUrl":"https:\/\/pharmadreams.shop\/wp-content\/uploads\/2023\/12\/ACM.png","datePublished":"2023-12-19T18:35:37+00:00","dateModified":"2024-03-15T23:47:12+00:00","breadcrumb":{"@id":"https:\/\/pharmadreams.shop\/index.php\/product\/acm-duolys-a-serum-retinol-intensif-anti-rides-30ml\/#breadcrumb"},"inLanguage":"fr-FR","potentialAction":[{"@type":"ReadAction","target":["https:\/\/pharmadreams.shop\/index.php\/product\/acm-duolys-a-serum-retinol-intensif-anti-rides-30ml\/"]}]},{"@type":"ImageObject","inLanguage":"fr-FR","@id":"https:\/\/pharmadreams.shop\/index.php\/product\/acm-duolys-a-serum-retinol-intensif-anti-rides-30ml\/#primaryimage","url":"https:\/\/pharmadreams.shop\/wp-content\/uploads\/2023\/12\/ACM.png","contentUrl":"https:\/\/pharmadreams.shop\/wp-content\/uploads\/2023\/12\/ACM.png","width":800,"height":768},{"@type":"BreadcrumbList","@id":"https:\/\/pharmadreams.shop\/index.php\/product\/acm-duolys-a-serum-retinol-intensif-anti-rides-30ml\/#breadcrumb","itemListElement":[{"@type":"ListItem","position":1,"name":"Accueil","item":"https:\/\/pharmadreams.shop\/"},{"@type":"ListItem","position":2,"name":"Shop","item":"https:\/\/pharmadreams.shop\/index.php\/shop\/"},{"@type":"ListItem","position":3,"name":"Acm duolys.a s\u00e9rum retinol intensif anti-rides 30ml"}]},{"@type":"WebSite","@id":"https:\/\/pharmadreams.shop\/#website","url":"https:\/\/pharmadreams.shop\/","name":"pharmadreams","description":"Parapharmacie en ligne","potentialAction":[{"@type":"SearchAction","target":{"@type":"EntryPoint","urlTemplate":"https:\/\/pharmadreams.shop\/?s={search_term_string}"},"query-input":"required name=search_term_string"}],"inLanguage":"fr-FR"}]}},"_links":{"self":[{"href":"https:\/\/pharmadreams.shop\/index.php\/wp-json\/wp\/v2\/product\/16541","targetHints":{"allow":["GET"]}}],"collection":[{"href":"https:\/\/pharmadreams.shop\/index.php\/wp-json\/wp\/v2\/product"}],"about":[{"href":"https:\/\/pharmadreams.shop\/index.php\/wp-json\/wp\/v2\/types\/product"}],"replies":[{"embeddable":true,"href":"https:\/\/pharmadreams.shop\/index.php\/wp-json\/wp\/v2\/comments?post=16541"}],"version-history":[{"count":0,"href":"https:\/\/pharmadreams.shop\/index.php\/wp-json\/wp\/v2\/product\/16541\/revisions"}],"wp:featuredmedia":[{"embeddable":true,"href":"https:\/\/pharmadreams.shop\/index.php\/wp-json\/wp\/v2\/media\/16604"}],"wp:attachment":[{"href":"https:\/\/pharmadreams.shop\/index.php\/wp-json\/wp\/v2\/media?parent=16541"}],"wp:term":[{"taxonomy":"product_brand","embeddable":true,"href":"https:\/\/pharmadreams.shop\/index.php\/wp-json\/wp\/v2\/product_brand?post=16541"},{"taxonomy":"product_cat","embeddable":true,"href":"https:\/\/pharmadreams.shop\/index.php\/wp-json\/wp\/v2\/product_cat?post=16541"},{"taxonomy":"product_tag","embeddable":true,"href":"https:\/\/pharmadreams.shop\/index.php\/wp-json\/wp\/v2\/product_tag?post=16541"}],"curies":[{"name":"wp","href":"https:\/\/api.w.org\/{rel}","templated":true}]}}