{"id":16542,"date":"2023-12-19T19:35:37","date_gmt":"2023-12-19T18:35:37","guid":{"rendered":"https:\/\/venuspara.com\/?post_type=product&#038;p=16542"},"modified":"2023-12-19T19:36:21","modified_gmt":"2023-12-19T18:36:21","slug":"acm-duolys-ce-serum-15ml","status":"publish","type":"product","link":"https:\/\/pharmadreams.shop\/index.php\/product\/acm-duolys-ce-serum-15ml\/","title":{"rendered":"Acm duolys.ce s\u00e9rum 15ml"},"content":{"rendered":"","protected":false},"excerpt":{"rendered":"<p>Meilleur alli\u00e9 des peaux ternes, ce s\u00e9rum leur offre une efficacit\u00e9 inegal\u00e9e gr\u00e2ce \u00e0 une haute teneur en vitamine c pure, puissant anti-oxydant. Pour les 30 ans et plus.<\/p>\n<p>Sa formule double et compartiment\u00e9e, permet \u00e0 Duolys CE de lutter simultan\u00e9ment contre tous les signes du vieillissement : rides et ridules, perte de fermet\u00e9, taches brunes et manque d\u2019\u00e9clat. La vitamine C pure dos\u00e9e \u00e0 15 % permet de bloquer les radicaux libres, de renforcer la production de collag\u00e8ne et de r\u00e9veiller l\u2019\u00e9clat du teint. Pour conserver sa stabilit\u00e9, la vitamine C est isol\u00e9e dans un compartiment qui la prot\u00e8ge. Chaque actif d\u00e9livre ainsi toute la puissance de son action anti-\u00e2ge sur le visage, le cou et le d\u00e9collet\u00e9, tout en respectant les peaux les plus fragiles.<\/p>\n<p>Le teint est unifi\u00e9, lumineux, les rides s\u2019estompent, le visage est sublim\u00e9.<\/p>\n<ul>\n<li>Type de peau Tous types de peaux : 30 ans et +<\/li>\n<li>Texture S\u00e9rum<\/li>\n<li>Quand Matin ou soir<\/li>\n<li>B\u00e9n\u00e9fices Raffermit, corrige, unifie, anti-taches<\/li>\n<li>Pr\u00e9sentation Flacon 15 ml<\/li>\n<\/ul>\n","protected":false},"featured_media":16606,"comment_status":"open","ping_status":"closed","template":"","meta":[],"product_brand":[],"product_cat":[146,94],"product_tag":[],"class_list":{"0":"post-16542","1":"product","2":"type-product","3":"status-publish","4":"has-post-thumbnail","6":"product_cat-antioxydant","7":"product_cat-serum","9":"first","10":"instock","11":"shipping-taxable","12":"purchasable","13":"product-type-simple"},"yoast_head":"<!-- This site is optimized with the Yoast SEO plugin v23.0 - https:\/\/yoast.com\/wordpress\/plugins\/seo\/ -->\n<title>Acm duolys.ce s\u00e9rum 15ml - pharmadreams<\/title>\n<meta name=\"robots\" content=\"index, follow, max-snippet:-1, max-image-preview:large, max-video-preview:-1\" \/>\n<link rel=\"canonical\" href=\"https:\/\/pharmadreams.shop\/index.php\/product\/acm-duolys-ce-serum-15ml\/\" \/>\n<meta property=\"og:locale\" content=\"fr_FR\" \/>\n<meta property=\"og:type\" content=\"article\" \/>\n<meta property=\"og:title\" content=\"Acm duolys.ce s\u00e9rum 15ml - pharmadreams\" \/>\n<meta property=\"og:description\" content=\"Meilleur alli\u00e9 des peaux ternes, ce s\u00e9rum leur offre une efficacit\u00e9 inegal\u00e9e gr\u00e2ce \u00e0 une haute teneur en vitamine c pure, puissant anti-oxydant. Pour les 30 ans et plus.  Sa formule double et compartiment\u00e9e, permet \u00e0 Duolys CE de lutter simultan\u00e9ment contre tous les signes du vieillissement : rides et ridules, perte de fermet\u00e9, taches brunes et manque d\u2019\u00e9clat. La vitamine C pure dos\u00e9e \u00e0 15 % permet de bloquer les radicaux libres, de renforcer la production de collag\u00e8ne et de r\u00e9veiller l\u2019\u00e9clat du teint. Pour conserver sa stabilit\u00e9, la vitamine C est isol\u00e9e dans un compartiment qui la prot\u00e8ge. Chaque actif d\u00e9livre ainsi toute la puissance de son action anti-\u00e2ge sur le visage, le cou et le d\u00e9collet\u00e9, tout en respectant les peaux les plus fragiles.  Le teint est unifi\u00e9, lumineux, les rides s\u2019estompent, le visage est sublim\u00e9.   Type de peau Tous types de peaux : 30 ans et +  Texture S\u00e9rum  Quand Matin ou soir  B\u00e9n\u00e9fices Raffermit, corrige, unifie, anti-taches  Pr\u00e9sentation Flacon 15 ml\" \/>\n<meta property=\"og:url\" content=\"https:\/\/pharmadreams.shop\/index.php\/product\/acm-duolys-ce-serum-15ml\/\" \/>\n<meta property=\"og:site_name\" content=\"pharmadreams\" \/>\n<meta property=\"article:modified_time\" content=\"2023-12-19T18:36:21+00:00\" \/>\n<meta property=\"og:image\" content=\"https:\/\/pharmadreams.shop\/wp-content\/uploads\/2023\/12\/acmm.png\" \/>\n\t<meta property=\"og:image:width\" content=\"556\" \/>\n\t<meta property=\"og:image:height\" content=\"644\" \/>\n\t<meta property=\"og:image:type\" content=\"image\/png\" \/>\n<meta name=\"twitter:card\" content=\"summary_large_image\" \/>\n<script type=\"application\/ld+json\" class=\"yoast-schema-graph\">{\"@context\":\"https:\/\/schema.org\",\"@graph\":[{\"@type\":\"WebPage\",\"@id\":\"https:\/\/pharmadreams.shop\/index.php\/product\/acm-duolys-ce-serum-15ml\/\",\"url\":\"https:\/\/pharmadreams.shop\/index.php\/product\/acm-duolys-ce-serum-15ml\/\",\"name\":\"Acm duolys.ce s\u00e9rum 15ml - pharmadreams\",\"isPartOf\":{\"@id\":\"https:\/\/pharmadreams.shop\/#website\"},\"primaryImageOfPage\":{\"@id\":\"https:\/\/pharmadreams.shop\/index.php\/product\/acm-duolys-ce-serum-15ml\/#primaryimage\"},\"image\":{\"@id\":\"https:\/\/pharmadreams.shop\/index.php\/product\/acm-duolys-ce-serum-15ml\/#primaryimage\"},\"thumbnailUrl\":\"https:\/\/pharmadreams.shop\/wp-content\/uploads\/2023\/12\/acmm.png\",\"datePublished\":\"2023-12-19T18:35:37+00:00\",\"dateModified\":\"2023-12-19T18:36:21+00:00\",\"breadcrumb\":{\"@id\":\"https:\/\/pharmadreams.shop\/index.php\/product\/acm-duolys-ce-serum-15ml\/#breadcrumb\"},\"inLanguage\":\"fr-FR\",\"potentialAction\":[{\"@type\":\"ReadAction\",\"target\":[\"https:\/\/pharmadreams.shop\/index.php\/product\/acm-duolys-ce-serum-15ml\/\"]}]},{\"@type\":\"ImageObject\",\"inLanguage\":\"fr-FR\",\"@id\":\"https:\/\/pharmadreams.shop\/index.php\/product\/acm-duolys-ce-serum-15ml\/#primaryimage\",\"url\":\"https:\/\/pharmadreams.shop\/wp-content\/uploads\/2023\/12\/acmm.png\",\"contentUrl\":\"https:\/\/pharmadreams.shop\/wp-content\/uploads\/2023\/12\/acmm.png\",\"width\":556,\"height\":644},{\"@type\":\"BreadcrumbList\",\"@id\":\"https:\/\/pharmadreams.shop\/index.php\/product\/acm-duolys-ce-serum-15ml\/#breadcrumb\",\"itemListElement\":[{\"@type\":\"ListItem\",\"position\":1,\"name\":\"Accueil\",\"item\":\"https:\/\/pharmadreams.shop\/\"},{\"@type\":\"ListItem\",\"position\":2,\"name\":\"Shop\",\"item\":\"https:\/\/pharmadreams.shop\/index.php\/shop\/\"},{\"@type\":\"ListItem\",\"position\":3,\"name\":\"Acm duolys.ce s\u00e9rum 15ml\"}]},{\"@type\":\"WebSite\",\"@id\":\"https:\/\/pharmadreams.shop\/#website\",\"url\":\"https:\/\/pharmadreams.shop\/\",\"name\":\"pharmadreams\",\"description\":\"Parapharmacie en ligne\",\"potentialAction\":[{\"@type\":\"SearchAction\",\"target\":{\"@type\":\"EntryPoint\",\"urlTemplate\":\"https:\/\/pharmadreams.shop\/?s={search_term_string}\"},\"query-input\":\"required name=search_term_string\"}],\"inLanguage\":\"fr-FR\"}]}<\/script>\n<!-- \/ Yoast SEO plugin. -->","yoast_head_json":{"title":"Acm duolys.ce s\u00e9rum 15ml - pharmadreams","robots":{"index":"index","follow":"follow","max-snippet":"max-snippet:-1","max-image-preview":"max-image-preview:large","max-video-preview":"max-video-preview:-1"},"canonical":"https:\/\/pharmadreams.shop\/index.php\/product\/acm-duolys-ce-serum-15ml\/","og_locale":"fr_FR","og_type":"article","og_title":"Acm duolys.ce s\u00e9rum 15ml - pharmadreams","og_description":"Meilleur alli\u00e9 des peaux ternes, ce s\u00e9rum leur offre une efficacit\u00e9 inegal\u00e9e gr\u00e2ce \u00e0 une haute teneur en vitamine c pure, puissant anti-oxydant. Pour les 30 ans et plus.  Sa formule double et compartiment\u00e9e, permet \u00e0 Duolys CE de lutter simultan\u00e9ment contre tous les signes du vieillissement : rides et ridules, perte de fermet\u00e9, taches brunes et manque d\u2019\u00e9clat. La vitamine C pure dos\u00e9e \u00e0 15 % permet de bloquer les radicaux libres, de renforcer la production de collag\u00e8ne et de r\u00e9veiller l\u2019\u00e9clat du teint. Pour conserver sa stabilit\u00e9, la vitamine C est isol\u00e9e dans un compartiment qui la prot\u00e8ge. Chaque actif d\u00e9livre ainsi toute la puissance de son action anti-\u00e2ge sur le visage, le cou et le d\u00e9collet\u00e9, tout en respectant les peaux les plus fragiles.  Le teint est unifi\u00e9, lumineux, les rides s\u2019estompent, le visage est sublim\u00e9.   Type de peau Tous types de peaux : 30 ans et +  Texture S\u00e9rum  Quand Matin ou soir  B\u00e9n\u00e9fices Raffermit, corrige, unifie, anti-taches  Pr\u00e9sentation Flacon 15 ml","og_url":"https:\/\/pharmadreams.shop\/index.php\/product\/acm-duolys-ce-serum-15ml\/","og_site_name":"pharmadreams","article_modified_time":"2023-12-19T18:36:21+00:00","og_image":[{"width":556,"height":644,"url":"https:\/\/pharmadreams.shop\/wp-content\/uploads\/2023\/12\/acmm.png","type":"image\/png"}],"twitter_card":"summary_large_image","schema":{"@context":"https:\/\/schema.org","@graph":[{"@type":"WebPage","@id":"https:\/\/pharmadreams.shop\/index.php\/product\/acm-duolys-ce-serum-15ml\/","url":"https:\/\/pharmadreams.shop\/index.php\/product\/acm-duolys-ce-serum-15ml\/","name":"Acm duolys.ce s\u00e9rum 15ml - pharmadreams","isPartOf":{"@id":"https:\/\/pharmadreams.shop\/#website"},"primaryImageOfPage":{"@id":"https:\/\/pharmadreams.shop\/index.php\/product\/acm-duolys-ce-serum-15ml\/#primaryimage"},"image":{"@id":"https:\/\/pharmadreams.shop\/index.php\/product\/acm-duolys-ce-serum-15ml\/#primaryimage"},"thumbnailUrl":"https:\/\/pharmadreams.shop\/wp-content\/uploads\/2023\/12\/acmm.png","datePublished":"2023-12-19T18:35:37+00:00","dateModified":"2023-12-19T18:36:21+00:00","breadcrumb":{"@id":"https:\/\/pharmadreams.shop\/index.php\/product\/acm-duolys-ce-serum-15ml\/#breadcrumb"},"inLanguage":"fr-FR","potentialAction":[{"@type":"ReadAction","target":["https:\/\/pharmadreams.shop\/index.php\/product\/acm-duolys-ce-serum-15ml\/"]}]},{"@type":"ImageObject","inLanguage":"fr-FR","@id":"https:\/\/pharmadreams.shop\/index.php\/product\/acm-duolys-ce-serum-15ml\/#primaryimage","url":"https:\/\/pharmadreams.shop\/wp-content\/uploads\/2023\/12\/acmm.png","contentUrl":"https:\/\/pharmadreams.shop\/wp-content\/uploads\/2023\/12\/acmm.png","width":556,"height":644},{"@type":"BreadcrumbList","@id":"https:\/\/pharmadreams.shop\/index.php\/product\/acm-duolys-ce-serum-15ml\/#breadcrumb","itemListElement":[{"@type":"ListItem","position":1,"name":"Accueil","item":"https:\/\/pharmadreams.shop\/"},{"@type":"ListItem","position":2,"name":"Shop","item":"https:\/\/pharmadreams.shop\/index.php\/shop\/"},{"@type":"ListItem","position":3,"name":"Acm duolys.ce s\u00e9rum 15ml"}]},{"@type":"WebSite","@id":"https:\/\/pharmadreams.shop\/#website","url":"https:\/\/pharmadreams.shop\/","name":"pharmadreams","description":"Parapharmacie en ligne","potentialAction":[{"@type":"SearchAction","target":{"@type":"EntryPoint","urlTemplate":"https:\/\/pharmadreams.shop\/?s={search_term_string}"},"query-input":"required name=search_term_string"}],"inLanguage":"fr-FR"}]}},"_links":{"self":[{"href":"https:\/\/pharmadreams.shop\/index.php\/wp-json\/wp\/v2\/product\/16542","targetHints":{"allow":["GET"]}}],"collection":[{"href":"https:\/\/pharmadreams.shop\/index.php\/wp-json\/wp\/v2\/product"}],"about":[{"href":"https:\/\/pharmadreams.shop\/index.php\/wp-json\/wp\/v2\/types\/product"}],"replies":[{"embeddable":true,"href":"https:\/\/pharmadreams.shop\/index.php\/wp-json\/wp\/v2\/comments?post=16542"}],"version-history":[{"count":0,"href":"https:\/\/pharmadreams.shop\/index.php\/wp-json\/wp\/v2\/product\/16542\/revisions"}],"wp:featuredmedia":[{"embeddable":true,"href":"https:\/\/pharmadreams.shop\/index.php\/wp-json\/wp\/v2\/media\/16606"}],"wp:attachment":[{"href":"https:\/\/pharmadreams.shop\/index.php\/wp-json\/wp\/v2\/media?parent=16542"}],"wp:term":[{"taxonomy":"product_brand","embeddable":true,"href":"https:\/\/pharmadreams.shop\/index.php\/wp-json\/wp\/v2\/product_brand?post=16542"},{"taxonomy":"product_cat","embeddable":true,"href":"https:\/\/pharmadreams.shop\/index.php\/wp-json\/wp\/v2\/product_cat?post=16542"},{"taxonomy":"product_tag","embeddable":true,"href":"https:\/\/pharmadreams.shop\/index.php\/wp-json\/wp\/v2\/product_tag?post=16542"}],"curies":[{"name":"wp","href":"https:\/\/api.w.org\/{rel}","templated":true}]}}