{"id":16543,"date":"2023-12-19T19:35:37","date_gmt":"2023-12-19T18:35:37","guid":{"rendered":"https:\/\/venuspara.com\/?post_type=product&#038;p=16543"},"modified":"2024-03-16T00:47:30","modified_gmt":"2024-03-15T23:47:30","slug":"acm-viticolor-gel-50ml","status":"publish","type":"product","link":"https:\/\/pharmadreams.shop\/index.php\/product\/acm-viticolor-gel-50ml\/","title":{"rendered":"Acm viticolor gel 50ml"},"content":{"rendered":"","protected":false},"excerpt":{"rendered":"<div id=\"product-description-57\" class=\"product-description\">\n<p>Le gel Viticolor associe :<br \/>\n\u2013 des agents colorants qui donnent une\u00a0<strong>coloration imm\u00e9diate<\/strong>\u00a0\u00e0 la peau permettant ainsi de visualiser la zone d\u2019application.<br \/>\n\u2013 des agents pigmentants (DHA et Erythrulose), qui assurent une\u00a0<strong>coloration plus en profondeur et plus durable<\/strong>. Cette coloration appara\u00eet quelques heures apr\u00e8s l\u2019application.<\/p>\n<p>Il s\u2019applique avec un pinceau aussi bien sur le corps que sur le visage. Son action colorante masque efficacement la d\u00e9pigmentation et am\u00e9liore la qualit\u00e9 de vie des personnes atteintes de vitiligo.<\/p>\n<\/div>\n<section class=\"product-features\">\n<ul class=\"data-sheet\">\n<li><span class=\"name\">TYPE DE PEAU<\/span><span class=\"value\">Vitiligineuses<\/span><\/li>\n<li><span class=\"name\">TEXTURE<\/span><span class=\"value\">Gel teint\u00e9<\/span><\/li>\n<li><span class=\"name\">QUAND<\/span><span class=\"value\">1 \u00e0 2 fois\/semaine<\/span><\/li>\n<li><span class=\"name\">B\u00c9N\u00c9FICES<\/span><span class=\"value\">Colore les zones d\u00e9pigment\u00e9es de mani\u00e8re durable \u2013 Visage et Corps<\/span><\/li>\n<li><span class=\"name\">PR\u00c9SENTATION<\/span><span class=\"value\">Tube 50ml<\/span><\/li>\n<\/ul>\n<\/section>\n","protected":false},"featured_media":16608,"comment_status":"open","ping_status":"closed","template":"","meta":[],"product_brand":[],"product_cat":[114,83],"product_tag":[],"class_list":{"0":"post-16543","1":"product","2":"type-product","3":"status-publish","4":"has-post-thumbnail","6":"product_cat-gel","7":"product_cat-uncategorized","9":"first","10":"instock","11":"shipping-taxable","12":"purchasable","13":"product-type-simple"},"yoast_head":"<!-- This site is optimized with the Yoast SEO plugin v23.0 - https:\/\/yoast.com\/wordpress\/plugins\/seo\/ -->\n<title>Acm viticolor gel 50ml - pharmadreams<\/title>\n<meta name=\"robots\" content=\"index, follow, max-snippet:-1, max-image-preview:large, max-video-preview:-1\" \/>\n<link rel=\"canonical\" href=\"https:\/\/pharmadreams.shop\/index.php\/product\/acm-viticolor-gel-50ml\/\" \/>\n<meta property=\"og:locale\" content=\"fr_FR\" \/>\n<meta property=\"og:type\" content=\"article\" \/>\n<meta property=\"og:title\" content=\"Acm viticolor gel 50ml - pharmadreams\" \/>\n<meta property=\"og:description\" content=\"Le gel Viticolor associe : \u2013 des agents colorants qui donnent une\u00a0coloration imm\u00e9diate\u00a0\u00e0 la peau permettant ainsi de visualiser la zone d\u2019application. \u2013 des agents pigmentants (DHA et Erythrulose), qui assurent une\u00a0coloration plus en profondeur et plus durable. Cette coloration appara\u00eet quelques heures apr\u00e8s l\u2019application.  Il s\u2019applique avec un pinceau aussi bien sur le corps que sur le visage. Son action colorante masque efficacement la d\u00e9pigmentation et am\u00e9liore la qualit\u00e9 de vie des personnes atteintes de vitiligo.      TYPE DE PEAUVitiligineuses  TEXTUREGel teint\u00e9  QUAND1 \u00e0 2 fois\/semaine  B\u00c9N\u00c9FICESColore les zones d\u00e9pigment\u00e9es de mani\u00e8re durable \u2013 Visage et Corps  PR\u00c9SENTATIONTube 50ml\" \/>\n<meta property=\"og:url\" content=\"https:\/\/pharmadreams.shop\/index.php\/product\/acm-viticolor-gel-50ml\/\" \/>\n<meta property=\"og:site_name\" content=\"pharmadreams\" \/>\n<meta property=\"article:modified_time\" content=\"2024-03-15T23:47:30+00:00\" \/>\n<meta property=\"og:image\" content=\"https:\/\/pharmadreams.shop\/wp-content\/uploads\/2023\/12\/acmm-1.png\" \/>\n\t<meta property=\"og:image:width\" content=\"792\" \/>\n\t<meta property=\"og:image:height\" content=\"912\" \/>\n\t<meta property=\"og:image:type\" content=\"image\/png\" \/>\n<meta name=\"twitter:card\" content=\"summary_large_image\" \/>\n<meta name=\"twitter:label1\" content=\"Dur\u00e9e de lecture estim\u00e9e\" \/>\n\t<meta name=\"twitter:data1\" content=\"1 minute\" \/>\n<script type=\"application\/ld+json\" class=\"yoast-schema-graph\">{\"@context\":\"https:\/\/schema.org\",\"@graph\":[{\"@type\":\"WebPage\",\"@id\":\"https:\/\/pharmadreams.shop\/index.php\/product\/acm-viticolor-gel-50ml\/\",\"url\":\"https:\/\/pharmadreams.shop\/index.php\/product\/acm-viticolor-gel-50ml\/\",\"name\":\"Acm viticolor gel 50ml - pharmadreams\",\"isPartOf\":{\"@id\":\"https:\/\/pharmadreams.shop\/#website\"},\"primaryImageOfPage\":{\"@id\":\"https:\/\/pharmadreams.shop\/index.php\/product\/acm-viticolor-gel-50ml\/#primaryimage\"},\"image\":{\"@id\":\"https:\/\/pharmadreams.shop\/index.php\/product\/acm-viticolor-gel-50ml\/#primaryimage\"},\"thumbnailUrl\":\"https:\/\/pharmadreams.shop\/wp-content\/uploads\/2023\/12\/acmm-1.png\",\"datePublished\":\"2023-12-19T18:35:37+00:00\",\"dateModified\":\"2024-03-15T23:47:30+00:00\",\"breadcrumb\":{\"@id\":\"https:\/\/pharmadreams.shop\/index.php\/product\/acm-viticolor-gel-50ml\/#breadcrumb\"},\"inLanguage\":\"fr-FR\",\"potentialAction\":[{\"@type\":\"ReadAction\",\"target\":[\"https:\/\/pharmadreams.shop\/index.php\/product\/acm-viticolor-gel-50ml\/\"]}]},{\"@type\":\"ImageObject\",\"inLanguage\":\"fr-FR\",\"@id\":\"https:\/\/pharmadreams.shop\/index.php\/product\/acm-viticolor-gel-50ml\/#primaryimage\",\"url\":\"https:\/\/pharmadreams.shop\/wp-content\/uploads\/2023\/12\/acmm-1.png\",\"contentUrl\":\"https:\/\/pharmadreams.shop\/wp-content\/uploads\/2023\/12\/acmm-1.png\",\"width\":792,\"height\":912},{\"@type\":\"BreadcrumbList\",\"@id\":\"https:\/\/pharmadreams.shop\/index.php\/product\/acm-viticolor-gel-50ml\/#breadcrumb\",\"itemListElement\":[{\"@type\":\"ListItem\",\"position\":1,\"name\":\"Accueil\",\"item\":\"https:\/\/pharmadreams.shop\/\"},{\"@type\":\"ListItem\",\"position\":2,\"name\":\"Shop\",\"item\":\"https:\/\/pharmadreams.shop\/index.php\/shop\/\"},{\"@type\":\"ListItem\",\"position\":3,\"name\":\"Acm viticolor gel 50ml\"}]},{\"@type\":\"WebSite\",\"@id\":\"https:\/\/pharmadreams.shop\/#website\",\"url\":\"https:\/\/pharmadreams.shop\/\",\"name\":\"pharmadreams\",\"description\":\"Parapharmacie en ligne\",\"potentialAction\":[{\"@type\":\"SearchAction\",\"target\":{\"@type\":\"EntryPoint\",\"urlTemplate\":\"https:\/\/pharmadreams.shop\/?s={search_term_string}\"},\"query-input\":\"required name=search_term_string\"}],\"inLanguage\":\"fr-FR\"}]}<\/script>\n<!-- \/ Yoast SEO plugin. -->","yoast_head_json":{"title":"Acm viticolor gel 50ml - pharmadreams","robots":{"index":"index","follow":"follow","max-snippet":"max-snippet:-1","max-image-preview":"max-image-preview:large","max-video-preview":"max-video-preview:-1"},"canonical":"https:\/\/pharmadreams.shop\/index.php\/product\/acm-viticolor-gel-50ml\/","og_locale":"fr_FR","og_type":"article","og_title":"Acm viticolor gel 50ml - pharmadreams","og_description":"Le gel Viticolor associe : \u2013 des agents colorants qui donnent une\u00a0coloration imm\u00e9diate\u00a0\u00e0 la peau permettant ainsi de visualiser la zone d\u2019application. \u2013 des agents pigmentants (DHA et Erythrulose), qui assurent une\u00a0coloration plus en profondeur et plus durable. Cette coloration appara\u00eet quelques heures apr\u00e8s l\u2019application.  Il s\u2019applique avec un pinceau aussi bien sur le corps que sur le visage. Son action colorante masque efficacement la d\u00e9pigmentation et am\u00e9liore la qualit\u00e9 de vie des personnes atteintes de vitiligo.      TYPE DE PEAUVitiligineuses  TEXTUREGel teint\u00e9  QUAND1 \u00e0 2 fois\/semaine  B\u00c9N\u00c9FICESColore les zones d\u00e9pigment\u00e9es de mani\u00e8re durable \u2013 Visage et Corps  PR\u00c9SENTATIONTube 50ml","og_url":"https:\/\/pharmadreams.shop\/index.php\/product\/acm-viticolor-gel-50ml\/","og_site_name":"pharmadreams","article_modified_time":"2024-03-15T23:47:30+00:00","og_image":[{"width":792,"height":912,"url":"https:\/\/pharmadreams.shop\/wp-content\/uploads\/2023\/12\/acmm-1.png","type":"image\/png"}],"twitter_card":"summary_large_image","twitter_misc":{"Dur\u00e9e de lecture estim\u00e9e":"1 minute"},"schema":{"@context":"https:\/\/schema.org","@graph":[{"@type":"WebPage","@id":"https:\/\/pharmadreams.shop\/index.php\/product\/acm-viticolor-gel-50ml\/","url":"https:\/\/pharmadreams.shop\/index.php\/product\/acm-viticolor-gel-50ml\/","name":"Acm viticolor gel 50ml - pharmadreams","isPartOf":{"@id":"https:\/\/pharmadreams.shop\/#website"},"primaryImageOfPage":{"@id":"https:\/\/pharmadreams.shop\/index.php\/product\/acm-viticolor-gel-50ml\/#primaryimage"},"image":{"@id":"https:\/\/pharmadreams.shop\/index.php\/product\/acm-viticolor-gel-50ml\/#primaryimage"},"thumbnailUrl":"https:\/\/pharmadreams.shop\/wp-content\/uploads\/2023\/12\/acmm-1.png","datePublished":"2023-12-19T18:35:37+00:00","dateModified":"2024-03-15T23:47:30+00:00","breadcrumb":{"@id":"https:\/\/pharmadreams.shop\/index.php\/product\/acm-viticolor-gel-50ml\/#breadcrumb"},"inLanguage":"fr-FR","potentialAction":[{"@type":"ReadAction","target":["https:\/\/pharmadreams.shop\/index.php\/product\/acm-viticolor-gel-50ml\/"]}]},{"@type":"ImageObject","inLanguage":"fr-FR","@id":"https:\/\/pharmadreams.shop\/index.php\/product\/acm-viticolor-gel-50ml\/#primaryimage","url":"https:\/\/pharmadreams.shop\/wp-content\/uploads\/2023\/12\/acmm-1.png","contentUrl":"https:\/\/pharmadreams.shop\/wp-content\/uploads\/2023\/12\/acmm-1.png","width":792,"height":912},{"@type":"BreadcrumbList","@id":"https:\/\/pharmadreams.shop\/index.php\/product\/acm-viticolor-gel-50ml\/#breadcrumb","itemListElement":[{"@type":"ListItem","position":1,"name":"Accueil","item":"https:\/\/pharmadreams.shop\/"},{"@type":"ListItem","position":2,"name":"Shop","item":"https:\/\/pharmadreams.shop\/index.php\/shop\/"},{"@type":"ListItem","position":3,"name":"Acm viticolor gel 50ml"}]},{"@type":"WebSite","@id":"https:\/\/pharmadreams.shop\/#website","url":"https:\/\/pharmadreams.shop\/","name":"pharmadreams","description":"Parapharmacie en ligne","potentialAction":[{"@type":"SearchAction","target":{"@type":"EntryPoint","urlTemplate":"https:\/\/pharmadreams.shop\/?s={search_term_string}"},"query-input":"required name=search_term_string"}],"inLanguage":"fr-FR"}]}},"_links":{"self":[{"href":"https:\/\/pharmadreams.shop\/index.php\/wp-json\/wp\/v2\/product\/16543","targetHints":{"allow":["GET"]}}],"collection":[{"href":"https:\/\/pharmadreams.shop\/index.php\/wp-json\/wp\/v2\/product"}],"about":[{"href":"https:\/\/pharmadreams.shop\/index.php\/wp-json\/wp\/v2\/types\/product"}],"replies":[{"embeddable":true,"href":"https:\/\/pharmadreams.shop\/index.php\/wp-json\/wp\/v2\/comments?post=16543"}],"version-history":[{"count":0,"href":"https:\/\/pharmadreams.shop\/index.php\/wp-json\/wp\/v2\/product\/16543\/revisions"}],"wp:featuredmedia":[{"embeddable":true,"href":"https:\/\/pharmadreams.shop\/index.php\/wp-json\/wp\/v2\/media\/16608"}],"wp:attachment":[{"href":"https:\/\/pharmadreams.shop\/index.php\/wp-json\/wp\/v2\/media?parent=16543"}],"wp:term":[{"taxonomy":"product_brand","embeddable":true,"href":"https:\/\/pharmadreams.shop\/index.php\/wp-json\/wp\/v2\/product_brand?post=16543"},{"taxonomy":"product_cat","embeddable":true,"href":"https:\/\/pharmadreams.shop\/index.php\/wp-json\/wp\/v2\/product_cat?post=16543"},{"taxonomy":"product_tag","embeddable":true,"href":"https:\/\/pharmadreams.shop\/index.php\/wp-json\/wp\/v2\/product_tag?post=16543"}],"curies":[{"name":"wp","href":"https:\/\/api.w.org\/{rel}","templated":true}]}}