{"id":16544,"date":"2023-12-19T19:35:37","date_gmt":"2023-12-19T18:35:37","guid":{"rendered":"https:\/\/venuspara.com\/?post_type=product&#038;p=16544"},"modified":"2023-12-19T19:36:30","modified_gmt":"2023-12-19T18:36:30","slug":"clarenia-eau-micellaire-radiance-booster-3en1-500ml","status":"publish","type":"product","link":"https:\/\/pharmadreams.shop\/index.php\/product\/clarenia-eau-micellaire-radiance-booster-3en1-500ml\/","title":{"rendered":"clarenia eau micellaire radiance booster 3en1, 500ml"},"content":{"rendered":"","protected":false},"excerpt":{"rendered":"<p>Eau Micellaire Eclaircissante Clarenia nettoie et d\u00e9maquille en douceur le visage et les yeux.<\/p>\n<p>Eau Micellaire Eclaircissante\u00a0Clarenia nettoie et d\u00e9maquille en douceur le visage et les yeux. Gr\u00e2ce \u00e0 ses actifs \u00e9claircissants, cette eau micellaire aide \u00e0 r\u00e9duire l\u2019intensit\u00e9 des taches et unifie le teint, pour une peau \u00e9clatante et nette.<br \/>\nSp\u00e9cialement con\u00e7ue pour les peaux sensibles etternes, l&rsquo;Eaumicellaire de Clarenia nettoie, d\u00e9maquille et \u00e9claircit le visage tout en douceur Cette formule permet en effet d\u2019\u00e9liminer les impuret\u00e9s tout en respectant l\u2019\u00e9quilibre de la peau.<\/p>\n<p>Formul\u00e9 avec des ingr\u00e9dients naturels qui respectent votre peau.<\/p>\n<p>Contient 97% d\u2019ingr\u00e9dient d\u2019origine naturelle.<\/p>\n<p><strong>Volume<\/strong>\u00a0: 500 ml<\/p>\n","protected":false},"featured_media":16624,"comment_status":"open","ping_status":"closed","template":"","meta":[],"product_brand":[],"product_cat":[108],"product_tag":[],"class_list":{"0":"post-16544","1":"product","2":"type-product","3":"status-publish","4":"has-post-thumbnail","6":"product_cat-eau-micellaire","8":"first","9":"instock","10":"shipping-taxable","11":"purchasable","12":"product-type-simple"},"yoast_head":"<!-- This site is optimized with the Yoast SEO plugin v23.0 - https:\/\/yoast.com\/wordpress\/plugins\/seo\/ -->\n<title>clarenia eau micellaire radiance booster 3en1, 500ml - pharmadreams<\/title>\n<meta name=\"robots\" content=\"index, follow, max-snippet:-1, max-image-preview:large, max-video-preview:-1\" \/>\n<link rel=\"canonical\" href=\"https:\/\/pharmadreams.shop\/index.php\/product\/clarenia-eau-micellaire-radiance-booster-3en1-500ml\/\" \/>\n<meta property=\"og:locale\" content=\"fr_FR\" \/>\n<meta property=\"og:type\" content=\"article\" \/>\n<meta property=\"og:title\" content=\"clarenia eau micellaire radiance booster 3en1, 500ml - pharmadreams\" \/>\n<meta property=\"og:description\" content=\"Eau Micellaire Eclaircissante Clarenia nettoie et d\u00e9maquille en douceur le visage et les yeux.  Eau Micellaire Eclaircissante\u00a0Clarenia nettoie et d\u00e9maquille en douceur le visage et les yeux. Gr\u00e2ce \u00e0 ses actifs \u00e9claircissants, cette eau micellaire aide \u00e0 r\u00e9duire l\u2019intensit\u00e9 des taches et unifie le teint, pour une peau \u00e9clatante et nette. Sp\u00e9cialement con\u00e7ue pour les peaux sensibles etternes, l&#039;Eaumicellaire de Clarenia nettoie, d\u00e9maquille et \u00e9claircit le visage tout en douceur Cette formule permet en effet d\u2019\u00e9liminer les impuret\u00e9s tout en respectant l\u2019\u00e9quilibre de la peau.  Formul\u00e9 avec des ingr\u00e9dients naturels qui respectent votre peau.  Contient 97% d\u2019ingr\u00e9dient d\u2019origine naturelle.  Volume\u00a0: 500 ml\" \/>\n<meta property=\"og:url\" content=\"https:\/\/pharmadreams.shop\/index.php\/product\/clarenia-eau-micellaire-radiance-booster-3en1-500ml\/\" \/>\n<meta property=\"og:site_name\" content=\"pharmadreams\" \/>\n<meta property=\"article:modified_time\" content=\"2023-12-19T18:36:30+00:00\" \/>\n<meta property=\"og:image\" content=\"https:\/\/pharmadreams.shop\/wp-content\/uploads\/2023\/12\/clarenia.png\" \/>\n\t<meta property=\"og:image:width\" content=\"809\" \/>\n\t<meta property=\"og:image:height\" content=\"730\" \/>\n\t<meta property=\"og:image:type\" content=\"image\/png\" \/>\n<meta name=\"twitter:card\" content=\"summary_large_image\" \/>\n<script type=\"application\/ld+json\" class=\"yoast-schema-graph\">{\"@context\":\"https:\/\/schema.org\",\"@graph\":[{\"@type\":\"WebPage\",\"@id\":\"https:\/\/pharmadreams.shop\/index.php\/product\/clarenia-eau-micellaire-radiance-booster-3en1-500ml\/\",\"url\":\"https:\/\/pharmadreams.shop\/index.php\/product\/clarenia-eau-micellaire-radiance-booster-3en1-500ml\/\",\"name\":\"clarenia eau micellaire radiance booster 3en1, 500ml - pharmadreams\",\"isPartOf\":{\"@id\":\"https:\/\/pharmadreams.shop\/#website\"},\"primaryImageOfPage\":{\"@id\":\"https:\/\/pharmadreams.shop\/index.php\/product\/clarenia-eau-micellaire-radiance-booster-3en1-500ml\/#primaryimage\"},\"image\":{\"@id\":\"https:\/\/pharmadreams.shop\/index.php\/product\/clarenia-eau-micellaire-radiance-booster-3en1-500ml\/#primaryimage\"},\"thumbnailUrl\":\"https:\/\/pharmadreams.shop\/wp-content\/uploads\/2023\/12\/clarenia.png\",\"datePublished\":\"2023-12-19T18:35:37+00:00\",\"dateModified\":\"2023-12-19T18:36:30+00:00\",\"breadcrumb\":{\"@id\":\"https:\/\/pharmadreams.shop\/index.php\/product\/clarenia-eau-micellaire-radiance-booster-3en1-500ml\/#breadcrumb\"},\"inLanguage\":\"fr-FR\",\"potentialAction\":[{\"@type\":\"ReadAction\",\"target\":[\"https:\/\/pharmadreams.shop\/index.php\/product\/clarenia-eau-micellaire-radiance-booster-3en1-500ml\/\"]}]},{\"@type\":\"ImageObject\",\"inLanguage\":\"fr-FR\",\"@id\":\"https:\/\/pharmadreams.shop\/index.php\/product\/clarenia-eau-micellaire-radiance-booster-3en1-500ml\/#primaryimage\",\"url\":\"https:\/\/pharmadreams.shop\/wp-content\/uploads\/2023\/12\/clarenia.png\",\"contentUrl\":\"https:\/\/pharmadreams.shop\/wp-content\/uploads\/2023\/12\/clarenia.png\",\"width\":809,\"height\":730},{\"@type\":\"BreadcrumbList\",\"@id\":\"https:\/\/pharmadreams.shop\/index.php\/product\/clarenia-eau-micellaire-radiance-booster-3en1-500ml\/#breadcrumb\",\"itemListElement\":[{\"@type\":\"ListItem\",\"position\":1,\"name\":\"Accueil\",\"item\":\"https:\/\/pharmadreams.shop\/\"},{\"@type\":\"ListItem\",\"position\":2,\"name\":\"Shop\",\"item\":\"https:\/\/pharmadreams.shop\/index.php\/shop\/\"},{\"@type\":\"ListItem\",\"position\":3,\"name\":\"clarenia eau micellaire radiance booster 3en1, 500ml\"}]},{\"@type\":\"WebSite\",\"@id\":\"https:\/\/pharmadreams.shop\/#website\",\"url\":\"https:\/\/pharmadreams.shop\/\",\"name\":\"pharmadreams\",\"description\":\"Parapharmacie en ligne\",\"potentialAction\":[{\"@type\":\"SearchAction\",\"target\":{\"@type\":\"EntryPoint\",\"urlTemplate\":\"https:\/\/pharmadreams.shop\/?s={search_term_string}\"},\"query-input\":\"required name=search_term_string\"}],\"inLanguage\":\"fr-FR\"}]}<\/script>\n<!-- \/ Yoast SEO plugin. -->","yoast_head_json":{"title":"clarenia eau micellaire radiance booster 3en1, 500ml - pharmadreams","robots":{"index":"index","follow":"follow","max-snippet":"max-snippet:-1","max-image-preview":"max-image-preview:large","max-video-preview":"max-video-preview:-1"},"canonical":"https:\/\/pharmadreams.shop\/index.php\/product\/clarenia-eau-micellaire-radiance-booster-3en1-500ml\/","og_locale":"fr_FR","og_type":"article","og_title":"clarenia eau micellaire radiance booster 3en1, 500ml - pharmadreams","og_description":"Eau Micellaire Eclaircissante Clarenia nettoie et d\u00e9maquille en douceur le visage et les yeux.  Eau Micellaire Eclaircissante\u00a0Clarenia nettoie et d\u00e9maquille en douceur le visage et les yeux. Gr\u00e2ce \u00e0 ses actifs \u00e9claircissants, cette eau micellaire aide \u00e0 r\u00e9duire l\u2019intensit\u00e9 des taches et unifie le teint, pour une peau \u00e9clatante et nette. Sp\u00e9cialement con\u00e7ue pour les peaux sensibles etternes, l'Eaumicellaire de Clarenia nettoie, d\u00e9maquille et \u00e9claircit le visage tout en douceur Cette formule permet en effet d\u2019\u00e9liminer les impuret\u00e9s tout en respectant l\u2019\u00e9quilibre de la peau.  Formul\u00e9 avec des ingr\u00e9dients naturels qui respectent votre peau.  Contient 97% d\u2019ingr\u00e9dient d\u2019origine naturelle.  Volume\u00a0: 500 ml","og_url":"https:\/\/pharmadreams.shop\/index.php\/product\/clarenia-eau-micellaire-radiance-booster-3en1-500ml\/","og_site_name":"pharmadreams","article_modified_time":"2023-12-19T18:36:30+00:00","og_image":[{"width":809,"height":730,"url":"https:\/\/pharmadreams.shop\/wp-content\/uploads\/2023\/12\/clarenia.png","type":"image\/png"}],"twitter_card":"summary_large_image","schema":{"@context":"https:\/\/schema.org","@graph":[{"@type":"WebPage","@id":"https:\/\/pharmadreams.shop\/index.php\/product\/clarenia-eau-micellaire-radiance-booster-3en1-500ml\/","url":"https:\/\/pharmadreams.shop\/index.php\/product\/clarenia-eau-micellaire-radiance-booster-3en1-500ml\/","name":"clarenia eau micellaire radiance booster 3en1, 500ml - pharmadreams","isPartOf":{"@id":"https:\/\/pharmadreams.shop\/#website"},"primaryImageOfPage":{"@id":"https:\/\/pharmadreams.shop\/index.php\/product\/clarenia-eau-micellaire-radiance-booster-3en1-500ml\/#primaryimage"},"image":{"@id":"https:\/\/pharmadreams.shop\/index.php\/product\/clarenia-eau-micellaire-radiance-booster-3en1-500ml\/#primaryimage"},"thumbnailUrl":"https:\/\/pharmadreams.shop\/wp-content\/uploads\/2023\/12\/clarenia.png","datePublished":"2023-12-19T18:35:37+00:00","dateModified":"2023-12-19T18:36:30+00:00","breadcrumb":{"@id":"https:\/\/pharmadreams.shop\/index.php\/product\/clarenia-eau-micellaire-radiance-booster-3en1-500ml\/#breadcrumb"},"inLanguage":"fr-FR","potentialAction":[{"@type":"ReadAction","target":["https:\/\/pharmadreams.shop\/index.php\/product\/clarenia-eau-micellaire-radiance-booster-3en1-500ml\/"]}]},{"@type":"ImageObject","inLanguage":"fr-FR","@id":"https:\/\/pharmadreams.shop\/index.php\/product\/clarenia-eau-micellaire-radiance-booster-3en1-500ml\/#primaryimage","url":"https:\/\/pharmadreams.shop\/wp-content\/uploads\/2023\/12\/clarenia.png","contentUrl":"https:\/\/pharmadreams.shop\/wp-content\/uploads\/2023\/12\/clarenia.png","width":809,"height":730},{"@type":"BreadcrumbList","@id":"https:\/\/pharmadreams.shop\/index.php\/product\/clarenia-eau-micellaire-radiance-booster-3en1-500ml\/#breadcrumb","itemListElement":[{"@type":"ListItem","position":1,"name":"Accueil","item":"https:\/\/pharmadreams.shop\/"},{"@type":"ListItem","position":2,"name":"Shop","item":"https:\/\/pharmadreams.shop\/index.php\/shop\/"},{"@type":"ListItem","position":3,"name":"clarenia eau micellaire radiance booster 3en1, 500ml"}]},{"@type":"WebSite","@id":"https:\/\/pharmadreams.shop\/#website","url":"https:\/\/pharmadreams.shop\/","name":"pharmadreams","description":"Parapharmacie en ligne","potentialAction":[{"@type":"SearchAction","target":{"@type":"EntryPoint","urlTemplate":"https:\/\/pharmadreams.shop\/?s={search_term_string}"},"query-input":"required name=search_term_string"}],"inLanguage":"fr-FR"}]}},"_links":{"self":[{"href":"https:\/\/pharmadreams.shop\/index.php\/wp-json\/wp\/v2\/product\/16544","targetHints":{"allow":["GET"]}}],"collection":[{"href":"https:\/\/pharmadreams.shop\/index.php\/wp-json\/wp\/v2\/product"}],"about":[{"href":"https:\/\/pharmadreams.shop\/index.php\/wp-json\/wp\/v2\/types\/product"}],"replies":[{"embeddable":true,"href":"https:\/\/pharmadreams.shop\/index.php\/wp-json\/wp\/v2\/comments?post=16544"}],"version-history":[{"count":0,"href":"https:\/\/pharmadreams.shop\/index.php\/wp-json\/wp\/v2\/product\/16544\/revisions"}],"wp:featuredmedia":[{"embeddable":true,"href":"https:\/\/pharmadreams.shop\/index.php\/wp-json\/wp\/v2\/media\/16624"}],"wp:attachment":[{"href":"https:\/\/pharmadreams.shop\/index.php\/wp-json\/wp\/v2\/media?parent=16544"}],"wp:term":[{"taxonomy":"product_brand","embeddable":true,"href":"https:\/\/pharmadreams.shop\/index.php\/wp-json\/wp\/v2\/product_brand?post=16544"},{"taxonomy":"product_cat","embeddable":true,"href":"https:\/\/pharmadreams.shop\/index.php\/wp-json\/wp\/v2\/product_cat?post=16544"},{"taxonomy":"product_tag","embeddable":true,"href":"https:\/\/pharmadreams.shop\/index.php\/wp-json\/wp\/v2\/product_tag?post=16544"}],"curies":[{"name":"wp","href":"https:\/\/api.w.org\/{rel}","templated":true}]}}