{"id":16548,"date":"2023-12-19T19:35:38","date_gmt":"2023-12-19T18:35:38","guid":{"rendered":"https:\/\/venuspara.com\/?post_type=product&#038;p=16548"},"modified":"2023-12-19T19:36:37","modified_gmt":"2023-12-19T18:36:37","slug":"martiderm-the-originals-proteos-hydra-plus-10-ampoules-dry-skin","status":"publish","type":"product","link":"https:\/\/pharmadreams.shop\/index.php\/product\/martiderm-the-originals-proteos-hydra-plus-10-ampoules-dry-skin\/","title":{"rendered":"martiderm the originals proteos hydra plus 10 ampoules &#8211; dry skin"},"content":{"rendered":"<p>Les b\u00e9n\u00e9fices des ampoules de prot\u00e9oglycanes pour la peau sont nombreux et vari\u00e9s et le meilleur est qu\u2019ils fonctionnent parfaitement\u00a0: Hydratant, raffermissant, antioxydant et r\u00e9paratrices.<\/p>\n<p>Double effet :<\/p>\n<ul>\n<li>IMM\u00c9DIAT Pour obtenir une apparence ferme et lumineuse.<\/li>\n<li>\u00c0 LONG TERME Raffermissent et hydratent. \u00c9limination progressive des rides.<\/li>\n<\/ul>\n<p>Pour peau s\u00e8che<\/p>\n<p>Boite de 10 ampoules<\/p>\n","protected":false},"excerpt":{"rendered":"<p>Les b\u00e9n\u00e9fices des ampoules de prot\u00e9oglycanes pour la peau sont nombreux et vari\u00e9s et le meilleur est qu\u2019ils fonctionnent parfaitement\u00a0:<\/p>\n","protected":false},"featured_media":16632,"comment_status":"open","ping_status":"closed","template":"","meta":[],"product_brand":[],"product_cat":[161],"product_tag":[],"class_list":{"0":"post-16548","1":"product","2":"type-product","3":"status-publish","4":"has-post-thumbnail","6":"product_cat-ampoule","8":"first","9":"instock","10":"shipping-taxable","11":"purchasable","12":"product-type-simple"},"yoast_head":"<!-- This site is optimized with the Yoast SEO plugin v23.0 - https:\/\/yoast.com\/wordpress\/plugins\/seo\/ -->\n<title>martiderm the originals proteos hydra plus 10 ampoules - dry skin - pharmadreams<\/title>\n<meta name=\"robots\" content=\"index, follow, max-snippet:-1, max-image-preview:large, max-video-preview:-1\" \/>\n<link rel=\"canonical\" href=\"https:\/\/pharmadreams.shop\/index.php\/product\/martiderm-the-originals-proteos-hydra-plus-10-ampoules-dry-skin\/\" \/>\n<meta property=\"og:locale\" content=\"fr_FR\" \/>\n<meta property=\"og:type\" content=\"article\" \/>\n<meta property=\"og:title\" content=\"martiderm the originals proteos hydra plus 10 ampoules - dry skin - pharmadreams\" \/>\n<meta property=\"og:description\" content=\"Les b\u00e9n\u00e9fices des ampoules de prot\u00e9oglycanes pour la peau sont nombreux et vari\u00e9s et le meilleur est qu\u2019ils fonctionnent parfaitement\u00a0:\" \/>\n<meta property=\"og:url\" content=\"https:\/\/pharmadreams.shop\/index.php\/product\/martiderm-the-originals-proteos-hydra-plus-10-ampoules-dry-skin\/\" \/>\n<meta property=\"og:site_name\" content=\"pharmadreams\" \/>\n<meta property=\"article:modified_time\" content=\"2023-12-19T18:36:37+00:00\" \/>\n<meta property=\"og:image\" content=\"https:\/\/pharmadreams.shop\/wp-content\/uploads\/2023\/12\/martiderm.png\" \/>\n\t<meta property=\"og:image:width\" content=\"809\" \/>\n\t<meta property=\"og:image:height\" content=\"565\" \/>\n\t<meta property=\"og:image:type\" content=\"image\/png\" \/>\n<meta name=\"twitter:card\" content=\"summary_large_image\" \/>\n<meta name=\"twitter:label1\" content=\"Dur\u00e9e de lecture estim\u00e9e\" \/>\n\t<meta name=\"twitter:data1\" content=\"1 minute\" \/>\n<script type=\"application\/ld+json\" class=\"yoast-schema-graph\">{\"@context\":\"https:\/\/schema.org\",\"@graph\":[{\"@type\":\"WebPage\",\"@id\":\"https:\/\/pharmadreams.shop\/index.php\/product\/martiderm-the-originals-proteos-hydra-plus-10-ampoules-dry-skin\/\",\"url\":\"https:\/\/pharmadreams.shop\/index.php\/product\/martiderm-the-originals-proteos-hydra-plus-10-ampoules-dry-skin\/\",\"name\":\"martiderm the originals proteos hydra plus 10 ampoules - dry skin - pharmadreams\",\"isPartOf\":{\"@id\":\"https:\/\/pharmadreams.shop\/#website\"},\"primaryImageOfPage\":{\"@id\":\"https:\/\/pharmadreams.shop\/index.php\/product\/martiderm-the-originals-proteos-hydra-plus-10-ampoules-dry-skin\/#primaryimage\"},\"image\":{\"@id\":\"https:\/\/pharmadreams.shop\/index.php\/product\/martiderm-the-originals-proteos-hydra-plus-10-ampoules-dry-skin\/#primaryimage\"},\"thumbnailUrl\":\"https:\/\/pharmadreams.shop\/wp-content\/uploads\/2023\/12\/martiderm.png\",\"datePublished\":\"2023-12-19T18:35:38+00:00\",\"dateModified\":\"2023-12-19T18:36:37+00:00\",\"breadcrumb\":{\"@id\":\"https:\/\/pharmadreams.shop\/index.php\/product\/martiderm-the-originals-proteos-hydra-plus-10-ampoules-dry-skin\/#breadcrumb\"},\"inLanguage\":\"fr-FR\",\"potentialAction\":[{\"@type\":\"ReadAction\",\"target\":[\"https:\/\/pharmadreams.shop\/index.php\/product\/martiderm-the-originals-proteos-hydra-plus-10-ampoules-dry-skin\/\"]}]},{\"@type\":\"ImageObject\",\"inLanguage\":\"fr-FR\",\"@id\":\"https:\/\/pharmadreams.shop\/index.php\/product\/martiderm-the-originals-proteos-hydra-plus-10-ampoules-dry-skin\/#primaryimage\",\"url\":\"https:\/\/pharmadreams.shop\/wp-content\/uploads\/2023\/12\/martiderm.png\",\"contentUrl\":\"https:\/\/pharmadreams.shop\/wp-content\/uploads\/2023\/12\/martiderm.png\",\"width\":809,\"height\":565},{\"@type\":\"BreadcrumbList\",\"@id\":\"https:\/\/pharmadreams.shop\/index.php\/product\/martiderm-the-originals-proteos-hydra-plus-10-ampoules-dry-skin\/#breadcrumb\",\"itemListElement\":[{\"@type\":\"ListItem\",\"position\":1,\"name\":\"Accueil\",\"item\":\"https:\/\/pharmadreams.shop\/\"},{\"@type\":\"ListItem\",\"position\":2,\"name\":\"Shop\",\"item\":\"https:\/\/pharmadreams.shop\/index.php\/shop\/\"},{\"@type\":\"ListItem\",\"position\":3,\"name\":\"martiderm the originals proteos hydra plus 10 ampoules &#8211; dry skin\"}]},{\"@type\":\"WebSite\",\"@id\":\"https:\/\/pharmadreams.shop\/#website\",\"url\":\"https:\/\/pharmadreams.shop\/\",\"name\":\"pharmadreams\",\"description\":\"Parapharmacie en ligne\",\"potentialAction\":[{\"@type\":\"SearchAction\",\"target\":{\"@type\":\"EntryPoint\",\"urlTemplate\":\"https:\/\/pharmadreams.shop\/?s={search_term_string}\"},\"query-input\":\"required name=search_term_string\"}],\"inLanguage\":\"fr-FR\"}]}<\/script>\n<!-- \/ Yoast SEO plugin. -->","yoast_head_json":{"title":"martiderm the originals proteos hydra plus 10 ampoules - dry skin - pharmadreams","robots":{"index":"index","follow":"follow","max-snippet":"max-snippet:-1","max-image-preview":"max-image-preview:large","max-video-preview":"max-video-preview:-1"},"canonical":"https:\/\/pharmadreams.shop\/index.php\/product\/martiderm-the-originals-proteos-hydra-plus-10-ampoules-dry-skin\/","og_locale":"fr_FR","og_type":"article","og_title":"martiderm the originals proteos hydra plus 10 ampoules - dry skin - pharmadreams","og_description":"Les b\u00e9n\u00e9fices des ampoules de prot\u00e9oglycanes pour la peau sont nombreux et vari\u00e9s et le meilleur est qu\u2019ils fonctionnent parfaitement\u00a0:","og_url":"https:\/\/pharmadreams.shop\/index.php\/product\/martiderm-the-originals-proteos-hydra-plus-10-ampoules-dry-skin\/","og_site_name":"pharmadreams","article_modified_time":"2023-12-19T18:36:37+00:00","og_image":[{"width":809,"height":565,"url":"https:\/\/pharmadreams.shop\/wp-content\/uploads\/2023\/12\/martiderm.png","type":"image\/png"}],"twitter_card":"summary_large_image","twitter_misc":{"Dur\u00e9e de lecture estim\u00e9e":"1 minute"},"schema":{"@context":"https:\/\/schema.org","@graph":[{"@type":"WebPage","@id":"https:\/\/pharmadreams.shop\/index.php\/product\/martiderm-the-originals-proteos-hydra-plus-10-ampoules-dry-skin\/","url":"https:\/\/pharmadreams.shop\/index.php\/product\/martiderm-the-originals-proteos-hydra-plus-10-ampoules-dry-skin\/","name":"martiderm the originals proteos hydra plus 10 ampoules - dry skin - pharmadreams","isPartOf":{"@id":"https:\/\/pharmadreams.shop\/#website"},"primaryImageOfPage":{"@id":"https:\/\/pharmadreams.shop\/index.php\/product\/martiderm-the-originals-proteos-hydra-plus-10-ampoules-dry-skin\/#primaryimage"},"image":{"@id":"https:\/\/pharmadreams.shop\/index.php\/product\/martiderm-the-originals-proteos-hydra-plus-10-ampoules-dry-skin\/#primaryimage"},"thumbnailUrl":"https:\/\/pharmadreams.shop\/wp-content\/uploads\/2023\/12\/martiderm.png","datePublished":"2023-12-19T18:35:38+00:00","dateModified":"2023-12-19T18:36:37+00:00","breadcrumb":{"@id":"https:\/\/pharmadreams.shop\/index.php\/product\/martiderm-the-originals-proteos-hydra-plus-10-ampoules-dry-skin\/#breadcrumb"},"inLanguage":"fr-FR","potentialAction":[{"@type":"ReadAction","target":["https:\/\/pharmadreams.shop\/index.php\/product\/martiderm-the-originals-proteos-hydra-plus-10-ampoules-dry-skin\/"]}]},{"@type":"ImageObject","inLanguage":"fr-FR","@id":"https:\/\/pharmadreams.shop\/index.php\/product\/martiderm-the-originals-proteos-hydra-plus-10-ampoules-dry-skin\/#primaryimage","url":"https:\/\/pharmadreams.shop\/wp-content\/uploads\/2023\/12\/martiderm.png","contentUrl":"https:\/\/pharmadreams.shop\/wp-content\/uploads\/2023\/12\/martiderm.png","width":809,"height":565},{"@type":"BreadcrumbList","@id":"https:\/\/pharmadreams.shop\/index.php\/product\/martiderm-the-originals-proteos-hydra-plus-10-ampoules-dry-skin\/#breadcrumb","itemListElement":[{"@type":"ListItem","position":1,"name":"Accueil","item":"https:\/\/pharmadreams.shop\/"},{"@type":"ListItem","position":2,"name":"Shop","item":"https:\/\/pharmadreams.shop\/index.php\/shop\/"},{"@type":"ListItem","position":3,"name":"martiderm the originals proteos hydra plus 10 ampoules &#8211; dry skin"}]},{"@type":"WebSite","@id":"https:\/\/pharmadreams.shop\/#website","url":"https:\/\/pharmadreams.shop\/","name":"pharmadreams","description":"Parapharmacie en ligne","potentialAction":[{"@type":"SearchAction","target":{"@type":"EntryPoint","urlTemplate":"https:\/\/pharmadreams.shop\/?s={search_term_string}"},"query-input":"required name=search_term_string"}],"inLanguage":"fr-FR"}]}},"_links":{"self":[{"href":"https:\/\/pharmadreams.shop\/index.php\/wp-json\/wp\/v2\/product\/16548","targetHints":{"allow":["GET"]}}],"collection":[{"href":"https:\/\/pharmadreams.shop\/index.php\/wp-json\/wp\/v2\/product"}],"about":[{"href":"https:\/\/pharmadreams.shop\/index.php\/wp-json\/wp\/v2\/types\/product"}],"replies":[{"embeddable":true,"href":"https:\/\/pharmadreams.shop\/index.php\/wp-json\/wp\/v2\/comments?post=16548"}],"version-history":[{"count":0,"href":"https:\/\/pharmadreams.shop\/index.php\/wp-json\/wp\/v2\/product\/16548\/revisions"}],"wp:featuredmedia":[{"embeddable":true,"href":"https:\/\/pharmadreams.shop\/index.php\/wp-json\/wp\/v2\/media\/16632"}],"wp:attachment":[{"href":"https:\/\/pharmadreams.shop\/index.php\/wp-json\/wp\/v2\/media?parent=16548"}],"wp:term":[{"taxonomy":"product_brand","embeddable":true,"href":"https:\/\/pharmadreams.shop\/index.php\/wp-json\/wp\/v2\/product_brand?post=16548"},{"taxonomy":"product_cat","embeddable":true,"href":"https:\/\/pharmadreams.shop\/index.php\/wp-json\/wp\/v2\/product_cat?post=16548"},{"taxonomy":"product_tag","embeddable":true,"href":"https:\/\/pharmadreams.shop\/index.php\/wp-json\/wp\/v2\/product_tag?post=16548"}],"curies":[{"name":"wp","href":"https:\/\/api.w.org\/{rel}","templated":true}]}}