{"id":16571,"date":"2023-12-19T19:36:01","date_gmt":"2023-12-19T18:36:01","guid":{"rendered":"https:\/\/venuspara.com\/?post_type=product&#038;p=16571"},"modified":"2024-03-16T00:46:33","modified_gmt":"2024-03-15T23:46:33","slug":"acm-depiwhite-active-gel-anti-tache-40ml","status":"publish","type":"product","link":"https:\/\/pharmadreams.shop\/index.php\/product\/acm-depiwhite-active-gel-anti-tache-40ml\/","title":{"rendered":"Acm d\u00e9piwhite active gel anti-tache 40ml"},"content":{"rendered":"","protected":false},"excerpt":{"rendered":"<p>Ce gel d\u00e9pigmentant a sp\u00e9cialement \u00e9t\u00e9 con\u00e7u pour att\u00e9nuer ou \u00e9liminer les taches brunes des peaux mixtes a grasses.<\/p>\n<p>Gr\u00e2ce \u00e0 son complexe lumi-ox, association d\u2019actifs d\u00e9pigmentant et anti-oxydants qui limite la production de m\u00e9lanine et acc\u00e9l\u00e8re le processus naturel de d\u00e9gradation de la m\u00e9lanine, d\u00e9piwhite ActiveGel favorise la disparition des taches et pr\u00e9vient l\u2019apparition de nouvelles taches tout en prot\u00e9geant la peau des radicaux libres<\/p>\n","protected":false},"featured_media":16634,"comment_status":"open","ping_status":"closed","template":"","meta":[],"product_brand":[],"product_cat":[114,162,95,80],"product_tag":[],"class_list":{"0":"post-16571","1":"product","2":"type-product","3":"status-publish","4":"has-post-thumbnail","6":"product_cat-gel","7":"product_cat-peaux-mixtes","8":"product_cat-skin-care","9":"product_cat-soins","11":"first","12":"instock","13":"shipping-taxable","14":"purchasable","15":"product-type-simple"},"yoast_head":"<!-- This site is optimized with the Yoast SEO plugin v23.0 - https:\/\/yoast.com\/wordpress\/plugins\/seo\/ -->\n<title>Acm d\u00e9piwhite active gel anti-tache 40ml - pharmadreams<\/title>\n<meta name=\"robots\" content=\"index, follow, max-snippet:-1, max-image-preview:large, max-video-preview:-1\" \/>\n<link rel=\"canonical\" href=\"https:\/\/pharmadreams.shop\/index.php\/product\/acm-depiwhite-active-gel-anti-tache-40ml\/\" \/>\n<meta property=\"og:locale\" content=\"fr_FR\" \/>\n<meta property=\"og:type\" content=\"article\" \/>\n<meta property=\"og:title\" content=\"Acm d\u00e9piwhite active gel anti-tache 40ml - pharmadreams\" \/>\n<meta property=\"og:description\" content=\"Ce gel d\u00e9pigmentant a sp\u00e9cialement \u00e9t\u00e9 con\u00e7u pour att\u00e9nuer ou \u00e9liminer les taches brunes des peaux mixtes a grasses.  Gr\u00e2ce \u00e0 son complexe lumi-ox, association d\u2019actifs d\u00e9pigmentant et anti-oxydants qui limite la production de m\u00e9lanine et acc\u00e9l\u00e8re le processus naturel de d\u00e9gradation de la m\u00e9lanine, d\u00e9piwhite ActiveGel favorise la disparition des taches et pr\u00e9vient l\u2019apparition de nouvelles taches tout en prot\u00e9geant la peau des radicaux libres\" \/>\n<meta property=\"og:url\" content=\"https:\/\/pharmadreams.shop\/index.php\/product\/acm-depiwhite-active-gel-anti-tache-40ml\/\" \/>\n<meta property=\"og:site_name\" content=\"pharmadreams\" \/>\n<meta property=\"article:modified_time\" content=\"2024-03-15T23:46:33+00:00\" \/>\n<meta property=\"og:image\" content=\"https:\/\/pharmadreams.shop\/wp-content\/uploads\/2023\/12\/acmm-4.png\" \/>\n\t<meta property=\"og:image:width\" content=\"560\" \/>\n\t<meta property=\"og:image:height\" content=\"640\" \/>\n\t<meta property=\"og:image:type\" content=\"image\/png\" \/>\n<meta name=\"twitter:card\" content=\"summary_large_image\" \/>\n<meta name=\"twitter:label1\" content=\"Dur\u00e9e de lecture estim\u00e9e\" \/>\n\t<meta name=\"twitter:data1\" content=\"1 minute\" \/>\n<script type=\"application\/ld+json\" class=\"yoast-schema-graph\">{\"@context\":\"https:\/\/schema.org\",\"@graph\":[{\"@type\":\"WebPage\",\"@id\":\"https:\/\/pharmadreams.shop\/index.php\/product\/acm-depiwhite-active-gel-anti-tache-40ml\/\",\"url\":\"https:\/\/pharmadreams.shop\/index.php\/product\/acm-depiwhite-active-gel-anti-tache-40ml\/\",\"name\":\"Acm d\u00e9piwhite active gel anti-tache 40ml - pharmadreams\",\"isPartOf\":{\"@id\":\"https:\/\/pharmadreams.shop\/#website\"},\"primaryImageOfPage\":{\"@id\":\"https:\/\/pharmadreams.shop\/index.php\/product\/acm-depiwhite-active-gel-anti-tache-40ml\/#primaryimage\"},\"image\":{\"@id\":\"https:\/\/pharmadreams.shop\/index.php\/product\/acm-depiwhite-active-gel-anti-tache-40ml\/#primaryimage\"},\"thumbnailUrl\":\"https:\/\/pharmadreams.shop\/wp-content\/uploads\/2023\/12\/acmm-4.png\",\"datePublished\":\"2023-12-19T18:36:01+00:00\",\"dateModified\":\"2024-03-15T23:46:33+00:00\",\"breadcrumb\":{\"@id\":\"https:\/\/pharmadreams.shop\/index.php\/product\/acm-depiwhite-active-gel-anti-tache-40ml\/#breadcrumb\"},\"inLanguage\":\"fr-FR\",\"potentialAction\":[{\"@type\":\"ReadAction\",\"target\":[\"https:\/\/pharmadreams.shop\/index.php\/product\/acm-depiwhite-active-gel-anti-tache-40ml\/\"]}]},{\"@type\":\"ImageObject\",\"inLanguage\":\"fr-FR\",\"@id\":\"https:\/\/pharmadreams.shop\/index.php\/product\/acm-depiwhite-active-gel-anti-tache-40ml\/#primaryimage\",\"url\":\"https:\/\/pharmadreams.shop\/wp-content\/uploads\/2023\/12\/acmm-4.png\",\"contentUrl\":\"https:\/\/pharmadreams.shop\/wp-content\/uploads\/2023\/12\/acmm-4.png\",\"width\":560,\"height\":640},{\"@type\":\"BreadcrumbList\",\"@id\":\"https:\/\/pharmadreams.shop\/index.php\/product\/acm-depiwhite-active-gel-anti-tache-40ml\/#breadcrumb\",\"itemListElement\":[{\"@type\":\"ListItem\",\"position\":1,\"name\":\"Accueil\",\"item\":\"https:\/\/pharmadreams.shop\/\"},{\"@type\":\"ListItem\",\"position\":2,\"name\":\"Shop\",\"item\":\"https:\/\/pharmadreams.shop\/index.php\/shop\/\"},{\"@type\":\"ListItem\",\"position\":3,\"name\":\"Acm d\u00e9piwhite active gel anti-tache 40ml\"}]},{\"@type\":\"WebSite\",\"@id\":\"https:\/\/pharmadreams.shop\/#website\",\"url\":\"https:\/\/pharmadreams.shop\/\",\"name\":\"pharmadreams\",\"description\":\"Parapharmacie en ligne\",\"potentialAction\":[{\"@type\":\"SearchAction\",\"target\":{\"@type\":\"EntryPoint\",\"urlTemplate\":\"https:\/\/pharmadreams.shop\/?s={search_term_string}\"},\"query-input\":\"required name=search_term_string\"}],\"inLanguage\":\"fr-FR\"}]}<\/script>\n<!-- \/ Yoast SEO plugin. -->","yoast_head_json":{"title":"Acm d\u00e9piwhite active gel anti-tache 40ml - pharmadreams","robots":{"index":"index","follow":"follow","max-snippet":"max-snippet:-1","max-image-preview":"max-image-preview:large","max-video-preview":"max-video-preview:-1"},"canonical":"https:\/\/pharmadreams.shop\/index.php\/product\/acm-depiwhite-active-gel-anti-tache-40ml\/","og_locale":"fr_FR","og_type":"article","og_title":"Acm d\u00e9piwhite active gel anti-tache 40ml - pharmadreams","og_description":"Ce gel d\u00e9pigmentant a sp\u00e9cialement \u00e9t\u00e9 con\u00e7u pour att\u00e9nuer ou \u00e9liminer les taches brunes des peaux mixtes a grasses.  Gr\u00e2ce \u00e0 son complexe lumi-ox, association d\u2019actifs d\u00e9pigmentant et anti-oxydants qui limite la production de m\u00e9lanine et acc\u00e9l\u00e8re le processus naturel de d\u00e9gradation de la m\u00e9lanine, d\u00e9piwhite ActiveGel favorise la disparition des taches et pr\u00e9vient l\u2019apparition de nouvelles taches tout en prot\u00e9geant la peau des radicaux libres","og_url":"https:\/\/pharmadreams.shop\/index.php\/product\/acm-depiwhite-active-gel-anti-tache-40ml\/","og_site_name":"pharmadreams","article_modified_time":"2024-03-15T23:46:33+00:00","og_image":[{"width":560,"height":640,"url":"https:\/\/pharmadreams.shop\/wp-content\/uploads\/2023\/12\/acmm-4.png","type":"image\/png"}],"twitter_card":"summary_large_image","twitter_misc":{"Dur\u00e9e de lecture estim\u00e9e":"1 minute"},"schema":{"@context":"https:\/\/schema.org","@graph":[{"@type":"WebPage","@id":"https:\/\/pharmadreams.shop\/index.php\/product\/acm-depiwhite-active-gel-anti-tache-40ml\/","url":"https:\/\/pharmadreams.shop\/index.php\/product\/acm-depiwhite-active-gel-anti-tache-40ml\/","name":"Acm d\u00e9piwhite active gel anti-tache 40ml - pharmadreams","isPartOf":{"@id":"https:\/\/pharmadreams.shop\/#website"},"primaryImageOfPage":{"@id":"https:\/\/pharmadreams.shop\/index.php\/product\/acm-depiwhite-active-gel-anti-tache-40ml\/#primaryimage"},"image":{"@id":"https:\/\/pharmadreams.shop\/index.php\/product\/acm-depiwhite-active-gel-anti-tache-40ml\/#primaryimage"},"thumbnailUrl":"https:\/\/pharmadreams.shop\/wp-content\/uploads\/2023\/12\/acmm-4.png","datePublished":"2023-12-19T18:36:01+00:00","dateModified":"2024-03-15T23:46:33+00:00","breadcrumb":{"@id":"https:\/\/pharmadreams.shop\/index.php\/product\/acm-depiwhite-active-gel-anti-tache-40ml\/#breadcrumb"},"inLanguage":"fr-FR","potentialAction":[{"@type":"ReadAction","target":["https:\/\/pharmadreams.shop\/index.php\/product\/acm-depiwhite-active-gel-anti-tache-40ml\/"]}]},{"@type":"ImageObject","inLanguage":"fr-FR","@id":"https:\/\/pharmadreams.shop\/index.php\/product\/acm-depiwhite-active-gel-anti-tache-40ml\/#primaryimage","url":"https:\/\/pharmadreams.shop\/wp-content\/uploads\/2023\/12\/acmm-4.png","contentUrl":"https:\/\/pharmadreams.shop\/wp-content\/uploads\/2023\/12\/acmm-4.png","width":560,"height":640},{"@type":"BreadcrumbList","@id":"https:\/\/pharmadreams.shop\/index.php\/product\/acm-depiwhite-active-gel-anti-tache-40ml\/#breadcrumb","itemListElement":[{"@type":"ListItem","position":1,"name":"Accueil","item":"https:\/\/pharmadreams.shop\/"},{"@type":"ListItem","position":2,"name":"Shop","item":"https:\/\/pharmadreams.shop\/index.php\/shop\/"},{"@type":"ListItem","position":3,"name":"Acm d\u00e9piwhite active gel anti-tache 40ml"}]},{"@type":"WebSite","@id":"https:\/\/pharmadreams.shop\/#website","url":"https:\/\/pharmadreams.shop\/","name":"pharmadreams","description":"Parapharmacie en ligne","potentialAction":[{"@type":"SearchAction","target":{"@type":"EntryPoint","urlTemplate":"https:\/\/pharmadreams.shop\/?s={search_term_string}"},"query-input":"required name=search_term_string"}],"inLanguage":"fr-FR"}]}},"_links":{"self":[{"href":"https:\/\/pharmadreams.shop\/index.php\/wp-json\/wp\/v2\/product\/16571","targetHints":{"allow":["GET"]}}],"collection":[{"href":"https:\/\/pharmadreams.shop\/index.php\/wp-json\/wp\/v2\/product"}],"about":[{"href":"https:\/\/pharmadreams.shop\/index.php\/wp-json\/wp\/v2\/types\/product"}],"replies":[{"embeddable":true,"href":"https:\/\/pharmadreams.shop\/index.php\/wp-json\/wp\/v2\/comments?post=16571"}],"version-history":[{"count":0,"href":"https:\/\/pharmadreams.shop\/index.php\/wp-json\/wp\/v2\/product\/16571\/revisions"}],"wp:featuredmedia":[{"embeddable":true,"href":"https:\/\/pharmadreams.shop\/index.php\/wp-json\/wp\/v2\/media\/16634"}],"wp:attachment":[{"href":"https:\/\/pharmadreams.shop\/index.php\/wp-json\/wp\/v2\/media?parent=16571"}],"wp:term":[{"taxonomy":"product_brand","embeddable":true,"href":"https:\/\/pharmadreams.shop\/index.php\/wp-json\/wp\/v2\/product_brand?post=16571"},{"taxonomy":"product_cat","embeddable":true,"href":"https:\/\/pharmadreams.shop\/index.php\/wp-json\/wp\/v2\/product_cat?post=16571"},{"taxonomy":"product_tag","embeddable":true,"href":"https:\/\/pharmadreams.shop\/index.php\/wp-json\/wp\/v2\/product_tag?post=16571"}],"curies":[{"name":"wp","href":"https:\/\/api.w.org\/{rel}","templated":true}]}}