{"id":16574,"date":"2023-12-19T19:36:02","date_gmt":"2023-12-19T18:36:02","guid":{"rendered":"https:\/\/venuspara.com\/?post_type=product&#038;p=16574"},"modified":"2024-04-26T22:36:56","modified_gmt":"2024-04-26T21:36:56","slug":"svr-spirial-creme-deodorant-50ml","status":"publish","type":"product","link":"https:\/\/pharmadreams.shop\/index.php\/product\/svr-spirial-creme-deodorant-50ml\/","title":{"rendered":"Svr spirial cr\u00e8me d\u00e9odorant 50ml"},"content":{"rendered":"","protected":false},"excerpt":{"rendered":"<p>Spirial Cr\u00e8me est un d\u00e9odorant anti-transpirant qui peut s&rsquo;appliquer sur les mains, les pieds, le front\u2026 La texture ne colle pas et laisse la peau douce.<\/p>\n<p>R\u00e9gule\u00a0 la transpiration et absorbe l\u2019humidit\u00e9 gr\u00e2ce \u00e0 des microsph\u00e8res absorbantes. Anti-transpirant 48H* multi-zones : pieds, mains, aisselles, plis et visage.<br \/>\nLa texture ne colle pas et laisse la peau douce<br \/>\nHypoallerg\u00e9nique.Toutes peaux m\u00eame sensibles.<\/p>\n","protected":false},"featured_media":16640,"comment_status":"open","ping_status":"closed","template":"","meta":[],"product_brand":[],"product_cat":[28,78,103],"product_tag":[],"class_list":{"0":"post-16574","1":"product","2":"type-product","3":"status-publish","4":"has-post-thumbnail","6":"product_cat-corps","7":"product_cat-cremes","8":"product_cat-deodorant","10":"first","11":"instock","12":"shipping-taxable","13":"purchasable","14":"product-type-simple"},"yoast_head":"<!-- This site is optimized with the Yoast SEO plugin v23.0 - https:\/\/yoast.com\/wordpress\/plugins\/seo\/ -->\n<title>Svr spirial cr\u00e8me d\u00e9odorant 50ml - pharmadreams<\/title>\n<meta name=\"robots\" content=\"index, follow, max-snippet:-1, max-image-preview:large, max-video-preview:-1\" \/>\n<link rel=\"canonical\" href=\"https:\/\/pharmadreams.shop\/index.php\/product\/svr-spirial-creme-deodorant-50ml\/\" \/>\n<meta property=\"og:locale\" content=\"fr_FR\" \/>\n<meta property=\"og:type\" content=\"article\" \/>\n<meta property=\"og:title\" content=\"Svr spirial cr\u00e8me d\u00e9odorant 50ml - pharmadreams\" \/>\n<meta property=\"og:description\" content=\"Spirial Cr\u00e8me est un d\u00e9odorant anti-transpirant qui peut s&#039;appliquer sur les mains, les pieds, le front\u2026 La texture ne colle pas et laisse la peau douce.  R\u00e9gule\u00a0 la transpiration et absorbe l\u2019humidit\u00e9 gr\u00e2ce \u00e0 des microsph\u00e8res absorbantes. Anti-transpirant 48H* multi-zones : pieds, mains, aisselles, plis et visage. La texture ne colle pas et laisse la peau douce Hypoallerg\u00e9nique.Toutes peaux m\u00eame sensibles.\" \/>\n<meta property=\"og:url\" content=\"https:\/\/pharmadreams.shop\/index.php\/product\/svr-spirial-creme-deodorant-50ml\/\" \/>\n<meta property=\"og:site_name\" content=\"pharmadreams\" \/>\n<meta property=\"article:modified_time\" content=\"2024-04-26T21:36:56+00:00\" \/>\n<meta property=\"og:image\" content=\"https:\/\/pharmadreams.shop\/wp-content\/uploads\/2023\/12\/svr-creme-sp.png\" \/>\n\t<meta property=\"og:image:width\" content=\"809\" \/>\n\t<meta property=\"og:image:height\" content=\"800\" \/>\n\t<meta property=\"og:image:type\" content=\"image\/png\" \/>\n<meta name=\"twitter:card\" content=\"summary_large_image\" \/>\n<meta name=\"twitter:label1\" content=\"Dur\u00e9e de lecture estim\u00e9e\" \/>\n\t<meta name=\"twitter:data1\" content=\"1 minute\" \/>\n<script type=\"application\/ld+json\" class=\"yoast-schema-graph\">{\"@context\":\"https:\/\/schema.org\",\"@graph\":[{\"@type\":\"WebPage\",\"@id\":\"https:\/\/pharmadreams.shop\/index.php\/product\/svr-spirial-creme-deodorant-50ml\/\",\"url\":\"https:\/\/pharmadreams.shop\/index.php\/product\/svr-spirial-creme-deodorant-50ml\/\",\"name\":\"Svr spirial cr\u00e8me d\u00e9odorant 50ml - pharmadreams\",\"isPartOf\":{\"@id\":\"https:\/\/pharmadreams.shop\/#website\"},\"primaryImageOfPage\":{\"@id\":\"https:\/\/pharmadreams.shop\/index.php\/product\/svr-spirial-creme-deodorant-50ml\/#primaryimage\"},\"image\":{\"@id\":\"https:\/\/pharmadreams.shop\/index.php\/product\/svr-spirial-creme-deodorant-50ml\/#primaryimage\"},\"thumbnailUrl\":\"https:\/\/pharmadreams.shop\/wp-content\/uploads\/2023\/12\/svr-creme-sp.png\",\"datePublished\":\"2023-12-19T18:36:02+00:00\",\"dateModified\":\"2024-04-26T21:36:56+00:00\",\"breadcrumb\":{\"@id\":\"https:\/\/pharmadreams.shop\/index.php\/product\/svr-spirial-creme-deodorant-50ml\/#breadcrumb\"},\"inLanguage\":\"fr-FR\",\"potentialAction\":[{\"@type\":\"ReadAction\",\"target\":[\"https:\/\/pharmadreams.shop\/index.php\/product\/svr-spirial-creme-deodorant-50ml\/\"]}]},{\"@type\":\"ImageObject\",\"inLanguage\":\"fr-FR\",\"@id\":\"https:\/\/pharmadreams.shop\/index.php\/product\/svr-spirial-creme-deodorant-50ml\/#primaryimage\",\"url\":\"https:\/\/pharmadreams.shop\/wp-content\/uploads\/2023\/12\/svr-creme-sp.png\",\"contentUrl\":\"https:\/\/pharmadreams.shop\/wp-content\/uploads\/2023\/12\/svr-creme-sp.png\",\"width\":809,\"height\":800},{\"@type\":\"BreadcrumbList\",\"@id\":\"https:\/\/pharmadreams.shop\/index.php\/product\/svr-spirial-creme-deodorant-50ml\/#breadcrumb\",\"itemListElement\":[{\"@type\":\"ListItem\",\"position\":1,\"name\":\"Accueil\",\"item\":\"https:\/\/pharmadreams.shop\/\"},{\"@type\":\"ListItem\",\"position\":2,\"name\":\"Shop\",\"item\":\"https:\/\/pharmadreams.shop\/index.php\/shop\/\"},{\"@type\":\"ListItem\",\"position\":3,\"name\":\"Svr spirial cr\u00e8me d\u00e9odorant 50ml\"}]},{\"@type\":\"WebSite\",\"@id\":\"https:\/\/pharmadreams.shop\/#website\",\"url\":\"https:\/\/pharmadreams.shop\/\",\"name\":\"pharmadreams\",\"description\":\"Parapharmacie en ligne\",\"potentialAction\":[{\"@type\":\"SearchAction\",\"target\":{\"@type\":\"EntryPoint\",\"urlTemplate\":\"https:\/\/pharmadreams.shop\/?s={search_term_string}\"},\"query-input\":\"required name=search_term_string\"}],\"inLanguage\":\"fr-FR\"}]}<\/script>\n<!-- \/ Yoast SEO plugin. -->","yoast_head_json":{"title":"Svr spirial cr\u00e8me d\u00e9odorant 50ml - pharmadreams","robots":{"index":"index","follow":"follow","max-snippet":"max-snippet:-1","max-image-preview":"max-image-preview:large","max-video-preview":"max-video-preview:-1"},"canonical":"https:\/\/pharmadreams.shop\/index.php\/product\/svr-spirial-creme-deodorant-50ml\/","og_locale":"fr_FR","og_type":"article","og_title":"Svr spirial cr\u00e8me d\u00e9odorant 50ml - pharmadreams","og_description":"Spirial Cr\u00e8me est un d\u00e9odorant anti-transpirant qui peut s'appliquer sur les mains, les pieds, le front\u2026 La texture ne colle pas et laisse la peau douce.  R\u00e9gule\u00a0 la transpiration et absorbe l\u2019humidit\u00e9 gr\u00e2ce \u00e0 des microsph\u00e8res absorbantes. Anti-transpirant 48H* multi-zones : pieds, mains, aisselles, plis et visage. La texture ne colle pas et laisse la peau douce Hypoallerg\u00e9nique.Toutes peaux m\u00eame sensibles.","og_url":"https:\/\/pharmadreams.shop\/index.php\/product\/svr-spirial-creme-deodorant-50ml\/","og_site_name":"pharmadreams","article_modified_time":"2024-04-26T21:36:56+00:00","og_image":[{"width":809,"height":800,"url":"https:\/\/pharmadreams.shop\/wp-content\/uploads\/2023\/12\/svr-creme-sp.png","type":"image\/png"}],"twitter_card":"summary_large_image","twitter_misc":{"Dur\u00e9e de lecture estim\u00e9e":"1 minute"},"schema":{"@context":"https:\/\/schema.org","@graph":[{"@type":"WebPage","@id":"https:\/\/pharmadreams.shop\/index.php\/product\/svr-spirial-creme-deodorant-50ml\/","url":"https:\/\/pharmadreams.shop\/index.php\/product\/svr-spirial-creme-deodorant-50ml\/","name":"Svr spirial cr\u00e8me d\u00e9odorant 50ml - pharmadreams","isPartOf":{"@id":"https:\/\/pharmadreams.shop\/#website"},"primaryImageOfPage":{"@id":"https:\/\/pharmadreams.shop\/index.php\/product\/svr-spirial-creme-deodorant-50ml\/#primaryimage"},"image":{"@id":"https:\/\/pharmadreams.shop\/index.php\/product\/svr-spirial-creme-deodorant-50ml\/#primaryimage"},"thumbnailUrl":"https:\/\/pharmadreams.shop\/wp-content\/uploads\/2023\/12\/svr-creme-sp.png","datePublished":"2023-12-19T18:36:02+00:00","dateModified":"2024-04-26T21:36:56+00:00","breadcrumb":{"@id":"https:\/\/pharmadreams.shop\/index.php\/product\/svr-spirial-creme-deodorant-50ml\/#breadcrumb"},"inLanguage":"fr-FR","potentialAction":[{"@type":"ReadAction","target":["https:\/\/pharmadreams.shop\/index.php\/product\/svr-spirial-creme-deodorant-50ml\/"]}]},{"@type":"ImageObject","inLanguage":"fr-FR","@id":"https:\/\/pharmadreams.shop\/index.php\/product\/svr-spirial-creme-deodorant-50ml\/#primaryimage","url":"https:\/\/pharmadreams.shop\/wp-content\/uploads\/2023\/12\/svr-creme-sp.png","contentUrl":"https:\/\/pharmadreams.shop\/wp-content\/uploads\/2023\/12\/svr-creme-sp.png","width":809,"height":800},{"@type":"BreadcrumbList","@id":"https:\/\/pharmadreams.shop\/index.php\/product\/svr-spirial-creme-deodorant-50ml\/#breadcrumb","itemListElement":[{"@type":"ListItem","position":1,"name":"Accueil","item":"https:\/\/pharmadreams.shop\/"},{"@type":"ListItem","position":2,"name":"Shop","item":"https:\/\/pharmadreams.shop\/index.php\/shop\/"},{"@type":"ListItem","position":3,"name":"Svr spirial cr\u00e8me d\u00e9odorant 50ml"}]},{"@type":"WebSite","@id":"https:\/\/pharmadreams.shop\/#website","url":"https:\/\/pharmadreams.shop\/","name":"pharmadreams","description":"Parapharmacie en ligne","potentialAction":[{"@type":"SearchAction","target":{"@type":"EntryPoint","urlTemplate":"https:\/\/pharmadreams.shop\/?s={search_term_string}"},"query-input":"required name=search_term_string"}],"inLanguage":"fr-FR"}]}},"_links":{"self":[{"href":"https:\/\/pharmadreams.shop\/index.php\/wp-json\/wp\/v2\/product\/16574","targetHints":{"allow":["GET"]}}],"collection":[{"href":"https:\/\/pharmadreams.shop\/index.php\/wp-json\/wp\/v2\/product"}],"about":[{"href":"https:\/\/pharmadreams.shop\/index.php\/wp-json\/wp\/v2\/types\/product"}],"replies":[{"embeddable":true,"href":"https:\/\/pharmadreams.shop\/index.php\/wp-json\/wp\/v2\/comments?post=16574"}],"version-history":[{"count":0,"href":"https:\/\/pharmadreams.shop\/index.php\/wp-json\/wp\/v2\/product\/16574\/revisions"}],"wp:featuredmedia":[{"embeddable":true,"href":"https:\/\/pharmadreams.shop\/index.php\/wp-json\/wp\/v2\/media\/16640"}],"wp:attachment":[{"href":"https:\/\/pharmadreams.shop\/index.php\/wp-json\/wp\/v2\/media?parent=16574"}],"wp:term":[{"taxonomy":"product_brand","embeddable":true,"href":"https:\/\/pharmadreams.shop\/index.php\/wp-json\/wp\/v2\/product_brand?post=16574"},{"taxonomy":"product_cat","embeddable":true,"href":"https:\/\/pharmadreams.shop\/index.php\/wp-json\/wp\/v2\/product_cat?post=16574"},{"taxonomy":"product_tag","embeddable":true,"href":"https:\/\/pharmadreams.shop\/index.php\/wp-json\/wp\/v2\/product_tag?post=16574"}],"curies":[{"name":"wp","href":"https:\/\/api.w.org\/{rel}","templated":true}]}}