{"id":16576,"date":"2023-12-19T19:36:02","date_gmt":"2023-12-19T18:36:02","guid":{"rendered":"https:\/\/venuspara.com\/?post_type=product&#038;p=16576"},"modified":"2023-12-19T19:36:47","modified_gmt":"2023-12-19T18:36:47","slug":"lierac-cica-filler-serum-anti-rides-reparateur-3x10ml","status":"publish","type":"product","link":"https:\/\/pharmadreams.shop\/index.php\/product\/lierac-cica-filler-serum-anti-rides-reparateur-3x10ml\/","title":{"rendered":"lierac cica-filler s\u00e9rum anti-rides r\u00e9parateur 3x10ml"},"content":{"rendered":"","protected":false},"excerpt":{"rendered":"<p>Le S\u00e9rum Cica-Filler Anti-rides R\u00e9parateur Lierac est un\u00a0<strong>concentr\u00e9 de s\u00e9rum anti-rides<\/strong>\u00a0r\u00e9parateur qui permet de\u00a0<strong>combler et lisser tous les types de rides<\/strong>.<\/p>\n<p>Sa formule exclusive contient du<strong>\u00a0<\/strong><strong>Bakuchiol Pro collag\u00e8ne<\/strong>, un actif d&rsquo;origine naturelle extrait d&rsquo;une plante\u00a0ayurv\u00e9dique la\u00a0Psoralea coryfolia, qui\u00a0<strong>stimule la synth\u00e8se du collag\u00e8ne<\/strong>.<\/p>\n<p>Le\u00a0<strong>complexe\u00a0<\/strong><strong>Alch\u00e9mille-Lierre-Pr\u00eale\u00a0<\/strong>favorise quant \u00e0 elle\u00a0la synth\u00e8se des fibres de collag\u00e8ne et d&rsquo;\u00e9lastine de la peau, et\u00a0<strong>stimule la reformation de l&rsquo;\u00e9piderme<\/strong>.<\/p>\n<p>Ce s\u00e9rum contient \u00e9galement un concentr\u00e9 Hyalu-3 qui permet de\u00a0<strong>repulper les tissus en\u00a0 surface et en profondeur<\/strong>.<\/p>\n<p>Gr\u00e2ce au S\u00e9rum Cica-Filler Anti-rides R\u00e9parateur Lierac les rides sont r\u00e9duites, les traits d\u00e9crisp\u00e9s et le visage para\u00eet plus frais et plus jeune.<\/p>\n","protected":false},"featured_media":16644,"comment_status":"open","ping_status":"closed","template":"","meta":[],"product_brand":[],"product_cat":[120,94],"product_tag":[],"class_list":{"0":"post-16576","1":"product","2":"type-product","3":"status-publish","4":"has-post-thumbnail","6":"product_cat-anti-rides","7":"product_cat-serum","9":"first","10":"instock","11":"shipping-taxable","12":"purchasable","13":"product-type-simple"},"yoast_head":"<!-- This site is optimized with the Yoast SEO plugin v23.0 - https:\/\/yoast.com\/wordpress\/plugins\/seo\/ -->\n<title>lierac cica-filler s\u00e9rum anti-rides r\u00e9parateur 3x10ml - pharmadreams<\/title>\n<meta name=\"robots\" content=\"index, follow, max-snippet:-1, max-image-preview:large, max-video-preview:-1\" \/>\n<link rel=\"canonical\" href=\"https:\/\/pharmadreams.shop\/index.php\/product\/lierac-cica-filler-serum-anti-rides-reparateur-3x10ml\/\" \/>\n<meta property=\"og:locale\" content=\"fr_FR\" \/>\n<meta property=\"og:type\" content=\"article\" \/>\n<meta property=\"og:title\" content=\"lierac cica-filler s\u00e9rum anti-rides r\u00e9parateur 3x10ml - pharmadreams\" \/>\n<meta property=\"og:description\" content=\"Le S\u00e9rum Cica-Filler Anti-rides R\u00e9parateur Lierac est un\u00a0concentr\u00e9 de s\u00e9rum anti-rides\u00a0r\u00e9parateur qui permet de\u00a0combler et lisser tous les types de rides.  Sa formule exclusive contient du\u00a0Bakuchiol Pro collag\u00e8ne, un actif d&#039;origine naturelle extrait d&#039;une plante\u00a0ayurv\u00e9dique la\u00a0Psoralea coryfolia, qui\u00a0stimule la synth\u00e8se du collag\u00e8ne.  Le\u00a0complexe\u00a0Alch\u00e9mille-Lierre-Pr\u00eale\u00a0favorise quant \u00e0 elle\u00a0la synth\u00e8se des fibres de collag\u00e8ne et d&#039;\u00e9lastine de la peau, et\u00a0stimule la reformation de l&#039;\u00e9piderme.  Ce s\u00e9rum contient \u00e9galement un concentr\u00e9 Hyalu-3 qui permet de\u00a0repulper les tissus en\u00a0 surface et en profondeur.  Gr\u00e2ce au S\u00e9rum Cica-Filler Anti-rides R\u00e9parateur Lierac les rides sont r\u00e9duites, les traits d\u00e9crisp\u00e9s et le visage para\u00eet plus frais et plus jeune.\" \/>\n<meta property=\"og:url\" content=\"https:\/\/pharmadreams.shop\/index.php\/product\/lierac-cica-filler-serum-anti-rides-reparateur-3x10ml\/\" \/>\n<meta property=\"og:site_name\" content=\"pharmadreams\" \/>\n<meta property=\"article:modified_time\" content=\"2023-12-19T18:36:47+00:00\" \/>\n<meta property=\"og:image\" content=\"https:\/\/pharmadreams.shop\/wp-content\/uploads\/2023\/12\/cica-filler-lia.png\" \/>\n\t<meta property=\"og:image:width\" content=\"809\" \/>\n\t<meta property=\"og:image:height\" content=\"800\" \/>\n\t<meta property=\"og:image:type\" content=\"image\/png\" \/>\n<meta name=\"twitter:card\" content=\"summary_large_image\" \/>\n<script type=\"application\/ld+json\" class=\"yoast-schema-graph\">{\"@context\":\"https:\/\/schema.org\",\"@graph\":[{\"@type\":\"WebPage\",\"@id\":\"https:\/\/pharmadreams.shop\/index.php\/product\/lierac-cica-filler-serum-anti-rides-reparateur-3x10ml\/\",\"url\":\"https:\/\/pharmadreams.shop\/index.php\/product\/lierac-cica-filler-serum-anti-rides-reparateur-3x10ml\/\",\"name\":\"lierac cica-filler s\u00e9rum anti-rides r\u00e9parateur 3x10ml - pharmadreams\",\"isPartOf\":{\"@id\":\"https:\/\/pharmadreams.shop\/#website\"},\"primaryImageOfPage\":{\"@id\":\"https:\/\/pharmadreams.shop\/index.php\/product\/lierac-cica-filler-serum-anti-rides-reparateur-3x10ml\/#primaryimage\"},\"image\":{\"@id\":\"https:\/\/pharmadreams.shop\/index.php\/product\/lierac-cica-filler-serum-anti-rides-reparateur-3x10ml\/#primaryimage\"},\"thumbnailUrl\":\"https:\/\/pharmadreams.shop\/wp-content\/uploads\/2023\/12\/cica-filler-lia.png\",\"datePublished\":\"2023-12-19T18:36:02+00:00\",\"dateModified\":\"2023-12-19T18:36:47+00:00\",\"breadcrumb\":{\"@id\":\"https:\/\/pharmadreams.shop\/index.php\/product\/lierac-cica-filler-serum-anti-rides-reparateur-3x10ml\/#breadcrumb\"},\"inLanguage\":\"fr-FR\",\"potentialAction\":[{\"@type\":\"ReadAction\",\"target\":[\"https:\/\/pharmadreams.shop\/index.php\/product\/lierac-cica-filler-serum-anti-rides-reparateur-3x10ml\/\"]}]},{\"@type\":\"ImageObject\",\"inLanguage\":\"fr-FR\",\"@id\":\"https:\/\/pharmadreams.shop\/index.php\/product\/lierac-cica-filler-serum-anti-rides-reparateur-3x10ml\/#primaryimage\",\"url\":\"https:\/\/pharmadreams.shop\/wp-content\/uploads\/2023\/12\/cica-filler-lia.png\",\"contentUrl\":\"https:\/\/pharmadreams.shop\/wp-content\/uploads\/2023\/12\/cica-filler-lia.png\",\"width\":809,\"height\":800},{\"@type\":\"BreadcrumbList\",\"@id\":\"https:\/\/pharmadreams.shop\/index.php\/product\/lierac-cica-filler-serum-anti-rides-reparateur-3x10ml\/#breadcrumb\",\"itemListElement\":[{\"@type\":\"ListItem\",\"position\":1,\"name\":\"Accueil\",\"item\":\"https:\/\/pharmadreams.shop\/\"},{\"@type\":\"ListItem\",\"position\":2,\"name\":\"Shop\",\"item\":\"https:\/\/pharmadreams.shop\/index.php\/shop\/\"},{\"@type\":\"ListItem\",\"position\":3,\"name\":\"lierac cica-filler s\u00e9rum anti-rides r\u00e9parateur 3x10ml\"}]},{\"@type\":\"WebSite\",\"@id\":\"https:\/\/pharmadreams.shop\/#website\",\"url\":\"https:\/\/pharmadreams.shop\/\",\"name\":\"pharmadreams\",\"description\":\"Parapharmacie en ligne\",\"potentialAction\":[{\"@type\":\"SearchAction\",\"target\":{\"@type\":\"EntryPoint\",\"urlTemplate\":\"https:\/\/pharmadreams.shop\/?s={search_term_string}\"},\"query-input\":\"required name=search_term_string\"}],\"inLanguage\":\"fr-FR\"}]}<\/script>\n<!-- \/ Yoast SEO plugin. -->","yoast_head_json":{"title":"lierac cica-filler s\u00e9rum anti-rides r\u00e9parateur 3x10ml - pharmadreams","robots":{"index":"index","follow":"follow","max-snippet":"max-snippet:-1","max-image-preview":"max-image-preview:large","max-video-preview":"max-video-preview:-1"},"canonical":"https:\/\/pharmadreams.shop\/index.php\/product\/lierac-cica-filler-serum-anti-rides-reparateur-3x10ml\/","og_locale":"fr_FR","og_type":"article","og_title":"lierac cica-filler s\u00e9rum anti-rides r\u00e9parateur 3x10ml - pharmadreams","og_description":"Le S\u00e9rum Cica-Filler Anti-rides R\u00e9parateur Lierac est un\u00a0concentr\u00e9 de s\u00e9rum anti-rides\u00a0r\u00e9parateur qui permet de\u00a0combler et lisser tous les types de rides.  Sa formule exclusive contient du\u00a0Bakuchiol Pro collag\u00e8ne, un actif d'origine naturelle extrait d'une plante\u00a0ayurv\u00e9dique la\u00a0Psoralea coryfolia, qui\u00a0stimule la synth\u00e8se du collag\u00e8ne.  Le\u00a0complexe\u00a0Alch\u00e9mille-Lierre-Pr\u00eale\u00a0favorise quant \u00e0 elle\u00a0la synth\u00e8se des fibres de collag\u00e8ne et d'\u00e9lastine de la peau, et\u00a0stimule la reformation de l'\u00e9piderme.  Ce s\u00e9rum contient \u00e9galement un concentr\u00e9 Hyalu-3 qui permet de\u00a0repulper les tissus en\u00a0 surface et en profondeur.  Gr\u00e2ce au S\u00e9rum Cica-Filler Anti-rides R\u00e9parateur Lierac les rides sont r\u00e9duites, les traits d\u00e9crisp\u00e9s et le visage para\u00eet plus frais et plus jeune.","og_url":"https:\/\/pharmadreams.shop\/index.php\/product\/lierac-cica-filler-serum-anti-rides-reparateur-3x10ml\/","og_site_name":"pharmadreams","article_modified_time":"2023-12-19T18:36:47+00:00","og_image":[{"width":809,"height":800,"url":"https:\/\/pharmadreams.shop\/wp-content\/uploads\/2023\/12\/cica-filler-lia.png","type":"image\/png"}],"twitter_card":"summary_large_image","schema":{"@context":"https:\/\/schema.org","@graph":[{"@type":"WebPage","@id":"https:\/\/pharmadreams.shop\/index.php\/product\/lierac-cica-filler-serum-anti-rides-reparateur-3x10ml\/","url":"https:\/\/pharmadreams.shop\/index.php\/product\/lierac-cica-filler-serum-anti-rides-reparateur-3x10ml\/","name":"lierac cica-filler s\u00e9rum anti-rides r\u00e9parateur 3x10ml - pharmadreams","isPartOf":{"@id":"https:\/\/pharmadreams.shop\/#website"},"primaryImageOfPage":{"@id":"https:\/\/pharmadreams.shop\/index.php\/product\/lierac-cica-filler-serum-anti-rides-reparateur-3x10ml\/#primaryimage"},"image":{"@id":"https:\/\/pharmadreams.shop\/index.php\/product\/lierac-cica-filler-serum-anti-rides-reparateur-3x10ml\/#primaryimage"},"thumbnailUrl":"https:\/\/pharmadreams.shop\/wp-content\/uploads\/2023\/12\/cica-filler-lia.png","datePublished":"2023-12-19T18:36:02+00:00","dateModified":"2023-12-19T18:36:47+00:00","breadcrumb":{"@id":"https:\/\/pharmadreams.shop\/index.php\/product\/lierac-cica-filler-serum-anti-rides-reparateur-3x10ml\/#breadcrumb"},"inLanguage":"fr-FR","potentialAction":[{"@type":"ReadAction","target":["https:\/\/pharmadreams.shop\/index.php\/product\/lierac-cica-filler-serum-anti-rides-reparateur-3x10ml\/"]}]},{"@type":"ImageObject","inLanguage":"fr-FR","@id":"https:\/\/pharmadreams.shop\/index.php\/product\/lierac-cica-filler-serum-anti-rides-reparateur-3x10ml\/#primaryimage","url":"https:\/\/pharmadreams.shop\/wp-content\/uploads\/2023\/12\/cica-filler-lia.png","contentUrl":"https:\/\/pharmadreams.shop\/wp-content\/uploads\/2023\/12\/cica-filler-lia.png","width":809,"height":800},{"@type":"BreadcrumbList","@id":"https:\/\/pharmadreams.shop\/index.php\/product\/lierac-cica-filler-serum-anti-rides-reparateur-3x10ml\/#breadcrumb","itemListElement":[{"@type":"ListItem","position":1,"name":"Accueil","item":"https:\/\/pharmadreams.shop\/"},{"@type":"ListItem","position":2,"name":"Shop","item":"https:\/\/pharmadreams.shop\/index.php\/shop\/"},{"@type":"ListItem","position":3,"name":"lierac cica-filler s\u00e9rum anti-rides r\u00e9parateur 3x10ml"}]},{"@type":"WebSite","@id":"https:\/\/pharmadreams.shop\/#website","url":"https:\/\/pharmadreams.shop\/","name":"pharmadreams","description":"Parapharmacie en ligne","potentialAction":[{"@type":"SearchAction","target":{"@type":"EntryPoint","urlTemplate":"https:\/\/pharmadreams.shop\/?s={search_term_string}"},"query-input":"required name=search_term_string"}],"inLanguage":"fr-FR"}]}},"_links":{"self":[{"href":"https:\/\/pharmadreams.shop\/index.php\/wp-json\/wp\/v2\/product\/16576","targetHints":{"allow":["GET"]}}],"collection":[{"href":"https:\/\/pharmadreams.shop\/index.php\/wp-json\/wp\/v2\/product"}],"about":[{"href":"https:\/\/pharmadreams.shop\/index.php\/wp-json\/wp\/v2\/types\/product"}],"replies":[{"embeddable":true,"href":"https:\/\/pharmadreams.shop\/index.php\/wp-json\/wp\/v2\/comments?post=16576"}],"version-history":[{"count":0,"href":"https:\/\/pharmadreams.shop\/index.php\/wp-json\/wp\/v2\/product\/16576\/revisions"}],"wp:featuredmedia":[{"embeddable":true,"href":"https:\/\/pharmadreams.shop\/index.php\/wp-json\/wp\/v2\/media\/16644"}],"wp:attachment":[{"href":"https:\/\/pharmadreams.shop\/index.php\/wp-json\/wp\/v2\/media?parent=16576"}],"wp:term":[{"taxonomy":"product_brand","embeddable":true,"href":"https:\/\/pharmadreams.shop\/index.php\/wp-json\/wp\/v2\/product_brand?post=16576"},{"taxonomy":"product_cat","embeddable":true,"href":"https:\/\/pharmadreams.shop\/index.php\/wp-json\/wp\/v2\/product_cat?post=16576"},{"taxonomy":"product_tag","embeddable":true,"href":"https:\/\/pharmadreams.shop\/index.php\/wp-json\/wp\/v2\/product_tag?post=16576"}],"curies":[{"name":"wp","href":"https:\/\/api.w.org\/{rel}","templated":true}]}}