{"id":16578,"date":"2023-12-19T19:36:02","date_gmt":"2023-12-19T18:36:02","guid":{"rendered":"https:\/\/venuspara.com\/?post_type=product&#038;p=16578"},"modified":"2024-03-16T00:27:21","modified_gmt":"2024-03-15T23:27:21","slug":"oxygen-glow-mask-masque-super-perfecteur-express-75ml-filorga","status":"publish","type":"product","link":"https:\/\/pharmadreams.shop\/index.php\/product\/oxygen-glow-mask-masque-super-perfecteur-express-75ml-filorga\/","title":{"rendered":"Oxygen-glow [mask] masque super-perfecteur express 75ml -filorga"},"content":{"rendered":"","protected":false},"excerpt":{"rendered":"<p>Un masque express qui gomme les d\u00e9fauts en temps r\u00e9el et booste l&rsquo;\u00e9calt instantan\u00e9ment pour une belle peau au naturel en 10 minutes chrono !<\/p>\n<p>&nbsp;<\/p>\n<p>Objectif peau z\u00e9ro d\u00e9faut &#8211; D\u00e9velopp\u00e9 par FILORGA, le complexe Super-Skin Boosting Factors r\u00e9unit un booster d\u2019oxyg\u00e9nation \u00e9nergisant, de l\u2019acide hyaluronique repulpant et lissant et de la L-enzyme d\u00e9toxifiante(2) pour r\u00e9v\u00e9ler une peau z\u00e9ro d\u00e9faut jour apr\u00e8s jour.<\/p>\n<p>Le + : Une action unifiante express renforc\u00e9e gr\u00e2ce \u00e0 un trio d\u2019actifs \u00e0 effet peeling.<\/p>\n<p>\u00c9clat imm\u00e9diat visible \u00e0 l\u2019oeil nu &#8211; Une texture hydra-illuminatrice int\u00e9grant la technologie Photoperfector HD pour un effet peau sublim\u00e9e instantan\u00e9.<\/p>\n","protected":false},"featured_media":16660,"comment_status":"open","ping_status":"closed","template":"","meta":[],"product_brand":[],"product_cat":[165],"product_tag":[],"class_list":{"0":"post-16578","1":"product","2":"type-product","3":"status-publish","4":"has-post-thumbnail","6":"product_cat-masque","8":"first","9":"instock","10":"shipping-taxable","11":"purchasable","12":"product-type-simple"},"yoast_head":"<!-- This site is optimized with the Yoast SEO plugin v23.0 - https:\/\/yoast.com\/wordpress\/plugins\/seo\/ -->\n<title>Oxygen-glow [mask] masque super-perfecteur express 75ml -filorga - pharmadreams<\/title>\n<meta name=\"robots\" content=\"index, follow, max-snippet:-1, max-image-preview:large, max-video-preview:-1\" \/>\n<link rel=\"canonical\" href=\"https:\/\/pharmadreams.shop\/index.php\/product\/oxygen-glow-mask-masque-super-perfecteur-express-75ml-filorga\/\" \/>\n<meta property=\"og:locale\" content=\"fr_FR\" \/>\n<meta property=\"og:type\" content=\"article\" \/>\n<meta property=\"og:title\" content=\"Oxygen-glow [mask] masque super-perfecteur express 75ml -filorga - pharmadreams\" \/>\n<meta property=\"og:description\" content=\"Un masque express qui gomme les d\u00e9fauts en temps r\u00e9el et booste l&#039;\u00e9calt instantan\u00e9ment pour une belle peau au naturel en 10 minutes chrono !  &nbsp;  Objectif peau z\u00e9ro d\u00e9faut - D\u00e9velopp\u00e9 par FILORGA, le complexe Super-Skin Boosting Factors r\u00e9unit un booster d\u2019oxyg\u00e9nation \u00e9nergisant, de l\u2019acide hyaluronique repulpant et lissant et de la L-enzyme d\u00e9toxifiante(2) pour r\u00e9v\u00e9ler une peau z\u00e9ro d\u00e9faut jour apr\u00e8s jour.  Le + : Une action unifiante express renforc\u00e9e gr\u00e2ce \u00e0 un trio d\u2019actifs \u00e0 effet peeling.  \u00c9clat imm\u00e9diat visible \u00e0 l\u2019oeil nu - Une texture hydra-illuminatrice int\u00e9grant la technologie Photoperfector HD pour un effet peau sublim\u00e9e instantan\u00e9.\" \/>\n<meta property=\"og:url\" content=\"https:\/\/pharmadreams.shop\/index.php\/product\/oxygen-glow-mask-masque-super-perfecteur-express-75ml-filorga\/\" \/>\n<meta property=\"og:site_name\" content=\"pharmadreams\" \/>\n<meta property=\"article:modified_time\" content=\"2024-03-15T23:27:21+00:00\" \/>\n<meta property=\"og:image\" content=\"https:\/\/pharmadreams.shop\/wp-content\/uploads\/2023\/12\/filorgaaa.png\" \/>\n\t<meta property=\"og:image:width\" content=\"840\" \/>\n\t<meta property=\"og:image:height\" content=\"984\" \/>\n\t<meta property=\"og:image:type\" content=\"image\/png\" \/>\n<meta name=\"twitter:card\" content=\"summary_large_image\" \/>\n<meta name=\"twitter:label1\" content=\"Dur\u00e9e de lecture estim\u00e9e\" \/>\n\t<meta name=\"twitter:data1\" content=\"1 minute\" \/>\n<script type=\"application\/ld+json\" class=\"yoast-schema-graph\">{\"@context\":\"https:\/\/schema.org\",\"@graph\":[{\"@type\":\"WebPage\",\"@id\":\"https:\/\/pharmadreams.shop\/index.php\/product\/oxygen-glow-mask-masque-super-perfecteur-express-75ml-filorga\/\",\"url\":\"https:\/\/pharmadreams.shop\/index.php\/product\/oxygen-glow-mask-masque-super-perfecteur-express-75ml-filorga\/\",\"name\":\"Oxygen-glow [mask] masque super-perfecteur express 75ml -filorga - pharmadreams\",\"isPartOf\":{\"@id\":\"https:\/\/pharmadreams.shop\/#website\"},\"primaryImageOfPage\":{\"@id\":\"https:\/\/pharmadreams.shop\/index.php\/product\/oxygen-glow-mask-masque-super-perfecteur-express-75ml-filorga\/#primaryimage\"},\"image\":{\"@id\":\"https:\/\/pharmadreams.shop\/index.php\/product\/oxygen-glow-mask-masque-super-perfecteur-express-75ml-filorga\/#primaryimage\"},\"thumbnailUrl\":\"https:\/\/pharmadreams.shop\/wp-content\/uploads\/2023\/12\/filorgaaa.png\",\"datePublished\":\"2023-12-19T18:36:02+00:00\",\"dateModified\":\"2024-03-15T23:27:21+00:00\",\"breadcrumb\":{\"@id\":\"https:\/\/pharmadreams.shop\/index.php\/product\/oxygen-glow-mask-masque-super-perfecteur-express-75ml-filorga\/#breadcrumb\"},\"inLanguage\":\"fr-FR\",\"potentialAction\":[{\"@type\":\"ReadAction\",\"target\":[\"https:\/\/pharmadreams.shop\/index.php\/product\/oxygen-glow-mask-masque-super-perfecteur-express-75ml-filorga\/\"]}]},{\"@type\":\"ImageObject\",\"inLanguage\":\"fr-FR\",\"@id\":\"https:\/\/pharmadreams.shop\/index.php\/product\/oxygen-glow-mask-masque-super-perfecteur-express-75ml-filorga\/#primaryimage\",\"url\":\"https:\/\/pharmadreams.shop\/wp-content\/uploads\/2023\/12\/filorgaaa.png\",\"contentUrl\":\"https:\/\/pharmadreams.shop\/wp-content\/uploads\/2023\/12\/filorgaaa.png\",\"width\":840,\"height\":984},{\"@type\":\"BreadcrumbList\",\"@id\":\"https:\/\/pharmadreams.shop\/index.php\/product\/oxygen-glow-mask-masque-super-perfecteur-express-75ml-filorga\/#breadcrumb\",\"itemListElement\":[{\"@type\":\"ListItem\",\"position\":1,\"name\":\"Accueil\",\"item\":\"https:\/\/pharmadreams.shop\/\"},{\"@type\":\"ListItem\",\"position\":2,\"name\":\"Shop\",\"item\":\"https:\/\/pharmadreams.shop\/index.php\/shop\/\"},{\"@type\":\"ListItem\",\"position\":3,\"name\":\"Oxygen-glow [mask] masque super-perfecteur express 75ml -filorga\"}]},{\"@type\":\"WebSite\",\"@id\":\"https:\/\/pharmadreams.shop\/#website\",\"url\":\"https:\/\/pharmadreams.shop\/\",\"name\":\"pharmadreams\",\"description\":\"Parapharmacie en ligne\",\"potentialAction\":[{\"@type\":\"SearchAction\",\"target\":{\"@type\":\"EntryPoint\",\"urlTemplate\":\"https:\/\/pharmadreams.shop\/?s={search_term_string}\"},\"query-input\":\"required name=search_term_string\"}],\"inLanguage\":\"fr-FR\"}]}<\/script>\n<!-- \/ Yoast SEO plugin. -->","yoast_head_json":{"title":"Oxygen-glow [mask] masque super-perfecteur express 75ml -filorga - pharmadreams","robots":{"index":"index","follow":"follow","max-snippet":"max-snippet:-1","max-image-preview":"max-image-preview:large","max-video-preview":"max-video-preview:-1"},"canonical":"https:\/\/pharmadreams.shop\/index.php\/product\/oxygen-glow-mask-masque-super-perfecteur-express-75ml-filorga\/","og_locale":"fr_FR","og_type":"article","og_title":"Oxygen-glow [mask] masque super-perfecteur express 75ml -filorga - pharmadreams","og_description":"Un masque express qui gomme les d\u00e9fauts en temps r\u00e9el et booste l'\u00e9calt instantan\u00e9ment pour une belle peau au naturel en 10 minutes chrono !  &nbsp;  Objectif peau z\u00e9ro d\u00e9faut - D\u00e9velopp\u00e9 par FILORGA, le complexe Super-Skin Boosting Factors r\u00e9unit un booster d\u2019oxyg\u00e9nation \u00e9nergisant, de l\u2019acide hyaluronique repulpant et lissant et de la L-enzyme d\u00e9toxifiante(2) pour r\u00e9v\u00e9ler une peau z\u00e9ro d\u00e9faut jour apr\u00e8s jour.  Le + : Une action unifiante express renforc\u00e9e gr\u00e2ce \u00e0 un trio d\u2019actifs \u00e0 effet peeling.  \u00c9clat imm\u00e9diat visible \u00e0 l\u2019oeil nu - Une texture hydra-illuminatrice int\u00e9grant la technologie Photoperfector HD pour un effet peau sublim\u00e9e instantan\u00e9.","og_url":"https:\/\/pharmadreams.shop\/index.php\/product\/oxygen-glow-mask-masque-super-perfecteur-express-75ml-filorga\/","og_site_name":"pharmadreams","article_modified_time":"2024-03-15T23:27:21+00:00","og_image":[{"width":840,"height":984,"url":"https:\/\/pharmadreams.shop\/wp-content\/uploads\/2023\/12\/filorgaaa.png","type":"image\/png"}],"twitter_card":"summary_large_image","twitter_misc":{"Dur\u00e9e de lecture estim\u00e9e":"1 minute"},"schema":{"@context":"https:\/\/schema.org","@graph":[{"@type":"WebPage","@id":"https:\/\/pharmadreams.shop\/index.php\/product\/oxygen-glow-mask-masque-super-perfecteur-express-75ml-filorga\/","url":"https:\/\/pharmadreams.shop\/index.php\/product\/oxygen-glow-mask-masque-super-perfecteur-express-75ml-filorga\/","name":"Oxygen-glow [mask] masque super-perfecteur express 75ml -filorga - pharmadreams","isPartOf":{"@id":"https:\/\/pharmadreams.shop\/#website"},"primaryImageOfPage":{"@id":"https:\/\/pharmadreams.shop\/index.php\/product\/oxygen-glow-mask-masque-super-perfecteur-express-75ml-filorga\/#primaryimage"},"image":{"@id":"https:\/\/pharmadreams.shop\/index.php\/product\/oxygen-glow-mask-masque-super-perfecteur-express-75ml-filorga\/#primaryimage"},"thumbnailUrl":"https:\/\/pharmadreams.shop\/wp-content\/uploads\/2023\/12\/filorgaaa.png","datePublished":"2023-12-19T18:36:02+00:00","dateModified":"2024-03-15T23:27:21+00:00","breadcrumb":{"@id":"https:\/\/pharmadreams.shop\/index.php\/product\/oxygen-glow-mask-masque-super-perfecteur-express-75ml-filorga\/#breadcrumb"},"inLanguage":"fr-FR","potentialAction":[{"@type":"ReadAction","target":["https:\/\/pharmadreams.shop\/index.php\/product\/oxygen-glow-mask-masque-super-perfecteur-express-75ml-filorga\/"]}]},{"@type":"ImageObject","inLanguage":"fr-FR","@id":"https:\/\/pharmadreams.shop\/index.php\/product\/oxygen-glow-mask-masque-super-perfecteur-express-75ml-filorga\/#primaryimage","url":"https:\/\/pharmadreams.shop\/wp-content\/uploads\/2023\/12\/filorgaaa.png","contentUrl":"https:\/\/pharmadreams.shop\/wp-content\/uploads\/2023\/12\/filorgaaa.png","width":840,"height":984},{"@type":"BreadcrumbList","@id":"https:\/\/pharmadreams.shop\/index.php\/product\/oxygen-glow-mask-masque-super-perfecteur-express-75ml-filorga\/#breadcrumb","itemListElement":[{"@type":"ListItem","position":1,"name":"Accueil","item":"https:\/\/pharmadreams.shop\/"},{"@type":"ListItem","position":2,"name":"Shop","item":"https:\/\/pharmadreams.shop\/index.php\/shop\/"},{"@type":"ListItem","position":3,"name":"Oxygen-glow [mask] masque super-perfecteur express 75ml -filorga"}]},{"@type":"WebSite","@id":"https:\/\/pharmadreams.shop\/#website","url":"https:\/\/pharmadreams.shop\/","name":"pharmadreams","description":"Parapharmacie en ligne","potentialAction":[{"@type":"SearchAction","target":{"@type":"EntryPoint","urlTemplate":"https:\/\/pharmadreams.shop\/?s={search_term_string}"},"query-input":"required name=search_term_string"}],"inLanguage":"fr-FR"}]}},"_links":{"self":[{"href":"https:\/\/pharmadreams.shop\/index.php\/wp-json\/wp\/v2\/product\/16578","targetHints":{"allow":["GET"]}}],"collection":[{"href":"https:\/\/pharmadreams.shop\/index.php\/wp-json\/wp\/v2\/product"}],"about":[{"href":"https:\/\/pharmadreams.shop\/index.php\/wp-json\/wp\/v2\/types\/product"}],"replies":[{"embeddable":true,"href":"https:\/\/pharmadreams.shop\/index.php\/wp-json\/wp\/v2\/comments?post=16578"}],"version-history":[{"count":0,"href":"https:\/\/pharmadreams.shop\/index.php\/wp-json\/wp\/v2\/product\/16578\/revisions"}],"wp:featuredmedia":[{"embeddable":true,"href":"https:\/\/pharmadreams.shop\/index.php\/wp-json\/wp\/v2\/media\/16660"}],"wp:attachment":[{"href":"https:\/\/pharmadreams.shop\/index.php\/wp-json\/wp\/v2\/media?parent=16578"}],"wp:term":[{"taxonomy":"product_brand","embeddable":true,"href":"https:\/\/pharmadreams.shop\/index.php\/wp-json\/wp\/v2\/product_brand?post=16578"},{"taxonomy":"product_cat","embeddable":true,"href":"https:\/\/pharmadreams.shop\/index.php\/wp-json\/wp\/v2\/product_cat?post=16578"},{"taxonomy":"product_tag","embeddable":true,"href":"https:\/\/pharmadreams.shop\/index.php\/wp-json\/wp\/v2\/product_tag?post=16578"}],"curies":[{"name":"wp","href":"https:\/\/api.w.org\/{rel}","templated":true}]}}