{"id":16580,"date":"2023-12-19T19:36:03","date_gmt":"2023-12-19T18:36:03","guid":{"rendered":"https:\/\/venuspara.com\/?post_type=product&#038;p=16580"},"modified":"2023-12-19T19:36:55","modified_gmt":"2023-12-19T18:36:55","slug":"ultrasun-sports-gel-spf50-100ml","status":"publish","type":"product","link":"https:\/\/pharmadreams.shop\/index.php\/product\/ultrasun-sports-gel-spf50-100ml\/","title":{"rendered":"ultrasun sports gel spf50 100ml"},"content":{"rendered":"","protected":false},"excerpt":{"rendered":"<p><strong>ULTRASUN SPORTS GEL SPF50 100ML<\/strong><\/p>\n<p>Ultrasun Sports le Gel solaire protection UVA et UVB (SPF 50) transparent \u00e0 absorption rapide, non gras et non collant, avec GSP pour une protection contre les infrarouges.<\/p>\n<p>Ultrasun sports gel spf50 est id\u00e9al pour les personnes actives et sportives, rapide et facile \u00e0 appliquer. Inflammable &#8211; contient de l\u2019alcool.<\/p>\n<p>Avec anti-oxydants<br \/>\nR\u00e9sistant \u00e0 l&rsquo;eau<\/p>\n<p>Composition: Sans parfum, huiles min\u00e9raux, \u00e9mulsifiants PEG\/PPG, silicones, conservateurs, ethylhexyl methoxycinnamate<br \/>\nIngr\u00e9dients: Alcohol, C12-15 Alkyl Benzoate, Phenoxyethyl Caprylate, Diethylamino Hydroxybenzoyl Hexyl Benzoate, Diethylhexyl Butamido Triazone, Ethylhexyl Salicylate, Diisopropyl Adipate, Ethylhexyl Triazone, Octyldodecanol, Bis-Ethylhexyloxyphenol Methoxyphenyl Triazine, Dibutyl Adipate, Alcohol Denat., Va\/Butyl Maleate\/Isobornyl Acrylate Copolymer, Vitis Vinifera Seed Extract, Glycerin, Hydroxypropyl Methylcellulose, Aqua, Tocopheryl Acetate, 2,6-Dimethyl-7-Octen-2-Ol, Lecithin, Sodium Chloride, Caprylic\/Capric Triglyceride, Ascorbyl Tetraisopalmitate, Tocopherol, Ubiquinone.<\/p>\n<p>&nbsp;<\/p>\n","protected":false},"featured_media":16664,"comment_status":"open","ping_status":"closed","template":"","meta":[],"product_brand":[],"product_cat":[104],"product_tag":[],"class_list":{"0":"post-16580","1":"product","2":"type-product","3":"status-publish","4":"has-post-thumbnail","6":"product_cat-protection","8":"first","9":"instock","10":"shipping-taxable","11":"product-type-simple"},"yoast_head":"<!-- This site is optimized with the Yoast SEO plugin v23.0 - https:\/\/yoast.com\/wordpress\/plugins\/seo\/ -->\n<title>ultrasun sports gel spf50 100ml - pharmadreams<\/title>\n<meta name=\"robots\" content=\"index, follow, max-snippet:-1, max-image-preview:large, max-video-preview:-1\" \/>\n<link rel=\"canonical\" href=\"https:\/\/pharmadreams.shop\/index.php\/product\/ultrasun-sports-gel-spf50-100ml\/\" \/>\n<meta property=\"og:locale\" content=\"fr_FR\" \/>\n<meta property=\"og:type\" content=\"article\" \/>\n<meta property=\"og:title\" content=\"ultrasun sports gel spf50 100ml - pharmadreams\" \/>\n<meta property=\"og:description\" content=\"ULTRASUN SPORTS GEL SPF50 100ML  Ultrasun Sports le Gel solaire protection UVA et UVB (SPF 50) transparent \u00e0 absorption rapide, non gras et non collant, avec GSP pour une protection contre les infrarouges.  Ultrasun sports gel spf50 est id\u00e9al pour les personnes actives et sportives, rapide et facile \u00e0 appliquer. Inflammable - contient de l\u2019alcool.  Avec anti-oxydants R\u00e9sistant \u00e0 l&#039;eau  Composition: Sans parfum, huiles min\u00e9raux, \u00e9mulsifiants PEG\/PPG, silicones, conservateurs, ethylhexyl methoxycinnamate Ingr\u00e9dients: Alcohol, C12-15 Alkyl Benzoate, Phenoxyethyl Caprylate, Diethylamino Hydroxybenzoyl Hexyl Benzoate, Diethylhexyl Butamido Triazone, Ethylhexyl Salicylate, Diisopropyl Adipate, Ethylhexyl Triazone, Octyldodecanol, Bis-Ethylhexyloxyphenol Methoxyphenyl Triazine, Dibutyl Adipate, Alcohol Denat., Va\/Butyl Maleate\/Isobornyl Acrylate Copolymer, Vitis Vinifera Seed Extract, Glycerin, Hydroxypropyl Methylcellulose, Aqua, Tocopheryl Acetate, 2,6-Dimethyl-7-Octen-2-Ol, Lecithin, Sodium Chloride, Caprylic\/Capric Triglyceride, Ascorbyl Tetraisopalmitate, Tocopherol, Ubiquinone.  &nbsp;\" \/>\n<meta property=\"og:url\" content=\"https:\/\/pharmadreams.shop\/index.php\/product\/ultrasun-sports-gel-spf50-100ml\/\" \/>\n<meta property=\"og:site_name\" content=\"pharmadreams\" \/>\n<meta property=\"article:modified_time\" content=\"2023-12-19T18:36:55+00:00\" \/>\n<meta property=\"og:image\" content=\"https:\/\/pharmadreams.shop\/wp-content\/uploads\/2023\/12\/spf-50.png\" \/>\n\t<meta property=\"og:image:width\" content=\"614\" \/>\n\t<meta property=\"og:image:height\" content=\"689\" \/>\n\t<meta property=\"og:image:type\" content=\"image\/png\" \/>\n<meta name=\"twitter:card\" content=\"summary_large_image\" \/>\n<script type=\"application\/ld+json\" class=\"yoast-schema-graph\">{\"@context\":\"https:\/\/schema.org\",\"@graph\":[{\"@type\":\"WebPage\",\"@id\":\"https:\/\/pharmadreams.shop\/index.php\/product\/ultrasun-sports-gel-spf50-100ml\/\",\"url\":\"https:\/\/pharmadreams.shop\/index.php\/product\/ultrasun-sports-gel-spf50-100ml\/\",\"name\":\"ultrasun sports gel spf50 100ml - pharmadreams\",\"isPartOf\":{\"@id\":\"https:\/\/pharmadreams.shop\/#website\"},\"primaryImageOfPage\":{\"@id\":\"https:\/\/pharmadreams.shop\/index.php\/product\/ultrasun-sports-gel-spf50-100ml\/#primaryimage\"},\"image\":{\"@id\":\"https:\/\/pharmadreams.shop\/index.php\/product\/ultrasun-sports-gel-spf50-100ml\/#primaryimage\"},\"thumbnailUrl\":\"https:\/\/pharmadreams.shop\/wp-content\/uploads\/2023\/12\/spf-50.png\",\"datePublished\":\"2023-12-19T18:36:03+00:00\",\"dateModified\":\"2023-12-19T18:36:55+00:00\",\"breadcrumb\":{\"@id\":\"https:\/\/pharmadreams.shop\/index.php\/product\/ultrasun-sports-gel-spf50-100ml\/#breadcrumb\"},\"inLanguage\":\"fr-FR\",\"potentialAction\":[{\"@type\":\"ReadAction\",\"target\":[\"https:\/\/pharmadreams.shop\/index.php\/product\/ultrasun-sports-gel-spf50-100ml\/\"]}]},{\"@type\":\"ImageObject\",\"inLanguage\":\"fr-FR\",\"@id\":\"https:\/\/pharmadreams.shop\/index.php\/product\/ultrasun-sports-gel-spf50-100ml\/#primaryimage\",\"url\":\"https:\/\/pharmadreams.shop\/wp-content\/uploads\/2023\/12\/spf-50.png\",\"contentUrl\":\"https:\/\/pharmadreams.shop\/wp-content\/uploads\/2023\/12\/spf-50.png\",\"width\":614,\"height\":689},{\"@type\":\"BreadcrumbList\",\"@id\":\"https:\/\/pharmadreams.shop\/index.php\/product\/ultrasun-sports-gel-spf50-100ml\/#breadcrumb\",\"itemListElement\":[{\"@type\":\"ListItem\",\"position\":1,\"name\":\"Accueil\",\"item\":\"https:\/\/pharmadreams.shop\/\"},{\"@type\":\"ListItem\",\"position\":2,\"name\":\"Shop\",\"item\":\"https:\/\/pharmadreams.shop\/index.php\/shop\/\"},{\"@type\":\"ListItem\",\"position\":3,\"name\":\"ultrasun sports gel spf50 100ml\"}]},{\"@type\":\"WebSite\",\"@id\":\"https:\/\/pharmadreams.shop\/#website\",\"url\":\"https:\/\/pharmadreams.shop\/\",\"name\":\"pharmadreams\",\"description\":\"Parapharmacie en ligne\",\"potentialAction\":[{\"@type\":\"SearchAction\",\"target\":{\"@type\":\"EntryPoint\",\"urlTemplate\":\"https:\/\/pharmadreams.shop\/?s={search_term_string}\"},\"query-input\":\"required name=search_term_string\"}],\"inLanguage\":\"fr-FR\"}]}<\/script>\n<!-- \/ Yoast SEO plugin. -->","yoast_head_json":{"title":"ultrasun sports gel spf50 100ml - pharmadreams","robots":{"index":"index","follow":"follow","max-snippet":"max-snippet:-1","max-image-preview":"max-image-preview:large","max-video-preview":"max-video-preview:-1"},"canonical":"https:\/\/pharmadreams.shop\/index.php\/product\/ultrasun-sports-gel-spf50-100ml\/","og_locale":"fr_FR","og_type":"article","og_title":"ultrasun sports gel spf50 100ml - pharmadreams","og_description":"ULTRASUN SPORTS GEL SPF50 100ML  Ultrasun Sports le Gel solaire protection UVA et UVB (SPF 50) transparent \u00e0 absorption rapide, non gras et non collant, avec GSP pour une protection contre les infrarouges.  Ultrasun sports gel spf50 est id\u00e9al pour les personnes actives et sportives, rapide et facile \u00e0 appliquer. Inflammable - contient de l\u2019alcool.  Avec anti-oxydants R\u00e9sistant \u00e0 l'eau  Composition: Sans parfum, huiles min\u00e9raux, \u00e9mulsifiants PEG\/PPG, silicones, conservateurs, ethylhexyl methoxycinnamate Ingr\u00e9dients: Alcohol, C12-15 Alkyl Benzoate, Phenoxyethyl Caprylate, Diethylamino Hydroxybenzoyl Hexyl Benzoate, Diethylhexyl Butamido Triazone, Ethylhexyl Salicylate, Diisopropyl Adipate, Ethylhexyl Triazone, Octyldodecanol, Bis-Ethylhexyloxyphenol Methoxyphenyl Triazine, Dibutyl Adipate, Alcohol Denat., Va\/Butyl Maleate\/Isobornyl Acrylate Copolymer, Vitis Vinifera Seed Extract, Glycerin, Hydroxypropyl Methylcellulose, Aqua, Tocopheryl Acetate, 2,6-Dimethyl-7-Octen-2-Ol, Lecithin, Sodium Chloride, Caprylic\/Capric Triglyceride, Ascorbyl Tetraisopalmitate, Tocopherol, Ubiquinone.  &nbsp;","og_url":"https:\/\/pharmadreams.shop\/index.php\/product\/ultrasun-sports-gel-spf50-100ml\/","og_site_name":"pharmadreams","article_modified_time":"2023-12-19T18:36:55+00:00","og_image":[{"width":614,"height":689,"url":"https:\/\/pharmadreams.shop\/wp-content\/uploads\/2023\/12\/spf-50.png","type":"image\/png"}],"twitter_card":"summary_large_image","schema":{"@context":"https:\/\/schema.org","@graph":[{"@type":"WebPage","@id":"https:\/\/pharmadreams.shop\/index.php\/product\/ultrasun-sports-gel-spf50-100ml\/","url":"https:\/\/pharmadreams.shop\/index.php\/product\/ultrasun-sports-gel-spf50-100ml\/","name":"ultrasun sports gel spf50 100ml - pharmadreams","isPartOf":{"@id":"https:\/\/pharmadreams.shop\/#website"},"primaryImageOfPage":{"@id":"https:\/\/pharmadreams.shop\/index.php\/product\/ultrasun-sports-gel-spf50-100ml\/#primaryimage"},"image":{"@id":"https:\/\/pharmadreams.shop\/index.php\/product\/ultrasun-sports-gel-spf50-100ml\/#primaryimage"},"thumbnailUrl":"https:\/\/pharmadreams.shop\/wp-content\/uploads\/2023\/12\/spf-50.png","datePublished":"2023-12-19T18:36:03+00:00","dateModified":"2023-12-19T18:36:55+00:00","breadcrumb":{"@id":"https:\/\/pharmadreams.shop\/index.php\/product\/ultrasun-sports-gel-spf50-100ml\/#breadcrumb"},"inLanguage":"fr-FR","potentialAction":[{"@type":"ReadAction","target":["https:\/\/pharmadreams.shop\/index.php\/product\/ultrasun-sports-gel-spf50-100ml\/"]}]},{"@type":"ImageObject","inLanguage":"fr-FR","@id":"https:\/\/pharmadreams.shop\/index.php\/product\/ultrasun-sports-gel-spf50-100ml\/#primaryimage","url":"https:\/\/pharmadreams.shop\/wp-content\/uploads\/2023\/12\/spf-50.png","contentUrl":"https:\/\/pharmadreams.shop\/wp-content\/uploads\/2023\/12\/spf-50.png","width":614,"height":689},{"@type":"BreadcrumbList","@id":"https:\/\/pharmadreams.shop\/index.php\/product\/ultrasun-sports-gel-spf50-100ml\/#breadcrumb","itemListElement":[{"@type":"ListItem","position":1,"name":"Accueil","item":"https:\/\/pharmadreams.shop\/"},{"@type":"ListItem","position":2,"name":"Shop","item":"https:\/\/pharmadreams.shop\/index.php\/shop\/"},{"@type":"ListItem","position":3,"name":"ultrasun sports gel spf50 100ml"}]},{"@type":"WebSite","@id":"https:\/\/pharmadreams.shop\/#website","url":"https:\/\/pharmadreams.shop\/","name":"pharmadreams","description":"Parapharmacie en ligne","potentialAction":[{"@type":"SearchAction","target":{"@type":"EntryPoint","urlTemplate":"https:\/\/pharmadreams.shop\/?s={search_term_string}"},"query-input":"required name=search_term_string"}],"inLanguage":"fr-FR"}]}},"_links":{"self":[{"href":"https:\/\/pharmadreams.shop\/index.php\/wp-json\/wp\/v2\/product\/16580","targetHints":{"allow":["GET"]}}],"collection":[{"href":"https:\/\/pharmadreams.shop\/index.php\/wp-json\/wp\/v2\/product"}],"about":[{"href":"https:\/\/pharmadreams.shop\/index.php\/wp-json\/wp\/v2\/types\/product"}],"replies":[{"embeddable":true,"href":"https:\/\/pharmadreams.shop\/index.php\/wp-json\/wp\/v2\/comments?post=16580"}],"version-history":[{"count":0,"href":"https:\/\/pharmadreams.shop\/index.php\/wp-json\/wp\/v2\/product\/16580\/revisions"}],"wp:featuredmedia":[{"embeddable":true,"href":"https:\/\/pharmadreams.shop\/index.php\/wp-json\/wp\/v2\/media\/16664"}],"wp:attachment":[{"href":"https:\/\/pharmadreams.shop\/index.php\/wp-json\/wp\/v2\/media?parent=16580"}],"wp:term":[{"taxonomy":"product_brand","embeddable":true,"href":"https:\/\/pharmadreams.shop\/index.php\/wp-json\/wp\/v2\/product_brand?post=16580"},{"taxonomy":"product_cat","embeddable":true,"href":"https:\/\/pharmadreams.shop\/index.php\/wp-json\/wp\/v2\/product_cat?post=16580"},{"taxonomy":"product_tag","embeddable":true,"href":"https:\/\/pharmadreams.shop\/index.php\/wp-json\/wp\/v2\/product_tag?post=16580"}],"curies":[{"name":"wp","href":"https:\/\/api.w.org\/{rel}","templated":true}]}}